{"id":6,"date":"2020-04-20T14:56:52","date_gmt":"2020-04-20T17:56:52","guid":{"rendered":"http:\/\/www2.uepg.br\/jornalismo-ambiental\/?page_id=6"},"modified":"2025-05-20T11:33:48","modified_gmt":"2025-05-20T14:33:48","slug":"home","status":"publish","type":"page","link":"https:\/\/www2.uepg.br\/pauta-ambiental\/","title":{"rendered":"Home"},"content":{"rendered":"<div id=\"pl-6\"  class=\"panel-layout\" ><div id=\"pg-6-0\"  class=\"panel-grid panel-no-style\" ><div id=\"pgc-6-0-0\"  class=\"panel-grid-cell\" ><div id=\"panel-6-0-0-0\" class=\"so-panel widget widget_sow-editor panel-first-child panel-last-child\" data-index=\"0\" ><div class=\"panel-widget-style panel-widget-style-for-6-0-0-0\" ><div\n\t\t\t\n\t\t\tclass=\"so-widget-sow-editor so-widget-sow-editor-base\"\n\t\t\t\n\t\t>\n<div class=\"siteorigin-widget-tinymce textwidget\">\n\t<h4 style=\"text-align: center; color: #016500;\"><strong>\u00daltimas Not\u00edcias<\/strong><\/h4>\n\t\t<div class=\"wppsac-slick-carousel-wrp wppsac-clearfix \">\r\n\t\t\t<div id=\"wppsac-post-carousel-1\" class=\"wppsac-post-slider-init wppsac-post-carousel design-1\">\r\n\t\t\t\t\r\n<div class=\"wppsac-carousel-slides\">\r\n\t\t\t<div class=\"wppsac-post-image-bg\">\r\n\t\t\t<a href=\"https:\/\/www2.uepg.br\/pauta-ambiental\/terra-em-alerta-com-aquecimento-global\/\">\r\n\t\t\t\t<img class=\"wppsac-post-image-bg\"  src=\"https:\/\/www2.uepg.br\/pauta-ambiental\/wp-content\/uploads\/sites\/287\/2026\/04\/Terra-1.jpeg\" alt=\"Terra em alerta com aquecimento global\" \/>\r\n\t\t\t<\/a>\r\n\t\t<\/div>\r\n\t\t<div class=\"wppsac-post-content-position\">\r\n\t\t\t\t\t<div class=\"wppsac-post-categories\"><ul class=\"wppsac-post-categories-list\"><li><a href=\"https:\/\/www2.uepg.br\/pauta-ambiental\/category\/opiniao\/\" rel=\"category\"> Opini\u00e3o <\/a><\/li><\/ul><\/div>\r\n\t\t\t  \t<h2 class=\"wppsac-post-title\">\r\n\t\t\t<a href=\"https:\/\/www2.uepg.br\/pauta-ambiental\/terra-em-alerta-com-aquecimento-global\/\">Terra em alerta com aquecimento global<\/a>\r\n\t\t<\/h2>\r\n\t\t\t\t\t<div class=\"wppsac-post-date\">\r\n\t\t\t\t22 de abril de 2026\t\t\t<\/div>\r\n\t\t\t\t\t<\/div>\r\n<\/div>\r\n<div class=\"wppsac-carousel-slides\">\r\n\t\t\t<div class=\"wppsac-post-image-bg\">\r\n\t\t\t<a href=\"https:\/\/www2.uepg.br\/pauta-ambiental\/quando-a-gente-sai-da-aldeia-para-o-mundo-academico-e-aprender-outra-lingua-e-lutar-para-nao-deixar-a-nossa-cultura-para-tras\/\">\r\n\t\t\t\t<img class=\"wppsac-post-image-bg\"  src=\"https:\/\/www2.uepg.br\/pauta-ambiental\/wp-content\/uploads\/sites\/287\/2026\/04\/card-dia-dos-povos-indiginas.jpeg\" alt=\"\u201cQuando a gente sai da aldeia para o mundo acad\u00eamico \u00e9 aprender outra l\u00edngua e lutar para n\u00e3o deixar a nossa cultura para tr\u00e1s&#8221;, afirma Kaingang\" \/>\r\n\t\t\t<\/a>\r\n\t\t<\/div>\r\n\t\t<div class=\"wppsac-post-content-position\">\r\n\t\t\t\t\t<div class=\"wppsac-post-categories\"><ul class=\"wppsac-post-categories-list\"><li><a href=\"https:\/\/www2.uepg.br\/pauta-ambiental\/category\/reportagem\/\" rel=\"category\"> Reportagem <\/a><\/li><\/ul><\/div>\r\n\t\t\t  \t<h2 class=\"wppsac-post-title\">\r\n\t\t\t<a href=\"https:\/\/www2.uepg.br\/pauta-ambiental\/quando-a-gente-sai-da-aldeia-para-o-mundo-academico-e-aprender-outra-lingua-e-lutar-para-nao-deixar-a-nossa-cultura-para-tras\/\">\u201cQuando a gente sai da aldeia para o mundo acad\u00eamico \u00e9 aprender outra l\u00edngua e lutar para n\u00e3o deixar a nossa cultura para tr\u00e1s&#8221;, afirma Kaingang<\/a>\r\n\t\t<\/h2>\r\n\t\t\t\t\t<div class=\"wppsac-post-date\">\r\n\t\t\t\t19 de abril de 2026\t\t\t<\/div>\r\n\t\t\t\t\t<\/div>\r\n<\/div>\r\n<div class=\"wppsac-carousel-slides\">\r\n\t\t\t<div class=\"wppsac-post-image-bg\">\r\n\t\t\t<a href=\"https:\/\/www2.uepg.br\/pauta-ambiental\/dia-do-jornalista\/\">\r\n\t\t\t\t<img class=\"wppsac-post-image-bg\"  src=\"https:\/\/www2.uepg.br\/pauta-ambiental\/wp-content\/uploads\/sites\/287\/2026\/04\/Dia-do-meio-ambiente-verde-e-branco-moderno-Post-do-instagram.png\" alt=\"Dia do Jornalista\" \/>\r\n\t\t\t<\/a>\r\n\t\t<\/div>\r\n\t\t<div class=\"wppsac-post-content-position\">\r\n\t\t\t\t\t<div class=\"wppsac-post-categories\"><ul class=\"wppsac-post-categories-list\"><li><a href=\"https:\/\/www2.uepg.br\/pauta-ambiental\/category\/noticias\/\" rel=\"category\"> Not\u00edcias <\/a><\/li><\/ul><\/div>\r\n\t\t\t  \t<h2 class=\"wppsac-post-title\">\r\n\t\t\t<a href=\"https:\/\/www2.uepg.br\/pauta-ambiental\/dia-do-jornalista\/\">Dia do Jornalista<\/a>\r\n\t\t<\/h2>\r\n\t\t\t\t\t<div class=\"wppsac-post-date\">\r\n\t\t\t\t7 de abril de 2026\t\t\t<\/div>\r\n\t\t\t\t\t<\/div>\r\n<\/div>\r\n<div class=\"wppsac-carousel-slides\">\r\n\t\t\t<div class=\"wppsac-post-image-bg\">\r\n\t\t\t<a href=\"https:\/\/www2.uepg.br\/pauta-ambiental\/30-de-marco-dia-mundial-do-lixo-zero\/\">\r\n\t\t\t\t<img class=\"wppsac-post-image-bg\"  src=\"https:\/\/www2.uepg.br\/pauta-ambiental\/wp-content\/uploads\/sites\/287\/2026\/03\/Minuto-Ambiental-e1774914646199.jpeg\" alt=\"V\u00eddeo | O Planeta n\u00e3o tem &#8220;fora&#8221;: 30 de Mar\u00e7o, Dia Mundial do Lixo Zero\" \/>\r\n\t\t\t<\/a>\r\n\t\t<\/div>\r\n\t\t<div class=\"wppsac-post-content-position\">\r\n\t\t\t\t\t<div class=\"wppsac-post-categories\"><ul class=\"wppsac-post-categories-list\"><li><a href=\"https:\/\/www2.uepg.br\/pauta-ambiental\/category\/agenda\/\" rel=\"category\"> Agenda <\/a><\/li><\/ul><\/div>\r\n\t\t\t  \t<h2 class=\"wppsac-post-title\">\r\n\t\t\t<a href=\"https:\/\/www2.uepg.br\/pauta-ambiental\/30-de-marco-dia-mundial-do-lixo-zero\/\">V\u00eddeo | O Planeta n\u00e3o tem &#8220;fora&#8221;: 30 de Mar\u00e7o, Dia Mundial do Lixo Zero<\/a>\r\n\t\t<\/h2>\r\n\t\t\t\t\t<div class=\"wppsac-post-date\">\r\n\t\t\t\t30 de mar\u00e7o de 2026\t\t\t<\/div>\r\n\t\t\t\t\t<\/div>\r\n<\/div>\r\n<div class=\"wppsac-carousel-slides\">\r\n\t\t\t<div class=\"wppsac-post-image-bg\">\r\n\t\t\t<a href=\"https:\/\/www2.uepg.br\/pauta-ambiental\/iat-afirma-nao-haver-novo-pedido-de-licenca-para-aterro-sanitario-em-area-da-escarpa-devoniana\/\">\r\n\t\t\t\t<img class=\"wppsac-post-image-bg\"  src=\"https:\/\/www2.uepg.br\/pauta-ambiental\/wp-content\/uploads\/sites\/287\/2026\/03\/Vista-da-infraestrutura-do-aterro-da-PGA-a-partir-da-Fazenda-Escola_Foto-1_Pedro-Moro-e-Julia-Almeida-scaled.jpg\" alt=\"IAT afirma n\u00e3o haver novo pedido de licen\u00e7a para aterro sanit\u00e1rio em \u00e1rea da Escarpa Devoniana\" \/>\r\n\t\t\t<\/a>\r\n\t\t<\/div>\r\n\t\t<div class=\"wppsac-post-content-position\">\r\n\t\t\t\t\t<div class=\"wppsac-post-categories\"><ul class=\"wppsac-post-categories-list\"><li><a href=\"https:\/\/www2.uepg.br\/pauta-ambiental\/category\/reportagem\/\" rel=\"category\"> Reportagem <\/a><\/li><\/ul><\/div>\r\n\t\t\t  \t<h2 class=\"wppsac-post-title\">\r\n\t\t\t<a href=\"https:\/\/www2.uepg.br\/pauta-ambiental\/iat-afirma-nao-haver-novo-pedido-de-licenca-para-aterro-sanitario-em-area-da-escarpa-devoniana\/\">IAT afirma n\u00e3o haver novo pedido de licen\u00e7a para aterro sanit\u00e1rio em \u00e1rea da Escarpa Devoniana<\/a>\r\n\t\t<\/h2>\r\n\t\t\t\t\t<div class=\"wppsac-post-date\">\r\n\t\t\t\t25 de mar\u00e7o de 2026\t\t\t<\/div>\r\n\t\t\t\t\t<\/div>\r\n<\/div>\r\n<div class=\"wppsac-carousel-slides\">\r\n\t\t\t<div class=\"wppsac-post-image-bg\">\r\n\t\t\t<a href=\"https:\/\/www2.uepg.br\/pauta-ambiental\/agua-entre-o-direito-basico-a-vida-e-a-disputa-pelo-futuro\/\">\r\n\t\t\t\t<img class=\"wppsac-post-image-bg\"  src=\"https:\/\/www2.uepg.br\/pauta-ambiental\/wp-content\/uploads\/sites\/287\/2026\/03\/22-de-marco.png\" alt=\"\u00c1gua: entre o direito b\u00e1sico \u00e0 vida e a disputa pelo futuro\" \/>\r\n\t\t\t<\/a>\r\n\t\t<\/div>\r\n\t\t<div class=\"wppsac-post-content-position\">\r\n\t\t\t\t\t<div class=\"wppsac-post-categories\"><ul class=\"wppsac-post-categories-list\"><li><a href=\"https:\/\/www2.uepg.br\/pauta-ambiental\/category\/opiniao\/\" rel=\"category\"> Opini\u00e3o <\/a><\/li><\/ul><\/div>\r\n\t\t\t  \t<h2 class=\"wppsac-post-title\">\r\n\t\t\t<a href=\"https:\/\/www2.uepg.br\/pauta-ambiental\/agua-entre-o-direito-basico-a-vida-e-a-disputa-pelo-futuro\/\">\u00c1gua: entre o direito b\u00e1sico \u00e0 vida e a disputa pelo futuro<\/a>\r\n\t\t<\/h2>\r\n\t\t\t\t\t<div class=\"wppsac-post-date\">\r\n\t\t\t\t22 de mar\u00e7o de 2026\t\t\t<\/div>\r\n\t\t\t\t\t<\/div>\r\n<\/div>\r\n<div class=\"wppsac-carousel-slides\">\r\n\t\t\t<div class=\"wppsac-post-image-bg\">\r\n\t\t\t<a href=\"https:\/\/www2.uepg.br\/pauta-ambiental\/florestas-e-economias-equilibrio-ambiental-e-manutencao-da-vida\/\">\r\n\t\t\t\t<img class=\"wppsac-post-image-bg\"  src=\"https:\/\/www2.uepg.br\/pauta-ambiental\/wp-content\/uploads\/sites\/287\/2026\/03\/WhatsApp-Image-2026-03-20-at-19.33.13.jpeg\" alt=\"\u201cFlorestas e economias\u201d: equil\u00edbrio ambiental e manuten\u00e7\u00e3o da vida\" \/>\r\n\t\t\t<\/a>\r\n\t\t<\/div>\r\n\t\t<div class=\"wppsac-post-content-position\">\r\n\t\t\t\t\t<div class=\"wppsac-post-categories\"><ul class=\"wppsac-post-categories-list\"><li><a href=\"https:\/\/www2.uepg.br\/pauta-ambiental\/category\/opiniao\/\" rel=\"category\"> Opini\u00e3o <\/a><\/li><\/ul><\/div>\r\n\t\t\t  \t<h2 class=\"wppsac-post-title\">\r\n\t\t\t<a href=\"https:\/\/www2.uepg.br\/pauta-ambiental\/florestas-e-economias-equilibrio-ambiental-e-manutencao-da-vida\/\">\u201cFlorestas e economias\u201d: equil\u00edbrio ambiental e manuten\u00e7\u00e3o da vida<\/a>\r\n\t\t<\/h2>\r\n\t\t\t\t\t<div class=\"wppsac-post-date\">\r\n\t\t\t\t21 de mar\u00e7o de 2026\t\t\t<\/div>\r\n\t\t\t\t\t<\/div>\r\n<\/div>\r\n<div class=\"wppsac-carousel-slides\">\r\n\t\t\t<div class=\"wppsac-post-image-bg\">\r\n\t\t\t<a href=\"https:\/\/www2.uepg.br\/pauta-ambiental\/destinacao-do-lixo-se-arrasta-ha-decadas-com-negligencia-ao-meio-ambiente\/\">\r\n\t\t\t\t<img class=\"wppsac-post-image-bg\"  src=\"https:\/\/www2.uepg.br\/pauta-ambiental\/wp-content\/uploads\/sites\/287\/2025\/12\/Aterro-Botuquara-desativado-permanece-sem-solucao-para-chorume_FOTO_JULIA-ALMEIADA-E-PEDRO-MORO-scaled.jpg\" alt=\"Destina\u00e7\u00e3o do lixo se arrasta h\u00e1 d\u00e9cadas com neglig\u00eancia ao meio ambiente\" \/>\r\n\t\t\t<\/a>\r\n\t\t<\/div>\r\n\t\t<div class=\"wppsac-post-content-position\">\r\n\t\t\t\t\t<div class=\"wppsac-post-categories\"><ul class=\"wppsac-post-categories-list\"><li><a href=\"https:\/\/www2.uepg.br\/pauta-ambiental\/category\/reportagem\/\" rel=\"category\"> Reportagem <\/a><\/li><\/ul><\/div>\r\n\t\t\t  \t<h2 class=\"wppsac-post-title\">\r\n\t\t\t<a href=\"https:\/\/www2.uepg.br\/pauta-ambiental\/destinacao-do-lixo-se-arrasta-ha-decadas-com-negligencia-ao-meio-ambiente\/\">Destina\u00e7\u00e3o do lixo se arrasta h\u00e1 d\u00e9cadas com neglig\u00eancia ao meio ambiente<\/a>\r\n\t\t<\/h2>\r\n\t\t\t\t\t<div class=\"wppsac-post-date\">\r\n\t\t\t\t12 de dezembro de 2025\t\t\t<\/div>\r\n\t\t\t\t\t<\/div>\r\n<\/div>\r\n<div class=\"wppsac-carousel-slides\">\r\n\t\t\t<div class=\"wppsac-post-image-bg\">\r\n\t\t\t<a href=\"https:\/\/www2.uepg.br\/pauta-ambiental\/ponta-grossa-ambiental-entra-com-novo-pedido-para-construcao-de-aterro-sanitario-em-area-da-escarpa-devoniana\/\">\r\n\t\t\t\t<img class=\"wppsac-post-image-bg\"  src=\"https:\/\/www2.uepg.br\/pauta-ambiental\/wp-content\/uploads\/sites\/287\/2025\/12\/Vista-do-aterro-da-PGA-a-partir-da-Fazenda-Escola_FOTO_JULIA-ALMEIDA-E-PEDRO-MORO-scaled.jpg\" alt=\"Ponta Grossa Ambiental entra com novo pedido para constru\u00e7\u00e3o de aterro sanit\u00e1rio em \u00e1rea da Escarpa Devoniana\" \/>\r\n\t\t\t<\/a>\r\n\t\t<\/div>\r\n\t\t<div class=\"wppsac-post-content-position\">\r\n\t\t\t\t\t<div class=\"wppsac-post-categories\"><ul class=\"wppsac-post-categories-list\"><li><a href=\"https:\/\/www2.uepg.br\/pauta-ambiental\/category\/reportagem\/\" rel=\"category\"> Reportagem <\/a><\/li><\/ul><\/div>\r\n\t\t\t  \t<h2 class=\"wppsac-post-title\">\r\n\t\t\t<a href=\"https:\/\/www2.uepg.br\/pauta-ambiental\/ponta-grossa-ambiental-entra-com-novo-pedido-para-construcao-de-aterro-sanitario-em-area-da-escarpa-devoniana\/\">Ponta Grossa Ambiental entra com novo pedido para constru\u00e7\u00e3o de aterro sanit\u00e1rio em \u00e1rea da Escarpa Devoniana<\/a>\r\n\t\t<\/h2>\r\n\t\t\t\t\t<div class=\"wppsac-post-date\">\r\n\t\t\t\t12 de dezembro de 2025\t\t\t<\/div>\r\n\t\t\t\t\t<\/div>\r\n<\/div>\r\n<div class=\"wppsac-carousel-slides\">\r\n\t\t\t<div class=\"wppsac-post-image-bg\">\r\n\t\t\t<a href=\"https:\/\/www2.uepg.br\/pauta-ambiental\/a-gente-tem-problema-de-agua-producao-de-agua-e-vegetacao-nativa-campo-preservado-campo-umido-preservado-e-mata-ciliar-preservada-defende-o-agronomo-guilherme-mazer\/\">\r\n\t\t\t\t<img class=\"wppsac-post-image-bg\"  src=\"https:\/\/www2.uepg.br\/pauta-ambiental\/wp-content\/uploads\/sites\/287\/2025\/12\/WhatsApp-Image-2025-12-01-at-16.35.45.jpeg\" alt=\"\u201cA gente tem problema de \u00e1gua. Produ\u00e7\u00e3o de \u00e1gua \u00e9 vegeta\u00e7\u00e3o nativa, campo preservado, campo \u00famido preservado e mata ciliar preservada\u201d, defende o agr\u00f4nomo Guilherme Mazer\" \/>\r\n\t\t\t<\/a>\r\n\t\t<\/div>\r\n\t\t<div class=\"wppsac-post-content-position\">\r\n\t\t\t\t\t<div class=\"wppsac-post-categories\"><ul class=\"wppsac-post-categories-list\"><li><a href=\"https:\/\/www2.uepg.br\/pauta-ambiental\/category\/entrevistas\/\" rel=\"category\"> Entrevistas <\/a><\/li><\/ul><\/div>\r\n\t\t\t  \t<h2 class=\"wppsac-post-title\">\r\n\t\t\t<a href=\"https:\/\/www2.uepg.br\/pauta-ambiental\/a-gente-tem-problema-de-agua-producao-de-agua-e-vegetacao-nativa-campo-preservado-campo-umido-preservado-e-mata-ciliar-preservada-defende-o-agronomo-guilherme-mazer\/\">\u201cA gente tem problema de \u00e1gua. Produ\u00e7\u00e3o de \u00e1gua \u00e9 vegeta\u00e7\u00e3o nativa, campo preservado, campo \u00famido preservado e mata ciliar preservada\u201d, defende o agr\u00f4nomo Guilherme Mazer<\/a>\r\n\t\t<\/h2>\r\n\t\t\t\t\t<div class=\"wppsac-post-date\">\r\n\t\t\t\t2 de dezembro de 2025\t\t\t<\/div>\r\n\t\t\t\t\t<\/div>\r\n<\/div>\r\n<div class=\"wppsac-carousel-slides\">\r\n\t\t\t<div class=\"wppsac-post-image-bg\">\r\n\t\t\t<a href=\"https:\/\/www2.uepg.br\/pauta-ambiental\/dia-nacional-do-rio\/\">\r\n\t\t\t\t<img class=\"wppsac-post-image-bg\"  src=\"https:\/\/www2.uepg.br\/pauta-ambiental\/wp-content\/uploads\/sites\/287\/2025\/11\/Post-Carrossel-Lista-5-Motivos-Viagem-Brasil-Preto-Verde-Amarelo.png\" alt=\"Dia Nacional do Rio\" \/>\r\n\t\t\t<\/a>\r\n\t\t<\/div>\r\n\t\t<div class=\"wppsac-post-content-position\">\r\n\t\t\t\t\t<div class=\"wppsac-post-categories\"><ul class=\"wppsac-post-categories-list\"><li><a href=\"https:\/\/www2.uepg.br\/pauta-ambiental\/category\/agenda\/\" rel=\"category\"> Agenda <\/a><\/li><li><a href=\"https:\/\/www2.uepg.br\/pauta-ambiental\/category\/noticias\/\" rel=\"category\"> Not\u00edcias <\/a><\/li><\/ul><\/div>\r\n\t\t\t  \t<h2 class=\"wppsac-post-title\">\r\n\t\t\t<a href=\"https:\/\/www2.uepg.br\/pauta-ambiental\/dia-nacional-do-rio\/\">Dia Nacional do Rio<\/a>\r\n\t\t<\/h2>\r\n\t\t\t\t\t<div class=\"wppsac-post-date\">\r\n\t\t\t\t24 de novembro de 2025\t\t\t<\/div>\r\n\t\t\t\t\t<\/div>\r\n<\/div>\r\n<div class=\"wppsac-carousel-slides\">\r\n\t\t\t<div class=\"wppsac-post-image-bg\">\r\n\t\t\t<a href=\"https:\/\/www2.uepg.br\/pauta-ambiental\/cop30-tem-um-papel-politico-fundamental-no-mundo-inteiro-sobretudo-para-os-paises-do-sul-defende-pesquisador-da-ufpr-que-participa-da-conferencia-mundial-do-clima\/\">\r\n\t\t\t\t<img class=\"wppsac-post-image-bg\"  src=\"https:\/\/www2.uepg.br\/pauta-ambiental\/wp-content\/uploads\/sites\/287\/2025\/11\/WhatsApp-Image-2025-11-12-at-16.28.19.jpeg\" alt=\"\u201cCOP30 tem um papel pol\u00edtico fundamental no mundo inteiro, sobretudo para os pa\u00edses do Sul\u201d, defende pesquisador da UFPR que participa da Confer\u00eancia Mundial do Clima em Bel\u00e9m\" \/>\r\n\t\t\t<\/a>\r\n\t\t<\/div>\r\n\t\t<div class=\"wppsac-post-content-position\">\r\n\t\t\t\t\t<div class=\"wppsac-post-categories\"><ul class=\"wppsac-post-categories-list\"><li><a href=\"https:\/\/www2.uepg.br\/pauta-ambiental\/category\/entrevistas\/\" rel=\"category\"> Entrevistas <\/a><\/li><\/ul><\/div>\r\n\t\t\t  \t<h2 class=\"wppsac-post-title\">\r\n\t\t\t<a href=\"https:\/\/www2.uepg.br\/pauta-ambiental\/cop30-tem-um-papel-politico-fundamental-no-mundo-inteiro-sobretudo-para-os-paises-do-sul-defende-pesquisador-da-ufpr-que-participa-da-conferencia-mundial-do-clima\/\">\u201cCOP30 tem um papel pol\u00edtico fundamental no mundo inteiro, sobretudo para os pa\u00edses do Sul\u201d, defende pesquisador da UFPR que participa da Confer\u00eancia Mundial do Clima em Bel\u00e9m<\/a>\r\n\t\t<\/h2>\r\n\t\t\t\t\t<div class=\"wppsac-post-date\">\r\n\t\t\t\t13 de novembro de 2025\t\t\t<\/div>\r\n\t\t\t\t\t<\/div>\r\n<\/div>\r\n<div class=\"wppsac-carousel-slides\">\r\n\t\t\t<div class=\"wppsac-post-image-bg\">\r\n\t\t\t<a href=\"https:\/\/www2.uepg.br\/pauta-ambiental\/quando-a-floresta-vira-palco-da-esperanca-ou-da-omissao\/\">\r\n\t\t\t\t<img class=\"wppsac-post-image-bg\"  src=\"https:\/\/www2.uepg.br\/pauta-ambiental\/wp-content\/uploads\/sites\/287\/2025\/11\/7bce81a8-8ed4-493e-a183-e86f397243c1.jpeg\" alt=\"Quando a floresta vira palco da esperan\u00e7a (ou da omiss\u00e3o)\" \/>\r\n\t\t\t<\/a>\r\n\t\t<\/div>\r\n\t\t<div class=\"wppsac-post-content-position\">\r\n\t\t\t\t\t<div class=\"wppsac-post-categories\"><ul class=\"wppsac-post-categories-list\"><li><a href=\"https:\/\/www2.uepg.br\/pauta-ambiental\/category\/opiniao\/\" rel=\"category\"> Opini\u00e3o <\/a><\/li><\/ul><\/div>\r\n\t\t\t  \t<h2 class=\"wppsac-post-title\">\r\n\t\t\t<a href=\"https:\/\/www2.uepg.br\/pauta-ambiental\/quando-a-floresta-vira-palco-da-esperanca-ou-da-omissao\/\">Quando a floresta vira palco da esperan\u00e7a (ou da omiss\u00e3o)<\/a>\r\n\t\t<\/h2>\r\n\t\t\t\t\t<div class=\"wppsac-post-date\">\r\n\t\t\t\t3 de novembro de 2025\t\t\t<\/div>\r\n\t\t\t\t\t<\/div>\r\n<\/div>\r\n<div class=\"wppsac-carousel-slides\">\r\n\t\t\t<div class=\"wppsac-post-image-bg\">\r\n\t\t\t<a href=\"https:\/\/www2.uepg.br\/pauta-ambiental\/onu-aos-80-anos-a-cobranca-de-lula-e-o-retrocesso-de-trump\/\">\r\n\t\t\t\t<img class=\"wppsac-post-image-bg\"  src=\"https:\/\/www2.uepg.br\/pauta-ambiental\/wp-content\/uploads\/sites\/287\/2025\/09\/IMG_3681-2.jpeg\" alt=\"ONU aos 80 anos: a cobran\u00e7a de Lula e o retrocesso de Trump\" \/>\r\n\t\t\t<\/a>\r\n\t\t<\/div>\r\n\t\t<div class=\"wppsac-post-content-position\">\r\n\t\t\t\t\t<div class=\"wppsac-post-categories\"><ul class=\"wppsac-post-categories-list\"><li><a href=\"https:\/\/www2.uepg.br\/pauta-ambiental\/category\/opiniao\/\" rel=\"category\"> Opini\u00e3o <\/a><\/li><\/ul><\/div>\r\n\t\t\t  \t<h2 class=\"wppsac-post-title\">\r\n\t\t\t<a href=\"https:\/\/www2.uepg.br\/pauta-ambiental\/onu-aos-80-anos-a-cobranca-de-lula-e-o-retrocesso-de-trump\/\">ONU aos 80 anos: a cobran\u00e7a de Lula e o retrocesso de Trump<\/a>\r\n\t\t<\/h2>\r\n\t\t\t\t\t<div class=\"wppsac-post-date\">\r\n\t\t\t\t26 de setembro de 2025\t\t\t<\/div>\r\n\t\t\t\t\t<\/div>\r\n<\/div>\r\n<div class=\"wppsac-carousel-slides\">\r\n\t\t\t<div class=\"wppsac-post-image-bg\">\r\n\t\t\t<a href=\"https:\/\/www2.uepg.br\/pauta-ambiental\/conferencia-elege-novos-integrantes-do-conselho-municipal-da-causa-animal\/\">\r\n\t\t\t\t<img class=\"wppsac-post-image-bg\"  src=\"https:\/\/www2.uepg.br\/pauta-ambiental\/wp-content\/uploads\/sites\/287\/2025\/09\/Conferencia-Municipal_Protecao-aos-Animais.jpeg\" alt=\"Confer\u00eancia elege novos integrantes do Conselho Municipal da causa animal\" \/>\r\n\t\t\t<\/a>\r\n\t\t<\/div>\r\n\t\t<div class=\"wppsac-post-content-position\">\r\n\t\t\t\t\t<div class=\"wppsac-post-categories\"><ul class=\"wppsac-post-categories-list\"><li><a href=\"https:\/\/www2.uepg.br\/pauta-ambiental\/category\/noticias\/\" rel=\"category\"> Not\u00edcias <\/a><\/li><\/ul><\/div>\r\n\t\t\t  \t<h2 class=\"wppsac-post-title\">\r\n\t\t\t<a href=\"https:\/\/www2.uepg.br\/pauta-ambiental\/conferencia-elege-novos-integrantes-do-conselho-municipal-da-causa-animal\/\">Confer\u00eancia elege novos integrantes do Conselho Municipal da causa animal<\/a>\r\n\t\t<\/h2>\r\n\t\t\t\t\t<div class=\"wppsac-post-date\">\r\n\t\t\t\t21 de setembro de 2025\t\t\t<\/div>\r\n\t\t\t\t\t<\/div>\r\n<\/div>\t\t\t<\/div>\r\n\t\t\t<div class=\"wppsac-carousel-conf wppsac-hide\" data-conf=\"{&quot;slides_to_show&quot;:&quot;4&quot;,&quot;slides_to_scroll&quot;:1,&quot;dots&quot;:&quot;false&quot;,&quot;arrows&quot;:&quot;true&quot;,&quot;autoplay&quot;:&quot;true&quot;,&quot;autoplay_interval&quot;:&quot;19500&quot;,&quot;speed&quot;:500,&quot;rtl&quot;:&quot;false&quot;,&quot;lazyload&quot;:&quot;&quot;}\"><\/div>\r\n\t\t<\/div>\r\n\t\n<\/div>\n<\/div><\/div><\/div><\/div><\/div><div id=\"pg-6-1\"  class=\"panel-grid panel-no-style\" ><div id=\"pgc-6-1-0\"  class=\"panel-grid-cell\" ><div id=\"panel-6-1-0-0\" class=\"so-panel widget widget_sow-button panel-first-child panel-last-child\" data-index=\"1\" ><div class=\"panel-widget-style panel-widget-style-for-6-1-0-0\" ><div\n\t\t\t\n\t\t\tclass=\"so-widget-sow-button so-widget-sow-button-atom-c84778bde538-390\"\n\t\t\t\n\t\t><div class=\"ow-button-base ow-button-align-center\">\n\t<a href=\"https:\/\/www2.uepg.br\/jornalismo-ambiental\/noticias\/\" class=\"ow-icon-placement-left ow-button-hover\" \t\t>\n\t\t<span>\n\t\t\t\n\t\t\tveja todas as not\u00edcias\t\t<\/span>\n\t<\/a>\n<\/div>\n<\/div><\/div><\/div><\/div><\/div><\/div>","protected":false},"excerpt":{"rendered":"<p>\u00daltimas Not\u00edcias<\/p>\n","protected":false},"author":24,"featured_media":0,"parent":0,"menu_order":0,"comment_status":"closed","ping_status":"closed","template":"","meta":[],"_links":{"self":[{"href":"https:\/\/www2.uepg.br\/pauta-ambiental\/wp-json\/wp\/v2\/pages\/6"}],"collection":[{"href":"https:\/\/www2.uepg.br\/pauta-ambiental\/wp-json\/wp\/v2\/pages"}],"about":[{"href":"https:\/\/www2.uepg.br\/pauta-ambiental\/wp-json\/wp\/v2\/types\/page"}],"author":[{"embeddable":true,"href":"https:\/\/www2.uepg.br\/pauta-ambiental\/wp-json\/wp\/v2\/users\/24"}],"replies":[{"embeddable":true,"href":"https:\/\/www2.uepg.br\/pauta-ambiental\/wp-json\/wp\/v2\/comments?post=6"}],"version-history":[{"count":11,"href":"https:\/\/www2.uepg.br\/pauta-ambiental\/wp-json\/wp\/v2\/pages\/6\/revisions"}],"predecessor-version":[{"id":172,"href":"https:\/\/www2.uepg.br\/pauta-ambiental\/wp-json\/wp\/v2\/pages\/6\/revisions\/172"}],"wp:attachment":[{"href":"https:\/\/www2.uepg.br\/pauta-ambiental\/wp-json\/wp\/v2\/media?parent=6"}],"curies":[{"name":"wp","href":"https:\/\/api.w.org\/{rel}","templated":true}]}}