{"id":6,"date":"2020-04-20T14:56:52","date_gmt":"2020-04-20T17:56:52","guid":{"rendered":"http:\/\/www2.uepg.br\/periodico\/?page_id=6"},"modified":"2026-05-07T11:11:24","modified_gmt":"2026-05-07T14:11:24","slug":"home","status":"publish","type":"page","link":"https:\/\/www2.uepg.br\/periodico\/","title":{"rendered":""},"content":{"rendered":"<div id=\"pl-6\"  class=\"panel-layout\" ><div id=\"pg-6-0\"  class=\"panel-grid panel-no-style\" ><div id=\"pgc-6-0-0\"  class=\"panel-grid-cell\" ><div id=\"panel-6-0-0-0\" class=\"so-panel widget widget_sow-button panel-first-child\" data-index=\"0\" ><div class=\"panel-widget-style panel-widget-style-for-6-0-0-0\" ><div\n\t\t\t\n\t\t\tclass=\"so-widget-sow-button so-widget-sow-button-atom-b3ff653e2d3d-6\"\n\t\t\t\n\t\t><div class=\"ow-button-base ow-button-align-center\">\n\t<a href=\"https:\/\/www2.uepg.br\/periodico\/category\/noticias\/\" class=\"ow-icon-placement-left ow-button-hover\" \t\t>\n\t\t<span>\n\t\t\t\n\t\t\tveja todas as not\u00edcias\t\t<\/span>\n\t<\/a>\n<\/div>\n<\/div><\/div><\/div><div id=\"panel-6-0-0-1\" class=\"so-panel widget widget_sow-editor\" data-index=\"1\" ><div class=\"panel-widget-style panel-widget-style-for-6-0-0-1\" ><div\n\t\t\t\n\t\t\tclass=\"so-widget-sow-editor so-widget-sow-editor-base\"\n\t\t\t\n\t\t>\n<div class=\"siteorigin-widget-tinymce textwidget\">\n\t<h4 style=\"text-align: center;color: #5d317e\"><strong>\u00daltimas Not\u00edcias<\/strong><\/h4>\n\t\t<div class=\"wppsac-slick-carousel-wrp wppsac-clearfix \">\r\n\t\t\t<div id=\"wppsac-post-carousel-1\" class=\"wppsac-post-slider-init wppsac-post-carousel design-1\">\r\n\t\t\t\t\r\n<div class=\"wppsac-carousel-slides\">\r\n\t\t\t<div class=\"wppsac-post-image-bg\">\r\n\t\t\t<a href=\"https:\/\/www2.uepg.br\/periodico\/eu-me-considerava-uma-pessoa-feliz-ate-23-de-dezembro-de-1995\/\">\r\n\t\t\t\t<img class=\"wppsac-post-image-bg\"  src=\"https:\/\/www2.uepg.br\/periodico\/wp-content\/uploads\/sites\/282\/2026\/05\/Arquivo-pessoal.jpg\" alt=\"\u201cEu me considerava uma pessoa feliz at\u00e9 23 de dezembro de 1995\u201d\" \/>\r\n\t\t\t<\/a>\r\n\t\t<\/div>\r\n\t\t<div class=\"wppsac-post-content-position\">\r\n\t\t\t\t\t<div class=\"wppsac-post-categories\"><ul class=\"wppsac-post-categories-list\"><li><a href=\"https:\/\/www2.uepg.br\/periodico\/category\/noticias\/\" rel=\"category\"> Not\u00edcias <\/a><\/li><\/ul><\/div>\r\n\t\t\t  \t<h2 class=\"wppsac-post-title\">\r\n\t\t\t<a href=\"https:\/\/www2.uepg.br\/periodico\/eu-me-considerava-uma-pessoa-feliz-ate-23-de-dezembro-de-1995\/\">\u201cEu me considerava uma pessoa feliz at\u00e9 23 de dezembro de 1995\u201d<\/a>\r\n\t\t<\/h2>\r\n\t\t\t\t\t<div class=\"wppsac-post-date\">\r\n\t\t\t\t7 de maio de 2026\t\t\t<\/div>\r\n\t\t\t\t\t<\/div>\r\n<\/div>\r\n<div class=\"wppsac-carousel-slides\">\r\n\t\t\t<div class=\"wppsac-post-image-bg\">\r\n\t\t\t<a href=\"https:\/\/www2.uepg.br\/periodico\/critica-de-ponta-na-tv-134\/\">\r\n\t\t\t\t<img class=\"wppsac-post-image-bg\"  src=\"https:\/\/www2.uepg.br\/periodico\/wp-content\/uploads\/sites\/282\/2026\/05\/critica-de-ponta-newsletter-3.png\" alt=\"Cr\u00edtica de Ponta na TV! #134\" \/>\r\n\t\t\t<\/a>\r\n\t\t<\/div>\r\n\t\t<div class=\"wppsac-post-content-position\">\r\n\t\t\t\t\t<div class=\"wppsac-post-categories\"><ul class=\"wppsac-post-categories-list\"><li><a href=\"https:\/\/www2.uepg.br\/periodico\/category\/critica-de-ponta\/\" rel=\"category\"> Cr\u00edtica de Ponta <\/a><\/li><li><a href=\"https:\/\/www2.uepg.br\/periodico\/category\/critica-de-ponta\/audiovisual\/\" rel=\"category\"> Cr\u00edtica de Ponta Audiovisual <\/a><\/li><li><a href=\"https:\/\/www2.uepg.br\/periodico\/category\/noticias\/\" rel=\"category\"> Not\u00edcias <\/a><\/li><\/ul><\/div>\r\n\t\t\t  \t<h2 class=\"wppsac-post-title\">\r\n\t\t\t<a href=\"https:\/\/www2.uepg.br\/periodico\/critica-de-ponta-na-tv-134\/\">Cr\u00edtica de Ponta na TV! #134<\/a>\r\n\t\t<\/h2>\r\n\t\t\t\t\t<div class=\"wppsac-post-date\">\r\n\t\t\t\t7 de maio de 2026\t\t\t<\/div>\r\n\t\t\t\t\t<\/div>\r\n<\/div>\r\n<div class=\"wppsac-carousel-slides\">\r\n\t\t\t<div class=\"wppsac-post-image-bg\">\r\n\t\t\t<a href=\"https:\/\/www2.uepg.br\/periodico\/nao-ha-nada-mais-a-se-esperar\/\">\r\n\t\t\t\t<img class=\"wppsac-post-image-bg\"  src=\"https:\/\/www2.uepg.br\/periodico\/wp-content\/uploads\/sites\/282\/2026\/05\/189a8098-f8d6-4428-a677-1ffeae2ae89b.jpg\" alt=\"N\u00e3o h\u00e1 nada mais a se esperar\" \/>\r\n\t\t\t<\/a>\r\n\t\t<\/div>\r\n\t\t<div class=\"wppsac-post-content-position\">\r\n\t\t\t\t\t<div class=\"wppsac-post-categories\"><ul class=\"wppsac-post-categories-list\"><li><a href=\"https:\/\/www2.uepg.br\/periodico\/category\/noticias\/\" rel=\"category\"> Not\u00edcias <\/a><\/li><\/ul><\/div>\r\n\t\t\t  \t<h2 class=\"wppsac-post-title\">\r\n\t\t\t<a href=\"https:\/\/www2.uepg.br\/periodico\/nao-ha-nada-mais-a-se-esperar\/\">N\u00e3o h\u00e1 nada mais a se esperar<\/a>\r\n\t\t<\/h2>\r\n\t\t\t\t\t<div class=\"wppsac-post-date\">\r\n\t\t\t\t5 de maio de 2026\t\t\t<\/div>\r\n\t\t\t\t\t<\/div>\r\n<\/div>\r\n<div class=\"wppsac-carousel-slides\">\r\n\t\t\t<div class=\"wppsac-post-image-bg\">\r\n\t\t\t<a href=\"https:\/\/www2.uepg.br\/periodico\/longe-de-casa-perto-de-um-sonho\/\">\r\n\t\t\t\t<img class=\"wppsac-post-image-bg\"  src=\"https:\/\/www2.uepg.br\/periodico\/wp-content\/uploads\/sites\/282\/2026\/05\/Arquivo-Pessoal-Mateus-Silva.jpg\" alt=\"Longe de casa, perto de um sonho\" \/>\r\n\t\t\t<\/a>\r\n\t\t<\/div>\r\n\t\t<div class=\"wppsac-post-content-position\">\r\n\t\t\t\t\t<div class=\"wppsac-post-categories\"><ul class=\"wppsac-post-categories-list\"><li><a href=\"https:\/\/www2.uepg.br\/periodico\/category\/noticias\/\" rel=\"category\"> Not\u00edcias <\/a><\/li><\/ul><\/div>\r\n\t\t\t  \t<h2 class=\"wppsac-post-title\">\r\n\t\t\t<a href=\"https:\/\/www2.uepg.br\/periodico\/longe-de-casa-perto-de-um-sonho\/\">Longe de casa, perto de um sonho<\/a>\r\n\t\t<\/h2>\r\n\t\t\t\t\t<div class=\"wppsac-post-date\">\r\n\t\t\t\t5 de maio de 2026\t\t\t<\/div>\r\n\t\t\t\t\t<\/div>\r\n<\/div>\r\n<div class=\"wppsac-carousel-slides\">\r\n\t\t\t<div class=\"wppsac-post-image-bg\">\r\n\t\t\t<a href=\"https:\/\/www2.uepg.br\/periodico\/a-vida-antes-durante-e-depois-das-quatro-linhas\/\">\r\n\t\t\t\t<img class=\"wppsac-post-image-bg\"  src=\"https:\/\/www2.uepg.br\/periodico\/wp-content\/uploads\/sites\/282\/2026\/05\/Foto_-Arquivo-pessoal_Karina-Balestra.jpg\" alt=\"A vida antes, durante e depois das \u2018quatro linhas\u2019\" \/>\r\n\t\t\t<\/a>\r\n\t\t<\/div>\r\n\t\t<div class=\"wppsac-post-content-position\">\r\n\t\t\t\t\t<div class=\"wppsac-post-categories\"><ul class=\"wppsac-post-categories-list\"><li><a href=\"https:\/\/www2.uepg.br\/periodico\/category\/noticias\/\" rel=\"category\"> Not\u00edcias <\/a><\/li><\/ul><\/div>\r\n\t\t\t  \t<h2 class=\"wppsac-post-title\">\r\n\t\t\t<a href=\"https:\/\/www2.uepg.br\/periodico\/a-vida-antes-durante-e-depois-das-quatro-linhas\/\">A vida antes, durante e depois das \u2018quatro linhas\u2019<\/a>\r\n\t\t<\/h2>\r\n\t\t\t\t\t<div class=\"wppsac-post-date\">\r\n\t\t\t\t5 de maio de 2026\t\t\t<\/div>\r\n\t\t\t\t\t<\/div>\r\n<\/div>\r\n<div class=\"wppsac-carousel-slides\">\r\n\t\t\t<div class=\"wppsac-post-image-bg\">\r\n\t\t\t<a href=\"https:\/\/www2.uepg.br\/periodico\/critica-de-ponta-165\/\">\r\n\t\t\t\t<img class=\"wppsac-post-image-bg\"  src=\"https:\/\/www2.uepg.br\/periodico\/wp-content\/uploads\/sites\/282\/2026\/05\/critica-de-ponta-newsletter.jpg\" alt=\"Cr\u00edtica de Ponta #165\" \/>\r\n\t\t\t<\/a>\r\n\t\t<\/div>\r\n\t\t<div class=\"wppsac-post-content-position\">\r\n\t\t\t\t\t<div class=\"wppsac-post-categories\"><ul class=\"wppsac-post-categories-list\"><li><a href=\"https:\/\/www2.uepg.br\/periodico\/category\/critica-de-ponta\/\" rel=\"category\"> Cr\u00edtica de Ponta <\/a><\/li><li><a href=\"https:\/\/www2.uepg.br\/periodico\/category\/critica-de-ponta\/newsletter\/\" rel=\"category\"> Cr\u00edtica de Ponta Newsletter <\/a><\/li><li><a href=\"https:\/\/www2.uepg.br\/periodico\/category\/noticias\/\" rel=\"category\"> Not\u00edcias <\/a><\/li><\/ul><\/div>\r\n\t\t\t  \t<h2 class=\"wppsac-post-title\">\r\n\t\t\t<a href=\"https:\/\/www2.uepg.br\/periodico\/critica-de-ponta-165\/\">Cr\u00edtica de Ponta #165<\/a>\r\n\t\t<\/h2>\r\n\t\t\t\t\t<div class=\"wppsac-post-date\">\r\n\t\t\t\t5 de maio de 2026\t\t\t<\/div>\r\n\t\t\t\t\t<\/div>\r\n<\/div>\r\n<div class=\"wppsac-carousel-slides\">\r\n\t\t\t<div class=\"wppsac-post-image-bg\">\r\n\t\t\t<a href=\"https:\/\/www2.uepg.br\/periodico\/correspondente-local-153\/\">\r\n\t\t\t\t<img class=\"wppsac-post-image-bg\"  src=\"https:\/\/www2.uepg.br\/periodico\/wp-content\/uploads\/sites\/282\/2026\/05\/Correspondente-Local-1.png\" alt=\"Correspondente Local #153\" \/>\r\n\t\t\t<\/a>\r\n\t\t<\/div>\r\n\t\t<div class=\"wppsac-post-content-position\">\r\n\t\t\t\t\t<div class=\"wppsac-post-categories\"><ul class=\"wppsac-post-categories-list\"><li><a href=\"https:\/\/www2.uepg.br\/periodico\/category\/correspondente-local\/\" rel=\"category\"> Correspondente Local <\/a><\/li><li><a href=\"https:\/\/www2.uepg.br\/periodico\/category\/noticias\/\" rel=\"category\"> Not\u00edcias <\/a><\/li><\/ul><\/div>\r\n\t\t\t  \t<h2 class=\"wppsac-post-title\">\r\n\t\t\t<a href=\"https:\/\/www2.uepg.br\/periodico\/correspondente-local-153\/\">Correspondente Local #153<\/a>\r\n\t\t<\/h2>\r\n\t\t\t\t\t<div class=\"wppsac-post-date\">\r\n\t\t\t\t5 de maio de 2026\t\t\t<\/div>\r\n\t\t\t\t\t<\/div>\r\n<\/div>\r\n<div class=\"wppsac-carousel-slides\">\r\n\t\t\t<div class=\"wppsac-post-image-bg\">\r\n\t\t\t<a href=\"https:\/\/www2.uepg.br\/periodico\/critica-de-ponta-na-tv-133\/\">\r\n\t\t\t\t<img class=\"wppsac-post-image-bg\"  src=\"https:\/\/www2.uepg.br\/periodico\/wp-content\/uploads\/sites\/282\/2026\/05\/critica-de-ponta-newsletter-3.png\" alt=\"Cr\u00edtica de Ponta na TV! #133\" \/>\r\n\t\t\t<\/a>\r\n\t\t<\/div>\r\n\t\t<div class=\"wppsac-post-content-position\">\r\n\t\t\t\t\t<div class=\"wppsac-post-categories\"><ul class=\"wppsac-post-categories-list\"><li><a href=\"https:\/\/www2.uepg.br\/periodico\/category\/critica-de-ponta\/\" rel=\"category\"> Cr\u00edtica de Ponta <\/a><\/li><li><a href=\"https:\/\/www2.uepg.br\/periodico\/category\/critica-de-ponta\/audiovisual\/\" rel=\"category\"> Cr\u00edtica de Ponta Audiovisual <\/a><\/li><li><a href=\"https:\/\/www2.uepg.br\/periodico\/category\/noticias\/\" rel=\"category\"> Not\u00edcias <\/a><\/li><\/ul><\/div>\r\n\t\t\t  \t<h2 class=\"wppsac-post-title\">\r\n\t\t\t<a href=\"https:\/\/www2.uepg.br\/periodico\/critica-de-ponta-na-tv-133\/\">Cr\u00edtica de Ponta na TV! #133<\/a>\r\n\t\t<\/h2>\r\n\t\t\t\t\t<div class=\"wppsac-post-date\">\r\n\t\t\t\t5 de maio de 2026\t\t\t<\/div>\r\n\t\t\t\t\t<\/div>\r\n<\/div>\r\n<div class=\"wppsac-carousel-slides\">\r\n\t\t\t<div class=\"wppsac-post-image-bg\">\r\n\t\t\t<a href=\"https:\/\/www2.uepg.br\/periodico\/ponto-da-noticia-162\/\">\r\n\t\t\t\t<img class=\"wppsac-post-image-bg\"  src=\"https:\/\/www2.uepg.br\/periodico\/wp-content\/uploads\/sites\/282\/2026\/04\/PONTO-DA-NOTICIA-PAPO-PERIODICO-2.png\" alt=\"Ponto da Not\u00edcia #162\" \/>\r\n\t\t\t<\/a>\r\n\t\t<\/div>\r\n\t\t<div class=\"wppsac-post-content-position\">\r\n\t\t\t\t\t<div class=\"wppsac-post-categories\"><ul class=\"wppsac-post-categories-list\"><li><a href=\"https:\/\/www2.uepg.br\/periodico\/category\/noticias\/\" rel=\"category\"> Not\u00edcias <\/a><\/li><li><a href=\"https:\/\/www2.uepg.br\/periodico\/category\/ponto-da-noticia\/\" rel=\"category\"> Ponto da Not\u00edcia <\/a><\/li><\/ul><\/div>\r\n\t\t\t  \t<h2 class=\"wppsac-post-title\">\r\n\t\t\t<a href=\"https:\/\/www2.uepg.br\/periodico\/ponto-da-noticia-162\/\">Ponto da Not\u00edcia #162<\/a>\r\n\t\t<\/h2>\r\n\t\t\t\t\t<div class=\"wppsac-post-date\">\r\n\t\t\t\t30 de abril de 2026\t\t\t<\/div>\r\n\t\t\t\t\t<\/div>\r\n<\/div>\r\n<div class=\"wppsac-carousel-slides\">\r\n\t\t\t<div class=\"wppsac-post-image-bg\">\r\n\t\t\t<a href=\"https:\/\/www2.uepg.br\/periodico\/o-misterioso-casarao-no-centro-de-ponta-grossa\/\">\r\n\t\t\t\t<img class=\"wppsac-post-image-bg\"  src=\"https:\/\/www2.uepg.br\/periodico\/wp-content\/uploads\/sites\/282\/2026\/04\/Foto_-Ingrid-Muller-1-scaled.jpg\" alt=\"O misterioso casar\u00e3o no centro de Ponta Grossa\" \/>\r\n\t\t\t<\/a>\r\n\t\t<\/div>\r\n\t\t<div class=\"wppsac-post-content-position\">\r\n\t\t\t\t\t<div class=\"wppsac-post-categories\"><ul class=\"wppsac-post-categories-list\"><li><a href=\"https:\/\/www2.uepg.br\/periodico\/category\/noticias\/\" rel=\"category\"> Not\u00edcias <\/a><\/li><\/ul><\/div>\r\n\t\t\t  \t<h2 class=\"wppsac-post-title\">\r\n\t\t\t<a href=\"https:\/\/www2.uepg.br\/periodico\/o-misterioso-casarao-no-centro-de-ponta-grossa\/\">O misterioso casar\u00e3o no centro de Ponta Grossa<\/a>\r\n\t\t<\/h2>\r\n\t\t\t\t\t<div class=\"wppsac-post-date\">\r\n\t\t\t\t30 de abril de 2026\t\t\t<\/div>\r\n\t\t\t\t\t<\/div>\r\n<\/div>\r\n<div class=\"wppsac-carousel-slides\">\r\n\t\t\t<div class=\"wppsac-post-image-bg\">\r\n\t\t\t<a href=\"https:\/\/www2.uepg.br\/periodico\/critica-de-ponta-na-tv-132\/\">\r\n\t\t\t\t<img class=\"wppsac-post-image-bg\"  src=\"https:\/\/www2.uepg.br\/periodico\/wp-content\/uploads\/sites\/282\/2026\/04\/critica-de-ponta-newsletter-3.png\" alt=\"Cr\u00edtica de Ponta na TV! #132\" \/>\r\n\t\t\t<\/a>\r\n\t\t<\/div>\r\n\t\t<div class=\"wppsac-post-content-position\">\r\n\t\t\t\t\t<div class=\"wppsac-post-categories\"><ul class=\"wppsac-post-categories-list\"><li><a href=\"https:\/\/www2.uepg.br\/periodico\/category\/critica-de-ponta\/\" rel=\"category\"> Cr\u00edtica de Ponta <\/a><\/li><li><a href=\"https:\/\/www2.uepg.br\/periodico\/category\/critica-de-ponta\/audiovisual\/\" rel=\"category\"> Cr\u00edtica de Ponta Audiovisual <\/a><\/li><li><a href=\"https:\/\/www2.uepg.br\/periodico\/category\/noticias\/\" rel=\"category\"> Not\u00edcias <\/a><\/li><\/ul><\/div>\r\n\t\t\t  \t<h2 class=\"wppsac-post-title\">\r\n\t\t\t<a href=\"https:\/\/www2.uepg.br\/periodico\/critica-de-ponta-na-tv-132\/\">Cr\u00edtica de Ponta na TV! #132<\/a>\r\n\t\t<\/h2>\r\n\t\t\t\t\t<div class=\"wppsac-post-date\">\r\n\t\t\t\t28 de abril de 2026\t\t\t<\/div>\r\n\t\t\t\t\t<\/div>\r\n<\/div>\r\n<div class=\"wppsac-carousel-slides\">\r\n\t\t\t<div class=\"wppsac-post-image-bg\">\r\n\t\t\t<a href=\"https:\/\/www2.uepg.br\/periodico\/critica-de-ponta-163-2\/\">\r\n\t\t\t\t<img class=\"wppsac-post-image-bg\"  src=\"https:\/\/www2.uepg.br\/periodico\/wp-content\/uploads\/sites\/282\/2026\/04\/critica-de-ponta-newsletter.jpg-1.jpeg\" alt=\"Cr\u00edtica de Ponta #164\" \/>\r\n\t\t\t<\/a>\r\n\t\t<\/div>\r\n\t\t<div class=\"wppsac-post-content-position\">\r\n\t\t\t\t\t<div class=\"wppsac-post-categories\"><ul class=\"wppsac-post-categories-list\"><li><a href=\"https:\/\/www2.uepg.br\/periodico\/category\/critica-de-ponta\/\" rel=\"category\"> Cr\u00edtica de Ponta <\/a><\/li><li><a href=\"https:\/\/www2.uepg.br\/periodico\/category\/critica-de-ponta\/newsletter\/\" rel=\"category\"> Cr\u00edtica de Ponta Newsletter <\/a><\/li><li><a href=\"https:\/\/www2.uepg.br\/periodico\/category\/noticias\/\" rel=\"category\"> Not\u00edcias <\/a><\/li><\/ul><\/div>\r\n\t\t\t  \t<h2 class=\"wppsac-post-title\">\r\n\t\t\t<a href=\"https:\/\/www2.uepg.br\/periodico\/critica-de-ponta-163-2\/\">Cr\u00edtica de Ponta #164<\/a>\r\n\t\t<\/h2>\r\n\t\t\t\t\t<div class=\"wppsac-post-date\">\r\n\t\t\t\t28 de abril de 2026\t\t\t<\/div>\r\n\t\t\t\t\t<\/div>\r\n<\/div>\r\n<div class=\"wppsac-carousel-slides\">\r\n\t\t\t<div class=\"wppsac-post-image-bg\">\r\n\t\t\t<a href=\"https:\/\/www2.uepg.br\/periodico\/ponto-da-noticia-161\/\">\r\n\t\t\t\t<img class=\"wppsac-post-image-bg\"  src=\"https:\/\/www2.uepg.br\/periodico\/wp-content\/uploads\/sites\/282\/2026\/04\/PONTO-DA-NOTICIA-PAPO-PERIODICO-1-1.png\" alt=\"Ponto da Not\u00edcia #161\" \/>\r\n\t\t\t<\/a>\r\n\t\t<\/div>\r\n\t\t<div class=\"wppsac-post-content-position\">\r\n\t\t\t\t\t<div class=\"wppsac-post-categories\"><ul class=\"wppsac-post-categories-list\"><li><a href=\"https:\/\/www2.uepg.br\/periodico\/category\/noticias\/\" rel=\"category\"> Not\u00edcias <\/a><\/li><li><a href=\"https:\/\/www2.uepg.br\/periodico\/category\/ponto-da-noticia\/\" rel=\"category\"> Ponto da Not\u00edcia <\/a><\/li><\/ul><\/div>\r\n\t\t\t  \t<h2 class=\"wppsac-post-title\">\r\n\t\t\t<a href=\"https:\/\/www2.uepg.br\/periodico\/ponto-da-noticia-161\/\">Ponto da Not\u00edcia #161<\/a>\r\n\t\t<\/h2>\r\n\t\t\t\t\t<div class=\"wppsac-post-date\">\r\n\t\t\t\t28 de abril de 2026\t\t\t<\/div>\r\n\t\t\t\t\t<\/div>\r\n<\/div>\r\n<div class=\"wppsac-carousel-slides\">\r\n\t\t\t<div class=\"wppsac-post-image-bg\">\r\n\t\t\t<a href=\"https:\/\/www2.uepg.br\/periodico\/critica-de-ponta-163\/\">\r\n\t\t\t\t<img class=\"wppsac-post-image-bg\"  src=\"https:\/\/www2.uepg.br\/periodico\/wp-content\/uploads\/sites\/282\/2026\/04\/critica-de-ponta-newsletter.jpg-1.jpeg\" alt=\"Cr\u00edtica de Ponta #163\" \/>\r\n\t\t\t<\/a>\r\n\t\t<\/div>\r\n\t\t<div class=\"wppsac-post-content-position\">\r\n\t\t\t\t\t<div class=\"wppsac-post-categories\"><ul class=\"wppsac-post-categories-list\"><li><a href=\"https:\/\/www2.uepg.br\/periodico\/category\/critica-de-ponta\/\" rel=\"category\"> Cr\u00edtica de Ponta <\/a><\/li><li><a href=\"https:\/\/www2.uepg.br\/periodico\/category\/critica-de-ponta\/newsletter\/\" rel=\"category\"> Cr\u00edtica de Ponta Newsletter <\/a><\/li><li><a href=\"https:\/\/www2.uepg.br\/periodico\/category\/noticias\/\" rel=\"category\"> Not\u00edcias <\/a><\/li><\/ul><\/div>\r\n\t\t\t  \t<h2 class=\"wppsac-post-title\">\r\n\t\t\t<a href=\"https:\/\/www2.uepg.br\/periodico\/critica-de-ponta-163\/\">Cr\u00edtica de Ponta #163<\/a>\r\n\t\t<\/h2>\r\n\t\t\t\t\t<div class=\"wppsac-post-date\">\r\n\t\t\t\t23 de abril de 2026\t\t\t<\/div>\r\n\t\t\t\t\t<\/div>\r\n<\/div>\r\n<div class=\"wppsac-carousel-slides\">\r\n\t\t<div class=\"wppsac-post-content-position\">\r\n\t\t\t\t\t<div class=\"wppsac-post-categories\"><ul class=\"wppsac-post-categories-list\"><li><a href=\"https:\/\/www2.uepg.br\/periodico\/category\/foca-livre\/\" rel=\"category\"> Foca Livre <\/a><\/li><li><a href=\"https:\/\/www2.uepg.br\/periodico\/category\/noticias\/\" rel=\"category\"> Not\u00edcias <\/a><\/li><\/ul><\/div>\r\n\t\t\t  \t<h2 class=\"wppsac-post-title\">\r\n\t\t\t<a href=\"https:\/\/www2.uepg.br\/periodico\/foca-livre-247-abril-2026\/\">Foca Livre 247 &#8211; abril 2026<\/a>\r\n\t\t<\/h2>\r\n\t\t\t\t\t<div class=\"wppsac-post-date\">\r\n\t\t\t\t23 de abril de 2026\t\t\t<\/div>\r\n\t\t\t\t\t<\/div>\r\n<\/div>\t\t\t<\/div>\r\n\t\t\t<div class=\"wppsac-carousel-conf wppsac-hide\" data-conf=\"{&quot;slides_to_show&quot;:&quot;4&quot;,&quot;slides_to_scroll&quot;:1,&quot;dots&quot;:&quot;false&quot;,&quot;arrows&quot;:&quot;true&quot;,&quot;autoplay&quot;:&quot;true&quot;,&quot;autoplay_interval&quot;:&quot;19500&quot;,&quot;speed&quot;:500,&quot;rtl&quot;:&quot;false&quot;,&quot;lazyload&quot;:&quot;&quot;}\"><\/div>\r\n\t\t<\/div>\r\n\t\n<\/div>\n<\/div><\/div><\/div><div id=\"panel-6-0-0-2\" class=\"so-panel widget widget_siteorigin-panels-post-content panel-last-child\" data-index=\"2\" ><h1 class=\"entry-title\">Foca Livre 247 - abril 2026<\/h1><\/div><\/div><div id=\"pgc-6-0-1\"  class=\"panel-grid-cell\" ><div id=\"panel-6-0-1-0\" class=\"so-panel widget widget_search panel-first-child\" data-index=\"3\" ><form role=\"search\" method=\"get\" class=\"search-form\" action=\"https:\/\/www2.uepg.br\/periodico\/\">\n    <div class=\"mdc-text-field\">\n\t\t<input  type=\"text\" id=\"s\" class=\"search-field mdc-text-field__input\" name=\"s\" value=\"\">\n        <label class=\"mdc-floating-label\" for=\"s\">Pesquisar por:<\/label>\n        <div class=\"mdc-line-ripple\"><\/div>\n    <\/div>\n<\/form>\n<\/div><div id=\"panel-6-0-1-1\" class=\"so-panel widget widget_sow-editor\" data-index=\"4\" ><div\n\t\t\t\n\t\t\tclass=\"so-widget-sow-editor so-widget-sow-editor-base\"\n\t\t\t\n\t\t>\n<div class=\"siteorigin-widget-tinymce textwidget\">\n\t<h4 style=\"text-align: center; color: #5d317e;\"><a href=\"https:\/\/periodico.sites.uepg.br\/\">Site Antigo<\/a><\/h4>\n<hr \/>\n<p>&nbsp;<\/p>\n<\/div>\n<\/div><\/div><div id=\"panel-6-0-1-2\" class=\"so-panel widget widget_sow-editor\" data-index=\"5\" ><div\n\t\t\t\n\t\t\tclass=\"so-widget-sow-editor so-widget-sow-editor-base\"\n\t\t\t\n\t\t><h3 class=\"widget-title\">Ponto da Not\u00edcia #161<\/h3>\n<div class=\"siteorigin-widget-tinymce textwidget\">\n\t<!--[if lt IE 9]><script>document.createElement('audio');<\/script><![endif]-->\n<audio class=\"wp-audio-shortcode\" id=\"audio-3335-1\" preload=\"none\" style=\"width: 100%;\" controls=\"controls\"><source type=\"audio\/mpeg\" src=\"https:\/\/www2.uepg.br\/periodico\/wp-content\/uploads\/sites\/282\/2026\/04\/Jornal-editado-pt.-2-Turma-A.mp3?_=1\" \/><a href=\"https:\/\/www2.uepg.br\/periodico\/wp-content\/uploads\/sites\/282\/2026\/04\/Jornal-editado-pt.-2-Turma-A.mp3\">https:\/\/www2.uepg.br\/periodico\/wp-content\/uploads\/sites\/282\/2026\/04\/Jornal-editado-pt.-2-Turma-A.mp3<\/a><\/audio>\n<hr \/>\n<p>&nbsp;<\/p>\n<\/div>\n<\/div><\/div><div id=\"panel-6-0-1-3\" class=\"so-panel widget widget_sow-editor\" data-index=\"6\" ><div\n\t\t\t\n\t\t\tclass=\"so-widget-sow-editor so-widget-sow-editor-base\"\n\t\t\t\n\t\t><h3 class=\"widget-title\">Papo Peri\u00f3dico #18<\/h3>\n<div class=\"siteorigin-widget-tinymce textwidget\">\n\t<audio class=\"wp-audio-shortcode\" id=\"audio-3335-2\" preload=\"none\" style=\"width: 100%;\" controls=\"controls\"><source type=\"audio\/mpeg\" src=\"https:\/\/www2.uepg.br\/periodico\/wp-content\/uploads\/sites\/282\/2025\/11\/papo-perio\u0301dico-com-bianca-machado-giu-e-naty-.mp3?_=2\" \/><a href=\"https:\/\/www2.uepg.br\/periodico\/wp-content\/uploads\/sites\/282\/2025\/11\/papo-perio\u0301dico-com-bianca-machado-giu-e-naty-.mp3\">https:\/\/www2.uepg.br\/periodico\/wp-content\/uploads\/sites\/282\/2025\/11\/papo-perio\u0301dico-com-bianca-machado-giu-e-naty-.mp3<\/a><\/audio>\n<hr \/>\n<p>&nbsp;<\/p>\n<\/div>\n<\/div><\/div><div id=\"panel-6-0-1-4\" class=\"so-panel widget widget_sow-image panel-last-child\" data-index=\"7\" ><div\n\t\t\t\n\t\t\tclass=\"so-widget-sow-image so-widget-sow-image-default-6b88c04c1f9b-3335\"\n\t\t\t\n\t\t>\n<h3 class=\"widget-title\">\t\t<a href=\"https:\/\/www2.uepg.br\/nuntiare\/\"\n\t\t\ttarget=\"_blank\" rel=\"noopener noreferrer\" \t\t>\n\t\tRevista Nuntiare<\/a><\/h3>\n<div class=\"sow-image-container\">\n\t\t\t<a href=\"https:\/\/www2.uepg.br\/nuntiare\/\"\n\t\t\ttarget=\"_blank\" rel=\"noopener noreferrer\" \t\t>\n\t\t\t<img src=\"https:\/\/www2.uepg.br\/periodico\/wp-content\/uploads\/sites\/282\/2025\/02\/Revista-Nuntiare-Edicao-1-2024._page-0036.jpg\" width=\"218\" height=\"300\" sizes=\"(max-width: 218px) 100vw, 218px\" title=\"Revista Nuntiare\" alt=\"Revista Nuntiare\" loading=\"lazy\" \t\tclass=\"so-widget-image\"\/>\n\t<\/a><\/div>\n\n<\/div><\/div><\/div><\/div><div id=\"pg-6-1\"  class=\"panel-grid panel-no-style\" ><div id=\"pgc-6-1-0\"  class=\"panel-grid-cell\" ><div id=\"panel-6-1-0-0\" class=\"so-panel widget widget_media_video panel-first-child panel-last-child\" data-index=\"8\" ><div class=\"panel-widget-style panel-widget-style-for-6-1-0-0\" ><h3 class=\"widget-title\">Correspondente Local #153<\/h3><div style=\"width:100%;\" class=\"wp-video\"><!--[if lt IE 9]><script>document.createElement('video');<\/script><![endif]-->\n<video class=\"wp-video-shortcode\" id=\"video-3335-1\" preload=\"metadata\" controls=\"controls\"><source type=\"video\/youtube\" src=\"https:\/\/www.youtube.com\/watch?v=Efvfq6XwHrY&#038;_=1\" \/><a href=\"https:\/\/www.youtube.com\/watch?v=Efvfq6XwHrY\">https:\/\/www.youtube.com\/watch?v=Efvfq6XwHrY<\/a><\/video><\/div><\/div><\/div><\/div><div id=\"pgc-6-1-1\"  class=\"panel-grid-cell\" ><div id=\"panel-6-1-1-0\" class=\"so-panel widget widget_media_video panel-first-child panel-last-child\" data-index=\"9\" ><h3 class=\"widget-title\">Cr\u00edtica de Ponta na TV! 134<\/h3><div style=\"width:100%;\" class=\"wp-video\"><video class=\"wp-video-shortcode\" id=\"video-3335-2\" preload=\"metadata\" controls=\"controls\"><source type=\"video\/youtube\" src=\"https:\/\/www.youtube.com\/watch?v=m1QHem6zbnY&#038;_=2\" \/><a href=\"https:\/\/www.youtube.com\/watch?v=m1QHem6zbnY\">https:\/\/www.youtube.com\/watch?v=m1QHem6zbnY<\/a><\/video><\/div><\/div><\/div><\/div><\/div>","protected":false},"excerpt":{"rendered":"<p>\u00daltimas Not\u00edcias Site Antigo &nbsp; Ponto da Not\u00edcia #161 &nbsp; Papo Peri\u00f3dico #18 &nbsp;<\/p>\n","protected":false},"author":24,"featured_media":0,"parent":0,"menu_order":0,"comment_status":"closed","ping_status":"closed","template":"","meta":[],"_links":{"self":[{"href":"https:\/\/www2.uepg.br\/periodico\/wp-json\/wp\/v2\/pages\/6"}],"collection":[{"href":"https:\/\/www2.uepg.br\/periodico\/wp-json\/wp\/v2\/pages"}],"about":[{"href":"https:\/\/www2.uepg.br\/periodico\/wp-json\/wp\/v2\/types\/page"}],"author":[{"embeddable":true,"href":"https:\/\/www2.uepg.br\/periodico\/wp-json\/wp\/v2\/users\/24"}],"replies":[{"embeddable":true,"href":"https:\/\/www2.uepg.br\/periodico\/wp-json\/wp\/v2\/comments?post=6"}],"version-history":[{"count":117,"href":"https:\/\/www2.uepg.br\/periodico\/wp-json\/wp\/v2\/pages\/6\/revisions"}],"predecessor-version":[{"id":3544,"href":"https:\/\/www2.uepg.br\/periodico\/wp-json\/wp\/v2\/pages\/6\/revisions\/3544"}],"wp:attachment":[{"href":"https:\/\/www2.uepg.br\/periodico\/wp-json\/wp\/v2\/media?parent=6"}],"curies":[{"name":"wp","href":"https:\/\/api.w.org\/{rel}","templated":true}]}}