{"id":1017,"date":"2024-03-20T16:55:54","date_gmt":"2024-03-20T19:55:54","guid":{"rendered":"https:\/\/www2.uepg.br\/pet-engalimentos\/?page_id=1017"},"modified":"2024-10-25T17:08:42","modified_gmt":"2024-10-25T20:08:42","slug":"acolhida-dos-calouros-remanescentes-2024","status":"publish","type":"page","link":"https:\/\/www2.uepg.br\/pet-engalimentos\/acolhida-aos-calouros\/acolhida-dos-calouros-remanescentes-2024\/","title":{"rendered":"Acolhida dos Calouros Remanescentes 2024"},"content":{"rendered":"<p><span style=\"font-weight: 400\">A acolhida dos calouros remanescentes foi ofertada aos calouros que entraram na UEPG nas chamadas subsequentes\u00a0 ao in\u00edcio das aulas. A convite do setor, o grupo PET &#8211; Engenharia de Alimentos em conjunto com a Master Empresa Jr., apresentaram o curso e fizeram um breve tour pelas instala\u00e7\u00f5es. Durante as<\/span> <span style=\"font-weight: 400\">apresenta\u00e7\u00f5es,<\/span><span style=\"font-weight: 400\"> os calouros foram convidados a participar da Oficina de Panifica\u00e7\u00e3o e Manteiga, para que assim pudessem se aproximar mais das atividades que o PET oferece e da profiss\u00e3o de\u00a0 Engenheiro de Alimentos.<\/span><\/p>\n<p><img loading=\"lazy\" class=\"wp-image-1019 alignright\" src=\"https:\/\/www2.uepg.br\/pet-engalimentos\/wp-content\/uploads\/sites\/208\/2024\/10\/ca062217-a73f-457a-8f34-59c960ed6635.jpeg\" alt=\"\" width=\"327\" height=\"436\" \/><\/p>\n<p><img loading=\"lazy\" class=\"wp-image-1020 alignleft\" src=\"https:\/\/www2.uepg.br\/pet-engalimentos\/wp-content\/uploads\/sites\/208\/2024\/10\/9101ced4-450a-41d6-8e3a-2743dddc383b.jpeg\" alt=\"\" width=\"250\" height=\"445\" \/><img loading=\"lazy\" class=\"wp-image-1021 aligncenter\" src=\"https:\/\/www2.uepg.br\/pet-engalimentos\/wp-content\/uploads\/sites\/208\/2024\/10\/7e682eab-0807-4ba8-8be1-0834bcc182e5.jpeg\" alt=\"\" width=\"333\" height=\"444\" \/><\/p>\n","protected":false},"excerpt":{"rendered":"<p>A acolhida dos calouros remanescentes foi ofertada aos calouros que entraram na UEPG nas chamadas subsequentes\u00a0 ao in\u00edcio das aulas. A convite do setor, o grupo PET &#8211; Engenharia de Alimentos em conjunto com a Master Empresa Jr., apresentaram o curso e fizeram um breve tour pelas instala\u00e7\u00f5es. Durante as apresenta\u00e7\u00f5es, os calouros foram convidados&nbsp;&hellip;<\/p>\n","protected":false},"author":453,"featured_media":0,"parent":568,"menu_order":0,"comment_status":"closed","ping_status":"closed","template":"","meta":[],"_links":{"self":[{"href":"https:\/\/www2.uepg.br\/pet-engalimentos\/wp-json\/wp\/v2\/pages\/1017"}],"collection":[{"href":"https:\/\/www2.uepg.br\/pet-engalimentos\/wp-json\/wp\/v2\/pages"}],"about":[{"href":"https:\/\/www2.uepg.br\/pet-engalimentos\/wp-json\/wp\/v2\/types\/page"}],"author":[{"embeddable":true,"href":"https:\/\/www2.uepg.br\/pet-engalimentos\/wp-json\/wp\/v2\/users\/453"}],"replies":[{"embeddable":true,"href":"https:\/\/www2.uepg.br\/pet-engalimentos\/wp-json\/wp\/v2\/comments?post=1017"}],"version-history":[{"count":1,"href":"https:\/\/www2.uepg.br\/pet-engalimentos\/wp-json\/wp\/v2\/pages\/1017\/revisions"}],"predecessor-version":[{"id":1022,"href":"https:\/\/www2.uepg.br\/pet-engalimentos\/wp-json\/wp\/v2\/pages\/1017\/revisions\/1022"}],"up":[{"embeddable":true,"href":"https:\/\/www2.uepg.br\/pet-engalimentos\/wp-json\/wp\/v2\/pages\/568"}],"wp:attachment":[{"href":"https:\/\/www2.uepg.br\/pet-engalimentos\/wp-json\/wp\/v2\/media?parent=1017"}],"curies":[{"name":"wp","href":"https:\/\/api.w.org\/{rel}","templated":true}]}}