{"id":134,"date":"2021-12-10T11:10:40","date_gmt":"2021-12-10T14:10:40","guid":{"rendered":"https:\/\/www2.uepg.br\/pet-engalimentos\/?page_id=134"},"modified":"2024-10-26T15:57:33","modified_gmt":"2024-10-26T18:57:33","slug":"projetos","status":"publish","type":"page","link":"https:\/\/www2.uepg.br\/pet-engalimentos\/projetos\/","title":{"rendered":"PROJETOS"},"content":{"rendered":"<div id=\"pl-134\"  class=\"panel-layout\" ><div id=\"pg-134-0\"  class=\"panel-grid panel-has-style\" ><div class=\"siteorigin-panels-stretch panel-row-style panel-row-style-for-134-0\" data-stretch-type=\"full-stretched\" ><div id=\"pgc-134-0-0\"  class=\"panel-grid-cell\" ><div id=\"panel-134-0-0-0\" class=\"so-panel widget panel-first-child panel-last-child\" data-index=\"0\" ><\/div><\/div><\/div><\/div><div id=\"pg-134-1\"  class=\"panel-grid panel-no-style\" ><div id=\"pgc-134-1-0\"  class=\"panel-grid-cell\" ><div id=\"panel-134-1-0-0\" class=\"so-panel widget widget_media_image panel-first-child\" data-index=\"1\" ><img width=\"1080\" height=\"1080\" src=\"https:\/\/www2.uepg.br\/pet-engalimentos\/wp-content\/uploads\/sites\/208\/2024\/10\/OFICINAS-2024.png\" class=\"image wp-image-1063  attachment-full size-full\" alt=\"\" loading=\"lazy\" style=\"max-width: 100%; height: auto;\" \/><\/div><div id=\"panel-134-1-0-1\" class=\"so-panel widget widget_sow-editor panel-last-child\" data-index=\"2\" ><div\n\t\t\t\n\t\t\tclass=\"so-widget-sow-editor so-widget-sow-editor-base\"\n\t\t\t\n\t\t><h3 class=\"widget-title\">OFICINAS<\/h3>\n<div class=\"siteorigin-widget-tinymce textwidget\">\n\t<p>Conhe\u00e7a aqui as oficinas ofertadas pelo PET Engenharia de Alimentos!<\/p>\n<p><a href=\"https:\/\/www2.uepg.br\/pet-engalimentos\/oficinas\/\">LEIA MAIS<\/a><\/p>\n<\/div>\n<\/div><\/div><\/div><div id=\"pgc-134-1-1\"  class=\"panel-grid-cell\" ><div id=\"panel-134-1-1-0\" class=\"so-panel widget widget_media_image panel-first-child\" data-index=\"3\" ><img width=\"1080\" height=\"1080\" src=\"https:\/\/www2.uepg.br\/pet-engalimentos\/wp-content\/uploads\/sites\/208\/2024\/10\/CURSOS-2024.png\" class=\"image wp-image-1062  attachment-full size-full\" alt=\"\" loading=\"lazy\" style=\"max-width: 100%; height: auto;\" \/><\/div><div id=\"panel-134-1-1-1\" class=\"so-panel widget widget_sow-editor panel-last-child\" data-index=\"4\" ><div\n\t\t\t\n\t\t\tclass=\"so-widget-sow-editor so-widget-sow-editor-base\"\n\t\t\t\n\t\t><h3 class=\"widget-title\">CURSOS<\/h3>\n<div class=\"siteorigin-widget-tinymce textwidget\">\n\t<p>&nbsp;<\/p>\n<p>O grupo PET - Engenharia de Alimentos est\u00e1 sempre buscando oferecer cursos, tanto para os acad\u00eamicos da Universidade Estadual de Ponta Grossa quanto \u00e0 comunidade externa, com o objetivo de trazer um conhecimento acess\u00edvel e de qualidade sobre a Engenharia de Alimentos \u00e0 todos que queiram aprender mais sobre essa \u00e1rea e outros assuntos relacionados.<\/p>\n<p><a style=\"color: #f39c12\" href=\"https:\/\/www2.uepg.br\/pet-engalimentos\/cursos-pet\/\">LEIA MAIS<\/a><\/p>\n<p>&nbsp;<\/p>\n<\/div>\n<\/div><\/div><\/div><div id=\"pgc-134-1-2\"  class=\"panel-grid-cell\" ><div id=\"panel-134-1-2-0\" class=\"so-panel widget widget_sow-editor panel-first-child panel-last-child\" data-index=\"5\" ><div\n\t\t\t\n\t\t\tclass=\"so-widget-sow-editor so-widget-sow-editor-base\"\n\t\t\t\n\t\t><h3 class=\"widget-title\">DESCOBRINDO COM O PET<\/h3>\n<div class=\"siteorigin-widget-tinymce textwidget\">\n\t<p><a href=\"https:\/\/www2.uepg.br\/pet-engalimentos\/descobrindo-com-pet\/\"><img loading=\"lazy\" class=\"alignnone wp-image-525 size-medium\" src=\"https:\/\/www2.uepg.br\/pet-engalimentos\/wp-content\/uploads\/sites\/208\/2023\/04\/Curso-seguranca-no-lab-12-300x300.png\" alt=\"\" width=\"300\" height=\"300\" srcset=\"https:\/\/www2.uepg.br\/pet-engalimentos\/wp-content\/uploads\/sites\/208\/2023\/04\/Curso-seguranca-no-lab-12-300x300.png 300w, https:\/\/www2.uepg.br\/pet-engalimentos\/wp-content\/uploads\/sites\/208\/2023\/04\/Curso-seguranca-no-lab-12-1024x1024.png 1024w, https:\/\/www2.uepg.br\/pet-engalimentos\/wp-content\/uploads\/sites\/208\/2023\/04\/Curso-seguranca-no-lab-12-150x150.png 150w, https:\/\/www2.uepg.br\/pet-engalimentos\/wp-content\/uploads\/sites\/208\/2023\/04\/Curso-seguranca-no-lab-12-768x768.png 768w, https:\/\/www2.uepg.br\/pet-engalimentos\/wp-content\/uploads\/sites\/208\/2023\/04\/Curso-seguranca-no-lab-12.png 1080w\" sizes=\"(max-width: 300px) 100vw, 300px\" \/><\/a><\/p>\n<p>Esse projeto Tem o intuito de levar informa\u00e7\u00e3o de forma r\u00e1pida e de f\u00e1cil compreens\u00e3o, sobre temas relacionados ao curso de Engenharia de Alimentos.<\/p>\n<p><a style=\"color: #f39c12\" href=\"https:\/\/www2.uepg.br\/pet-engalimentos\/descobrindo-com-pet\/\">LEIA MAIS<\/a><\/p>\n<p>&nbsp;<\/p>\n<\/div>\n<\/div><\/div><\/div><\/div><div id=\"pg-134-2\"  class=\"panel-grid panel-has-style\" ><div class=\"panel-row-style panel-row-style-for-134-2\" ><div id=\"pgc-134-2-0\"  class=\"panel-grid-cell\" ><div id=\"panel-134-2-0-0\" class=\"so-panel widget widget_sow-editor panel-first-child panel-last-child\" data-index=\"6\" ><div class=\"panel-widget-style panel-widget-style-for-134-2-0-0\" ><div\n\t\t\t\n\t\t\tclass=\"so-widget-sow-editor so-widget-sow-editor-base\"\n\t\t\t\n\t\t><h3 class=\"widget-title\">PODPET<\/h3>\n<div class=\"siteorigin-widget-tinymce textwidget\">\n\t<p><a href=\"https:\/\/www2.uepg.br\/pet-engalimentos\/podpet\/\"><img loading=\"lazy\" class=\"alignnone wp-image-286 size-medium\" src=\"https:\/\/www2.uepg.br\/pet-engalimentos\/wp-content\/uploads\/sites\/208\/2023\/04\/Post-pra-instagram-alerta-de-promocao-neon-1-300x300.png\" alt=\"\" width=\"300\" height=\"300\" srcset=\"https:\/\/www2.uepg.br\/pet-engalimentos\/wp-content\/uploads\/sites\/208\/2023\/04\/Post-pra-instagram-alerta-de-promocao-neon-1-300x300.png 300w, https:\/\/www2.uepg.br\/pet-engalimentos\/wp-content\/uploads\/sites\/208\/2023\/04\/Post-pra-instagram-alerta-de-promocao-neon-1-1024x1024.png 1024w, https:\/\/www2.uepg.br\/pet-engalimentos\/wp-content\/uploads\/sites\/208\/2023\/04\/Post-pra-instagram-alerta-de-promocao-neon-1-150x150.png 150w, https:\/\/www2.uepg.br\/pet-engalimentos\/wp-content\/uploads\/sites\/208\/2023\/04\/Post-pra-instagram-alerta-de-promocao-neon-1-768x768.png 768w, https:\/\/www2.uepg.br\/pet-engalimentos\/wp-content\/uploads\/sites\/208\/2023\/04\/Post-pra-instagram-alerta-de-promocao-neon-1.png 1080w\" sizes=\"(max-width: 300px) 100vw, 300px\" \/><\/a><\/p>\n<div>O PODPET \u2013 Engenharia de Alimentos \u00e9 um dos projetos realizados pelo grupo com o objetivo de levar ao p\u00fablico, de uma maneira mais din\u00e2mica, diversos assuntos relacionados \u00e0 universidade, desde boas hist\u00f3rias de professores e alunos, at\u00e9 conhecer melhor projetos de extens\u00e3o desenvolvidos pelo nosso grupo PET!<\/div>\n<div>\u200e<\/div>\n<div><a style=\"color: #f39c12\" href=\"https:\/\/www2.uepg.br\/pet-engalimentos\/podpet\/\">LEIA MAIS<\/a><\/div>\n<\/div>\n<\/div><\/div><\/div><\/div><div id=\"pgc-134-2-1\"  class=\"panel-grid-cell\" ><div id=\"panel-134-2-1-0\" class=\"so-panel widget widget_sow-editor panel-first-child panel-last-child\" data-index=\"7\" ><div\n\t\t\t\n\t\t\tclass=\"so-widget-sow-editor so-widget-sow-editor-base\"\n\t\t\t\n\t\t><h3 class=\"widget-title\">ATIVIDADES PROENZEN<\/h3>\n<div class=\"siteorigin-widget-tinymce textwidget\">\n\t<p>&nbsp;<\/p>\n<p>&nbsp;<\/p>\n<p><img loading=\"lazy\" class=\"wp-image-889 aligncenter\" src=\"https:\/\/www2.uepg.br\/pet-engalimentos\/wp-content\/uploads\/sites\/208\/2024\/03\/proenzen.png\" alt=\"\" width=\"452\" height=\"452\" \/><\/p>\n<p>&nbsp;<\/p>\n<p>O PET-Engenharia de Alimentos participa de algumas atividades em conjunto com o PROENZEM - Projeto de Intera\u00e7\u00e3o das Engenharias e Zootecnia com o Ensino M\u00e9dio. Com o objetivo de realizar atividades que visem estimular o aluno do Ensino M\u00e9dio a conhecer e vivenciar os cursos oferecidos pelo Setor de Engenharias, Ci\u00eancias Agr\u00e1rias e de Tecnologia (SECATE) da UEPG, permitindo assim, despertar seu senso cr\u00edtico, para que ele possa tomar decis\u00f5es, qualificando-se para a escolha de uma profiss\u00e3o.<\/p>\n<p><a style=\"color: #f39c12\" href=\"https:\/\/www2.uepg.br\/pet-engalimentos\/panificacao-guarda-mirim\/\">LEIA MAIS<\/a><\/p>\n<p>&nbsp;<\/p>\n<\/div>\n<\/div><\/div><\/div><div id=\"pgc-134-2-2\"  class=\"panel-grid-cell\" ><div id=\"panel-134-2-2-0\" class=\"so-panel widget widget_sow-editor panel-first-child panel-last-child\" data-index=\"8\" ><div\n\t\t\t\n\t\t\tclass=\"so-widget-sow-editor so-widget-sow-editor-base\"\n\t\t\t\n\t\t><h3 class=\"widget-title\">GUARDA MIRIM<\/h3>\n<div class=\"siteorigin-widget-tinymce textwidget\">\n\t<p><a href=\"https:\/\/www2.uepg.br\/pet-engalimentos\/panificacao-guarda-mirim\/\"><img loading=\"lazy\" class=\"alignnone wp-image-242 size-medium\" src=\"https:\/\/www2.uepg.br\/pet-engalimentos\/wp-content\/uploads\/sites\/208\/2022\/12\/Copia-de-Post-instagram-look-foto-polaroid-tbt-1-300x300.png\" alt=\"\" width=\"300\" height=\"300\" srcset=\"https:\/\/www2.uepg.br\/pet-engalimentos\/wp-content\/uploads\/sites\/208\/2022\/12\/Copia-de-Post-instagram-look-foto-polaroid-tbt-1-300x300.png 300w, https:\/\/www2.uepg.br\/pet-engalimentos\/wp-content\/uploads\/sites\/208\/2022\/12\/Copia-de-Post-instagram-look-foto-polaroid-tbt-1-1024x1024.png 1024w, https:\/\/www2.uepg.br\/pet-engalimentos\/wp-content\/uploads\/sites\/208\/2022\/12\/Copia-de-Post-instagram-look-foto-polaroid-tbt-1-150x150.png 150w, https:\/\/www2.uepg.br\/pet-engalimentos\/wp-content\/uploads\/sites\/208\/2022\/12\/Copia-de-Post-instagram-look-foto-polaroid-tbt-1-768x768.png 768w, https:\/\/www2.uepg.br\/pet-engalimentos\/wp-content\/uploads\/sites\/208\/2022\/12\/Copia-de-Post-instagram-look-foto-polaroid-tbt-1.png 1080w\" sizes=\"(max-width: 300px) 100vw, 300px\" \/><\/a><\/p>\n<p>Nos \u00faltimos meses o PET-Engenharia de Alimentos foi convidado a ministrar alguns cursos de panifica\u00e7\u00e3o para os alunos do Instituto Educacional Duque de Caxias (Guarda Mirim). Os mesmos puderam aprender sobre panifica\u00e7\u00e3o para ampliar seus conhecimentos na \u00e1rea e possivelmente ingressar no mercado de trabalho.<\/p>\n<p><a style=\"color: #f39c12\" href=\"https:\/\/www2.uepg.br\/pet-engalimentos\/panificacao-guarda-mirim\/\">LEIA MAIS<\/a><\/p>\n<p>&nbsp;<\/p>\n<\/div>\n<\/div><\/div><\/div><\/div><\/div><div id=\"pg-134-3\"  class=\"panel-grid panel-no-style\" ><div id=\"pgc-134-3-0\"  class=\"panel-grid-cell panel-grid-cell-empty\" ><\/div><div id=\"pgc-134-3-1\"  class=\"panel-grid-cell panel-grid-cell-empty panel-grid-cell-mobile-last\" ><\/div><div id=\"pgc-134-3-2\"  class=\"panel-grid-cell panel-grid-cell-empty\" ><\/div><\/div><div id=\"pg-134-4\"  class=\"panel-grid panel-has-style\" ><div class=\"siteorigin-panels-stretch panel-row-style panel-row-style-for-134-4\" data-stretch-type=\"full\" ><div id=\"pgc-134-4-0\"  class=\"panel-grid-cell\" ><div id=\"panel-134-4-0-0\" class=\"so-panel widget widget_sow-headline panel-first-child\" data-index=\"9\" ><div\n\t\t\t\n\t\t\tclass=\"so-widget-sow-headline so-widget-sow-headline-default-e9e2e8bc4b56-134 so-widget-fittext-wrapper\"\n\t\t\t data-fit-text-compressor=\"0.85\"\n\t\t><div class=\"sow-headline-container \">\n\t<h3 class='sow-headline'>\t\t\t\t\t\t<a href=\"https:\/\/www.instagram.com\/petengalimentos\/\" >\n\t\t\t\t\tFique por dentro de tudo atrav\u00e9s do nosso Instagram!<\/a><\/h3>\t\t\t\t\t<div class=\"decoration\">\n\t\t\t\t\t\t<div class=\"decoration-inside\"><\/div>\n\t\t\t\t\t<\/div>\n\t\t\t\t\t<\/div><\/div><\/div><div id=\"panel-134-4-0-1\" class=\"so-panel widget panel-last-child\" data-index=\"10\" ><\/div><\/div><\/div><\/div><\/div>","protected":false},"excerpt":{"rendered":"<p>Conhe\u00e7a aqui as oficinas ofertadas pelo PET Engenharia de Alimentos! LEIA MAIS &nbsp; O grupo PET &#8211; Engenharia de Alimentos est\u00e1 sempre buscando oferecer cursos, tanto para os acad\u00eamicos da Universidade Estadual de Ponta Grossa quanto \u00e0 comunidade externa, com o objetivo de trazer um conhecimento acess\u00edvel e de qualidade sobre a Engenharia de Alimentos&nbsp;&hellip;<\/p>\n","protected":false},"author":378,"featured_media":0,"parent":0,"menu_order":0,"comment_status":"closed","ping_status":"closed","template":"","meta":[],"_links":{"self":[{"href":"https:\/\/www2.uepg.br\/pet-engalimentos\/wp-json\/wp\/v2\/pages\/134"}],"collection":[{"href":"https:\/\/www2.uepg.br\/pet-engalimentos\/wp-json\/wp\/v2\/pages"}],"about":[{"href":"https:\/\/www2.uepg.br\/pet-engalimentos\/wp-json\/wp\/v2\/types\/page"}],"author":[{"embeddable":true,"href":"https:\/\/www2.uepg.br\/pet-engalimentos\/wp-json\/wp\/v2\/users\/378"}],"replies":[{"embeddable":true,"href":"https:\/\/www2.uepg.br\/pet-engalimentos\/wp-json\/wp\/v2\/comments?post=134"}],"version-history":[{"count":33,"href":"https:\/\/www2.uepg.br\/pet-engalimentos\/wp-json\/wp\/v2\/pages\/134\/revisions"}],"predecessor-version":[{"id":1068,"href":"https:\/\/www2.uepg.br\/pet-engalimentos\/wp-json\/wp\/v2\/pages\/134\/revisions\/1068"}],"wp:attachment":[{"href":"https:\/\/www2.uepg.br\/pet-engalimentos\/wp-json\/wp\/v2\/media?parent=134"}],"curies":[{"name":"wp","href":"https:\/\/api.w.org\/{rel}","templated":true}]}}