{"id":552,"date":"2023-04-11T15:41:35","date_gmt":"2023-04-11T18:41:35","guid":{"rendered":"https:\/\/www2.uepg.br\/pet-engalimentos\/?page_id=552"},"modified":"2024-10-25T16:55:47","modified_gmt":"2024-10-25T19:55:47","slug":"acolhida-aos-calouros-2022","status":"publish","type":"page","link":"https:\/\/www2.uepg.br\/pet-engalimentos\/acolhida-aos-calouros\/acolhida-aos-calouros-2022\/","title":{"rendered":"Acolhida aos Calouros 2022"},"content":{"rendered":"<div id=\"pl-552\"  class=\"panel-layout\" ><div id=\"pg-552-0\"  class=\"panel-grid panel-no-style\" ><div id=\"pgc-552-0-0\"  class=\"panel-grid-cell\" ><div id=\"panel-552-0-0-0\" class=\"so-panel widget widget_text panel-first-child panel-last-child\" data-index=\"0\" ><h3 class=\"widget-title\">Acolhida aos Calouros 2022<\/h3>\t\t\t<div class=\"textwidget\"><p>Todos os anos o PET &#8211; Engenharia de Alimentos em parceria com a Empresa J\u00fanior de Alimentos realiza uma integra\u00e7\u00e3o entre os calouros <span style=\"font-weight: 400\">para desejar as boas-vindas e tamb\u00e9m passar informa\u00e7\u00f5es necess\u00e1rias. <\/span><\/p>\n<p><span style=\"font-weight: 400\">No primeiro dia foi realizado uma Tour com os alunos para conhecerem a estrutura do curso, biblioteca e o restaurante universit\u00e1rio (RU). No segundo dia os calouros puderam receber informa\u00e7\u00f5es referente a grade hor\u00e1ria, curso, profiss\u00e3o e tamb\u00e9m sobre as oportunidades dentro da universidade (PET, Empresa J\u00fanior, Monitoria, Est\u00e1gio, Inicia\u00e7\u00e3o Cient\u00edfica).\u00a0 Ao fim, todos foram recepcionados com pizzas feitas pelos alunos do PET e da Empresa J\u00fanior como um momento de descontra\u00e7\u00e3o de boas vindas.\u00a0<\/span><\/p>\n<\/div>\n\t\t<\/div><\/div><\/div><div id=\"pg-552-1\"  class=\"panel-grid panel-no-style\" ><div id=\"pgc-552-1-0\"  class=\"panel-grid-cell\" ><div id=\"panel-552-1-0-0\" class=\"so-panel widget widget_sow-image panel-first-child panel-last-child\" data-index=\"1\" ><div\n\t\t\t\n\t\t\tclass=\"so-widget-sow-image so-widget-sow-image-default-d6014b76747a-552\"\n\t\t\t\n\t\t>\n\n<div class=\"sow-image-container\">\n\t\t<img src=\"https:\/\/www2.uepg.br\/pet-engalimentos\/wp-content\/uploads\/sites\/208\/2023\/04\/rwerwerwe.png\" width=\"557\" height=\"379\" srcset=\"https:\/\/www2.uepg.br\/pet-engalimentos\/wp-content\/uploads\/sites\/208\/2023\/04\/rwerwerwe.png 557w, https:\/\/www2.uepg.br\/pet-engalimentos\/wp-content\/uploads\/sites\/208\/2023\/04\/rwerwerwe-300x204.png 300w\" sizes=\"(max-width: 557px) 100vw, 557px\" alt=\"\" loading=\"lazy\" \t\tclass=\"so-widget-image\"\/>\n\t<\/div>\n\n<\/div><\/div><\/div><div id=\"pgc-552-1-1\"  class=\"panel-grid-cell\" ><div id=\"panel-552-1-1-0\" class=\"so-panel widget widget_sow-image panel-first-child panel-last-child\" data-index=\"2\" ><div\n\t\t\t\n\t\t\tclass=\"so-widget-sow-image so-widget-sow-image-default-d6014b76747a-552\"\n\t\t\t\n\t\t>\n\n<div class=\"sow-image-container\">\n\t\t<img src=\"https:\/\/www2.uepg.br\/pet-engalimentos\/wp-content\/uploads\/sites\/208\/2023\/04\/adasdsad.png\" width=\"557\" height=\"247\" srcset=\"https:\/\/www2.uepg.br\/pet-engalimentos\/wp-content\/uploads\/sites\/208\/2023\/04\/adasdsad.png 557w, https:\/\/www2.uepg.br\/pet-engalimentos\/wp-content\/uploads\/sites\/208\/2023\/04\/adasdsad-300x133.png 300w\" sizes=\"(max-width: 557px) 100vw, 557px\" alt=\"\" loading=\"lazy\" \t\tclass=\"so-widget-image\"\/>\n\t<\/div>\n\n<\/div><\/div><\/div><\/div><\/div>","protected":false},"excerpt":{"rendered":"<p>Todos os anos o PET &#8211; Engenharia de Alimentos em parceria com a Empresa J\u00fanior de Alimentos realiza uma integra\u00e7\u00e3o entre os calouros para desejar as boas-vindas e tamb\u00e9m passar informa\u00e7\u00f5es necess\u00e1rias. No primeiro dia foi realizado uma Tour com os alunos para conhecerem a estrutura do curso, biblioteca e o restaurante universit\u00e1rio (RU). No&nbsp;&hellip;<\/p>\n","protected":false},"author":452,"featured_media":0,"parent":568,"menu_order":0,"comment_status":"closed","ping_status":"closed","template":"","meta":[],"_links":{"self":[{"href":"https:\/\/www2.uepg.br\/pet-engalimentos\/wp-json\/wp\/v2\/pages\/552"}],"collection":[{"href":"https:\/\/www2.uepg.br\/pet-engalimentos\/wp-json\/wp\/v2\/pages"}],"about":[{"href":"https:\/\/www2.uepg.br\/pet-engalimentos\/wp-json\/wp\/v2\/types\/page"}],"author":[{"embeddable":true,"href":"https:\/\/www2.uepg.br\/pet-engalimentos\/wp-json\/wp\/v2\/users\/452"}],"replies":[{"embeddable":true,"href":"https:\/\/www2.uepg.br\/pet-engalimentos\/wp-json\/wp\/v2\/comments?post=552"}],"version-history":[{"count":10,"href":"https:\/\/www2.uepg.br\/pet-engalimentos\/wp-json\/wp\/v2\/pages\/552\/revisions"}],"predecessor-version":[{"id":1016,"href":"https:\/\/www2.uepg.br\/pet-engalimentos\/wp-json\/wp\/v2\/pages\/552\/revisions\/1016"}],"up":[{"embeddable":true,"href":"https:\/\/www2.uepg.br\/pet-engalimentos\/wp-json\/wp\/v2\/pages\/568"}],"wp:attachment":[{"href":"https:\/\/www2.uepg.br\/pet-engalimentos\/wp-json\/wp\/v2\/media?parent=552"}],"curies":[{"name":"wp","href":"https:\/\/api.w.org\/{rel}","templated":true}]}}