{"id":566,"date":"2023-04-11T15:50:18","date_gmt":"2023-04-11T18:50:18","guid":{"rendered":"https:\/\/www2.uepg.br\/pet-engalimentos\/?page_id=566"},"modified":"2024-10-25T15:56:01","modified_gmt":"2024-10-25T18:56:01","slug":"acolhida-aos-calouros-2023","status":"publish","type":"page","link":"https:\/\/www2.uepg.br\/pet-engalimentos\/acolhida-aos-calouros\/acolhida-aos-calouros-2023\/","title":{"rendered":"Acolhida aos Calouros 2023"},"content":{"rendered":"<div id=\"pl-566\"  class=\"panel-layout\" ><div id=\"pg-566-0\"  class=\"panel-grid panel-no-style\" ><div id=\"pgc-566-0-0\"  class=\"panel-grid-cell\" ><div id=\"panel-566-0-0-0\" class=\"so-panel widget widget_text panel-first-child panel-last-child\" data-index=\"0\" ><h3 class=\"widget-title\">ACOLHIDA AOS CALOUROS 2023<\/h3>\t\t\t<div class=\"textwidget\"><p>Todos os anos o PET &#8211; Engenharia de Alimentos em parceria com a Empresa Junior &#8211; Master Alimentos, realiza a acolhida aos calouros do curso de Engenharia de Alimentos.<\/p>\n<p>No inicio do ano letivo de 2023, realizou-se um tour pelo campus &#8211; Uvaranas a fim de mostrar as salas de aulas, laborat\u00f3rios, biblioteca, RU etc. para os calouros. Em seguida o grupo PET, o coordenador de curso e a empresa j\u00fanior realizam uma apresenta\u00e7\u00e3o, tanto do curso, quanto de tudo que o mesmo oferece.<\/p>\n<p>No final de das apresenta\u00e7\u00f5es os alunos puderem aproveitar uma pizza realizada pelos petianos e os colaboradores da Master, como um momento descontra\u00eddo e de integra\u00e7\u00e3o entre calouros e veteranos.<\/p>\n<p><span style=\"font-weight: 400\">A acolhida aos calouros \u00e9 algo indispens\u00e1vel pois permite a intera\u00e7\u00e3o entre calouros, veteranos e professores do departamento. Al\u00e9m do mais, diminui a possibilidade dos novos alunos se sentirem perdidos em rela\u00e7\u00e3o \u00e0 nova fase que se inicia, pois \u00e9 fornecido todo o suporte.\u00a0<\/span><\/p>\n<\/div>\n\t\t<\/div><\/div><\/div><div id=\"pg-566-1\"  class=\"panel-grid panel-no-style\" ><div id=\"pgc-566-1-0\"  class=\"panel-grid-cell\" ><div id=\"panel-566-1-0-0\" class=\"so-panel widget widget_sow-image panel-first-child panel-last-child\" data-index=\"1\" ><div\n\t\t\t\n\t\t\tclass=\"so-widget-sow-image so-widget-sow-image-default-d6014b76747a-566\"\n\t\t\t\n\t\t>\n\n<div class=\"sow-image-container\">\n\t\t<img src=\"https:\/\/www2.uepg.br\/pet-engalimentos\/wp-content\/uploads\/sites\/208\/2023\/04\/WhatsApp-Image-2023-03-14-at-19.22.08-1-e1681238655744.jpeg\" width=\"891\" height=\"887\" srcset=\"https:\/\/www2.uepg.br\/pet-engalimentos\/wp-content\/uploads\/sites\/208\/2023\/04\/WhatsApp-Image-2023-03-14-at-19.22.08-1-e1681238655744.jpeg 891w, https:\/\/www2.uepg.br\/pet-engalimentos\/wp-content\/uploads\/sites\/208\/2023\/04\/WhatsApp-Image-2023-03-14-at-19.22.08-1-e1681238655744-300x300.jpeg 300w, https:\/\/www2.uepg.br\/pet-engalimentos\/wp-content\/uploads\/sites\/208\/2023\/04\/WhatsApp-Image-2023-03-14-at-19.22.08-1-e1681238655744-150x150.jpeg 150w, https:\/\/www2.uepg.br\/pet-engalimentos\/wp-content\/uploads\/sites\/208\/2023\/04\/WhatsApp-Image-2023-03-14-at-19.22.08-1-e1681238655744-768x765.jpeg 768w\" sizes=\"(max-width: 891px) 100vw, 891px\" title=\"WhatsApp Image 2023-03-14 at 19.22.08 (1)\" alt=\"\" loading=\"lazy\" \t\tclass=\"so-widget-image\"\/>\n\t<\/div>\n\n<\/div><\/div><\/div><div id=\"pgc-566-1-1\"  class=\"panel-grid-cell\" ><div id=\"panel-566-1-1-0\" class=\"so-panel widget widget_sow-image panel-first-child panel-last-child\" data-index=\"2\" ><div\n\t\t\t\n\t\t\tclass=\"so-widget-sow-image so-widget-sow-image-default-d6014b76747a-566\"\n\t\t\t\n\t\t>\n\n<div class=\"sow-image-container\">\n\t\t<img src=\"https:\/\/www2.uepg.br\/pet-engalimentos\/wp-content\/uploads\/sites\/208\/2023\/04\/WhatsApp-Image-2023-03-14-at-19.22.10-e1681238728962.jpeg\" width=\"900\" height=\"1020\" srcset=\"https:\/\/www2.uepg.br\/pet-engalimentos\/wp-content\/uploads\/sites\/208\/2023\/04\/WhatsApp-Image-2023-03-14-at-19.22.10-e1681238728962.jpeg 900w, https:\/\/www2.uepg.br\/pet-engalimentos\/wp-content\/uploads\/sites\/208\/2023\/04\/WhatsApp-Image-2023-03-14-at-19.22.10-e1681238728962-265x300.jpeg 265w, https:\/\/www2.uepg.br\/pet-engalimentos\/wp-content\/uploads\/sites\/208\/2023\/04\/WhatsApp-Image-2023-03-14-at-19.22.10-e1681238728962-768x870.jpeg 768w\" sizes=\"(max-width: 900px) 100vw, 900px\" title=\"WhatsApp Image 2023-03-14 at 19.22.10\" alt=\"\" loading=\"lazy\" \t\tclass=\"so-widget-image\"\/>\n\t<\/div>\n\n<\/div><\/div><\/div><div id=\"pgc-566-1-2\"  class=\"panel-grid-cell\" ><div id=\"panel-566-1-2-0\" class=\"so-panel widget widget_sow-image panel-first-child panel-last-child\" data-index=\"3\" ><div\n\t\t\t\n\t\t\tclass=\"so-widget-sow-image so-widget-sow-image-default-d6014b76747a-566\"\n\t\t\t\n\t\t>\n\n<div class=\"sow-image-container\">\n\t\t<img src=\"https:\/\/www2.uepg.br\/pet-engalimentos\/wp-content\/uploads\/sites\/208\/2023\/04\/WhatsApp-Image-2023-03-14-at-19.22.10-1-e1681238681931.jpeg\" width=\"900\" height=\"964\" srcset=\"https:\/\/www2.uepg.br\/pet-engalimentos\/wp-content\/uploads\/sites\/208\/2023\/04\/WhatsApp-Image-2023-03-14-at-19.22.10-1-e1681238681931.jpeg 900w, https:\/\/www2.uepg.br\/pet-engalimentos\/wp-content\/uploads\/sites\/208\/2023\/04\/WhatsApp-Image-2023-03-14-at-19.22.10-1-e1681238681931-280x300.jpeg 280w, https:\/\/www2.uepg.br\/pet-engalimentos\/wp-content\/uploads\/sites\/208\/2023\/04\/WhatsApp-Image-2023-03-14-at-19.22.10-1-e1681238681931-768x823.jpeg 768w\" sizes=\"(max-width: 900px) 100vw, 900px\" title=\"WhatsApp Image 2023-03-14 at 19.22.10 (1)\" alt=\"\" loading=\"lazy\" \t\tclass=\"so-widget-image\"\/>\n\t<\/div>\n\n<\/div><\/div><\/div><\/div><\/div>","protected":false},"excerpt":{"rendered":"<p>Todos os anos o PET &#8211; Engenharia de Alimentos em parceria com a Empresa Junior &#8211; Master Alimentos, realiza a acolhida aos calouros do curso de Engenharia de Alimentos. No inicio do ano letivo de 2023, realizou-se um tour pelo campus &#8211; Uvaranas a fim de mostrar as salas de aulas, laborat\u00f3rios, biblioteca, RU etc.&nbsp;&hellip;<\/p>\n","protected":false},"author":452,"featured_media":0,"parent":568,"menu_order":0,"comment_status":"closed","ping_status":"closed","template":"","meta":[],"_links":{"self":[{"href":"https:\/\/www2.uepg.br\/pet-engalimentos\/wp-json\/wp\/v2\/pages\/566"}],"collection":[{"href":"https:\/\/www2.uepg.br\/pet-engalimentos\/wp-json\/wp\/v2\/pages"}],"about":[{"href":"https:\/\/www2.uepg.br\/pet-engalimentos\/wp-json\/wp\/v2\/types\/page"}],"author":[{"embeddable":true,"href":"https:\/\/www2.uepg.br\/pet-engalimentos\/wp-json\/wp\/v2\/users\/452"}],"replies":[{"embeddable":true,"href":"https:\/\/www2.uepg.br\/pet-engalimentos\/wp-json\/wp\/v2\/comments?post=566"}],"version-history":[{"count":2,"href":"https:\/\/www2.uepg.br\/pet-engalimentos\/wp-json\/wp\/v2\/pages\/566\/revisions"}],"predecessor-version":[{"id":999,"href":"https:\/\/www2.uepg.br\/pet-engalimentos\/wp-json\/wp\/v2\/pages\/566\/revisions\/999"}],"up":[{"embeddable":true,"href":"https:\/\/www2.uepg.br\/pet-engalimentos\/wp-json\/wp\/v2\/pages\/568"}],"wp:attachment":[{"href":"https:\/\/www2.uepg.br\/pet-engalimentos\/wp-json\/wp\/v2\/media?parent=566"}],"curies":[{"name":"wp","href":"https:\/\/api.w.org\/{rel}","templated":true}]}}