{"id":568,"date":"2023-04-11T16:07:40","date_gmt":"2023-04-11T19:07:40","guid":{"rendered":"https:\/\/www2.uepg.br\/pet-engalimentos\/?page_id=568"},"modified":"2024-10-25T17:12:48","modified_gmt":"2024-10-25T20:12:48","slug":"acolhida-aos-calouros","status":"publish","type":"page","link":"https:\/\/www2.uepg.br\/pet-engalimentos\/acolhida-aos-calouros\/","title":{"rendered":"Acolhida aos Calouros de Engenharia de Alimentos"},"content":{"rendered":"<div id=\"pl-568\"  class=\"panel-layout\" ><div id=\"pg-568-0\"  class=\"panel-grid panel-no-style\" ><div id=\"pgc-568-0-0\"  class=\"panel-grid-cell\" ><div id=\"panel-568-0-0-0\" class=\"so-panel widget widget_sow-image panel-first-child\" data-index=\"0\" ><div\n\t\t\t\n\t\t\tclass=\"so-widget-sow-image so-widget-sow-image-default-d6014b76747a-568\"\n\t\t\t\n\t\t>\n\n<div class=\"sow-image-container\">\n\t\t\t<a href=\"https:\/\/www2.uepg.br\/pet-engalimentos\/acolhida-aos-calouros\/acolhida-dos-cal\u2026manescentes-2024\/\"\n\t\t\t\t\t>\n\t\t\t<img src=\"https:\/\/www2.uepg.br\/pet-engalimentos\/wp-content\/uploads\/sites\/208\/2024\/10\/Curso-seguranca-no-lab-3.png\" width=\"1080\" height=\"1080\" sizes=\"(max-width: 1080px) 100vw, 1080px\" title=\"Curso seguran\u00e7a no lab (3)\" alt=\"\" loading=\"lazy\" \t\tclass=\"so-widget-image\"\/>\n\t<\/a><\/div>\n\n<\/div><\/div><div id=\"panel-568-0-0-1\" class=\"so-panel widget widget_sow-headline panel-last-child\" data-index=\"1\" ><div\n\t\t\t\n\t\t\tclass=\"so-widget-sow-headline so-widget-sow-headline-default-6e55a662c746-568\"\n\t\t\t\n\t\t><div class=\"sow-headline-container \">\n\t<h2 class='sow-headline'>\t\t\t\t\t\t<a href=\"https:\/\/www2.uepg.br\/pet-engalimentos\/acolhida-aos-calouros\/acolhida-dos-calouros-remanescentes-2024\/\" >\n\t\t\t\t\tAcolhida aos Calouros Remanescentes 2024<\/a><\/h2>\t\t\t\t\t<div class=\"decoration\">\n\t\t\t\t\t\t<div class=\"decoration-inside\"><\/div>\n\t\t\t\t\t<\/div>\n\t\t\t\t\t<h3 class='sow-sub-headline'>\t\t\t\t\t\t<a href=\"https:\/\/www2.uepg.br\/pet-engalimentos\/acolhida-aos-calouros\/acolhida-dos-cal\u2026manescentes-2024\/\" >\n\t\t\t\t\tA acolhida dos calouros remanescentes de 2024 foi ofertada aos calouros que entraram na UEPG nas chamadas subsequentes  ao in\u00edcio das aulas. O grupo PET - Engenharia de Alimentos em conjunto com a Master Empresa Jr., apresentaram o curso e fizeram um breve tour pelas instala\u00e7\u00f5es. Durante as apresenta\u00e7\u00f5es, os calouros foram convidados a participar da Oficina de Panifica\u00e7\u00e3o e Manteiga. <\/a><\/h3><\/div><\/div><\/div><\/div><div id=\"pgc-568-0-1\"  class=\"panel-grid-cell\" ><div id=\"panel-568-0-1-0\" class=\"so-panel widget widget_sow-image panel-first-child\" data-index=\"2\" ><div\n\t\t\t\n\t\t\tclass=\"so-widget-sow-image so-widget-sow-image-default-d6014b76747a-568\"\n\t\t\t\n\t\t>\n\n<div class=\"sow-image-container\">\n\t\t\t<a href=\"https:\/\/www2.uepg.br\/pet-engalimentos\/acolhida-aos-calouros-2022\/\"\n\t\t\t\t\t>\n\t\t\t<img src=\"https:\/\/www2.uepg.br\/pet-engalimentos\/wp-content\/uploads\/sites\/208\/2024\/10\/Curso-seguranca-no-lab.png\" width=\"1080\" height=\"1080\" sizes=\"(max-width: 1080px) 100vw, 1080px\" title=\"Curso seguran\u00e7a no lab\" alt=\"\" loading=\"lazy\" \t\tclass=\"so-widget-image\"\/>\n\t<\/a><\/div>\n\n<\/div><\/div><div id=\"panel-568-0-1-1\" class=\"so-panel widget widget_sow-headline panel-last-child\" data-index=\"3\" ><div\n\t\t\t\n\t\t\tclass=\"so-widget-sow-headline so-widget-sow-headline-default-6e55a662c746-568\"\n\t\t\t\n\t\t><div class=\"sow-headline-container \">\n\t<h2 class='sow-headline'>\t\t\t\t\t\t<a href=\"https:\/\/www2.uepg.br\/pet-engalimentos\/acolhida-aos-calouros\/acolhida-aos-calouros-2024\/\" >\n\t\t\t\t\tAcolhida 2024<\/a><\/h2>\t\t\t\t\t<div class=\"decoration\">\n\t\t\t\t\t\t<div class=\"decoration-inside\"><\/div>\n\t\t\t\t\t<\/div>\n\t\t\t\t\t<h3 class='sow-sub-headline'>\t\t\t\t\t\t<a href=\"https:\/\/www2.uepg.br\/pet-engalimentos\/acolhida-aos-calouros-2023\/\" >\n\t\t\t\t\tSeguindo a tradi\u00e7\u00e3o, o PET Engenharia de Alimentos, juntamente com a Empresa J\u00fanior \u2013 Master Alimentos, realizou mais uma acolhida aos calouros, com muita descontra\u00e7\u00e3o e a famosa pizza preparada pelos veteranos.  A semana de acolhida foi repleta de atividades para os novos alunos, que puderam participar de uma animada gincana que contava com perguntas e desafios interessantes ligados a \u00e1rea de Engenharia de Alimentos.<\/a><\/h3><\/div><\/div><\/div><\/div><div id=\"pgc-568-0-2\"  class=\"panel-grid-cell\" ><div id=\"panel-568-0-2-0\" class=\"so-panel widget widget_sow-image panel-first-child\" data-index=\"4\" ><div\n\t\t\t\n\t\t\tclass=\"so-widget-sow-image so-widget-sow-image-default-d6014b76747a-568\"\n\t\t\t\n\t\t>\n\n<div class=\"sow-image-container\">\n\t\t\t<a href=\"https:\/\/www2.uepg.br\/pet-engalimentos\/acolhida-aos-calouros-2022\/\"\n\t\t\t\t\t>\n\t\t\t<img src=\"https:\/\/www2.uepg.br\/pet-engalimentos\/wp-content\/uploads\/sites\/208\/2024\/03\/acolhida-remanescente.png\" width=\"3375\" height=\"3375\" sizes=\"(max-width: 3375px) 100vw, 3375px\" title=\"acolhida remanescente\" alt=\"\" loading=\"lazy\" \t\tclass=\"so-widget-image\"\/>\n\t<\/a><\/div>\n\n<\/div><\/div><div id=\"panel-568-0-2-1\" class=\"so-panel widget widget_sow-headline panel-last-child\" data-index=\"5\" ><div\n\t\t\t\n\t\t\tclass=\"so-widget-sow-headline so-widget-sow-headline-default-6e55a662c746-568\"\n\t\t\t\n\t\t><div class=\"sow-headline-container \">\n\t<h2 class='sow-headline'>\t\t\t\t\t\t<a href=\"https:\/\/www2.uepg.br\/pet-engalimentos\/acolhida-remanescentes-2023\/\" >\n\t\t\t\t\tAcolhida aos Calouros Remanescentes 2023<\/a><\/h2>\t\t\t\t\t<div class=\"decoration\">\n\t\t\t\t\t\t<div class=\"decoration-inside\"><\/div>\n\t\t\t\t\t<\/div>\n\t\t\t\t\t<h3 class='sow-sub-headline'>\t\t\t\t\t\t<a href=\"https:\/\/www2.uepg.br\/pet-engalimentos\/acolhida-aos-calouros-2023\/\" >\n\t\t\t\t\tMais um ano que foi poss\u00edvel realizar a acolhida para que os calouros fossem recebidos da melhor maneira poss\u00edvel no curso. Houve explica\u00e7\u00e3o de grade hor\u00e1ria, conversa com coordenador e momentos de integra\u00e7\u00e3o entre calouros e veteranos, e \u00e9 claro, a nossa famosa pizza! <\/a><\/h3><\/div><\/div><\/div><\/div><\/div><div id=\"pg-568-1\"  class=\"panel-grid panel-no-style\" ><div id=\"pgc-568-1-0\"  class=\"panel-grid-cell\" ><div id=\"panel-568-1-0-0\" class=\"so-panel widget widget_sow-image panel-first-child\" data-index=\"6\" ><div\n\t\t\t\n\t\t\tclass=\"so-widget-sow-image so-widget-sow-image-default-d6014b76747a-568\"\n\t\t\t\n\t\t>\n\n<div class=\"sow-image-container\">\n\t\t\t<a href=\"https:\/\/www2.uepg.br\/pet-engalimentos\/acolhida-aos-calouros-2022\/\"\n\t\t\t\t\t>\n\t\t\t<img src=\"https:\/\/www2.uepg.br\/pet-engalimentos\/wp-content\/uploads\/sites\/208\/2023\/04\/14-1.png\" width=\"1080\" height=\"1080\" srcset=\"https:\/\/www2.uepg.br\/pet-engalimentos\/wp-content\/uploads\/sites\/208\/2023\/04\/14-1.png 1080w, https:\/\/www2.uepg.br\/pet-engalimentos\/wp-content\/uploads\/sites\/208\/2023\/04\/14-1-300x300.png 300w, https:\/\/www2.uepg.br\/pet-engalimentos\/wp-content\/uploads\/sites\/208\/2023\/04\/14-1-1024x1024.png 1024w, https:\/\/www2.uepg.br\/pet-engalimentos\/wp-content\/uploads\/sites\/208\/2023\/04\/14-1-150x150.png 150w, https:\/\/www2.uepg.br\/pet-engalimentos\/wp-content\/uploads\/sites\/208\/2023\/04\/14-1-768x768.png 768w\" sizes=\"(max-width: 1080px) 100vw, 1080px\" title=\"14\" alt=\"\" loading=\"lazy\" \t\tclass=\"so-widget-image\"\/>\n\t<\/a><\/div>\n\n<\/div><\/div><div id=\"panel-568-1-0-1\" class=\"so-panel widget widget_sow-headline panel-last-child\" data-index=\"7\" ><div\n\t\t\t\n\t\t\tclass=\"so-widget-sow-headline so-widget-sow-headline-default-6e55a662c746-568\"\n\t\t\t\n\t\t><div class=\"sow-headline-container \">\n\t<h2 class='sow-headline'>\t\t\t\t\t\t<a href=\"https:\/\/www2.uepg.br\/pet-engalimentos\/acolhida-aos-calouros-2023\/\" >\n\t\t\t\t\tAcolhida 2023<\/a><\/h2>\t\t\t\t\t<div class=\"decoration\">\n\t\t\t\t\t\t<div class=\"decoration-inside\"><\/div>\n\t\t\t\t\t<\/div>\n\t\t\t\t\t<h3 class='sow-sub-headline'>\t\t\t\t\t\t<a href=\"https:\/\/www2.uepg.br\/pet-engalimentos\/acolhida-aos-calouros-2023\/\" >\n\t\t\t\t\tMais um ano que foi poss\u00edvel realizar a acolhida para que os calouros fossem recebidos da melhor maneira poss\u00edvel no curso. Houve explica\u00e7\u00e3o de grade hor\u00e1ria, conversa com coordenador e momentos de integra\u00e7\u00e3o entre calouros e veteranos, e \u00e9 claro, a nossa famosa pizza! <\/a><\/h3><\/div><\/div><\/div><\/div><div id=\"pgc-568-1-1\"  class=\"panel-grid-cell\" ><div id=\"panel-568-1-1-0\" class=\"so-panel widget widget_sow-image panel-first-child\" data-index=\"8\" ><div\n\t\t\t\n\t\t\tclass=\"so-widget-sow-image so-widget-sow-image-default-d6014b76747a-568\"\n\t\t\t\n\t\t>\n\n<div class=\"sow-image-container\">\n\t\t\t<a href=\"https:\/\/www2.uepg.br\/pet-engalimentos\/acolhida-aos-calouros-2022\/\"\n\t\t\t\t\t>\n\t\t\t<img src=\"https:\/\/www2.uepg.br\/pet-engalimentos\/wp-content\/uploads\/sites\/208\/2023\/04\/13-1.png\" width=\"1080\" height=\"1080\" srcset=\"https:\/\/www2.uepg.br\/pet-engalimentos\/wp-content\/uploads\/sites\/208\/2023\/04\/13-1.png 1080w, https:\/\/www2.uepg.br\/pet-engalimentos\/wp-content\/uploads\/sites\/208\/2023\/04\/13-1-300x300.png 300w, https:\/\/www2.uepg.br\/pet-engalimentos\/wp-content\/uploads\/sites\/208\/2023\/04\/13-1-1024x1024.png 1024w, https:\/\/www2.uepg.br\/pet-engalimentos\/wp-content\/uploads\/sites\/208\/2023\/04\/13-1-150x150.png 150w, https:\/\/www2.uepg.br\/pet-engalimentos\/wp-content\/uploads\/sites\/208\/2023\/04\/13-1-768x768.png 768w\" sizes=\"(max-width: 1080px) 100vw, 1080px\" title=\"13\" alt=\"\" loading=\"lazy\" \t\tclass=\"so-widget-image\"\/>\n\t<\/a><\/div>\n\n<\/div><\/div><div id=\"panel-568-1-1-1\" class=\"so-panel widget widget_sow-headline panel-last-child\" data-index=\"9\" ><div\n\t\t\t\n\t\t\tclass=\"so-widget-sow-headline so-widget-sow-headline-default-de460891c0bf-568\"\n\t\t\t\n\t\t><div class=\"sow-headline-container \">\n\t<h2 class='sow-headline'>\t\t\t\t\t\t<a href=\"https:\/\/www2.uepg.br\/pet-engalimentos\/acolhida-aos-calouros-2022\/\" >\n\t\t\t\t\tAcolhida 2022<\/a><\/h2>\t\t\t\t\t<div class=\"decoration\">\n\t\t\t\t\t\t<div class=\"decoration-inside\"><\/div>\n\t\t\t\t\t<\/div>\n\t\t\t\t\t<h3 class='sow-sub-headline'>\t\t\t\t\t\t<a href=\"https:\/\/www2.uepg.br\/pet-engalimentos\/acolhida-aos-calouros-2022\/\" >\n\t\t\t\t\tCom o retorno das aulas na modalidade presencial, foi poss\u00edvel realizar a t\u00e3o esperada acolhida aos calouros, e a pizza. Esta atividade \u00e9 realizada parceria com o departamento de Engenharia de Alimentos e a Empresa J\u00fanior - Master Alimentos. Com o objetivo de mostrar o curso para os calouros e proporcionar um momento de integra\u00e7\u00e3o. <\/a><\/h3><\/div><\/div><\/div><\/div><div id=\"pgc-568-1-2\"  class=\"panel-grid-cell\" ><div id=\"panel-568-1-2-0\" class=\"so-panel widget widget_sow-image panel-first-child\" data-index=\"10\" ><div\n\t\t\t\n\t\t\tclass=\"so-widget-sow-image so-widget-sow-image-default-d6014b76747a-568\"\n\t\t\t\n\t\t>\n\n<div class=\"sow-image-container\">\n\t\t\t<a href=\"https:\/\/www2.uepg.br\/pet-engalimentos\/acolhida-aos-calouros-2019\/\"\n\t\t\t\t\t>\n\t\t\t<img src=\"https:\/\/www2.uepg.br\/pet-engalimentos\/wp-content\/uploads\/sites\/208\/2023\/07\/Curso-seguranca-no-lab-1-1.png\" width=\"3375\" height=\"3375\" sizes=\"(max-width: 3375px) 100vw, 3375px\" title=\"Curso seguran\u00e7a no lab (1)\" alt=\"\" loading=\"lazy\" \t\tclass=\"so-widget-image\"\/>\n\t<\/a><\/div>\n\n<\/div><\/div><div id=\"panel-568-1-2-1\" class=\"so-panel widget widget_sow-headline panel-last-child\" data-index=\"11\" ><div\n\t\t\t\n\t\t\tclass=\"so-widget-sow-headline so-widget-sow-headline-default-6e55a662c746-568\"\n\t\t\t\n\t\t><div class=\"sow-headline-container \">\n\t<h2 class='sow-headline'>\t\t\t\t\t\t<a href=\"https:\/\/www2.uepg.br\/pet-engalimentos\/acolhida-aos-calouros-2019\/\" >\n\t\t\t\t\tAcolhida 2019<\/a><\/h2>\t\t\t\t\t<div class=\"decoration\">\n\t\t\t\t\t\t<div class=\"decoration-inside\"><\/div>\n\t\t\t\t\t<\/div>\n\t\t\t\t\t<h3 class='sow-sub-headline'>\t\t\t\t\t\t<a href=\"https:\/\/www2.uepg.br\/pet-engalimentos\/acolhida-aos-calouros-2019\/\" >\n\t\t\t\t\tNa primeira acolhida ao calouro (antes conhecida como caf\u00e9 com bagagem), os veteranos promoveram uma explica\u00e7\u00e3o de grade hor\u00e1ria, conversa com coordenador e momentos de integra\u00e7\u00e3o e fizeram uma pizza! Dando inicio a uma tradi\u00e7\u00e3o!! <\/a><\/h3><\/div><\/div><\/div><\/div><\/div><div id=\"pg-568-2\"  class=\"panel-grid panel-no-style\" ><div id=\"pgc-568-2-0\"  class=\"panel-grid-cell panel-grid-cell-empty\" ><\/div><div id=\"pgc-568-2-1\"  class=\"panel-grid-cell panel-grid-cell-empty panel-grid-cell-mobile-last\" ><\/div><div id=\"pgc-568-2-2\"  class=\"panel-grid-cell panel-grid-cell-empty\" ><\/div><\/div><div id=\"pg-568-3\"  class=\"panel-grid panel-no-style\" ><div id=\"pgc-568-3-0\"  class=\"panel-grid-cell panel-grid-cell-empty panel-grid-cell-mobile-last\" ><\/div><div id=\"pgc-568-3-1\"  class=\"panel-grid-cell panel-grid-cell-empty\" ><\/div><\/div><\/div>","protected":false},"excerpt":{"rendered":"<p>Acolhida aos Calouros Remanescentes 2024 A acolhida dos calouros remanescentes de 2024 foi ofertada aos calouros que entraram na UEPG nas chamadas subsequentes ao in\u00edcio das aulas. O grupo PET &#8211; Engenharia de Alimentos em conjunto com a Master Empresa Jr., apresentaram o curso e fizeram um breve tour pelas instala\u00e7\u00f5es. Durante as apresenta\u00e7\u00f5es, os&nbsp;&hellip;<\/p>\n","protected":false},"author":452,"featured_media":0,"parent":0,"menu_order":0,"comment_status":"closed","ping_status":"closed","template":"","meta":[],"_links":{"self":[{"href":"https:\/\/www2.uepg.br\/pet-engalimentos\/wp-json\/wp\/v2\/pages\/568"}],"collection":[{"href":"https:\/\/www2.uepg.br\/pet-engalimentos\/wp-json\/wp\/v2\/pages"}],"about":[{"href":"https:\/\/www2.uepg.br\/pet-engalimentos\/wp-json\/wp\/v2\/types\/page"}],"author":[{"embeddable":true,"href":"https:\/\/www2.uepg.br\/pet-engalimentos\/wp-json\/wp\/v2\/users\/452"}],"replies":[{"embeddable":true,"href":"https:\/\/www2.uepg.br\/pet-engalimentos\/wp-json\/wp\/v2\/comments?post=568"}],"version-history":[{"count":9,"href":"https:\/\/www2.uepg.br\/pet-engalimentos\/wp-json\/wp\/v2\/pages\/568\/revisions"}],"predecessor-version":[{"id":1025,"href":"https:\/\/www2.uepg.br\/pet-engalimentos\/wp-json\/wp\/v2\/pages\/568\/revisions\/1025"}],"wp:attachment":[{"href":"https:\/\/www2.uepg.br\/pet-engalimentos\/wp-json\/wp\/v2\/media?parent=568"}],"curies":[{"name":"wp","href":"https:\/\/api.w.org\/{rel}","templated":true}]}}