{"id":647,"date":"2023-07-01T17:23:06","date_gmt":"2023-07-01T20:23:06","guid":{"rendered":"https:\/\/www2.uepg.br\/pet-engalimentos\/?page_id=647"},"modified":"2023-07-01T17:25:54","modified_gmt":"2023-07-01T20:25:54","slug":"oficina-op","status":"publish","type":"page","link":"https:\/\/www2.uepg.br\/pet-engalimentos\/oficina-op\/","title":{"rendered":"Oficina Opera\u00e7\u00f5es Unit\u00e1rias"},"content":{"rendered":"<div id=\"pl-647\"  class=\"panel-layout\" ><div id=\"pg-647-0\"  class=\"panel-grid panel-no-style\" ><div id=\"pgc-647-0-0\"  class=\"panel-grid-cell\" ><div id=\"panel-647-0-0-0\" class=\"so-panel widget widget_sow-slider panel-first-child\" data-index=\"0\" ><div\n\t\t\t\n\t\t\tclass=\"so-widget-sow-slider so-widget-sow-slider-default-53fd0f98de19-647\"\n\t\t\t\n\t\t><div class=\"sow-slider-base\" style=\"display: none\"><ul\n\t\t\t\t\tclass=\"sow-slider-images\"\n\t\t\t\t\tdata-settings=\"{&quot;pagination&quot;:true,&quot;speed&quot;:800,&quot;timeout&quot;:8000,&quot;paused&quot;:false,&quot;pause_on_hover&quot;:false,&quot;swipe&quot;:true,&quot;nav_always_show_desktop&quot;:&quot;&quot;,&quot;nav_always_show_mobile&quot;:&quot;&quot;,&quot;breakpoint&quot;:&quot;780px&quot;,&quot;unmute&quot;:false,&quot;anchor&quot;:null}\"\n\t\t\t\t\t\t\t\t\t\tdata-anchor-id=\"\"\n\t\t\t\t>\t\t<li class=\"sow-slider-image  sow-slider-image-cover\" style=\"background-image: url(https:\/\/www2.uepg.br\/pet-engalimentos\/wp-content\/uploads\/sites\/208\/2023\/07\/imagem_2023-07-01_172041592.png)\" >\n\t\t\t\t\t\t\t\t\t<img width=\"484\" height=\"792\" src=\"https:\/\/www2.uepg.br\/pet-engalimentos\/wp-content\/uploads\/sites\/208\/2023\/07\/imagem_2023-07-01_172041592.png\" class=\"sow-slider-background-image skip-lazy\" alt=\"\" loading=\"eager\" \/>\t\t\t\t\t\t\t\t<\/li>\n\t\t\t\t<li class=\"sow-slider-image  sow-slider-image-cover\" style=\"background-image: url(https:\/\/www2.uepg.br\/pet-engalimentos\/wp-content\/uploads\/sites\/208\/2023\/07\/imagem_2023-07-01_172127988.png)\" >\n\t\t\t\t\t\t\t\t\t<img width=\"418\" height=\"737\" src=\"https:\/\/www2.uepg.br\/pet-engalimentos\/wp-content\/uploads\/sites\/208\/2023\/07\/imagem_2023-07-01_172127988.png\" class=\"sow-slider-background-image skip-lazy\" alt=\"\" loading=\"eager\" \/>\t\t\t\t\t\t\t\t<\/li>\n\t\t\t\t<li class=\"sow-slider-image  sow-slider-image-cover\" style=\"background-image: url(https:\/\/www2.uepg.br\/pet-engalimentos\/wp-content\/uploads\/sites\/208\/2023\/07\/imagem_2023-07-01_172209794.png)\" >\n\t\t\t\t\t\t\t\t\t<img width=\"451\" height=\"753\" src=\"https:\/\/www2.uepg.br\/pet-engalimentos\/wp-content\/uploads\/sites\/208\/2023\/07\/imagem_2023-07-01_172209794.png\" class=\"sow-slider-background-image skip-lazy\" alt=\"\" loading=\"eager\" \/>\t\t\t\t\t\t\t\t<\/li>\n\t\t\t\t<li class=\"sow-slider-image  sow-slider-image-cover\" style=\"background-image: url(https:\/\/www2.uepg.br\/pet-engalimentos\/wp-content\/uploads\/sites\/208\/2023\/07\/imagem_2023-07-01_172251540.png)\" >\n\t\t\t\t\t\t\t\t\t<img width=\"510\" height=\"776\" src=\"https:\/\/www2.uepg.br\/pet-engalimentos\/wp-content\/uploads\/sites\/208\/2023\/07\/imagem_2023-07-01_172251540.png\" class=\"sow-slider-background-image skip-lazy\" alt=\"\" loading=\"eager\" \/>\t\t\t\t\t\t\t\t<\/li>\n\t\t<\/ul>\t\t\t\t<ol class=\"sow-slider-pagination\">\n\t\t\t\t\t\t\t\t\t\t\t<li><a href=\"#\" data-goto=\"0\" aria-label=\"display slide 1\"><\/a><\/li>\n\t\t\t\t\t\t\t\t\t\t\t<li><a href=\"#\" data-goto=\"1\" aria-label=\"display slide 2\"><\/a><\/li>\n\t\t\t\t\t\t\t\t\t\t\t<li><a href=\"#\" data-goto=\"2\" aria-label=\"display slide 3\"><\/a><\/li>\n\t\t\t\t\t\t\t\t\t\t\t<li><a href=\"#\" data-goto=\"3\" aria-label=\"display slide 4\"><\/a><\/li>\n\t\t\t\t\t\t\t\t\t<\/ol>\n\n\t\t\t\t<div class=\"sow-slide-nav sow-slide-nav-next\">\n\t\t\t\t\t<a href=\"#\" data-goto=\"next\" aria-label=\"next slide\" data-action=\"next\">\n\t\t\t\t\t\t<em class=\"sow-sld-icon-thin-right\"><\/em>\n\t\t\t\t\t<\/a>\n\t\t\t\t<\/div>\n\n\t\t\t\t<div class=\"sow-slide-nav sow-slide-nav-prev\">\n\t\t\t\t\t<a href=\"#\" data-goto=\"previous\" aria-label=\"previous slide\" data-action=\"prev\">\n\t\t\t\t\t\t<em class=\"sow-sld-icon-thin-left\"><\/em>\n\t\t\t\t\t<\/a>\n\t\t\t\t<\/div>\n\t\t\t\t<\/div><\/div><\/div><div id=\"panel-647-0-0-1\" class=\"so-panel widget widget_text panel-last-child\" data-index=\"1\" >\t\t\t<div class=\"textwidget\"><p>Essa oficina teve <span style=\"font-weight: 400\">como objetivo determinar a rugosidade do tubo de l\u00e1tex e o comprimento equivalente gerado quando o mesmo sofreu deforma\u00e7\u00e3o.<br \/>\n<\/span><\/p>\n<p><span style=\"font-weight: 400\">O experimento foi realizado com a ajuda dos petianos. <\/span><\/p>\n<ul>\n<li><span style=\"font-weight: 400\">Em um primeiro momento as equipes mediram o comprimento do tubo e seu di\u00e2metro,\u00a0 seguido da medida do comprimento da circunfer\u00eancia da garrafa pet.<\/span><\/li>\n<li><span style=\"font-weight: 400\">Em seguida, a garrafa foi preenchida com \u00e1gua, o tubo foi esticado verticalmente e a altura da \u00e1gua foi anotada. <\/span><\/li>\n<li><span style=\"font-weight: 400\">A \u00e1gua foi liberada por 1,5segundos , a nova altura da \u00e1gua dentro da garrafa foi anotada, assim como o volume obtido (medido com proveta). <\/span><\/li>\n<li><span style=\"font-weight: 400\">A \u00e1gua foi devolvida para a garrafa.<\/span><\/li>\n<\/ul>\n<p><span style=\"font-weight: 400\">Em um segundo momento;<\/span><\/p>\n<ul>\n<li><span style=\"font-weight: 400\">Anotou-se a medida de \u00e1gua dentro da garrafa e deformou-se o tubo para que a sa\u00edda do mesmo ficasse 50 cm abaixo do n\u00edvel da \u00e1gua. <\/span><\/li>\n<li><span style=\"font-weight: 400\">A \u00e1gua foi novamente liberada por 1s30, a nova altura foi anotada assim como o volume obtido.<\/span><\/li>\n<\/ul>\n<p><span style=\"font-weight: 400\">Todos os valores obtidos foram anotados para os c\u00e1lculos da rugosidade e do comprimento equivalente em sala de aula.<\/p>\n<p>Essa oficina permitiu que os alunos visualizassem na pr\u00e1tica a aplica\u00e7\u00e3o da Equa\u00e7\u00e3o de Bernoulli.<\/span><\/p>\n<p>&nbsp;<\/p>\n<\/div>\n\t\t<\/div><\/div><\/div><\/div>","protected":false},"excerpt":{"rendered":"<p>Essa oficina teve como objetivo determinar a rugosidade do tubo de l\u00e1tex e o comprimento equivalente gerado quando o mesmo sofreu deforma\u00e7\u00e3o. O experimento foi realizado com a ajuda dos petianos. Em um primeiro momento as equipes mediram o comprimento do tubo e seu di\u00e2metro,\u00a0 seguido da medida do comprimento da circunfer\u00eancia da garrafa pet.&nbsp;&hellip;<\/p>\n","protected":false},"author":452,"featured_media":0,"parent":0,"menu_order":0,"comment_status":"closed","ping_status":"closed","template":"","meta":[],"_links":{"self":[{"href":"https:\/\/www2.uepg.br\/pet-engalimentos\/wp-json\/wp\/v2\/pages\/647"}],"collection":[{"href":"https:\/\/www2.uepg.br\/pet-engalimentos\/wp-json\/wp\/v2\/pages"}],"about":[{"href":"https:\/\/www2.uepg.br\/pet-engalimentos\/wp-json\/wp\/v2\/types\/page"}],"author":[{"embeddable":true,"href":"https:\/\/www2.uepg.br\/pet-engalimentos\/wp-json\/wp\/v2\/users\/452"}],"replies":[{"embeddable":true,"href":"https:\/\/www2.uepg.br\/pet-engalimentos\/wp-json\/wp\/v2\/comments?post=647"}],"version-history":[{"count":2,"href":"https:\/\/www2.uepg.br\/pet-engalimentos\/wp-json\/wp\/v2\/pages\/647\/revisions"}],"predecessor-version":[{"id":654,"href":"https:\/\/www2.uepg.br\/pet-engalimentos\/wp-json\/wp\/v2\/pages\/647\/revisions\/654"}],"wp:attachment":[{"href":"https:\/\/www2.uepg.br\/pet-engalimentos\/wp-json\/wp\/v2\/media?parent=647"}],"curies":[{"name":"wp","href":"https:\/\/api.w.org\/{rel}","templated":true}]}}