{"id":664,"date":"2023-07-01T17:52:08","date_gmt":"2023-07-01T20:52:08","guid":{"rendered":"https:\/\/www2.uepg.br\/pet-engalimentos\/?page_id=664"},"modified":"2023-07-01T17:53:10","modified_gmt":"2023-07-01T20:53:10","slug":"processamento-de-cerveja-artesanal","status":"publish","type":"page","link":"https:\/\/www2.uepg.br\/pet-engalimentos\/processamento-de-cerveja-artesanal\/","title":{"rendered":"Processamento de Cerveja Artesanal"},"content":{"rendered":"<div id=\"pl-664\"  class=\"panel-layout\" ><div id=\"pg-664-0\"  class=\"panel-grid panel-no-style\" ><div id=\"pgc-664-0-0\"  class=\"panel-grid-cell\" ><div id=\"panel-664-0-0-0\" class=\"so-panel widget widget_sow-slider panel-first-child\" data-index=\"0\" ><div\n\t\t\t\n\t\t\tclass=\"so-widget-sow-slider so-widget-sow-slider-default-53fd0f98de19-664\"\n\t\t\t\n\t\t><div class=\"sow-slider-base\" style=\"display: none\"><ul\n\t\t\t\t\tclass=\"sow-slider-images\"\n\t\t\t\t\tdata-settings=\"{&quot;pagination&quot;:true,&quot;speed&quot;:800,&quot;timeout&quot;:8000,&quot;paused&quot;:false,&quot;pause_on_hover&quot;:false,&quot;swipe&quot;:true,&quot;nav_always_show_desktop&quot;:&quot;&quot;,&quot;nav_always_show_mobile&quot;:&quot;&quot;,&quot;breakpoint&quot;:&quot;780px&quot;,&quot;unmute&quot;:false,&quot;anchor&quot;:null}\"\n\t\t\t\t\t\t\t\t\t\tdata-anchor-id=\"\"\n\t\t\t\t>\t\t<li class=\"sow-slider-image  sow-slider-image-cover\" style=\"background-image: url(https:\/\/www2.uepg.br\/pet-engalimentos\/wp-content\/uploads\/sites\/208\/2023\/07\/imagem_2023-07-01_174848860.png)\" >\n\t\t\t\t\t\t\t\t\t<img width=\"483\" height=\"362\" src=\"https:\/\/www2.uepg.br\/pet-engalimentos\/wp-content\/uploads\/sites\/208\/2023\/07\/imagem_2023-07-01_174848860.png\" class=\"sow-slider-background-image skip-lazy\" alt=\"\" loading=\"eager\" \/>\t\t\t\t\t\t\t\t<\/li>\n\t\t\t\t<li class=\"sow-slider-image  sow-slider-image-cover\" style=\"background-image: url(https:\/\/www2.uepg.br\/pet-engalimentos\/wp-content\/uploads\/sites\/208\/2023\/07\/imagem_2023-07-01_174918191.png)\" >\n\t\t\t\t\t\t\t\t\t<img width=\"583\" height=\"370\" src=\"https:\/\/www2.uepg.br\/pet-engalimentos\/wp-content\/uploads\/sites\/208\/2023\/07\/imagem_2023-07-01_174918191.png\" class=\"sow-slider-background-image skip-lazy\" alt=\"\" loading=\"eager\" \/>\t\t\t\t\t\t\t\t<\/li>\n\t\t\t\t<li class=\"sow-slider-image  sow-slider-image-cover\" style=\"background-image: url(https:\/\/www2.uepg.br\/pet-engalimentos\/wp-content\/uploads\/sites\/208\/2023\/07\/imagem_2023-07-01_174942243.png)\" >\n\t\t\t\t\t\t\t\t\t<img width=\"494\" height=\"368\" src=\"https:\/\/www2.uepg.br\/pet-engalimentos\/wp-content\/uploads\/sites\/208\/2023\/07\/imagem_2023-07-01_174942243.png\" class=\"sow-slider-background-image skip-lazy\" alt=\"\" loading=\"eager\" \/>\t\t\t\t\t\t\t\t<\/li>\n\t\t<\/ul>\t\t\t\t<ol class=\"sow-slider-pagination\">\n\t\t\t\t\t\t\t\t\t\t\t<li><a href=\"#\" data-goto=\"0\" aria-label=\"display slide 1\"><\/a><\/li>\n\t\t\t\t\t\t\t\t\t\t\t<li><a href=\"#\" data-goto=\"1\" aria-label=\"display slide 2\"><\/a><\/li>\n\t\t\t\t\t\t\t\t\t\t\t<li><a href=\"#\" data-goto=\"2\" aria-label=\"display slide 3\"><\/a><\/li>\n\t\t\t\t\t\t\t\t\t<\/ol>\n\n\t\t\t\t<div class=\"sow-slide-nav sow-slide-nav-next\">\n\t\t\t\t\t<a href=\"#\" data-goto=\"next\" aria-label=\"next slide\" data-action=\"next\">\n\t\t\t\t\t\t<em class=\"sow-sld-icon-thin-right\"><\/em>\n\t\t\t\t\t<\/a>\n\t\t\t\t<\/div>\n\n\t\t\t\t<div class=\"sow-slide-nav sow-slide-nav-prev\">\n\t\t\t\t\t<a href=\"#\" data-goto=\"previous\" aria-label=\"previous slide\" data-action=\"prev\">\n\t\t\t\t\t\t<em class=\"sow-sld-icon-thin-left\"><\/em>\n\t\t\t\t\t<\/a>\n\t\t\t\t<\/div>\n\t\t\t\t<\/div><\/div><\/div><div id=\"panel-664-0-0-1\" class=\"so-panel widget widget_text panel-last-child\" data-index=\"1\" >\t\t\t<div class=\"textwidget\"><p>Em <span style=\"font-weight: 400\">19 de julho de 2018, a petiana Beatriz, em nome do grupo PET &#8211; Engenharia de Alimentos, apresentou uma palestra sober o Processamento de Cerveja Artesanal no 3\u00ba Encontro Paranaense de Estudantes de Qu\u00edmica.<\/span><\/p>\n<p>Durante a palestra foi apresentado<span style=\"font-weight: 400\">\u00a0aos inscritos o processamento de cervejas artesanais, os ingredientes necess\u00e1rios e a legisla\u00e7\u00e3o que rege o produto.<\/span><\/p>\n<p><span style=\"font-weight: 400\">O convite de ministrar uma palestra em um evento de porte estadual revela a grande confian\u00e7a nos projetos desenvolvidos pelo PET e \u00e9 uma experi\u00eancia diferente do que os petianos est\u00e3o acostumados, tirando os mesmos da zona de conforto.<\/span><\/p>\n<p>&nbsp;<\/p>\n<\/div>\n\t\t<\/div><\/div><\/div><\/div>","protected":false},"excerpt":{"rendered":"<p>Em 19 de julho de 2018, a petiana Beatriz, em nome do grupo PET &#8211; Engenharia de Alimentos, apresentou uma palestra sober o Processamento de Cerveja Artesanal no 3\u00ba Encontro Paranaense de Estudantes de Qu\u00edmica. Durante a palestra foi apresentado\u00a0aos inscritos o processamento de cervejas artesanais, os ingredientes necess\u00e1rios e a legisla\u00e7\u00e3o que rege o&nbsp;&hellip;<\/p>\n","protected":false},"author":452,"featured_media":0,"parent":0,"menu_order":0,"comment_status":"closed","ping_status":"closed","template":"","meta":[],"_links":{"self":[{"href":"https:\/\/www2.uepg.br\/pet-engalimentos\/wp-json\/wp\/v2\/pages\/664"}],"collection":[{"href":"https:\/\/www2.uepg.br\/pet-engalimentos\/wp-json\/wp\/v2\/pages"}],"about":[{"href":"https:\/\/www2.uepg.br\/pet-engalimentos\/wp-json\/wp\/v2\/types\/page"}],"author":[{"embeddable":true,"href":"https:\/\/www2.uepg.br\/pet-engalimentos\/wp-json\/wp\/v2\/users\/452"}],"replies":[{"embeddable":true,"href":"https:\/\/www2.uepg.br\/pet-engalimentos\/wp-json\/wp\/v2\/comments?post=664"}],"version-history":[{"count":1,"href":"https:\/\/www2.uepg.br\/pet-engalimentos\/wp-json\/wp\/v2\/pages\/664\/revisions"}],"predecessor-version":[{"id":668,"href":"https:\/\/www2.uepg.br\/pet-engalimentos\/wp-json\/wp\/v2\/pages\/664\/revisions\/668"}],"wp:attachment":[{"href":"https:\/\/www2.uepg.br\/pet-engalimentos\/wp-json\/wp\/v2\/media?parent=664"}],"curies":[{"name":"wp","href":"https:\/\/api.w.org\/{rel}","templated":true}]}}