{"id":755,"date":"2023-07-15T22:11:43","date_gmt":"2023-07-16T01:11:43","guid":{"rendered":"https:\/\/www2.uepg.br\/pet-engalimentos\/?page_id=755"},"modified":"2023-07-15T22:11:43","modified_gmt":"2023-07-16T01:11:43","slug":"bpf","status":"publish","type":"page","link":"https:\/\/www2.uepg.br\/pet-engalimentos\/bpf\/","title":{"rendered":"BOAS PR\u00c1TICAS FABRICA\u00c7\u00c3O"},"content":{"rendered":"<div id=\"pl-755\"  class=\"panel-layout\" ><div id=\"pg-755-0\"  class=\"panel-grid panel-no-style\" ><div id=\"pgc-755-0-0\"  class=\"panel-grid-cell panel-grid-cell-empty\" ><\/div><\/div><div id=\"pg-755-1\"  class=\"panel-grid panel-no-style\" ><div id=\"pgc-755-1-0\"  class=\"panel-grid-cell panel-grid-cell-mobile-last\" ><div id=\"panel-755-1-0-0\" class=\"so-panel widget widget_sow-image panel-first-child\" data-index=\"0\" ><div\n\t\t\t\n\t\t\tclass=\"so-widget-sow-image so-widget-sow-image-default-d6014b76747a-755\"\n\t\t\t\n\t\t>\n\n<div class=\"sow-image-container\">\n\t\t\t<a href=\"https:\/\/www2.uepg.br\/pet-engalimentos\/bpf-2019\/\"\n\t\t\t\t\t>\n\t\t\t<img src=\"https:\/\/www2.uepg.br\/pet-engalimentos\/wp-content\/uploads\/sites\/208\/2023\/07\/Curso-seguranca-no-lab-3.png\" width=\"768\" height=\"768\" sizes=\"(max-width: 768px) 100vw, 768px\" title=\"BPF 2019\" alt=\"\" loading=\"lazy\" \t\tclass=\"so-widget-image\"\/>\n\t<\/a><\/div>\n\n<\/div><\/div><div id=\"panel-755-1-0-1\" class=\"so-panel widget widget_text panel-last-child\" data-index=\"1\" ><h3 class=\"widget-title\">CURSO BPF &#8211; 2019<\/h3>\t\t\t<div class=\"textwidget\"><p><a href=\"https:\/\/www2.uepg.br\/pet-engalimentos\/bpf-2019\/\">No dia 2 de abril de 2019 \u00e1s 13h30 na sala da ETL os petianos ministraram um curso para ensinar as Boas Pr\u00e1ticas de Fabrica\u00e7\u00e3o aos funcion\u00e1rios do departamento de Engenharia de Alimentos.<\/a><\/p>\n<\/div>\n\t\t<\/div><\/div><div id=\"pgc-755-1-1\"  class=\"panel-grid-cell panel-grid-cell-empty\" ><\/div><\/div><\/div>","protected":false},"excerpt":{"rendered":"<p>No dia 2 de abril de 2019 \u00e1s 13h30 na sala da ETL os petianos ministraram um curso para ensinar as Boas Pr\u00e1ticas de Fabrica\u00e7\u00e3o aos funcion\u00e1rios do departamento de Engenharia de Alimentos.<\/p>\n","protected":false},"author":452,"featured_media":0,"parent":0,"menu_order":0,"comment_status":"closed","ping_status":"closed","template":"","meta":[],"_links":{"self":[{"href":"https:\/\/www2.uepg.br\/pet-engalimentos\/wp-json\/wp\/v2\/pages\/755"}],"collection":[{"href":"https:\/\/www2.uepg.br\/pet-engalimentos\/wp-json\/wp\/v2\/pages"}],"about":[{"href":"https:\/\/www2.uepg.br\/pet-engalimentos\/wp-json\/wp\/v2\/types\/page"}],"author":[{"embeddable":true,"href":"https:\/\/www2.uepg.br\/pet-engalimentos\/wp-json\/wp\/v2\/users\/452"}],"replies":[{"embeddable":true,"href":"https:\/\/www2.uepg.br\/pet-engalimentos\/wp-json\/wp\/v2\/comments?post=755"}],"version-history":[{"count":9,"href":"https:\/\/www2.uepg.br\/pet-engalimentos\/wp-json\/wp\/v2\/pages\/755\/revisions"}],"predecessor-version":[{"id":766,"href":"https:\/\/www2.uepg.br\/pet-engalimentos\/wp-json\/wp\/v2\/pages\/755\/revisions\/766"}],"wp:attachment":[{"href":"https:\/\/www2.uepg.br\/pet-engalimentos\/wp-json\/wp\/v2\/media?parent=755"}],"curies":[{"name":"wp","href":"https:\/\/api.w.org\/{rel}","templated":true}]}}