{"id":993,"date":"2024-02-24T15:43:14","date_gmt":"2024-02-24T18:43:14","guid":{"rendered":"https:\/\/www2.uepg.br\/pet-engalimentos\/?page_id=993"},"modified":"2024-10-25T16:21:29","modified_gmt":"2024-10-25T19:21:29","slug":"acolhida-aos-calouros-2024","status":"publish","type":"page","link":"https:\/\/www2.uepg.br\/pet-engalimentos\/acolhida-aos-calouros\/acolhida-aos-calouros-2024\/","title":{"rendered":"Acolhida aos Calouros 2024"},"content":{"rendered":"<div id=\"pl-993\"  class=\"panel-layout\" ><div id=\"pg-993-0\"  class=\"panel-grid panel-no-style\" ><div id=\"pgc-993-0-0\"  class=\"panel-grid-cell\" ><div id=\"panel-993-0-0-0\" class=\"so-panel widget widget_sow-editor panel-first-child panel-last-child\" data-index=\"0\" ><div\n\t\t\t\n\t\t\tclass=\"so-widget-sow-editor so-widget-sow-editor-base\"\n\t\t\t\n\t\t>\n<div class=\"siteorigin-widget-tinymce textwidget\">\n\t<p>Seguindo a tradi\u00e7\u00e3o, o PET Engenharia de Alimentos, juntamente com a Empresa J\u00fanior - Master Alimentos, realizou mais uma acolhida aos calouros, com muita descontra\u00e7\u00e3o e a famosa pizza preparada pelos veteranos.<\/p>\n<p>A semana de acolhida foi repleta de atividades para os novos alunos, que puderam participar de uma animada gincana que contava com perguntas e desafios interessantes ligados a \u00e1rea de Engenharia de Alimentos.<\/p>\n<p>A intera\u00e7\u00e3o entre veteranos e calouros \u00e9 indispens\u00e1vel, pois cria um ambiente mais acolhedor e amig\u00e1vel entre todos os estudantes do curso. A tradi\u00e7\u00e3o da acolhida dos calouros, antes conhecida como \"caf\u00e9 com bagagem\" continua presente em todo in\u00edcio de ano letivo.<\/p>\n<p><img loading=\"lazy\" class=\" wp-image-972 alignleft\" src=\"https:\/\/www2.uepg.br\/pet-engalimentos\/wp-content\/uploads\/sites\/208\/2024\/10\/WhatsApp-Image-2024-10-23-at-09.40.18.jpeg\" alt=\"\" width=\"562\" height=\"421\" \/><img loading=\"lazy\" class=\"alignnone wp-image-973\" src=\"https:\/\/www2.uepg.br\/pet-engalimentos\/wp-content\/uploads\/sites\/208\/2024\/10\/WhatsApp-Image-2024-10-23-at-09.39.50.jpeg\" alt=\"\" width=\"434\" height=\"772\" \/><\/p>\n<\/div>\n<\/div><\/div><\/div><\/div><\/div>","protected":false},"excerpt":{"rendered":"<p>Seguindo a tradi\u00e7\u00e3o, o PET Engenharia de Alimentos, juntamente com a Empresa J\u00fanior &#8211; Master Alimentos, realizou mais uma acolhida aos calouros, com muita descontra\u00e7\u00e3o e a famosa pizza preparada pelos veteranos. A semana de acolhida foi repleta de atividades para os novos alunos, que puderam participar de uma animada gincana que contava com perguntas&nbsp;&hellip;<\/p>\n","protected":false},"author":453,"featured_media":979,"parent":568,"menu_order":0,"comment_status":"closed","ping_status":"closed","template":"","meta":[],"_links":{"self":[{"href":"https:\/\/www2.uepg.br\/pet-engalimentos\/wp-json\/wp\/v2\/pages\/993"}],"collection":[{"href":"https:\/\/www2.uepg.br\/pet-engalimentos\/wp-json\/wp\/v2\/pages"}],"about":[{"href":"https:\/\/www2.uepg.br\/pet-engalimentos\/wp-json\/wp\/v2\/types\/page"}],"author":[{"embeddable":true,"href":"https:\/\/www2.uepg.br\/pet-engalimentos\/wp-json\/wp\/v2\/users\/453"}],"replies":[{"embeddable":true,"href":"https:\/\/www2.uepg.br\/pet-engalimentos\/wp-json\/wp\/v2\/comments?post=993"}],"version-history":[{"count":3,"href":"https:\/\/www2.uepg.br\/pet-engalimentos\/wp-json\/wp\/v2\/pages\/993\/revisions"}],"predecessor-version":[{"id":1001,"href":"https:\/\/www2.uepg.br\/pet-engalimentos\/wp-json\/wp\/v2\/pages\/993\/revisions\/1001"}],"up":[{"embeddable":true,"href":"https:\/\/www2.uepg.br\/pet-engalimentos\/wp-json\/wp\/v2\/pages\/568"}],"wp:featuredmedia":[{"embeddable":true,"href":"https:\/\/www2.uepg.br\/pet-engalimentos\/wp-json\/wp\/v2\/media\/979"}],"wp:attachment":[{"href":"https:\/\/www2.uepg.br\/pet-engalimentos\/wp-json\/wp\/v2\/media?parent=993"}],"curies":[{"name":"wp","href":"https:\/\/api.w.org\/{rel}","templated":true}]}}