{"id":42,"date":"2020-08-31T17:54:09","date_gmt":"2020-08-31T20:54:09","guid":{"rendered":"http:\/\/www2.uepg.br\/pet-historia\/?page_id=42"},"modified":"2025-02-06T15:06:40","modified_gmt":"2025-02-06T18:06:40","slug":"o-que-e-o-pet","status":"publish","type":"page","link":"https:\/\/www2.uepg.br\/pet-historia\/o-que-e-o-pet\/","title":{"rendered":"O que \u00e9 o PET"},"content":{"rendered":"<h1 style=\"text-align: center\"><span style=\"color: #c20cc2\"><strong>Programa de Educa\u00e7\u00e3o Tutorial<\/strong><\/span><\/h1>\n<p>&nbsp;<\/p>\n<p style=\"text-align: justify\"><span data-contrast=\"auto\">O Programa de Educa\u00e7\u00e3o Tutorial \u2013 PET, foi criado pelo Minist\u00e9rio da Educa\u00e7\u00e3o, em 1979. \u00c9 desenvolvido por um grupo de acad\u00eamicos da gradua\u00e7\u00e3o sob a orienta\u00e7\u00e3o de um professor tutor, que produzem atividades orientadas pelo princ\u00edpio da indissociabilidade entre ensino, pesquisa e extens\u00e3o. <\/span><span data-ccp-props=\"{&quot;201341983&quot;:0,&quot;335559739&quot;:160,&quot;335559740&quot;:259}\">\u00a0<\/span><span data-contrast=\"auto\">\u00a0 \u00a0<\/span><span data-ccp-props=\"{&quot;201341983&quot;:0,&quot;335559739&quot;:160,&quot;335559740&quot;:259}\">\u00a0<\/span><\/p>\n<p style=\"text-align: justify\"><span data-contrast=\"none\">Cada grupo PET \u00e9 formado por discentes, bolsistas e volunt\u00e1rios, e um(a) tutor(a) docente, respons\u00e1vel pela orienta\u00e7\u00e3o das atividades realizadas. Al\u00e9m disso, o grupo desenvolve pesquisas coletivas e individuais, assim como realiza oficinas e variados eventos \u2013 como palestras, di\u00e1logos e debates \u2013 direcionados ao \u00e2mbito acad\u00eamico e a comunidade externa. <\/span><span data-ccp-props=\"{&quot;201341983&quot;:0,&quot;335559739&quot;:160,&quot;335559740&quot;:259}\">\u00a0<\/span><\/p>\n<p style=\"text-align: justify\">Atualmente existem quatro grupos PET em\u00a0 Ponta Grossa, sendo tr\u00eas deles da Universidade Estadual de Ponta Grossa &#8211; UEPG (PET Hist\u00f3ria, PET Qu\u00edmica e PET Engenharia de Alimentos) e um da Universidade Tecnol\u00f3gica Federal do Paran\u00e1 &#8211; UTFPR (PET Engenharia Qu\u00edmica). Uma vez ao ano, os quatro PET se re\u00fanem e realizam o InterPET, evento que objetiva promover a troca de experi\u00eancias, integra\u00e7\u00e3o e intera\u00e7\u00e3o entre os Petianos, al\u00e9m de criar projetos em conjunto.<\/p>\n<p style=\"text-align: justify\">Leia mais no <a href=\"\/Users\/jp\/Desktop\/PET\/PET%20manualorientabasicas.PDF\" target=\"_blank\" rel=\"noopener\">Manual de orienta\u00e7\u00f5es b\u00e1sicas do PET<\/a>.<\/p>\n<p>&nbsp;<\/p>\n<p><span data-ccp-props=\"{&quot;201341983&quot;:0,&quot;335559739&quot;:160,&quot;335559740&quot;:259}\"> <img class=\"aligncenter\" src=\"http:\/\/www2.uepg.br\/pet-historia\/wp-content\/uploads\/sites\/141\/2021\/03\/download-1.jpg\" \/><\/span><\/p>\n","protected":false},"excerpt":{"rendered":"<p>Programa de Educa\u00e7\u00e3o Tutorial &nbsp; O Programa de Educa\u00e7\u00e3o Tutorial \u2013 PET, foi criado pelo Minist\u00e9rio da Educa\u00e7\u00e3o, em 1979. \u00c9 desenvolvido por um grupo de acad\u00eamicos da gradua\u00e7\u00e3o sob a orienta\u00e7\u00e3o de um professor tutor, que produzem atividades orientadas pelo princ\u00edpio da indissociabilidade entre ensino, pesquisa e extens\u00e3o. \u00a0\u00a0 \u00a0\u00a0 Cada grupo PET \u00e9&nbsp;&hellip;<\/p>\n","protected":false},"author":204,"featured_media":695,"parent":0,"menu_order":0,"comment_status":"closed","ping_status":"closed","template":"","meta":[],"_links":{"self":[{"href":"https:\/\/www2.uepg.br\/pet-historia\/wp-json\/wp\/v2\/pages\/42"}],"collection":[{"href":"https:\/\/www2.uepg.br\/pet-historia\/wp-json\/wp\/v2\/pages"}],"about":[{"href":"https:\/\/www2.uepg.br\/pet-historia\/wp-json\/wp\/v2\/types\/page"}],"author":[{"embeddable":true,"href":"https:\/\/www2.uepg.br\/pet-historia\/wp-json\/wp\/v2\/users\/204"}],"replies":[{"embeddable":true,"href":"https:\/\/www2.uepg.br\/pet-historia\/wp-json\/wp\/v2\/comments?post=42"}],"version-history":[{"count":26,"href":"https:\/\/www2.uepg.br\/pet-historia\/wp-json\/wp\/v2\/pages\/42\/revisions"}],"predecessor-version":[{"id":838,"href":"https:\/\/www2.uepg.br\/pet-historia\/wp-json\/wp\/v2\/pages\/42\/revisions\/838"}],"wp:featuredmedia":[{"embeddable":true,"href":"https:\/\/www2.uepg.br\/pet-historia\/wp-json\/wp\/v2\/media\/695"}],"wp:attachment":[{"href":"https:\/\/www2.uepg.br\/pet-historia\/wp-json\/wp\/v2\/media?parent=42"}],"curies":[{"name":"wp","href":"https:\/\/api.w.org\/{rel}","templated":true}]}}