{"id":54,"date":"2021-03-13T17:55:31","date_gmt":"2021-03-13T20:55:31","guid":{"rendered":"http:\/\/www2.uepg.br\/pet-historia\/?page_id=54"},"modified":"2022-04-20T11:06:11","modified_gmt":"2022-04-20T14:06:11","slug":"podcast","status":"publish","type":"page","link":"https:\/\/www2.uepg.br\/pet-historia\/podcast\/","title":{"rendered":"PETCAST"},"content":{"rendered":"<p><img loading=\"lazy\" class=\"wp-image-240 alignright\" src=\"http:\/\/www2.uepg.br\/pet-historia\/wp-content\/uploads\/sites\/141\/2021\/03\/Podcast-300x300.jpg\" alt=\"\" width=\"250\" height=\"250\" srcset=\"https:\/\/www2.uepg.br\/pet-historia\/wp-content\/uploads\/sites\/141\/2021\/03\/Podcast-300x300.jpg 300w, https:\/\/www2.uepg.br\/pet-historia\/wp-content\/uploads\/sites\/141\/2021\/03\/Podcast-150x150.jpg 150w, https:\/\/www2.uepg.br\/pet-historia\/wp-content\/uploads\/sites\/141\/2021\/03\/Podcast.jpg 625w\" sizes=\"(max-width: 250px) 100vw, 250px\" \/><\/p>\n<h1 style=\"text-align: center\"><\/h1>\n<p style=\"text-align: left\"><span style=\"font-weight: 400\">O PETCast &#8211; Hist\u00f3ria UEPG surge em um momento de isolamento social onde n\u00e3o contamos com nossos espa\u00e7os tradicionais de discuss\u00e3o historiogr\u00e1fica e te\u00f3rica na universidade. N\u00f3s do grupo PET Hist\u00f3ria da UEPG, aproveitamos esse momento de isolamento para aprofundar teoricamente nossa compreens\u00e3o sobre uma variada gama de temas pertinentes da hist\u00f3ria e da sociedade.<\/span><\/p>\n<p style=\"text-align: left\">A partir dessas trocas entre a gente, passamos a buscar formas de publicitar nossos ac\u00famulos com a comunidade acad\u00eamica e a sociedade em geral. Assim, o PETCast surge como um projeto de democratiza\u00e7\u00e3o do conhecimento e de divulga\u00e7\u00e3o de nossas reflex\u00f5es a quem se interessar! (<a href=\"https:\/\/open.spotify.com\/show\/45ut9YyCulykoARe4MZ6IL\">Clique aqui para conhecer<\/a>)<\/p>\n<p style=\"text-align: left\">Al\u00e9m do Spotify, tamb\u00e9m estamos presentes nos sites <a href=\"https:\/\/www.breaker.audio\/petcast-11\" target=\"_blank\" rel=\"noopener\">Breaker<\/a>, <a href=\"https:\/\/pca.st\/2c1ovr4v\" target=\"_blank\" rel=\"noopener\">Pocket Casts<\/a>, <a href=\"https:\/\/anchor.fm\/petcastuepg\" target=\"_blank\" rel=\"noopener\">Anchor<\/a> &amp; <a href=\"https:\/\/radiopublic.com\/petcast-G77erA\" target=\"_blank\" rel=\"noopener\">RadioPublic<\/a>.<\/p>\n<p>&nbsp;<\/p>\n<p>&nbsp;<\/p>\n","protected":false},"excerpt":{"rendered":"<p>O PETCast &#8211; Hist\u00f3ria UEPG surge em um momento de isolamento social onde n\u00e3o contamos com nossos espa\u00e7os tradicionais de discuss\u00e3o historiogr\u00e1fica e te\u00f3rica na universidade. N\u00f3s do grupo PET Hist\u00f3ria da UEPG, aproveitamos esse momento de isolamento para aprofundar teoricamente nossa compreens\u00e3o sobre uma variada gama de temas pertinentes da hist\u00f3ria e da sociedade.&nbsp;&hellip;<\/p>\n","protected":false},"author":204,"featured_media":695,"parent":0,"menu_order":0,"comment_status":"closed","ping_status":"closed","template":"","meta":[],"_links":{"self":[{"href":"https:\/\/www2.uepg.br\/pet-historia\/wp-json\/wp\/v2\/pages\/54"}],"collection":[{"href":"https:\/\/www2.uepg.br\/pet-historia\/wp-json\/wp\/v2\/pages"}],"about":[{"href":"https:\/\/www2.uepg.br\/pet-historia\/wp-json\/wp\/v2\/types\/page"}],"author":[{"embeddable":true,"href":"https:\/\/www2.uepg.br\/pet-historia\/wp-json\/wp\/v2\/users\/204"}],"replies":[{"embeddable":true,"href":"https:\/\/www2.uepg.br\/pet-historia\/wp-json\/wp\/v2\/comments?post=54"}],"version-history":[{"count":23,"href":"https:\/\/www2.uepg.br\/pet-historia\/wp-json\/wp\/v2\/pages\/54\/revisions"}],"predecessor-version":[{"id":680,"href":"https:\/\/www2.uepg.br\/pet-historia\/wp-json\/wp\/v2\/pages\/54\/revisions\/680"}],"wp:featuredmedia":[{"embeddable":true,"href":"https:\/\/www2.uepg.br\/pet-historia\/wp-json\/wp\/v2\/media\/695"}],"wp:attachment":[{"href":"https:\/\/www2.uepg.br\/pet-historia\/wp-json\/wp\/v2\/media?parent=54"}],"curies":[{"name":"wp","href":"https:\/\/api.w.org\/{rel}","templated":true}]}}