{"id":17,"date":"2019-11-05T15:01:53","date_gmt":"2019-11-05T18:01:53","guid":{"rendered":"http:\/\/www2.uepg.br\/pet-quimica\/?page_id=17"},"modified":"2024-06-19T12:50:46","modified_gmt":"2024-06-19T15:50:46","slug":"atividades","status":"publish","type":"page","link":"https:\/\/www2.uepg.br\/pet-quimica\/atividades\/","title":{"rendered":"ATIVIDADES"},"content":{"rendered":"<h2 style=\"text-align: center\">Qu\u00edmica na UEPG<\/h2>\n<p>Esta atividade tem como objetivo aproximar alunos da rede p\u00fablica de ensino de Ponta Grossa, interagindo com a universidade (UEPG). Sendo que, se espera com a realiza\u00e7\u00e3o desta atividade, quebrar o estigma recorrente que a Universidade P\u00fablica no Brasil est\u00e1 dispon\u00edvel apenas para as classes economicamente mais favorecidas. E, no entanto, possui a finalidade de fazer com que o aluno desenvolve seu racioc\u00ednio e vis\u00e3o cr\u00edtica, atrav\u00e9s de um tema controverso.<\/p>\n<h2 style=\"text-align: center\">Oficinas<\/h2>\n<p>As oficinas realizadas t\u00eam como objetivo dar uma aplica\u00e7\u00e3o para os conceitos vistos em sala de aula, buscando aumentar o interesse dos alunos pela qu\u00edmica. Outro objetivo buscado pelo projeto \u00e9 de aproximar os alunos da parte experimental da qu\u00edmica, j\u00e1 que muitas vezes a estrutura escolar \u00e9 falha, n\u00e3o podendo oferecer esse contato para os alunos. Busca-se tamb\u00e9m aproximar os alunos das escolas com a universidade, mostrando o que a IES pode ofertar para os mesmos e espera-se com a realiza\u00e7\u00e3o desta atividade, quebrar o estigma recorrente que a Universidade P\u00fablica no Brasil est\u00e1 dispon\u00edvel apenas para as classes economicamente mais favorecidas.<\/p>\n<h2 style=\"text-align: center\"><\/h2>\n<h2 style=\"text-align: center\">Projeto com a p\u00f3s<\/h2>\n<p>O projeto auxilia acad\u00eamicos interessados com dificuldades em determinadas disciplinas. Acad\u00eamicos de gradua\u00e7\u00e3o e p\u00f3s-gradua\u00e7\u00e3o tornam-se parceiros na constru\u00e7\u00e3o do conhecimento qu\u00edmico. O projeto \u00e9 aberto para todos os cursos, assim, qualquer acad\u00eamico da UEPG que sinta dificuldade em alguma mat\u00e9ria relacionada \u00e0 Qu\u00edmica pode procurar o Grupo PET e solicitar aux\u00edlio.<\/p>\n<p>&nbsp;<\/p>\n<h2 style=\"text-align: center\">Semin\u00e1rios<\/h2>\n<p>Os semin\u00e1rios s\u00e3o uma das atividades de grande import\u00e2ncia para o grupo PET. Os petianos tem a tarefa de organizar um semin\u00e1rio abordando temas que levem o p\u00fablico a obterem conhecimento, refletirem e discutirem sobre assuntos que s\u00e3o relevantes na atualidade. S\u00e3o produzidos a partir de uma pesquisa bibliogr\u00e1fica baseada em artigos cient\u00edficos. Esta atividade tem o intuito de colaborar no aprendizado e enriquecimento cient\u00edfico e cultural. Os semin\u00e1rios s\u00e3o apresentados mensalmente com v\u00e1rios temas distintos e s\u00e3o abertos ao p\u00fablico. Todo m\u00eas \u00e9 feita a divulga\u00e7\u00e3o a todos os acad\u00eamicos de Qu\u00edmica por meios de comunica\u00e7\u00e3o e no mural do PET.<\/p>\n<p>&nbsp;<\/p>\n<h2 style=\"text-align: center\">Minicurso<\/h2>\n<p>O grupo PET Qu\u00edmica realiza anualmente dois minicursos com temas diferenciados, ministrados por professores convidados. Os minicursos s\u00e3o abertos para os cursos de qu\u00edmica principalmente, mas qualquer outra pessoa pode participar. Os minicursos proporcionam conhecimento e experi\u00eancia que supostamente n\u00e3o seriam apresentados durante o curso. Neste ano de 2018 o grupo iniciou a ministrar minicursos com temas pertinentes \u00e0 estadia acad\u00eamica dos graduandos na universidade, como por exemplo um minicurso de calculadora cientifica e de curr\u00edculo lattes.<\/p>\n<p>&nbsp;<\/p>\n<h2 style=\"text-align: center\">Caf\u00e9 com Qu\u00edmica<\/h2>\n<p>O publico alvo s\u00e3o os graduandos dos cursos de Bacharelado em Qu\u00edmica Tecnol\u00f3gica e Licenciatura em Qu\u00edmica da Universidade Estadual de Ponta Grossa. O objetivo desta atividade era promover a integra\u00e7\u00e3o entre os graduandos de cursos de Qu\u00edmica, al\u00e9m de incentivar os presentes a persistirem no curso, ressaltando a import\u00e2ncia e o protagonismo da Qu\u00edmica nas quest\u00f5es ambientais atuais.<\/p>\n<p>&nbsp;<\/p>\n<h2 style=\"text-align: center\">Papa-pilhas<\/h2>\n<p>Como n\u00e3o h\u00e1 uma coleta regular de baterias e pilhas inutilizadas e descartadas, o PET Qu\u00edmica criou o papa pilhas, o qual consiste em caixas de coletas distribu\u00eddas ao longo do Bloco L para o descarte de pilhas e baterias. Os res\u00edduos coletados s\u00e3o destinados aos laborat\u00f3rios de pesquisa e p\u00f3s-gradua\u00e7\u00e3o, os quais utilizam estes res\u00edduos em seus trabalhos e projetos de pesquisa.<\/p>\n<p>&nbsp;<\/p>\n<h2 style=\"text-align: center\">Acolhida ao calouro<\/h2>\n<p>Todo inicio de ano o PET Qu\u00edmica realiza uma apresenta\u00e7\u00e3o dos cursos de licenciatura e bacharel aos calouros, mostrando as principais caracter\u00edsticas do curso, qual o objetivo e qual \u00e9 a grade curricular vigente. Nesta atividade tamb\u00e9m realiza-se uma apresenta\u00e7\u00e3o do programa PET e tamb\u00e9m do grupo PET qu\u00edmica. Outro objetivo \u00e9 apresentar o grupo de forma a mostrar que estamos ali para ajudar sempre.<\/p>\n<p>&nbsp;<\/p>\n<h2 style=\"text-align: center\">Simpoquim<\/h2>\n<p>O Grupo PET-Qu\u00edmica (UEPG) tem como fun\u00e7\u00e3o e parceria no evento a coordena\u00e7\u00e3o geral dos monitores da gradua\u00e7\u00e3o, principalmente, os quais realizam todo o trabalho e manuten\u00e7\u00e3o necess\u00e1ria durante o evento. Al\u00e9m disso o grupo PET qu\u00edmica realiza a\u00e7\u00f5es e tarefas em fun\u00e7\u00e3o da organiza\u00e7\u00e3o pr\u00e9-evento, como a organiza\u00e7\u00e3o dos kits e procura de patroc\u00ednio.<\/p>\n<p>&nbsp;<\/p>\n<h2 style=\"text-align: center\">CinePET<\/h2>\n<p>O cinePET \u00e9 uma atividade desenvolvida pelo grupo PET-Qu\u00edmica onde s\u00e3o abordados, por meio do cinema, assuntos cotidianos de fundamental debate e reflex\u00e3o, tais como a afro descend\u00eancia e o papel da mulher inserida na sociedade e na economia. Em um momento de pausa da atividade, \u00e9 realizado um Coffe break, no qual h\u00e1 a intera\u00e7\u00e3o entre os presentes, al\u00e9m de poss\u00edveis discuss\u00f5es sobre o tema tratado no filme. A atividade promovida fornece um certificado de 4horas, relativo a quest\u00f5es de afro descend\u00eancia, para os acad\u00eamicos que compareceram.<\/p>\n","protected":false},"excerpt":{"rendered":"<p>Qu\u00edmica na UEPG Esta atividade tem como objetivo aproximar alunos da rede p\u00fablica de ensino de Ponta Grossa, interagindo com a universidade (UEPG). Sendo que, se espera com a realiza\u00e7\u00e3o desta atividade, quebrar o estigma recorrente que a Universidade P\u00fablica no Brasil est\u00e1 dispon\u00edvel apenas para as classes economicamente mais favorecidas. E, no entanto, possui&nbsp;&hellip;<\/p>\n","protected":false},"author":24,"featured_media":0,"parent":0,"menu_order":0,"comment_status":"closed","ping_status":"closed","template":"","meta":[],"_links":{"self":[{"href":"https:\/\/www2.uepg.br\/pet-quimica\/wp-json\/wp\/v2\/pages\/17"}],"collection":[{"href":"https:\/\/www2.uepg.br\/pet-quimica\/wp-json\/wp\/v2\/pages"}],"about":[{"href":"https:\/\/www2.uepg.br\/pet-quimica\/wp-json\/wp\/v2\/types\/page"}],"author":[{"embeddable":true,"href":"https:\/\/www2.uepg.br\/pet-quimica\/wp-json\/wp\/v2\/users\/24"}],"replies":[{"embeddable":true,"href":"https:\/\/www2.uepg.br\/pet-quimica\/wp-json\/wp\/v2\/comments?post=17"}],"version-history":[{"count":16,"href":"https:\/\/www2.uepg.br\/pet-quimica\/wp-json\/wp\/v2\/pages\/17\/revisions"}],"predecessor-version":[{"id":3478,"href":"https:\/\/www2.uepg.br\/pet-quimica\/wp-json\/wp\/v2\/pages\/17\/revisions\/3478"}],"wp:attachment":[{"href":"https:\/\/www2.uepg.br\/pet-quimica\/wp-json\/wp\/v2\/media?parent=17"}],"curies":[{"name":"wp","href":"https:\/\/api.w.org\/{rel}","templated":true}]}}