{"id":19,"date":"2019-11-05T15:08:49","date_gmt":"2019-11-05T18:08:49","guid":{"rendered":"http:\/\/www2.uepg.br\/pet-quimica\/?page_id=19"},"modified":"2024-06-19T12:52:31","modified_gmt":"2024-06-19T15:52:31","slug":"materiais-didaticos","status":"publish","type":"page","link":"https:\/\/www2.uepg.br\/pet-quimica\/materiais-didaticos\/","title":{"rendered":"MATERIAIS DID\u00c1TICOS"},"content":{"rendered":"<p style=\"text-align: center\"><a href=\"http:\/\/www2.uepg.br\/pet-quimica\/wp-content\/uploads\/sites\/42\/2020\/02\/Apostila-A-qu\u00edmica-dos-fen\u00f4menos.pdf\">Apostila &#8211; A qu\u00edmica dos fen\u00f4menos<\/a><\/p>\n<p style=\"text-align: center\"><a href=\"http:\/\/www2.uepg.br\/pet-quimica\/wp-content\/uploads\/sites\/42\/2020\/02\/Apostila-Show-da-Qu\u00edmica.pdf\">Apostila &#8211; Show da Qu\u00edmica<\/a><\/p>\n<p style=\"text-align: center\"><a href=\"http:\/\/www2.uepg.br\/pet-quimica\/wp-content\/uploads\/sites\/42\/2020\/02\/Apostila_2019-A-qu\u00edmica-do-cotidiano.pdf\">Apostila &#8211; A qu\u00edmica do cotidiano<\/a><\/p>\n<p style=\"text-align: center\"><a href=\"http:\/\/www2.uepg.br\/pet-quimica\/wp-content\/uploads\/sites\/42\/2020\/02\/Qu\u00edmica-Forense.pdf\">Apostila &#8211; Qu\u00edmica Forense<\/a><\/p>\n<p style=\"text-align: center\"><a href=\"http:\/\/www2.uepg.br\/pet-quimica\/wp-content\/uploads\/sites\/42\/2019\/11\/Atividade-qu\u00edmica-dos-Metais.pdf\" target=\"_blank\" rel=\"noopener noreferrer\">Atividade qu\u00edmica dos Metais<\/a><\/p>\n<p style=\"text-align: center\"><a href=\"http:\/\/www2.uepg.br\/pet-quimica\/wp-content\/uploads\/sites\/42\/2019\/11\/Coloides.pdf\" target=\"_blank\" rel=\"noopener noreferrer\">Coloides<\/a><\/p>\n<p style=\"text-align: center\"><a href=\"http:\/\/www2.uepg.br\/pet-quimica\/wp-content\/uploads\/sites\/42\/2019\/11\/Curva-de-solubilidade.pdf\" target=\"_blank\" rel=\"noopener noreferrer\">Curva de solubilidade<\/a><\/p>\n<p style=\"text-align: center\"><a href=\"http:\/\/www2.uepg.br\/pet-quimica\/wp-content\/uploads\/sites\/42\/2019\/11\/Densidade.pdf\" target=\"_blank\" rel=\"noopener noreferrer\">Densidade<\/a><\/p>\n<p style=\"text-align: center\"><a href=\"http:\/\/www2.uepg.br\/pet-quimica\/wp-content\/uploads\/sites\/42\/2019\/11\/Equil\u00edbrio-I\u00f4nico-Defini\u00e7\u00e3o-e-Aplica\u00e7\u00f5es.pdf\" target=\"_blank\" rel=\"noopener noreferrer\">Equil\u00edbrio I\u00f4nico- Defini\u00e7\u00e3o e Aplica\u00e7\u00f5es<\/a><\/p>\n<p style=\"text-align: center\"><a href=\"http:\/\/www2.uepg.br\/pet-quimica\/wp-content\/uploads\/sites\/42\/2019\/11\/Equil\u00edbrio-Qu\u00edmico.pdf\">Equil\u00edbrio Qu\u00edmico<\/a><\/p>\n<p style=\"text-align: center\"><a href=\"http:\/\/www2.uepg.br\/pet-quimica\/wp-content\/uploads\/sites\/42\/2019\/11\/Hidratos.pdf\" target=\"_blank\" rel=\"noopener noreferrer\">Hidratos<\/a><\/p>\n<p style=\"text-align: center\"><a href=\"http:\/\/www2.uepg.br\/pet-quimica\/wp-content\/uploads\/sites\/42\/2019\/11\/Indicadores-de-ph.pdf\" target=\"_blank\" rel=\"noopener noreferrer\">Indicadores de ph<\/a><\/p>\n<p style=\"text-align: center\"><a href=\"http:\/\/www2.uepg.br\/pet-quimica\/wp-content\/uploads\/sites\/42\/2019\/11\/Misturas-PET.pdf\" target=\"_blank\" rel=\"noopener noreferrer\">Misturas &#8211; PET<\/a><\/p>\n<p style=\"text-align: center\"><a href=\"http:\/\/www2.uepg.br\/pet-quimica\/wp-content\/uploads\/sites\/42\/2019\/11\/PADRONIZA\u00c7\u00c3O-DE-SOLU\u00c7\u00d5ES.pdf\" target=\"_blank\" rel=\"noopener noreferrer\">PADRONIZA\u00c7\u00c3O DE SOLU\u00c7\u00d5ES<\/a><\/p>\n<p style=\"text-align: center\"><a href=\"http:\/\/www2.uepg.br\/pet-quimica\/wp-content\/uploads\/sites\/42\/2019\/11\/Ponto-de-fus\u00e3o-e-ebuli\u00e7\u00e3o.pdf\" target=\"_blank\" rel=\"noopener noreferrer\">Ponto de fus\u00e3o e ebuli\u00e7\u00e3o<\/a><\/p>\n<p style=\"text-align: center\"><a href=\"http:\/\/www2.uepg.br\/pet-quimica\/wp-content\/uploads\/sites\/42\/2019\/11\/SOLU\u00c7\u00d5ES.pdf\" target=\"_blank\" rel=\"noopener noreferrer\">SOLU\u00c7\u00d5ES<\/a><\/p>\n","protected":false},"excerpt":{"rendered":"<p>Apostila &#8211; A qu\u00edmica dos fen\u00f4menos Apostila &#8211; Show da Qu\u00edmica Apostila &#8211; A qu\u00edmica do cotidiano Apostila &#8211; Qu\u00edmica Forense Atividade qu\u00edmica dos Metais Coloides Curva de solubilidade Densidade Equil\u00edbrio I\u00f4nico- Defini\u00e7\u00e3o e Aplica\u00e7\u00f5es Equil\u00edbrio Qu\u00edmico Hidratos Indicadores de ph Misturas &#8211; PET PADRONIZA\u00c7\u00c3O DE SOLU\u00c7\u00d5ES Ponto de fus\u00e3o e ebuli\u00e7\u00e3o SOLU\u00c7\u00d5ES<\/p>\n","protected":false},"author":24,"featured_media":0,"parent":0,"menu_order":0,"comment_status":"closed","ping_status":"closed","template":"","meta":[],"_links":{"self":[{"href":"https:\/\/www2.uepg.br\/pet-quimica\/wp-json\/wp\/v2\/pages\/19"}],"collection":[{"href":"https:\/\/www2.uepg.br\/pet-quimica\/wp-json\/wp\/v2\/pages"}],"about":[{"href":"https:\/\/www2.uepg.br\/pet-quimica\/wp-json\/wp\/v2\/types\/page"}],"author":[{"embeddable":true,"href":"https:\/\/www2.uepg.br\/pet-quimica\/wp-json\/wp\/v2\/users\/24"}],"replies":[{"embeddable":true,"href":"https:\/\/www2.uepg.br\/pet-quimica\/wp-json\/wp\/v2\/comments?post=19"}],"version-history":[{"count":5,"href":"https:\/\/www2.uepg.br\/pet-quimica\/wp-json\/wp\/v2\/pages\/19\/revisions"}],"predecessor-version":[{"id":3487,"href":"https:\/\/www2.uepg.br\/pet-quimica\/wp-json\/wp\/v2\/pages\/19\/revisions\/3487"}],"wp:attachment":[{"href":"https:\/\/www2.uepg.br\/pet-quimica\/wp-json\/wp\/v2\/media?parent=19"}],"curies":[{"name":"wp","href":"https:\/\/api.w.org\/{rel}","templated":true}]}}