{"id":33,"date":"2019-11-05T15:09:52","date_gmt":"2019-11-05T18:09:52","guid":{"rendered":"http:\/\/www2.uepg.br\/pet-quimica\/?page_id=33"},"modified":"2024-06-19T13:42:43","modified_gmt":"2024-06-19T16:42:43","slug":"apoiadores","status":"publish","type":"page","link":"https:\/\/www2.uepg.br\/pet-quimica\/apoiadores\/","title":{"rendered":"APOIADORES"},"content":{"rendered":"\n\t\t<style type=\"text\/css\">\n\t\t\t#gallery-1 {\n\t\t\t\tmargin: auto;\n\t\t\t}\n\t\t\t#gallery-1 .gallery-item {\n\t\t\t\tfloat: left;\n\t\t\t\tmargin-top: 10px;\n\t\t\t\ttext-align: center;\n\t\t\t\twidth: 25%;\n\t\t\t}\n\t\t\t#gallery-1 img {\n\t\t\t\tborder: 2px solid #cfcfcf;\n\t\t\t}\n\t\t\t#gallery-1 .gallery-caption {\n\t\t\t\tmargin-left: 0;\n\t\t\t}\n\t\t\t\/* see gallery_shortcode() in wp-includes\/media.php *\/\n\t\t<\/style>\n\t\t<div id='gallery-1' class='gallery galleryid-33 gallery-columns-4 gallery-size-medium'><dl class='gallery-item'>\n\t\t\t<dt class='gallery-icon landscape'>\n\t\t\t\t<a href='https:\/\/www2.uepg.br\/pet-quimica\/apoiadores\/mec\/'><img width=\"254\" height=\"198\" src=\"https:\/\/www2.uepg.br\/pet-quimica\/wp-content\/uploads\/sites\/42\/2024\/06\/mec.png\" class=\"attachment-medium size-medium\" alt=\"\" loading=\"lazy\" aria-describedby=\"gallery-1-3491\" \/><\/a>\n\t\t\t<\/dt>\n\t\t\t\t<dd class='wp-caption-text gallery-caption' id='gallery-1-3491'>\n\t\t\t\tMinist\u00e9rio da Educa\u00e7\u00e3o\n\t\t\t\t<\/dd><\/dl><dl class='gallery-item'>\n\t\t\t<dt class='gallery-icon landscape'>\n\t\t\t\t<a href='https:\/\/www2.uepg.br\/pet-quimica\/apoiadores\/programa-de-educacao-tutorial\/'><img width=\"300\" height=\"255\" src=\"https:\/\/www2.uepg.br\/pet-quimica\/wp-content\/uploads\/sites\/42\/2024\/06\/programa-de-educacao-tutorial.jpg\" class=\"attachment-medium size-medium\" alt=\"\" loading=\"lazy\" aria-describedby=\"gallery-1-3492\" \/><\/a>\n\t\t\t<\/dt>\n\t\t\t\t<dd class='wp-caption-text gallery-caption' id='gallery-1-3492'>\n\t\t\t\tPrograma de Educa\u00e7\u00e3o Tutorial\n\t\t\t\t<\/dd><\/dl><dl class='gallery-item'>\n\t\t\t<dt class='gallery-icon landscape'>\n\t\t\t\t<a href='https:\/\/www2.uepg.br\/pet-quimica\/apoiadores\/marca\/'><img width=\"300\" height=\"152\" src=\"https:\/\/www2.uepg.br\/pet-quimica\/wp-content\/uploads\/sites\/42\/2020\/02\/marca.jpg\" class=\"attachment-medium size-medium\" alt=\"\" loading=\"lazy\" aria-describedby=\"gallery-1-1476\" \/><\/a>\n\t\t\t<\/dt>\n\t\t\t\t<dd class='wp-caption-text gallery-caption' id='gallery-1-1476'>\n\t\t\t\tUniversidade Estadual de Ponta Gossa\n\t\t\t\t<\/dd><\/dl><dl class='gallery-item'>\n\t\t\t<dt class='gallery-icon landscape'>\n\t\t\t\t<a href='https:\/\/www2.uepg.br\/pet-quimica\/apoiadores\/nti\/'><img width=\"267\" height=\"189\" src=\"https:\/\/www2.uepg.br\/pet-quimica\/wp-content\/uploads\/sites\/42\/2024\/06\/nti.png\" class=\"attachment-medium size-medium\" alt=\"\" loading=\"lazy\" aria-describedby=\"gallery-1-3488\" \/><\/a>\n\t\t\t<\/dt>\n\t\t\t\t<dd class='wp-caption-text gallery-caption' id='gallery-1-3488'>\n\t\t\t\tN\u00facleo de Tecnologia da Inform\u00e7\u00e3o\n\t\t\t\t<\/dd><\/dl><br style=\"clear: both\" \/><dl class='gallery-item'>\n\t\t\t<dt class='gallery-icon landscape'>\n\t\t\t\t<a href='https:\/\/www2.uepg.br\/pet-quimica\/apoiadores\/cropped-logo-proex\/'><img width=\"300\" height=\"200\" src=\"https:\/\/www2.uepg.br\/pet-quimica\/wp-content\/uploads\/sites\/42\/2020\/02\/cropped-logo-proex.png\" class=\"attachment-medium size-medium\" alt=\"\" loading=\"lazy\" aria-describedby=\"gallery-1-1470\" \/><\/a>\n\t\t\t<\/dt>\n\t\t\t\t<dd class='wp-caption-text gallery-caption' id='gallery-1-1470'>\n\t\t\t\tPr\u00f3-Reitoria de Extens\u00e3o e Assuntos Culturais\n\t\t\t\t<\/dd><\/dl><dl class='gallery-item'>\n\t\t\t<dt class='gallery-icon landscape'>\n\t\t\t\t<a href='https:\/\/www2.uepg.br\/pet-quimica\/apoiadores\/cropped-prae-fundo-branco-1-7\/'><img width=\"300\" height=\"261\" src=\"https:\/\/www2.uepg.br\/pet-quimica\/wp-content\/uploads\/sites\/42\/2020\/02\/cropped-Prae-fundo-branco-1-7.png\" class=\"attachment-medium size-medium\" alt=\"\" loading=\"lazy\" aria-describedby=\"gallery-1-1471\" \/><\/a>\n\t\t\t<\/dt>\n\t\t\t\t<dd class='wp-caption-text gallery-caption' id='gallery-1-1471'>\n\t\t\t\tPr\u00f3-Reitoria de Assuntos Estudantis\n\t\t\t\t<\/dd><\/dl><dl class='gallery-item'>\n\t\t\t<dt class='gallery-icon landscape'>\n\t\t\t\t<a href='https:\/\/www2.uepg.br\/pet-quimica\/apoiadores\/cropped-prograd-fundo-branco\/'><img width=\"300\" height=\"167\" src=\"https:\/\/www2.uepg.br\/pet-quimica\/wp-content\/uploads\/sites\/42\/2020\/02\/cropped-Prograd-fundo-branco.png\" class=\"attachment-medium size-medium\" alt=\"\" loading=\"lazy\" aria-describedby=\"gallery-1-1472\" \/><\/a>\n\t\t\t<\/dt>\n\t\t\t\t<dd class='wp-caption-text gallery-caption' id='gallery-1-1472'>\n\t\t\t\tPr\u00f3-Reitoria de Gradua\u00e7\u00e3o \n\t\t\t\t<\/dd><\/dl><dl class='gallery-item'>\n\t\t\t<dt class='gallery-icon landscape'>\n\t\t\t\t<a href='https:\/\/www2.uepg.br\/pet-quimica\/apoiadores\/cropped-propesp-fundo-branco\/'><img width=\"300\" height=\"158\" src=\"https:\/\/www2.uepg.br\/pet-quimica\/wp-content\/uploads\/sites\/42\/2020\/02\/cropped-Propesp-fundo-branco.png\" class=\"attachment-medium size-medium\" alt=\"\" loading=\"lazy\" aria-describedby=\"gallery-1-1473\" \/><\/a>\n\t\t\t<\/dt>\n\t\t\t\t<dd class='wp-caption-text gallery-caption' id='gallery-1-1473'>\n\t\t\t\tPr\u00f3-Reitoria de Pesquisa e P\u00f3s-Gradua\u00e7\u00e3o\n\t\t\t\t<\/dd><\/dl><br style=\"clear: both\" \/><dl class='gallery-item'>\n\t\t\t<dt class='gallery-icon landscape'>\n\t\t\t\t<a href='https:\/\/www2.uepg.br\/pet-quimica\/apoiadores\/proadfundobranco\/'><img width=\"300\" height=\"218\" src=\"https:\/\/www2.uepg.br\/pet-quimica\/wp-content\/uploads\/sites\/42\/2020\/02\/Proad20fundo20branco.png\" class=\"attachment-medium size-medium\" alt=\"\" loading=\"lazy\" aria-describedby=\"gallery-1-1478\" \/><\/a>\n\t\t\t<\/dt>\n\t\t\t\t<dd class='wp-caption-text gallery-caption' id='gallery-1-1478'>\n\t\t\t\tPr\u00f3-Reitoria de Assuntos Administrativos\n\t\t\t\t<\/dd><\/dl><dl class='gallery-item'>\n\t\t\t<dt class='gallery-icon landscape'>\n\t\t\t\t<a href='https:\/\/www2.uepg.br\/pet-quimica\/apoiadores\/sexatas\/'><img width=\"300\" height=\"127\" src=\"https:\/\/www2.uepg.br\/pet-quimica\/wp-content\/uploads\/sites\/42\/2024\/06\/sexatas.png\" class=\"attachment-medium size-medium\" alt=\"\" loading=\"lazy\" aria-describedby=\"gallery-1-3493\" \/><\/a>\n\t\t\t<\/dt>\n\t\t\t\t<dd class='wp-caption-text gallery-caption' id='gallery-1-3493'>\n\t\t\t\tSetor de Ci\u00eancias e Naturais\n\t\t\t\t<\/dd><\/dl><dl class='gallery-item'>\n\t\t\t<dt class='gallery-icon landscape'>\n\t\t\t\t<a href='https:\/\/www2.uepg.br\/pet-quimica\/apoiadores\/81942581_144892413622912_5728570569872375808_n\/'><img width=\"300\" height=\"300\" src=\"https:\/\/www2.uepg.br\/pet-quimica\/wp-content\/uploads\/sites\/42\/2020\/02\/81942581_144892413622912_5728570569872375808_n.png\" class=\"attachment-medium size-medium\" alt=\"\" loading=\"lazy\" aria-describedby=\"gallery-1-1467\" \/><\/a>\n\t\t\t<\/dt>\n\t\t\t\t<dd class='wp-caption-text gallery-caption' id='gallery-1-1467'>\n\t\t\t\tP\u00f3s &#8211; Gradua\u00e7\u00e3o em Qu\u00edmica\n\t\t\t\t<\/dd><\/dl><dl class='gallery-item'>\n\t\t\t<dt class='gallery-icon landscape'>\n\t\t\t\t<a href='https:\/\/www2.uepg.br\/pet-quimica\/apoiadores\/adesivo\/'><img width=\"300\" height=\"300\" src=\"https:\/\/www2.uepg.br\/pet-quimica\/wp-content\/uploads\/sites\/42\/2020\/02\/adesivo.jpg\" class=\"attachment-medium size-medium\" alt=\"\" loading=\"lazy\" aria-describedby=\"gallery-1-1468\" \/><\/a>\n\t\t\t<\/dt>\n\t\t\t\t<dd class='wp-caption-text gallery-caption' id='gallery-1-1468'>\n\t\t\t\tDoutorado em Qu\u00edmica \n\t\t\t\t<\/dd><\/dl><br style=\"clear: both\" \/><dl class='gallery-item'>\n\t\t\t<dt class='gallery-icon landscape'>\n\t\t\t\t<a href='https:\/\/www2.uepg.br\/pet-quimica\/apoiadores\/cropped-logo_mestraquim-1-1\/'><img width=\"181\" height=\"168\" src=\"https:\/\/www2.uepg.br\/pet-quimica\/wp-content\/uploads\/sites\/42\/2020\/02\/cropped-logo_mestraquim-1-1.jpg\" class=\"attachment-medium size-medium\" alt=\"\" loading=\"lazy\" aria-describedby=\"gallery-1-1469\" \/><\/a>\n\t\t\t<\/dt>\n\t\t\t\t<dd class='wp-caption-text gallery-caption' id='gallery-1-1469'>\n\t\t\t\tMestrado em Qu\u00edmica Aplicada\n\t\t\t\t<\/dd><\/dl><dl class='gallery-item'>\n\t\t\t<dt class='gallery-icon landscape'>\n\t\t\t\t<a href='https:\/\/www2.uepg.br\/pet-quimica\/apoiadores\/attachment\/33\/'><img width=\"225\" height=\"225\" src=\"https:\/\/www2.uepg.br\/pet-quimica\/wp-content\/uploads\/sites\/42\/2020\/02\/33.png\" class=\"attachment-medium size-medium\" alt=\"\" loading=\"lazy\" aria-describedby=\"gallery-1-1482\" \/><\/a>\n\t\t\t<\/dt>\n\t\t\t\t<dd class='wp-caption-text gallery-caption' id='gallery-1-1482'>\n\t\t\t\tPET &#8211; Engenharia de Alimentos\n\t\t\t\t<\/dd><\/dl><dl class='gallery-item'>\n\t\t\t<dt class='gallery-icon landscape'>\n\t\t\t\t<a href='https:\/\/www2.uepg.br\/pet-quimica\/apoiadores\/whatsapp-image-2024-06-19-at-12-58-05-1\/'><img width=\"300\" height=\"300\" src=\"https:\/\/www2.uepg.br\/pet-quimica\/wp-content\/uploads\/sites\/42\/2024\/06\/WhatsApp-Image-2024-06-19-at-12.58.05-1.jpeg\" class=\"attachment-medium size-medium\" alt=\"\" loading=\"lazy\" aria-describedby=\"gallery-1-3489\" \/><\/a>\n\t\t\t<\/dt>\n\t\t\t\t<dd class='wp-caption-text gallery-caption' id='gallery-1-3489'>\n\t\t\t\tPET &#8211; Hist\u00f3ria\n\t\t\t\t<\/dd><\/dl>\n\t\t\t<br style='clear: both' \/>\n\t\t<\/div>\n\n<h4 style=\"text-align: center\">Imprensa Universit\u00e1ria<\/h4>\n<h4 style=\"text-align: center\">Departamento de Qu\u00edmica<\/h4>\n<h4 style=\"text-align: center\"><\/h4>\n<h4 style=\"text-align: center\"><\/h4>\n","protected":false},"excerpt":{"rendered":"<p>Imprensa Universit\u00e1ria Departamento de Qu\u00edmica<\/p>\n","protected":false},"author":24,"featured_media":0,"parent":0,"menu_order":0,"comment_status":"closed","ping_status":"closed","template":"","meta":[],"_links":{"self":[{"href":"https:\/\/www2.uepg.br\/pet-quimica\/wp-json\/wp\/v2\/pages\/33"}],"collection":[{"href":"https:\/\/www2.uepg.br\/pet-quimica\/wp-json\/wp\/v2\/pages"}],"about":[{"href":"https:\/\/www2.uepg.br\/pet-quimica\/wp-json\/wp\/v2\/types\/page"}],"author":[{"embeddable":true,"href":"https:\/\/www2.uepg.br\/pet-quimica\/wp-json\/wp\/v2\/users\/24"}],"replies":[{"embeddable":true,"href":"https:\/\/www2.uepg.br\/pet-quimica\/wp-json\/wp\/v2\/comments?post=33"}],"version-history":[{"count":11,"href":"https:\/\/www2.uepg.br\/pet-quimica\/wp-json\/wp\/v2\/pages\/33\/revisions"}],"predecessor-version":[{"id":3494,"href":"https:\/\/www2.uepg.br\/pet-quimica\/wp-json\/wp\/v2\/pages\/33\/revisions\/3494"}],"wp:attachment":[{"href":"https:\/\/www2.uepg.br\/pet-quimica\/wp-json\/wp\/v2\/media?parent=33"}],"curies":[{"name":"wp","href":"https:\/\/api.w.org\/{rel}","templated":true}]}}