{"id":39,"date":"2019-11-05T15:12:04","date_gmt":"2019-11-05T18:12:04","guid":{"rendered":"http:\/\/www2.uepg.br\/pet-quimica\/?page_id=39"},"modified":"2025-05-24T17:45:02","modified_gmt":"2025-05-24T20:45:02","slug":"eventos","status":"publish","type":"page","link":"https:\/\/www2.uepg.br\/pet-quimica\/eventos\/","title":{"rendered":"EVENTOS"},"content":{"rendered":"<p><b>Pet solid\u00e1rio<\/b><\/p>\n<p>O PET Qu\u00edmica est\u00e1 promovendo uma campanha solid\u00e1ria em parceria com a institui\u00e7\u00e3o SOS Bichos PG, para manter o bem-estar desses animais, dentre c\u00e3es e gatos, o PET est\u00e1 arrecadando dinheiro e produtos de limpeza para ajudar essa institui\u00e7\u00e3o. Mais informa\u00e7\u00f5es est\u00e3o dispon\u00edveis no instagram petquimicauepg.<\/p>\n<p>&nbsp;<\/p>\n<p>&nbsp;<\/p>\n<p>&nbsp;<\/p>\n<p>&nbsp;<\/p>\n<p>&nbsp;<\/p>\n<p>&nbsp;<\/p>\n<blockquote><p>&nbsp;<\/p><\/blockquote>\n","protected":false},"excerpt":{"rendered":"<p>Pet solid\u00e1rio O PET Qu\u00edmica est\u00e1 promovendo uma campanha solid\u00e1ria em parceria com a institui\u00e7\u00e3o SOS Bichos PG, para manter o bem-estar desses animais, dentre c\u00e3es e gatos, o PET est\u00e1 arrecadando dinheiro e produtos de limpeza para ajudar essa institui\u00e7\u00e3o. Mais informa\u00e7\u00f5es est\u00e3o dispon\u00edveis no instagram petquimicauepg. &nbsp; &nbsp; &nbsp; &nbsp; &nbsp; &nbsp; &nbsp;<\/p>\n","protected":false},"author":24,"featured_media":0,"parent":0,"menu_order":0,"comment_status":"closed","ping_status":"closed","template":"","meta":[],"_links":{"self":[{"href":"https:\/\/www2.uepg.br\/pet-quimica\/wp-json\/wp\/v2\/pages\/39"}],"collection":[{"href":"https:\/\/www2.uepg.br\/pet-quimica\/wp-json\/wp\/v2\/pages"}],"about":[{"href":"https:\/\/www2.uepg.br\/pet-quimica\/wp-json\/wp\/v2\/types\/page"}],"author":[{"embeddable":true,"href":"https:\/\/www2.uepg.br\/pet-quimica\/wp-json\/wp\/v2\/users\/24"}],"replies":[{"embeddable":true,"href":"https:\/\/www2.uepg.br\/pet-quimica\/wp-json\/wp\/v2\/comments?post=39"}],"version-history":[{"count":11,"href":"https:\/\/www2.uepg.br\/pet-quimica\/wp-json\/wp\/v2\/pages\/39\/revisions"}],"predecessor-version":[{"id":3515,"href":"https:\/\/www2.uepg.br\/pet-quimica\/wp-json\/wp\/v2\/pages\/39\/revisions\/3515"}],"wp:attachment":[{"href":"https:\/\/www2.uepg.br\/pet-quimica\/wp-json\/wp\/v2\/media?parent=39"}],"curies":[{"name":"wp","href":"https:\/\/api.w.org\/{rel}","templated":true}]}}