{"id":231,"date":"2019-04-12T08:20:17","date_gmt":"2019-04-12T11:20:17","guid":{"rendered":"http:\/\/www2.uepg.br\/portaldaslicenciaturas\/?page_id=231"},"modified":"2019-05-03T09:35:06","modified_gmt":"2019-05-03T12:35:06","slug":"historico","status":"publish","type":"page","link":"https:\/\/www2.uepg.br\/portaldaslicenciaturas\/historico\/","title":{"rendered":"Hist\u00f3rico"},"content":{"rendered":"<p><span style=\"font-weight: 400\">Esta Comiss\u00e3o foi criada primeiramente, em car\u00e1ter tempor\u00e1rio, com o nome de Comiss\u00e3o de Coordena\u00e7\u00e3o Geral das Licenciaturas, em 18 de novembro de 2002 com o intuito de auxiliar a adapta\u00e7\u00e3o dos cursos de Licenciatura na UEPG, \u00e0s Diretrizes Curriculares Nacionais, bem como \u00e0s Diretrizes Curriculares Nacionais para a Forma\u00e7\u00e3o de Professores da Educa\u00e7\u00e3o B\u00e1sica, em n\u00edvel superior, curso de licenciatura, de gradua\u00e7\u00e3o plena.<\/span><\/p>\n<p><span style=\"font-weight: 400\">Como seu trabalho assumiu n\u00e3o s\u00f3 um car\u00e1ter legislativo mas tamb\u00e9m pedag\u00f3gico, o mesmo foi prorrogado em 2004 e 2006 de forma a n\u00e3o sofrer interrup\u00e7\u00e3o nas atividades, at\u00e9 que em 10 de dezembro de 2008 ela foi transformada na Comiss\u00e3o Permanente das Licenciaturas ( COPELIC), diretamente vinculada \u00e0 Pr\u00f3-reitoria de Gradua\u00e7\u00e3o ( Prograd) da Institui\u00e7\u00e3o. Foi atrav\u00e9s da COPELIC que se instituiu o Colegiado de Curso das Licenciaturas, separado dos colegiados de Curso dos Bacharelados e foi tamb\u00e9m criado por esta Comiss\u00e3o a chamada <\/span><a href=\"http:\/\/www2.uepg.br\/portaldaslicenciaturas\/disciplinas-articuladoras\/\" target=\"_blank\" rel=\"noopener noreferrer\"><span style=\"font-weight: 400\">&#8220;Disciplina Articuladora&#8221;<\/span><\/a><span style=\"font-weight: 400\"> em todos os cursos de Licenciatura como uma pr\u00e1tica diferenciada destes cursos na UEPG.<\/span><\/p>\n<p><span style=\"font-weight: 400\">Tem como meta principal uma constru\u00e7\u00e3o coletiva e organizada, contribuindo para com a consolida\u00e7\u00e3o da identidade dos cursos de Licenciatura na UEPG.<\/span><\/p>\n<p><span style=\"font-weight: 400\">A COPELIC tem como suas compet\u00eancias:<\/span><\/p>\n<p><span style=\"font-weight: 400\">&#8211; Auxiliar na elabora\u00e7\u00e3o do Projeto Pedag\u00f3gico dos Cursos de Licenciatura.<\/span><\/p>\n<p><span style=\"font-weight: 400\">&#8211; Apoiar os Colegiados de Curso das Licenciaturas com as legisla\u00e7\u00f5es pertinentes a cada uma delas bem como em rela\u00e7\u00e3o \u00e0s Diretrizes Curriculares Nacionais sobre a forma\u00e7\u00e3o de professores.<\/span><\/p>\n<p><span style=\"font-weight: 400\">&#8211; Elaborar, quando solicitada, parecer de m\u00e9rito sobre mat\u00e9rias pertinentes aos Cursos de Licenciatura.<\/span><\/p>\n<p><span style=\"font-weight: 400\">&#8211; Propor \u00e0 Prograd mat\u00e9rias que considere relevantes para a consolida\u00e7\u00e3o dos Cursos de Licenciatura.<\/span><\/p>\n<p><span style=\"font-weight: 400\">&#8211; Estabelecer o di\u00e1logo entre os Colegiados de Curso das Licenciaturas.<\/span><\/p>\n<p><span style=\"font-weight: 400\">&#8211; Consolidar espa\u00e7o-tempo de debate interno sobre o encaminhamento pedag\u00f3gico nos Cursos de Licenciaturas.<\/span><\/p>\n<p><span style=\"font-weight: 400\">&#8211; Promover atividades que fortale\u00e7am a rela\u00e7\u00e3o entre as disciplinas articuladoras dos Cursos de Licenciatura<\/span><\/p>\n<p><span style=\"font-weight: 400\">&#8211; Articular projetos e programas que visem a\u00e7\u00f5es inovadoras nas Licenciaturas.<\/span><\/p>\n<p><span style=\"font-weight: 400\">&#8211; Promover o fortalecimento da rela\u00e7\u00e3o entre as Disciplinas Articuladoras e os Est\u00e1gios Curriculares Supervisionados dos Cursos de Licenciatura da UEPG;<\/span><\/p>\n<p><span style=\"font-weight: 400\">&#8211; propor aos \u00f3rg\u00e3os competentes a Pol\u00edtica Institucional para a forma\u00e7\u00e3o de professores;<\/span><\/p>\n<p><span style=\"font-weight: 400\">&#8211; coordenar os trabalhos de consolida\u00e7\u00e3o das propostas advindas dos Colegiados de Cursos das Licenciaturas que resultem em altera\u00e7\u00f5es ao Regulamento de Est\u00e1gios dos Cursos de Licenciaturas.<\/span><\/p>\n<p><span style=\"font-weight: 400\">Sua composi\u00e7\u00e3o atual \u00e9 formada pelos seguintes professores:<\/span><\/p>\n<p><span style=\"font-weight: 400\">1)<\/span> <span style=\"font-weight: 400\">Prof\u00aa Dr\u00aa Ligia Paula Couto (Pr\u00f3-Reitora de Gradua\u00e7\u00e3o- membro nato).<\/span><\/p>\n<p><span style=\"font-weight: 400\">2)<\/span> <span style=\"font-weight: 400\">Prof\u00aa Ms. Olinda Thom\u00e9 Chamma (presidente).<\/span><\/p>\n<p><span style=\"font-weight: 400\">3)<\/span> <span style=\"font-weight: 400\">Prof\u00aa. Dr\u00aa. Akemi Teramoto de Camargo (representante do Curso de Licenciatura em Biologia).<\/span><\/p>\n<p><span style=\"font-weight: 400\">4)<\/span> <span style=\"font-weight: 400\">Prof\u00aa Dr\u00aa. Angela Ferreira Ribeiro (representante do Curso de Licenciatura em Hist\u00f3ria).<\/span><\/p>\n<p><span style=\"font-weight: 400\">5)<\/span> <span style=\"font-weight: 400\">Prof\u00aa Ms. Carla Irene Roggenkamp \u00a0( representante do Curso de Licenciatura em M\u00fasica).<\/span><\/p>\n<p><span style=\"font-weight: 400\">6)<\/span> <span style=\"font-weight: 400\">Prof\u00aa Dr\u00aa Carla S\u00edlvia Pimentel \u00a0(representante do Curso de Licenciatura em Geografia).<\/span><\/p>\n<p><span style=\"font-weight: 400\">7)<\/span> <span style=\"font-weight: 400\">Prof\u00aa Dr\u00aa Dayane Rejane Andrade Maia (representante do Curso de Licenciatura em F\u00edsica).<\/span><\/p>\n<p><span style=\"font-weight: 400\">8)<\/span> <span style=\"font-weight: 400\">Prof\u00aa Dr\u00aa \u00a0Karen Wohnrath (representante do Curso de Licenciatura em Qu\u00edmica).\u00a0<\/span><\/p>\n<p><span style=\"font-weight: 400\">9)<\/span> <span style=\"font-weight: 400\">Prof\u00aa Dr\u00aa Maria Odete Vieira Tenreiro (representante do curso de Licenciatura em Pedagogia).<\/span><\/p>\n<p><span style=\"font-weight: 400\">10) \u00a0\u00a0Prof\u00aa Dr\u00aa Marli Terezinha Van Kan \u00a0(representante do Curso de Licenciatura em Matem\u00e1tica).<\/span><\/p>\n<p><span style=\"font-weight: 400\">11) \u00a0\u00a0Prof\u00aa Ms. Melissa Andres Freitas (representante do Curso de Licenciatura em Letras).<\/span><\/p>\n<p><span style=\"font-weight: 400\">12) \u00a0\u00a0Prof. Dr. Nei Alberto Salles Filho (representante do Curso de Licenciatura em Educa\u00e7\u00e3o F\u00edsica).<\/span><\/p>\n<p><span style=\"font-weight: 400\">13) \u00a0\u00a0Prof. Ms. Renato Torres \u00a0(representante do Curso de Licenciatura em Artes Visuais.<\/span><\/p>\n<p><span style=\"font-weight: 400\">14) \u00a0\u00a0Prof\u00aa Dr\u00aa Silvana Maura Batista de Carvalho (representante dos est\u00e1gios).<\/span><\/p>\n","protected":false},"excerpt":{"rendered":"<p>Esta Comiss\u00e3o foi criada primeiramente, em car\u00e1ter tempor\u00e1rio, com o nome de Comiss\u00e3o de Coordena\u00e7\u00e3o Geral das Licenciaturas, em 18 de novembro de 2002 com o intuito de auxiliar a adapta\u00e7\u00e3o dos cursos de Licenciatura na UEPG, \u00e0s Diretrizes Curriculares Nacionais, bem como \u00e0s Diretrizes Curriculares Nacionais para a Forma\u00e7\u00e3o de Professores da Educa\u00e7\u00e3o B\u00e1sica,&hellip; <br \/> <a class=\"read-more\" href=\"https:\/\/www2.uepg.br\/portaldaslicenciaturas\/historico\/\">Leia mais<\/a><\/p>\n","protected":false},"author":24,"featured_media":0,"parent":0,"menu_order":0,"comment_status":"closed","ping_status":"closed","template":"","meta":[],"_links":{"self":[{"href":"https:\/\/www2.uepg.br\/portaldaslicenciaturas\/wp-json\/wp\/v2\/pages\/231"}],"collection":[{"href":"https:\/\/www2.uepg.br\/portaldaslicenciaturas\/wp-json\/wp\/v2\/pages"}],"about":[{"href":"https:\/\/www2.uepg.br\/portaldaslicenciaturas\/wp-json\/wp\/v2\/types\/page"}],"author":[{"embeddable":true,"href":"https:\/\/www2.uepg.br\/portaldaslicenciaturas\/wp-json\/wp\/v2\/users\/24"}],"replies":[{"embeddable":true,"href":"https:\/\/www2.uepg.br\/portaldaslicenciaturas\/wp-json\/wp\/v2\/comments?post=231"}],"version-history":[{"count":6,"href":"https:\/\/www2.uepg.br\/portaldaslicenciaturas\/wp-json\/wp\/v2\/pages\/231\/revisions"}],"predecessor-version":[{"id":511,"href":"https:\/\/www2.uepg.br\/portaldaslicenciaturas\/wp-json\/wp\/v2\/pages\/231\/revisions\/511"}],"wp:attachment":[{"href":"https:\/\/www2.uepg.br\/portaldaslicenciaturas\/wp-json\/wp\/v2\/media?parent=231"}],"curies":[{"name":"wp","href":"https:\/\/api.w.org\/{rel}","templated":true}]}}