{"id":234,"date":"2019-04-12T08:41:58","date_gmt":"2019-04-12T11:41:58","guid":{"rendered":"http:\/\/www2.uepg.br\/portaldaslicenciaturas\/?page_id=234"},"modified":"2019-04-12T10:08:15","modified_gmt":"2019-04-12T13:08:15","slug":"legislacao-da-formacao-de-professores","status":"publish","type":"page","link":"https:\/\/www2.uepg.br\/portaldaslicenciaturas\/legislacao-da-formacao-de-professores\/","title":{"rendered":"Legisla\u00e7\u00e3o da Forma\u00e7\u00e3o de Professores"},"content":{"rendered":"<p><span style=\"font-weight: 400\">O processo de elabora\u00e7\u00e3o das propostas de diretrizes curriculares para a gradua\u00e7\u00e3o, conduzido pela <\/span><b>SESu<\/b><span style=\"font-weight: 400\">, consolidou a dire\u00e7\u00e3o da forma\u00e7\u00e3o para tr\u00eas categorias de carreiras: Bacharelado Acad\u00eamico; Bacharelado Profissionalizante e Licenciatura.<\/span><\/p>\n<p><span style=\"font-weight: 400\"> \u00a0\u00a0Dessa forma, a Licenciatura ganhou, como determina a nova legisla\u00e7\u00e3o, terminalidade e integralidade pr\u00f3pria em rela\u00e7\u00e3o ao Bacharelado, constituindo-se em um projeto espec\u00edfico. Isso exige a defini\u00e7\u00e3o de curr\u00edculos pr\u00f3prios da Licenciatura que n\u00e3o se confundam com o Bacharelado ou com a antiga forma\u00e7\u00e3o de professores que ficou caracterizada como modelo \u201c3+1\u201d.<\/span><\/p>\n<p><span style=\"font-weight: 400\"> \u00a0\u00a0Portanto, a legisla\u00e7\u00e3o abaixo diz respeito \u00e0s Diretrizes Curriculares Nacionais para a Forma\u00e7\u00e3o de Professores da Educa\u00e7\u00e3o B\u00e1sica, em n\u00edvel superior, curso de licenciatura, de gradua\u00e7\u00e3o plena.<\/span><\/p>\n<h3><b>Forma\u00e7\u00e3o de Docentes para a Educa\u00e7\u00e3o B\u00e1sica<\/b><\/h3>\n<ul>\n<li><span style=\"font-weight: 400\"><a href=\"http:\/\/www2.uepg.br\/portaldaslicenciaturas\/wp-content\/uploads\/sites\/14\/2019\/04\/Parecer-9-2001.pdf\" target=\"_blank\" rel=\"noopener noreferrer\">Parecer CNE\/CP n\u00ba 9, de 8 de maio de 2001<\/a> <\/span><span style=\"font-weight: 400\"><br \/>\n<\/span><span style=\"font-weight: 400\">Diretrizes Curriculares Nacionais para a Forma\u00e7\u00e3o de Professores da Educa\u00e7\u00e3o B\u00e1sica, em n\u00edvel superior, curso de licenciatura, de gradua\u00e7\u00e3o plena.<\/span><\/li>\n<\/ul>\n<p>&nbsp;<\/p>\n<ul>\n<li style=\"font-weight: 400\"><a href=\"http:\/\/www2.uepg.br\/portaldaslicenciaturas\/wp-content\/uploads\/sites\/14\/2019\/04\/Parecer-021-2001.pdf\" target=\"_blank\" rel=\"noopener noreferrer\">Parecer CNE\/CP n\u00ba 21, de 6 de agosto de 2001<\/a>\u00a0\u00a0<span style=\"font-weight: 400\"><br \/>\n<\/span><span style=\"font-weight: 400\">Dura\u00e7\u00e3o e carga hor\u00e1ria dos cursos de Forma\u00e7\u00e3o de Professores da Educa\u00e7\u00e3o B\u00e1sica, em n\u00edvel superior, curso de licenciatura, de gradua\u00e7\u00e3o plena.<\/span><\/li>\n<\/ul>\n<p>&nbsp;<\/p>\n<ul>\n<li style=\"font-weight: 400\"><span style=\"font-weight: 400\"><a href=\"http:\/\/www2.uepg.br\/portaldaslicenciaturas\/wp-content\/uploads\/sites\/14\/2019\/04\/Parecer-027-2001.pdf\" target=\"_blank\" rel=\"noopener noreferrer\">Parecer CNE\/CP n\u00ba 27, de 2 de outubro de 2001<\/a>\u00a0<\/span><span style=\"font-weight: 400\"><br \/>\n<\/span><span style=\"font-weight: 400\">D\u00e1 nova reda\u00e7\u00e3o ao item 3.6, al\u00ednea c, do Parecer CNE\/CP 9\/2001, que disp\u00f5e sobre as Diretrizes Curriculares Nacionais para a Forma\u00e7\u00e3o de Professores da Educa\u00e7\u00e3o B\u00e1sica, em n\u00edvel superior, curso de licenciatura, de gradua\u00e7\u00e3o plena.<\/span><\/li>\n<\/ul>\n<p>&nbsp;<\/p>\n<ul>\n<li style=\"font-weight: 400\"><span style=\"font-weight: 400\"><a href=\"http:\/\/www2.uepg.br\/portaldaslicenciaturas\/wp-content\/uploads\/sites\/14\/2019\/04\/Parecer-028-2001.pdf\" target=\"_blank\" rel=\"noopener noreferrer\">Parecer CNE\/CP n\u00ba 28, de 2 de outubro de 2001<\/a>\u00a0<\/span><span style=\"font-weight: 400\"><br \/>\n<\/span><span style=\"font-weight: 400\">D\u00e1 nova reda\u00e7\u00e3o ao Parecer CNE\/CP 21\/2001, que estabelece a dura\u00e7\u00e3o e a carga hor\u00e1ria dos cursos de Forma\u00e7\u00e3o de Professores da Educa\u00e7\u00e3o B\u00e1sica, em n\u00edvel superior, curso de licenciatura, de gradua\u00e7\u00e3o plena.<\/span><\/li>\n<\/ul>\n<p>&nbsp;<\/p>\n<ul>\n<li style=\"font-weight: 400\"><span style=\"font-weight: 400\"><a href=\"http:\/\/www2.uepg.br\/portaldaslicenciaturas\/wp-content\/uploads\/sites\/14\/2019\/04\/Resolu\u00e7\u00e3o-01-2002.pdf\" target=\"_blank\" rel=\"noopener noreferrer\">Resolu\u00e7\u00e3o CNE\/CP n\u00ba 1, de 18 de fevereiro de 2002<\/a>\u00a0<\/span> <span style=\"font-weight: 400\"><br \/>\n<\/span><span style=\"font-weight: 400\">Institui Diretrizes Curriculares Nacionais para a Forma\u00e7\u00e3o de Professores da Educa\u00e7\u00e3o B\u00e1sica, em n\u00edvel superior, curso de licenciatura, de gradua\u00e7\u00e3o plena.<\/span><\/li>\n<\/ul>\n<p>&nbsp;<\/p>\n<ul>\n<li style=\"font-weight: 400\"><span style=\"font-weight: 400\"><a href=\"http:\/\/www2.uepg.br\/portaldaslicenciaturas\/wp-content\/uploads\/sites\/14\/2019\/04\/Resolu\u00e7\u00e3o-02-2002.pdf\" target=\"_blank\" rel=\"noopener noreferrer\">Resolu\u00e7\u00e3o CP\/CNE n\u00ba 2, de 18 de fevereiro de 2002<\/a>\u00a0<\/span><span style=\"font-weight: 400\"><br \/>\n<\/span><span style=\"font-weight: 400\">Institui a dura\u00e7\u00e3o e a carga hor\u00e1ria dos cursos de licenciatura, de gradua\u00e7\u00e3o plena, de forma\u00e7\u00e3o de professores da Educa\u00e7\u00e3o B\u00e1sica em n\u00edvel superior.<\/span><\/li>\n<\/ul>\n<p>&nbsp;<\/p>\n<ul>\n<li style=\"font-weight: 400\"><a href=\"http:\/\/www2.uepg.br\/portaldaslicenciaturas\/wp-content\/uploads\/sites\/14\/2019\/04\/Parecer-04-2004.pdf\" target=\"_blank\" rel=\"noopener noreferrer\">Parecer CNE\/CP n\u00ba 4, de 6 de julho 2004<\/a>\u00a0\u00a0<span style=\"font-weight: 400\"><br \/>\n<\/span><span style=\"font-weight: 400\">Adiamento do prazo previsto no art. 15 da Resolu\u00e7\u00e3o CNE\/CP 1\/2002, que institui Diretrizes Curriculares Nacionais para a Forma\u00e7\u00e3o de Professores da Educa\u00e7\u00e3o B\u00e1sica, em n\u00edvel superior, curso de licenciatura, de gradua\u00e7\u00e3o plena.<\/span><\/li>\n<\/ul>\n<p>&nbsp;<\/p>\n<ul>\n<li style=\"font-weight: 400\"><span style=\"font-weight: 400\"><a href=\"http:\/\/www2.uepg.br\/portaldaslicenciaturas\/wp-content\/uploads\/sites\/14\/2019\/04\/Parecer-197-2004.pdf\" target=\"_blank\" rel=\"noopener noreferrer\">Parecer CNE\/CES n\u00ba 197, de 7 de julho de 2004<\/a>\u00a0\u00a0<\/span><span style=\"font-weight: 400\"><br \/>\n<\/span><span style=\"font-weight: 400\">Consulta, tendo em vista o art. 11 da Resolu\u00e7\u00e3o CNE\/CP 1\/2002, referente \u00e0s Diretrizes Curriculares Nacionais para a Forma\u00e7\u00e3o de Professores da Educa\u00e7\u00e3o B\u00e1sica em n\u00edvel superior, curso de licenciatura, de gradua\u00e7\u00e3o plena.<\/span><\/li>\n<\/ul>\n<p>&nbsp;<\/p>\n<ul>\n<li style=\"font-weight: 400\"><span style=\"font-weight: 400\"><a href=\"http:\/\/www2.uepg.br\/portaldaslicenciaturas\/wp-content\/uploads\/sites\/14\/2019\/04\/Parecer-228-2004.pdf\" target=\"_blank\" rel=\"noopener noreferrer\">Parecer CNE\/CES n\u00ba 228, de 4 de agosto de 2004<\/a>\u00a0<\/span><span style=\"font-weight: 400\"><br \/>\n<\/span><span style=\"font-weight: 400\">Consulta sobre reformula\u00e7\u00e3o curricular dos Cursos de Gradua\u00e7\u00e3o.<\/span><\/li>\n<\/ul>\n<p>&nbsp;<\/p>\n<ul>\n<li style=\"font-weight: 400\"><span style=\"font-weight: 400\"><a href=\"http:\/\/www2.uepg.br\/portaldaslicenciaturas\/wp-content\/uploads\/sites\/14\/2019\/04\/Resolu\u00e7\u00e3o-02-2004.pdf\" target=\"_blank\" rel=\"noopener noreferrer\">Resolu\u00e7\u00e3o CNE\/CP n\u00ba 2, de 27 de agosto de 2004<\/a>\u00a0<\/span><span style=\"font-weight: 400\"><br \/>\n<\/span><span style=\"font-weight: 400\">Adia o prazo previsto no art. 15 da Resolu\u00e7\u00e3o CNE\/CP 1\/2002, que institui Diretrizes Curriculares Nacionais para a Forma\u00e7\u00e3o de Professores da Educa\u00e7\u00e3o B\u00e1sica, em n\u00edvel superior, curso de licenciatura, de gradua\u00e7\u00e3o plena.<\/span><\/li>\n<\/ul>\n<p>&nbsp;<\/p>\n<ul>\n<li style=\"font-weight: 400\"><span style=\"font-weight: 400\"><a href=\"http:\/\/www2.uepg.br\/portaldaslicenciaturas\/wp-content\/uploads\/sites\/14\/2019\/04\/Parecer-015-2005.pdf\" target=\"_blank\" rel=\"noopener noreferrer\">Parecer CNE\/CES n\u00ba 15, de 2 de fevereiro de 2005<\/a>\u00a0<\/span><span style=\"font-weight: 400\"><br \/>\n<\/span><span style=\"font-weight: 400\">Solicita\u00e7\u00e3o de esclarecimento sobre as Resolu\u00e7\u00f5es CNE\/CP n\u00bas 1\/2002, que institui Diretrizes Curriculares Nacionais para a Forma\u00e7\u00e3o de Professores da Educa\u00e7\u00e3o B\u00e1sica, em n\u00edvel superior, curso de licenciatura, de gradua\u00e7\u00e3o plena, e 2\/2002, que institui a dura\u00e7\u00e3o e a carga hor\u00e1ria dos cursos de licenciatura, de gradua\u00e7\u00e3o plena, de Forma\u00e7\u00e3o de Professores da Educa\u00e7\u00e3o B\u00e1sica, em n\u00edvel superior.<\/span><\/li>\n<\/ul>\n<p>&nbsp;<\/p>\n<ul>\n<li style=\"font-weight: 400\"><span style=\"font-weight: 400\"><a href=\"http:\/\/www2.uepg.br\/portaldaslicenciaturas\/wp-content\/uploads\/sites\/14\/2019\/04\/Parecer-004-2005.pdf\" target=\"_blank\" rel=\"noopener noreferrer\">Parecer CNE\/CP n\u00ba 4, de 13 de setembro de 2005<\/a>\u00a0<\/span><span style=\"font-weight: 400\"><br \/>\n<\/span><span style=\"font-weight: 400\">Aprecia a Indica\u00e7\u00e3o CNE\/CP n\u00ba 3\/2005, referente \u00e0s Diretrizes Curriculares Nacionais para a forma\u00e7\u00e3o de professores fixadas pela Resolu\u00e7\u00e3o CNE\/CP n\u00ba 1\/2002.<\/span><\/li>\n<\/ul>\n<p>&nbsp;<\/p>\n<ul>\n<li style=\"font-weight: 400\"><span style=\"font-weight: 400\"><a href=\"http:\/\/www2.uepg.br\/portaldaslicenciaturas\/wp-content\/uploads\/sites\/14\/2019\/04\/Resolu\u00e7\u00e3o-01-2005.pdf\" target=\"_blank\" rel=\"noopener noreferrer\">Resolu\u00e7\u00e3o CNE\/CP n\u00ba 1, de 17 de novembro de 2005<\/a>\u00a0<\/span><span style=\"font-weight: 400\"><br \/>\n<\/span><span style=\"font-weight: 400\">Altera a Resolu\u00e7\u00e3o CNE\/CP n\u00ba 1\/2002, que institui Diretrizes Curriculares Nacionais para a Forma\u00e7\u00e3o de Professores da Educa\u00e7\u00e3o B\u00e1sica, em n\u00edvel superior, curso de Licenciatura de gradua\u00e7\u00e3o plena.<\/span><\/li>\n<\/ul>\n<p>&nbsp;<\/p>\n<ul>\n<li style=\"font-weight: 400\"><span style=\"font-weight: 400\"><a href=\"http:\/\/www2.uepg.br\/portaldaslicenciaturas\/wp-content\/uploads\/sites\/14\/2019\/04\/Parecer-05-2006.pdf\" target=\"_blank\" rel=\"noopener noreferrer\">Parecer CNE\/CP n\u00ba 5, de 4 de abril de 2006<\/a>\u00a0<\/span><span style=\"font-weight: 400\"><br \/>\n<\/span><span style=\"font-weight: 400\">Aprecia Indica\u00e7\u00e3o CNE\/CP n\u00ba 2\/2002 sobre Diretrizes Curriculares Nacionais para Cursos de Forma\u00e7\u00e3o de Professores para a Educa\u00e7\u00e3o B\u00e1sica.<\/span><\/li>\n<\/ul>\n<p>&nbsp;<\/p>\n<ul>\n<li style=\"font-weight: 400\"><span style=\"font-weight: 400\"><a href=\"http:\/\/www2.uepg.br\/portaldaslicenciaturas\/wp-content\/uploads\/sites\/14\/2019\/04\/Parecer-09-2007.pdf\" target=\"_blank\" rel=\"noopener noreferrer\">Parecer CNE\/CP n\u00ba 9, de 5 de dezembro de 2007<\/a>\u00a0<\/span><span style=\"font-weight: 400\"><br \/>\n<\/span><span style=\"font-weight: 400\">Reorganiza\u00e7\u00e3o da carga hor\u00e1ria m\u00ednima dos cursos de Forma\u00e7\u00e3o de Professores, em n\u00edvel superior, para a Educa\u00e7\u00e3o B\u00e1sica e Educa\u00e7\u00e3o Profissional no n\u00edvel da Educa\u00e7\u00e3o B\u00e1sica.<\/span><\/li>\n<\/ul>\n<p>&nbsp;<\/p>\n<ul>\n<li style=\"font-weight: 400\"><span style=\"font-weight: 400\"><a href=\"http:\/\/www2.uepg.br\/portaldaslicenciaturas\/wp-content\/uploads\/sites\/14\/2019\/04\/Parecer-08-2008.pdf\" target=\"_blank\" rel=\"noopener noreferrer\">Parecer CNE\/CP n\u00ba 8\/2008, aprovado em 2 de dezembro de 2008<\/a>\u00a0<\/span><span style=\"font-weight: 400\"><br \/>\n<\/span><span style=\"font-weight: 400\">Diretrizes Operacionais para a implanta\u00e7\u00e3o do Programa Emergencial de Segunda Licenciatura para Professores em exerc\u00edcio na Educa\u00e7\u00e3o B\u00e1sica P\u00fablica a ser coordenado pelo MEC em regime de colabora\u00e7\u00e3o com os sistemas de ensino e realizado por institui\u00e7\u00f5es p\u00fablicas de Educa\u00e7\u00e3o Superior.<\/span><\/li>\n<\/ul>\n<p>&nbsp;<\/p>\n<ul>\n<li style=\"font-weight: 400\"><span style=\"font-weight: 400\"><a href=\"http:\/\/www2.uepg.br\/portaldaslicenciaturas\/wp-content\/uploads\/sites\/14\/2019\/04\/Resolu\u00e7\u00e3o-01-2009.pdf\" target=\"_blank\" rel=\"noopener noreferrer\">Resolu\u00e7\u00e3o CNE\/CP n\u00ba 1, de 11 de fevereiro de 2009<\/a>\u00a0<\/span><span style=\"font-weight: 400\"><br \/>\n<\/span><span style=\"font-weight: 400\">Estabelece Diretrizes Operacionais para a implanta\u00e7\u00e3o do Programa Emergencial de Segunda Licenciatura para Professores em exerc\u00edcio na Educa\u00e7\u00e3o B\u00e1sica P\u00fablica a ser coordenado pelo MEC em regime de colabora\u00e7\u00e3o com os sistemas de ensino e realizado por institui\u00e7\u00f5es p\u00fablicas de Educa\u00e7\u00e3o Superior.<\/span><\/li>\n<\/ul>\n<p>&nbsp;<\/p>\n<ul>\n<li style=\"font-weight: 400\"><span style=\"font-weight: 400\"><a href=\"http:\/\/www2.uepg.br\/portaldaslicenciaturas\/wp-content\/uploads\/sites\/14\/2019\/04\/Parecer-05-2009.pdf\" target=\"_blank\" rel=\"noopener noreferrer\">Parecer CNE\/CP n\u00ba 5\/2009, aprovado em 5 de maio de 2009<\/a>\u00a0<\/span><span style=\"font-weight: 400\"><br \/>\n<\/span><span style=\"font-weight: 400\">Consulta sobre a licenciatura em Espanhol por complementa\u00e7\u00e3o de estudos.<\/span><\/li>\n<\/ul>\n<p>&nbsp;<\/p>\n<ul>\n<li style=\"font-weight: 400\"><span style=\"font-weight: 400\"><a href=\"http:\/\/www2.uepg.br\/portaldaslicenciaturas\/wp-content\/uploads\/sites\/14\/2019\/04\/Parecer-07-2009.pdf\" target=\"_blank\" rel=\"noopener noreferrer\">Parecer CNE\/CP n\u00ba 7\/2009, aprovado em 5 de maio de 2009<\/a>\u00a0<\/span><span style=\"font-weight: 400\"><br \/>\n<\/span><span style=\"font-weight: 400\">Consulta da Escola Polit\u00e9cnica de Sa\u00fade Joaquim Ven\u00e2ncio sobre a possibilidade de essa escola obter credenciamento para a oferta do curso de Especializa\u00e7\u00e3o em Educa\u00e7\u00e3o Profissional em Sa\u00fade.<\/span><\/li>\n<\/ul>\n<p>&nbsp;<\/p>\n<ul>\n<li style=\"font-weight: 400\"><span style=\"font-weight: 400\"><a href=\"http:\/\/www2.uepg.br\/portaldaslicenciaturas\/wp-content\/uploads\/sites\/14\/2019\/04\/Parecer-08-2009.pdf\" target=\"_blank\" rel=\"noopener noreferrer\">Parecer CNE\/CP n\u00ba 8\/2009, aprovado em 2 de junho de 2009<\/a>\u00a0<\/span><span style=\"font-weight: 400\"><br \/>\n<\/span><span style=\"font-weight: 400\">Consulta sobre o conceito da figura de \u201cformados por treinamento em servi\u00e7o\u201d constante do par\u00e1grafo 4\u00ba do artigo 87 da LDB.<\/span><\/li>\n<\/ul>\n<p>&nbsp;<\/p>\n<ul>\n<li style=\"font-weight: 400\"><span style=\"font-weight: 400\"><a href=\"http:\/\/www2.uepg.br\/portaldaslicenciaturas\/wp-content\/uploads\/sites\/14\/2019\/04\/Parecer-015-2009.pdf\" target=\"_blank\" rel=\"noopener noreferrer\">Parecer CNE\/CP n\u00ba 15\/2009, aprovado em 4 de agosto de 2009<\/a>\u00a0<\/span><span style=\"font-weight: 400\"><br \/>\n<\/span><span style=\"font-weight: 400\">Consulta sobre a categoria profissional do professor de curso livre e de Educa\u00e7\u00e3o Profissional T\u00e9cnica de N\u00edvel M\u00e9dio, com base no Plano Nacional de Educa\u00e7\u00e3o.<\/span><\/li>\n<\/ul>\n<p>&nbsp;<\/p>\n<ul>\n<li style=\"font-weight: 400\"><span style=\"font-weight: 400\"><a href=\"http:\/\/www2.uepg.br\/portaldaslicenciaturas\/wp-content\/uploads\/sites\/14\/2019\/04\/Diretrizes-Nacionais.pdf\" target=\"_blank\" rel=\"noopener noreferrer\">As Diretrizes atuais<\/a> (DCNs) para a forma\u00e7\u00e3o inicial e continuada dos profissionais do magist\u00e9rio da educa\u00e7\u00e3o b\u00e1sica, tendo por base o Parecer CNE\/CP 02\/2015, foram aprovadas pelo \u00a0Conselho Pleno do Conselho Nacional de Educa\u00e7\u00e3o (CNE), em 9 de junho de 2015, e homologado pelo MEC em 24 de junho de 2015.<\/span><\/li>\n<\/ul>\n<p><a href=\"http:\/\/portal.mec.gov.br\/component\/content\/article\/323-secretarias-112877938\/orgaos-vinculados-82187207\/12861-formacao-superior-para-a-docencia-na-educacao-basica?Itemid=164\" target=\"_blank\" rel=\"noopener noreferrer\"><span style=\"font-weight: 400\">Portal Mec: Forma\u00e7\u00e3o Superior para a Doc\u00eancia na Educa\u00e7\u00e3o B\u00e1sica<\/span><\/a><\/p>\n","protected":false},"excerpt":{"rendered":"<p>O processo de elabora\u00e7\u00e3o das propostas de diretrizes curriculares para a gradua\u00e7\u00e3o, conduzido pela SESu, consolidou a dire\u00e7\u00e3o da forma\u00e7\u00e3o para tr\u00eas categorias de carreiras: Bacharelado Acad\u00eamico; Bacharelado Profissionalizante e Licenciatura. \u00a0\u00a0Dessa forma, a Licenciatura ganhou, como determina a nova legisla\u00e7\u00e3o, terminalidade e integralidade pr\u00f3pria em rela\u00e7\u00e3o ao Bacharelado, constituindo-se em um projeto espec\u00edfico. Isso&hellip; <br \/> <a class=\"read-more\" href=\"https:\/\/www2.uepg.br\/portaldaslicenciaturas\/legislacao-da-formacao-de-professores\/\">Leia mais<\/a><\/p>\n","protected":false},"author":24,"featured_media":0,"parent":0,"menu_order":0,"comment_status":"closed","ping_status":"closed","template":"","meta":[],"_links":{"self":[{"href":"https:\/\/www2.uepg.br\/portaldaslicenciaturas\/wp-json\/wp\/v2\/pages\/234"}],"collection":[{"href":"https:\/\/www2.uepg.br\/portaldaslicenciaturas\/wp-json\/wp\/v2\/pages"}],"about":[{"href":"https:\/\/www2.uepg.br\/portaldaslicenciaturas\/wp-json\/wp\/v2\/types\/page"}],"author":[{"embeddable":true,"href":"https:\/\/www2.uepg.br\/portaldaslicenciaturas\/wp-json\/wp\/v2\/users\/24"}],"replies":[{"embeddable":true,"href":"https:\/\/www2.uepg.br\/portaldaslicenciaturas\/wp-json\/wp\/v2\/comments?post=234"}],"version-history":[{"count":10,"href":"https:\/\/www2.uepg.br\/portaldaslicenciaturas\/wp-json\/wp\/v2\/pages\/234\/revisions"}],"predecessor-version":[{"id":286,"href":"https:\/\/www2.uepg.br\/portaldaslicenciaturas\/wp-json\/wp\/v2\/pages\/234\/revisions\/286"}],"wp:attachment":[{"href":"https:\/\/www2.uepg.br\/portaldaslicenciaturas\/wp-json\/wp\/v2\/media?parent=234"}],"curies":[{"name":"wp","href":"https:\/\/api.w.org\/{rel}","templated":true}]}}