{"id":266,"date":"2019-04-12T09:40:58","date_gmt":"2019-04-12T12:40:58","guid":{"rendered":"http:\/\/www2.uepg.br\/portaldaslicenciaturas\/?page_id=266"},"modified":"2019-04-12T09:55:54","modified_gmt":"2019-04-12T12:55:54","slug":"diretrizes-curriculares-nacionais","status":"publish","type":"page","link":"https:\/\/www2.uepg.br\/portaldaslicenciaturas\/diretrizes-curriculares-nacionais\/","title":{"rendered":"Diretrizes Curriculares Nacionais"},"content":{"rendered":"<p><span style=\"font-weight: 400\">A UEPG fez uma adequa\u00e7\u00e3o progressiva das Licenciaturas \u00e0s Diretrizes Curriculares Nacionais de cada uma de modo que em 2004 as Licenciaturas em Ci\u00eancias Biol\u00f3gicas, F\u00edsica, Geografia, Hist\u00f3ria, Letras e Qu\u00edmica iniciaram seus novos curr\u00edculos. Em 2006 foram adequadas as Licenciaturas em Educa\u00e7\u00e3o F\u00edsica e Matem\u00e1tica, seguidas, em 2007, pela Licenciatura em Pedagogia. Nos anos de 2008 e 2009, ocorreram ajustes nas Licenciaturas de Artes Visuais e M\u00fasica.<\/span><\/p>\n<p><span style=\"font-weight: 400\">Al\u00e9m de suas legisla\u00e7\u00f5es espec\u00edficas, todas as Licenciaturas seguem \u00e0s <\/span><a href=\"http:\/\/www2.uepg.br\/portaldaslicenciaturas\/legislacao-da-formacao-de-professores\/\" target=\"_blank\" rel=\"noopener noreferrer\"><span style=\"font-weight: 400\">Diretrizes Curriculares Nacionais para a Forma\u00e7\u00e3o de Professores da Educa\u00e7\u00e3o B\u00e1sica<\/span><\/a><span style=\"font-weight: 400\"> em n\u00edvel superior, curso de licenciatura, de gradua\u00e7\u00e3o plena.<\/span><\/p>\n<h3><b>Artes Visuais<\/b><\/h3>\n<p>\u2022\u00a0<a href=\"http:\/\/www2.uepg.br\/portaldaslicenciaturas\/wp-content\/uploads\/sites\/14\/2019\/04\/Artes-Visuais-Parecer.pdf\" target=\"_blank\" rel=\"noopener noreferrer\">Parecer CNE\/CES n\u00ba 280\/2007, aprovado em 6 de dezembro de 2007<\/a>.<\/p>\n<p>Diretrizes Curriculares Nacionais do Curso de Gradua\u00e7\u00e3o em Artes Visuais, bacharelado e licenciatura.<\/p>\n<p>\u2022\u00a0<a href=\"http:\/\/www2.uepg.br\/portaldaslicenciaturas\/wp-content\/uploads\/sites\/14\/2019\/04\/Artes-Visuais-Resolu%C3%A7%C3%A3o.pdf\" target=\"_blank\" rel=\"noopener noreferrer\">Resolu\u00e7\u00e3o CNE\/CES n\u00ba 1, de 16 janeiro de 2009.<\/a><\/p>\n<p>Aprova as Diretrizes Curriculares Nacionais do Curso de Gradua\u00e7\u00e3o em Artes Visuais e d\u00e1 outras provid\u00eancias.<\/p>\n<p>&nbsp;<\/p>\n<h3><b>Ci\u00eancias Biol\u00f3gicas<\/b><\/h3>\n<ul>\n<li>\u00a0<a href=\"http:\/\/www2.uepg.br\/portaldaslicenciaturas\/wp-content\/uploads\/sites\/14\/2019\/04\/Ci%C3%AAncias-Biol%C3%B3gicas-Parecer.pdf\" target=\"_blank\" rel=\"noopener noreferrer\">Parecer CNE\/CES n\u00ba 1.301, de 6 de novembro de 2001<\/a><\/li>\n<\/ul>\n<p>Aprova as Diretrizes Curriculares Nacionais do curso de gradua\u00e7\u00e3o em Ci\u00eancias Biol\u00f3gicas (Bacharelado e Licenciatura).<\/p>\n<ul>\n<li>\u00a0<a href=\"http:\/\/www2.uepg.br\/portaldaslicenciaturas\/wp-content\/uploads\/sites\/14\/2019\/04\/Ci%C3%AAncias-Biol%C3%B3gicas-Resolu%C3%A7%C3%A3o.pdf\" target=\"_blank\" rel=\"noopener noreferrer\">Resolu\u00e7\u00e3o CNE\/CES n\u00ba 7, de 11 de mar\u00e7o de 2002<\/a><\/li>\n<\/ul>\n<p>Estabelece as Diretrizes Curriculares para os cursos de Ci\u00eancias Biol\u00f3gicas (Bacharelado e Licenciatura).<\/p>\n<p>&nbsp;<\/p>\n<h3><b>Educa\u00e7\u00e3o F\u00edsica<\/b><\/h3>\n<ul>\n<li>\u00a0<a href=\"http:\/\/www2.uepg.br\/portaldaslicenciaturas\/wp-content\/uploads\/sites\/14\/2019\/04\/Educa%C3%A7%C3%A3o-F%C3%ADsica-Parecer-2002.pdf\" target=\"_blank\" rel=\"noopener noreferrer\">Parecer CNE\/CES n\u00ba 138, de 3 de abril de 2002.<\/a><\/li>\n<\/ul>\n<p>Diretrizes Curriculares Nacionais do Curso de Gradua\u00e7\u00e3o em Educa\u00e7\u00e3o F\u00edsica.<\/p>\n<ul>\n<li>\u00a0<a href=\"http:\/\/www2.uepg.br\/portaldaslicenciaturas\/wp-content\/uploads\/sites\/14\/2019\/04\/Educa%C3%A7%C3%A3o-F%C3%ADsica-Parecer-2004.pdf\" target=\"_blank\" rel=\"noopener noreferrer\">Parecer CNE\/CES n\u00ba 58, de 18 de fevereiro de 2004.<\/a><\/li>\n<\/ul>\n<p>Diretrizes Curriculares Nacionais para os cursos de gradua\u00e7\u00e3o em Educa\u00e7\u00e3o F\u00edsica.<\/p>\n<ul>\n<li>\u00a0<a href=\"http:\/\/www2.uepg.br\/portaldaslicenciaturas\/wp-content\/uploads\/sites\/14\/2019\/04\/Educa%C3%A7%C3%A3o-F%C3%ADsica-Resolu%C3%A7%C3%A3o-2004.pdf\" target=\"_blank\" rel=\"noopener noreferrer\">Resolu\u00e7\u00e3o CNE\/CES n\u00ba 7, de 31 de mar\u00e7o de 2004.<\/a><\/li>\n<\/ul>\n<p>Institui as Diretrizes Curriculares Nacionais para os cursos de gradua\u00e7\u00e3o em Educa\u00e7\u00e3o F\u00edsica, em n\u00edvel superior de gradua\u00e7\u00e3o plena.<\/p>\n<ul>\n<li>\u00a0<a href=\"http:\/\/www2.uepg.br\/portaldaslicenciaturas\/wp-content\/uploads\/sites\/14\/2019\/04\/Educa%C3%A7%C3%A3o-F%C3%ADsica-Parecer-2005.pdf\" target=\"_blank\" rel=\"noopener noreferrer\">Parecer CNE\/CES n\u00ba 400, aprovado em 24 de novembro de 2005.<\/a><\/li>\n<\/ul>\n<p>Consulta sobre a aplica\u00e7\u00e3o das Diretrizes Curriculares Nacionais para a Forma\u00e7\u00e3o de Professores da Educa\u00e7\u00e3o B\u00e1sica e das Diretrizes Curriculares Nacionais para os cursos de gradua\u00e7\u00e3o em Educa\u00e7\u00e3o F\u00edsica ao curso de Educa\u00e7\u00e3o F\u00edsica (licenciatura), tendo em vista a Resolu\u00e7\u00e3o CONFEF n\u00ba 94\/2005.<\/p>\n<ul>\n<li>\u00a0<a href=\"http:\/\/www2.uepg.br\/portaldaslicenciaturas\/wp-content\/uploads\/sites\/14\/2019\/04\/Educa%C3%A7%C3%A3o-F%C3%ADsica-Parecer-2007.pdf\" target=\"_blank\" rel=\"noopener noreferrer\">Parecer CNE\/CES n\u00ba 142\/2007, aprovado em 14 de junho de 2007.<\/a><\/li>\n<\/ul>\n<p>Altera\u00e7\u00e3o do \u00a7 3\u00ba do art. 10 da Resolu\u00e7\u00e3o CNE\/CES n\u00ba 7\/2004, que institui as Diretrizes Curriculares Nacionais para os cursos de gradua\u00e7\u00e3o em Educa\u00e7\u00e3o F\u00edsica, em n\u00edvel superior de gradua\u00e7\u00e3o plena.<\/p>\n<ul>\n<li>\u00a0<a href=\"http:\/\/www2.uepg.br\/portaldaslicenciaturas\/wp-content\/uploads\/sites\/14\/2019\/04\/Educa%C3%A7%C3%A3o-F%C3%ADsica-Resolu%C3%A7%C3%A3o-2007.pdf\" target=\"_blank\" rel=\"noopener noreferrer\">Resolu\u00e7\u00e3o CNE\/CES n\u00ba 7, de 4 de outubro de 2007.<\/a><\/li>\n<\/ul>\n<p>Altera o \u00a7 3\u00ba do art. 10 da Resolu\u00e7\u00e3o CNE\/CES n\u00ba 7\/2004, que institui as Diretrizes Curriculares Nacionais para os cursos de gradua\u00e7\u00e3o em Educa\u00e7\u00e3o F\u00edsica, em n\u00edvel superior de gradua\u00e7\u00e3o plena.<\/p>\n<p>&nbsp;<\/p>\n<h3><b>Geografia<\/b><\/h3>\n<ul>\n<li><a href=\"http:\/\/www2.uepg.br\/portaldaslicenciaturas\/wp-content\/uploads\/sites\/14\/2019\/04\/Geografia-Parecer-492_2001.pdf\" target=\"_blank\" rel=\"noopener noreferrer\">Parecer CNE\/CES n\u00ba 492, de 3 de abril de 2001.<\/a><\/li>\n<\/ul>\n<p>Aprova as Diretrizes Curriculares Nacionais dos cursos de Arquivologia, Biblioteconomia, Ci\u00eancias Sociais \u2013 Antropologia, Ci\u00eancia Pol\u00edtica e Sociologia, Comunica\u00e7\u00e3o Social, Filosofia, Geografia, Hist\u00f3ria, Letras, Museologia e Servi\u00e7o Social.<\/p>\n<ul>\n<li><a href=\"http:\/\/www2.uepg.br\/portaldaslicenciaturas\/wp-content\/uploads\/sites\/14\/2019\/04\/Geografia-Parecer-1363_2001.pdf\" target=\"_blank\" rel=\"noopener noreferrer\">Parecer CNE\/CES n.\u00ba 1.363, de 12 de dezembro de 2001.<\/a><\/li>\n<\/ul>\n<p>Retifica o Parecer CNE\/CES n.\u00ba 492, de 3 de abril de 2001, que aprova as Diretrizes Curriculares Nacionais dos cursos de Arquivologia, Biblioteconomia, Ci\u00eancias Sociais \u2013 Antropologia, Ci\u00eancia Pol\u00edtica e Sociologia, Comunica\u00e7\u00e3o Social, Filosofia, Geografia, Hist\u00f3ria, Letras, Museologia e Servi\u00e7o Social.<\/p>\n<ul>\n<li><a href=\"http:\/\/www2.uepg.br\/portaldaslicenciaturas\/wp-content\/uploads\/sites\/14\/2019\/04\/Geografia-Parecer-492_2001.pdf\" target=\"_blank\" rel=\"noopener noreferrer\">Parecer CNE\/CES n\u00ba 492, de 3 de abril de 2001.<\/a><\/li>\n<\/ul>\n<p>Aprova as Diretrizes Curriculares Nacionais dos cursos de Arquivologia, Biblioteconomia, Ci\u00eancias Sociais \u2013 Antropologia, Ci\u00eancia Pol\u00edtica e Sociologia, Comunica\u00e7\u00e3o Social, Filosofia, Geografia, Hist\u00f3ria, Letras, Museologia e Servi\u00e7o Social.<\/p>\n<ul>\n<li><a href=\"http:\/\/www2.uepg.br\/portaldaslicenciaturas\/wp-content\/uploads\/sites\/14\/2019\/04\/Geografia-Resolu%C3%A7%C3%A3o-2002.pdf\" target=\"_blank\" rel=\"noopener noreferrer\">Resolu\u00e7\u00e3o CNE\/CES n\u00ba 14, de 13 de mar\u00e7o de 2002.<\/a><\/li>\n<\/ul>\n<p>Estabelece as Diretrizes Curriculares para os cursos de Geografia.<\/p>\n<p>&nbsp;<\/p>\n<h3><b>Hist\u00f3ria<\/b><\/h3>\n<ul>\n<li>\u00a0<a href=\"http:\/\/www2.uepg.br\/portaldaslicenciaturas\/wp-content\/uploads\/sites\/14\/2019\/04\/Geografia-Hist%C3%B3ria-Letras-Parecer-492_2001.pdf\" target=\"_blank\" rel=\"noopener noreferrer\">Parecer CNE\/CES n\u00ba 492, de 3 de abril de 2001.<\/a><\/li>\n<\/ul>\n<p>Aprova as Diretrizes Curriculares Nacionais dos cursos de Arquivologia, Biblioteconomia, Ci\u00eancias Sociais \u2013 Antropologia, Ci\u00eancia Pol\u00edtica e Sociologia, Comunica\u00e7\u00e3o Social, Filosofia, Geografia, Hist\u00f3ria, Letras, Museologia e Servi\u00e7o Social.<\/p>\n<ul>\n<li>\u00a0<a href=\"http:\/\/www2.uepg.br\/portaldaslicenciaturas\/wp-content\/uploads\/sites\/14\/2019\/04\/Geografia-Hist%C3%B3ria-Letras-Parecer-1363_2001.pdf\" target=\"_blank\" rel=\"noopener noreferrer\">Parecer CNE\/CES n\u00ba 1.363, de 12 de dezembro de 2001.<\/a><\/li>\n<\/ul>\n<p>Retifica o Parecer CNE\/CES n.\u00ba 492, de 3 de abril de 2001, que aprova as Diretrizes Curriculares Nacionais dos cursos de Arquivologia, Biblioteconomia, Ci\u00eancias Sociais \u2013 Antropologia, Ci\u00eancia Pol\u00edtica e Sociologia, Comunica\u00e7\u00e3o Social, Filosofia, Geografia, Hist\u00f3ria, Letras, Museologia e Servi\u00e7o Social.<\/p>\n<ul>\n<li>\u00a0<a href=\"http:\/\/www2.uepg.br\/portaldaslicenciaturas\/wp-content\/uploads\/sites\/14\/2019\/04\/Hist%C3%B3ria-Resolu%C3%A7%C3%A3o-2002.pdf\" target=\"_blank\" rel=\"noopener noreferrer\">Resolu\u00e7\u00e3o CNE\/CES n\u00ba 13, de 13 de mar\u00e7o de 2002.<\/a><\/li>\n<\/ul>\n<p>Estabelece as Diretrizes Curriculares para os cursos de Hist\u00f3ria.<\/p>\n<p>&nbsp;<\/p>\n<h3><b>Letras<\/b><\/h3>\n<ul>\n<li style=\"font-weight: 400\"><span style=\"font-weight: 400\"> \u00a0<\/span><a href=\"http:\/\/www2.uepg.br\/portaldaslicenciaturas\/wp-content\/uploads\/sites\/14\/2019\/04\/Geografia-Hist%C3%B3ria-Letras-Parecer-492_2001.pdf\" target=\"_blank\" rel=\"noopener noreferrer\"><span style=\"font-weight: 400\">Parecer CNE\/CES n\u00ba 492, de 3 de abril de 2001.<\/span><\/a><\/li>\n<\/ul>\n<p><span style=\"font-weight: 400\">Aprova as Diretrizes Curriculares Nacionais dos cursos de Arquivologia, Biblioteconomia, Ci\u00eancias Sociais \u2013 Antropologia, Ci\u00eancia Pol\u00edtica e Sociologia, Comunica\u00e7\u00e3o Social, Filosofia, Geografia, Hist\u00f3ria, Letras, Museologia e Servi\u00e7o Social.<\/span><\/p>\n<ul>\n<li style=\"font-weight: 400\"><span style=\"font-weight: 400\"> \u00a0<\/span><a href=\"http:\/\/www2.uepg.br\/portaldaslicenciaturas\/wp-content\/uploads\/sites\/14\/2019\/04\/Geografia-Hist%C3%B3ria-Letras-Parecer-1363_2001.pdf\" target=\"_blank\" rel=\"noopener noreferrer\"><span style=\"font-weight: 400\">Parecer CNE\/CES n\u00ba 1.363, de 12 de dezembro de 2001.<\/span><\/a><\/li>\n<\/ul>\n<p><span style=\"font-weight: 400\">Retifica o Parecer CNE\/CES n.\u00ba 492, de 3 de abril de 2001, que aprova as Diretrizes Curriculares Nacionais dos cursos de Arquivologia, Biblioteconomia, Ci\u00eancias Sociais \u2013 Antropologia, Ci\u00eancia Pol\u00edtica e Sociologia, Comunica\u00e7\u00e3o Social, Filosofia, Geografia, Hist\u00f3ria, Letras, Museologia e Servi\u00e7o Social.<\/span><\/p>\n<ul>\n<li style=\"font-weight: 400\"><span style=\"font-weight: 400\"> \u00a0<\/span><a href=\"http:\/\/www2.uepg.br\/portaldaslicenciaturas\/wp-content\/uploads\/sites\/14\/2019\/04\/Letras-Resolu%C3%A7%C3%A3o-2002.pdf\" target=\"_blank\" rel=\"noopener noreferrer\"><span style=\"font-weight: 400\">Resolu\u00e7\u00e3o CNE\/CES n\u00ba 18, de 13 de mar\u00e7o de 2002.<\/span><\/a><\/li>\n<\/ul>\n<p><span style=\"font-weight: 400\">Estabelece as Diretrizes Curriculares para os cursos de Letras.<\/span><\/p>\n<ul>\n<li style=\"font-weight: 400\"><span style=\"font-weight: 400\"> \u00a0<\/span><a href=\"http:\/\/www2.uepg.br\/portaldaslicenciaturas\/wp-content\/uploads\/sites\/14\/2019\/04\/Letras-Parecer-223_2006.pdf\" target=\"_blank\" rel=\"noopener noreferrer\"><span style=\"font-weight: 400\">Parecer CNE\/CES n\u00ba 223, de 20 de setembro de 2006.<\/span><\/a><\/li>\n<\/ul>\n<p><span style=\"font-weight: 400\">Consulta sobre a implanta\u00e7\u00e3o das novas diretrizes curriculares, formulada pela Universidade Estadual de Ponta Grossa.<\/span><\/p>\n<ul>\n<li style=\"font-weight: 400\"><span style=\"font-weight: 400\"> \u00a0<\/span><a href=\"http:\/\/www2.uepg.br\/portaldaslicenciaturas\/wp-content\/uploads\/sites\/14\/2019\/04\/Letras-Parecer-2007.pdf\" target=\"_blank\" rel=\"noopener noreferrer\"><span style=\"font-weight: 400\">Parecer CNE\/CES n\u00ba 83\/2007, aprovado em 29 de mar\u00e7o de 2007.<\/span><\/a><\/li>\n<\/ul>\n<p><span style=\"font-weight: 400\">Consulta sobre a estrutura\u00e7\u00e3o do curso de Licenciatura em Letras, tendo em vista as Diretrizes Curriculares Nacionais para os Cursos de Gradua\u00e7\u00e3o em Letras e para a Forma\u00e7\u00e3o de Professores.<\/span><\/p>\n<ul>\n<li style=\"font-weight: 400\"><span style=\"font-weight: 400\"> \u00a0<\/span><a href=\"http:\/\/www2.uepg.br\/portaldaslicenciaturas\/wp-content\/uploads\/sites\/14\/2019\/04\/Letras-Parecer-2009.pdf\" target=\"_blank\" rel=\"noopener noreferrer\"><span style=\"font-weight: 400\">Parecer CNE\/CP n\u00ba 5\/2009, aprovado em 5 de maio de 2009.<\/span><\/a><\/li>\n<\/ul>\n<p><span style=\"font-weight: 400\">Consulta sobre a licenciatura em Espanhol por complementa\u00e7\u00e3o de estudos.<\/span><\/p>\n<p>&nbsp;<\/p>\n<h3><b>Matem\u00e1tica<\/b><\/h3>\n<ul>\n<li>\u00a0<a href=\"http:\/\/www2.uepg.br\/portaldaslicenciaturas\/wp-content\/uploads\/sites\/14\/2019\/04\/Matem%C3%A1tica-Parecer-1302_2001.pdf\" target=\"_blank\" rel=\"noopener noreferrer\">Parecer CNE\/CES n\u00ba 1.302, de 6 de novembro de 2001.<\/a><\/li>\n<\/ul>\n<p>Diretrizes Curriculares Nacionais para os Cursos de Matem\u00e1tica, Bacharelado e Licenciatura.<\/p>\n<ul>\n<li>\u00a0<a href=\"http:\/\/www2.uepg.br\/portaldaslicenciaturas\/wp-content\/uploads\/sites\/14\/2019\/04\/Matem%C3%A1tica-Resolu%C3%A7%C3%A3o-2003.pdf\" target=\"_blank\" rel=\"noopener noreferrer\">Resolu\u00e7\u00e3o CNE\/CES n\u00ba 3, de 18 de fevereiro de 2003.<\/a><\/li>\n<\/ul>\n<p>Institui Diretrizes Curriculares Nacionais dos Cursos de Gradua\u00e7\u00e3o em Matem\u00e1tica.<\/p>\n<p>&nbsp;<\/p>\n<h3><b>M\u00fasica<\/b><\/h3>\n<ul>\n<li>\u00a0<a href=\"http:\/\/www2.uepg.br\/portaldaslicenciaturas\/wp-content\/uploads\/sites\/14\/2019\/04\/M%C3%BAsica-Parecer-2002.pdf\" target=\"_blank\" rel=\"noopener noreferrer\">Parecer CNE\/CES n\u00ba 146, de 3 de abril de 2002.<\/a><\/li>\n<\/ul>\n<p>Aprova as Diretrizes Curriculares Nacionais dos Cursos de Gradua\u00e7\u00e3o em Administra\u00e7\u00e3o, Ci\u00eancias Cont\u00e1beis, Ci\u00eancias Econ\u00f4micas, Dan\u00e7a, Design, Direito, Hotelaria, M\u00fasica, Secretariado Executivo, Teatro e Turismo.<\/p>\n<ul>\n<li>\u00a0<a href=\"http:\/\/www2.uepg.br\/portaldaslicenciaturas\/wp-content\/uploads\/sites\/14\/2019\/04\/M%C3%BAsica-Parecer-2003.pdf\" target=\"_blank\" rel=\"noopener noreferrer\">Parecer CNE\/CES n\u00ba 195, de 5 de agosto de 2003.<\/a><\/li>\n<\/ul>\n<p>Diretrizes Curriculares Nacionais dos cursos de gradua\u00e7\u00e3o em M\u00fasica, Dan\u00e7a, Teatro e Design.<\/p>\n<ul>\n<li>\u00a0<a href=\"http:\/\/www2.uepg.br\/portaldaslicenciaturas\/wp-content\/uploads\/sites\/14\/2019\/04\/M%C3%BAsica-Resolu%C3%A7%C3%A3o-2004.pdf\" target=\"_blank\" rel=\"noopener noreferrer\">Resolu\u00e7\u00e3o CNE\/CES n\u00ba 2, de 8 de mar\u00e7o de 2004.<\/a><\/li>\n<\/ul>\n<p>Aprova as Diretrizes Curriculares Nacionais do Curso de Gradua\u00e7\u00e3o em M\u00fasica e d\u00e1 outras provid\u00eancias<\/p>\n<p>&nbsp;<\/p>\n<h3><b>Pedagogia<\/b><\/h3>\n<ul>\n<li>\u00a0<a href=\"http:\/\/www2.uepg.br\/portaldaslicenciaturas\/wp-content\/uploads\/sites\/14\/2019\/04\/Pedagogia-Parecer-2005.pdf\" target=\"_blank\" rel=\"noopener noreferrer\">Parecer CNE\/CP n\u00ba 5, de 13 de dezembro de 2005.<\/a><\/li>\n<\/ul>\n<p>Diretrizes Curriculares Nacionais para o Curso de Pedagogia.<\/p>\n<ul>\n<li>\u00a0<a href=\"http:\/\/www2.uepg.br\/portaldaslicenciaturas\/wp-content\/uploads\/sites\/14\/2019\/04\/Pedagogia-Parecer-2006.pdf\" target=\"_blank\" rel=\"noopener noreferrer\">Parecer CNE\/CP n\u00ba 3, de 21 de fevereiro de 2006.<\/a><\/li>\n<\/ul>\n<p>Reexame do Parecer CNE\/CP n\u00ba 5\/2005, que trata das Diretrizes Curriculares Nacionais para o Curso de Pedagogia.<\/p>\n<ul>\n<li>\u00a0<a href=\"http:\/\/www2.uepg.br\/portaldaslicenciaturas\/wp-content\/uploads\/sites\/14\/2019\/04\/Pedagogia-Resolu%C3%A7%C3%A3o-2006.pdf\" target=\"_blank\" rel=\"noopener noreferrer\">Resolu\u00e7\u00e3o CNE\/CP n\u00ba 1, de 15 de maio de 2006.<\/a><\/li>\n<\/ul>\n<p>Institui Diretrizes Curriculares Nacionais para o Curso de Gradua\u00e7\u00e3o em Pedagogia, licenciatura.<\/p>\n<ul>\n<li>\u00a0<a href=\"http:\/\/www2.uepg.br\/portaldaslicenciaturas\/wp-content\/uploads\/sites\/14\/2019\/04\/Pedagogia-Parecer-2007.pdf\" target=\"_blank\" rel=\"noopener noreferrer\">Parecer CNE\/CP n\u00ba 3, de 17 de abril de 2007.<\/a><\/li>\n<\/ul>\n<p>Consulta sobre a implanta\u00e7\u00e3o das Diretrizes Curriculares Nacionais para o curso de Pedagogia, decorrentes da aprova\u00e7\u00e3o dos Pareceres CNE\/CP n\u00ba 5\/2005 e n\u00ba 3\/2006, bem como da publica\u00e7\u00e3o da Resolu\u00e7\u00e3o CNE\/CP n\u00ba 1\/2006.<\/p>\n<ul>\n<li>\u00a0<a href=\"http:\/\/www2.uepg.br\/portaldaslicenciaturas\/wp-content\/uploads\/sites\/14\/2019\/04\/Pedagogia-Parecer-2009.pdf\" target=\"_blank\" rel=\"noopener noreferrer\">Parecer CNE\/CP n\u00ba 9\/2009, aprovado em 2 de junho de 2009.<\/a><\/li>\n<\/ul>\n<p>Esclarecimento sobre a qualifica\u00e7\u00e3o dos Licenciados em Pedagogia antes da Lei n\u00ba 9.394\/96 para o exerc\u00edcio das atuais fun\u00e7\u00f5es de gest\u00e3o escolar e atividades correlatas; e sobre a complementa\u00e7\u00e3o de estudos, com apostilamento.<\/p>\n<p>&nbsp;<\/p>\n<h3><b>Qu\u00edmica<\/b><\/h3>\n<ul>\n<li style=\"font-weight: 400\"><span style=\"font-weight: 400\"> \u00a0<\/span><a href=\"http:\/\/www2.uepg.br\/portaldaslicenciaturas\/wp-content\/uploads\/sites\/14\/2019\/04\/Qu%C3%ADmica-Parecer-2001.pdf\" target=\"_blank\" rel=\"noopener noreferrer\"><span style=\"font-weight: 400\">Parecer CNE\/CES n.\u00ba 1.303, de 6 de novembro de 2001.<\/span><\/a><\/li>\n<\/ul>\n<p><span style=\"font-weight: 400\">Diretrizes Curriculares Nacionais para os Cursos de Qu\u00edmica.<\/span><\/p>\n<ul>\n<li style=\"font-weight: 400\"><span style=\"font-weight: 400\"> \u00a0<\/span><a href=\"http:\/\/www2.uepg.br\/portaldaslicenciaturas\/wp-content\/uploads\/sites\/14\/2019\/04\/Qu%C3%ADmica-Resolu%C3%A7%C3%A3o-2002.pdf\" target=\"_blank\" rel=\"noopener noreferrer\"><span style=\"font-weight: 400\">Resolu\u00e7\u00e3o CNE\/CES N\u00ba 8, de 11 de mar\u00e7o de 2002.<\/span><\/a><\/li>\n<\/ul>\n<p><span style=\"font-weight: 400\">Estabelece as Diretrizes Curriculares para os cursos de Bacharelado e Licenciatura em Qu\u00edmica.<\/span><\/p>\n","protected":false},"excerpt":{"rendered":"<p>A UEPG fez uma adequa\u00e7\u00e3o progressiva das Licenciaturas \u00e0s Diretrizes Curriculares Nacionais de cada uma de modo que em 2004 as Licenciaturas em Ci\u00eancias Biol\u00f3gicas, F\u00edsica, Geografia, Hist\u00f3ria, Letras e Qu\u00edmica iniciaram seus novos curr\u00edculos. Em 2006 foram adequadas as Licenciaturas em Educa\u00e7\u00e3o F\u00edsica e Matem\u00e1tica, seguidas, em 2007, pela Licenciatura em Pedagogia. Nos anos&hellip; <br \/> <a class=\"read-more\" href=\"https:\/\/www2.uepg.br\/portaldaslicenciaturas\/diretrizes-curriculares-nacionais\/\">Leia mais<\/a><\/p>\n","protected":false},"author":24,"featured_media":0,"parent":0,"menu_order":0,"comment_status":"closed","ping_status":"closed","template":"","meta":[],"_links":{"self":[{"href":"https:\/\/www2.uepg.br\/portaldaslicenciaturas\/wp-json\/wp\/v2\/pages\/266"}],"collection":[{"href":"https:\/\/www2.uepg.br\/portaldaslicenciaturas\/wp-json\/wp\/v2\/pages"}],"about":[{"href":"https:\/\/www2.uepg.br\/portaldaslicenciaturas\/wp-json\/wp\/v2\/types\/page"}],"author":[{"embeddable":true,"href":"https:\/\/www2.uepg.br\/portaldaslicenciaturas\/wp-json\/wp\/v2\/users\/24"}],"replies":[{"embeddable":true,"href":"https:\/\/www2.uepg.br\/portaldaslicenciaturas\/wp-json\/wp\/v2\/comments?post=266"}],"version-history":[{"count":7,"href":"https:\/\/www2.uepg.br\/portaldaslicenciaturas\/wp-json\/wp\/v2\/pages\/266\/revisions"}],"predecessor-version":[{"id":268,"href":"https:\/\/www2.uepg.br\/portaldaslicenciaturas\/wp-json\/wp\/v2\/pages\/266\/revisions\/268"}],"wp:attachment":[{"href":"https:\/\/www2.uepg.br\/portaldaslicenciaturas\/wp-json\/wp\/v2\/media?parent=266"}],"curies":[{"name":"wp","href":"https:\/\/api.w.org\/{rel}","templated":true}]}}