{"id":281,"date":"2019-04-12T10:04:26","date_gmt":"2019-04-12T13:04:26","guid":{"rendered":"http:\/\/www2.uepg.br\/portaldaslicenciaturas\/?page_id=281"},"modified":"2019-05-03T09:43:54","modified_gmt":"2019-05-03T12:43:54","slug":"disciplinas-articuladoras","status":"publish","type":"page","link":"https:\/\/www2.uepg.br\/portaldaslicenciaturas\/disciplinas-articuladoras\/","title":{"rendered":"Disciplinas Articuladoras"},"content":{"rendered":"<p><span style=\"font-weight: 400\">A &#8220;Disciplina Articuladora&#8221; \u00e9 uma pr\u00e1tica diferenciada nos cursos de Licenciatura da UEPG com o objetivo de atender ao disposto na RESOLU\u00c7\u00c3O CNE\/CP 2, DE 19 DE FEVEREIRO DE 2002, i<\/span><span style=\"font-weight: 400\">nstitui a dura\u00e7\u00e3o e a carga hor\u00e1ria dos cursos de licenciatura, de gradua\u00e7\u00e3o plena, de forma\u00e7\u00e3o de professores da Educa\u00e7\u00e3o B\u00e1sica em n\u00edvel superior, em rela\u00e7\u00e3o \u00e0 dimens\u00e3o &#8221; &#8211; 400 (quatrocentas) horas de pr\u00e1tica como componente curricular, vivenciadas ao longo do curso&#8221;.<\/span><\/p>\n<p>&nbsp;<\/p>\n<p><span style=\"font-weight: 400\">Esta disciplina tem como caracter\u00edsticas principais:<\/span><\/p>\n<ul>\n<li><span style=\"font-weight: 400\">A coordena\u00e7\u00e3o e a articula\u00e7\u00e3o da pr\u00e1tica pedag\u00f3gica enquanto componente Curricular, respeitadas as especificidades de cada Curso;<\/span><\/li>\n<li><span style=\"font-weight: 400\">A articula\u00e7\u00e3o e o conhecimento da s\u00e9rie, oportunizando o espa\u00e7o de discuss\u00e3o e espa\u00e7o aberto para entrela\u00e7amento com outras disciplinas da s\u00e9rie, bem como os demais professores que a ministram;<\/span><\/li>\n<li><span style=\"font-weight: 400\">A apresenta\u00e7\u00e3o de uma integra\u00e7\u00e3o horizontal com as disciplinas ou n\u00facleos de conhecimento da s\u00e9rie e uma integra\u00e7\u00e3o vertical, compreendendo uma sequ\u00eancia l\u00f3gica e um aprofundamento cada vez maior.<\/span><\/li>\n<\/ul>\n<p>&nbsp;<\/p>\n<p><span style=\"font-weight: 400\">Em 13 de fevereiro de 2007, a Disciplina Articuladora foi normatizada atrav\u00e9s de Resolu\u00e7\u00e3o do Conselho de Ensino, Pesquisa e Extens\u00e3o, assumindo as mais diversas denomina\u00e7\u00f5es, de acordo com o proposto em cada Colegiado de Licenciatura espec\u00edfico, as quais s\u00e3o:<\/span><\/p>\n<p><span style=\"font-weight: 400\">Licenciatura em Matem\u00e1tica &#8211; Instrumenta\u00e7\u00e3o para o Ensino de Matem\u00e1tica; Licenciatura em F\u00edsica &#8211; Ensino de F\u00edsica; Licenciatura em Qu\u00edmica \u2013 Ensino de Ci\u00eancias e Qu\u00edmica; Licenciatura em Geografia \u2013 Pr\u00e1tica de Campo; Licenciatura em Pedagogia \u2013 Pr\u00e1tica Pedag\u00f3gica; Licenciatura em Letras \u2013 Pr\u00e1tica; Licenciatura em Hist\u00f3ria \u2013 Oficinas de Hist\u00f3ria; Licenciatura em Ci\u00eancias Biol\u00f3gicas \u2013 Laborat\u00f3rio de Ensino de Ci\u00eancias e Biologia; Licenciatura em \u00a0Educa\u00e7\u00e3o F\u00edsica \u2013 Pr\u00e1tica Educativa-Projeto Integrado; Licenciatura em Artes Visuais \u2013 Pr\u00e1tica Pedag\u00f3gica e Metodologia para o Ensino de Artes Visuais; Licenciatura em M\u00fasica \u2013 Pr\u00e1tica Pedag\u00f3gica e Metodologia para o Ensino de M\u00fasica.<\/span><\/p>\n<p>Conhe\u00e7a a Colet\u00e2nea &#8220;Arquitetura da pr\u00e1tica: intera\u00e7\u00e3o do saber-fazer nas licenciaturas&#8221; -COLOCAR LINK PARA LIVROS E RESENHAS (POSTS)<\/p>\n","protected":false},"excerpt":{"rendered":"<p>A &#8220;Disciplina Articuladora&#8221; \u00e9 uma pr\u00e1tica diferenciada nos cursos de Licenciatura da UEPG com o objetivo de atender ao disposto na RESOLU\u00c7\u00c3O CNE\/CP 2, DE 19 DE FEVEREIRO DE 2002, institui a dura\u00e7\u00e3o e a carga hor\u00e1ria dos cursos de licenciatura, de gradua\u00e7\u00e3o plena, de forma\u00e7\u00e3o de professores da Educa\u00e7\u00e3o B\u00e1sica em n\u00edvel superior, em&hellip; <br \/> <a class=\"read-more\" href=\"https:\/\/www2.uepg.br\/portaldaslicenciaturas\/disciplinas-articuladoras\/\">Leia mais<\/a><\/p>\n","protected":false},"author":24,"featured_media":0,"parent":0,"menu_order":0,"comment_status":"closed","ping_status":"closed","template":"","meta":[],"_links":{"self":[{"href":"https:\/\/www2.uepg.br\/portaldaslicenciaturas\/wp-json\/wp\/v2\/pages\/281"}],"collection":[{"href":"https:\/\/www2.uepg.br\/portaldaslicenciaturas\/wp-json\/wp\/v2\/pages"}],"about":[{"href":"https:\/\/www2.uepg.br\/portaldaslicenciaturas\/wp-json\/wp\/v2\/types\/page"}],"author":[{"embeddable":true,"href":"https:\/\/www2.uepg.br\/portaldaslicenciaturas\/wp-json\/wp\/v2\/users\/24"}],"replies":[{"embeddable":true,"href":"https:\/\/www2.uepg.br\/portaldaslicenciaturas\/wp-json\/wp\/v2\/comments?post=281"}],"version-history":[{"count":7,"href":"https:\/\/www2.uepg.br\/portaldaslicenciaturas\/wp-json\/wp\/v2\/pages\/281\/revisions"}],"predecessor-version":[{"id":518,"href":"https:\/\/www2.uepg.br\/portaldaslicenciaturas\/wp-json\/wp\/v2\/pages\/281\/revisions\/518"}],"wp:attachment":[{"href":"https:\/\/www2.uepg.br\/portaldaslicenciaturas\/wp-json\/wp\/v2\/media?parent=281"}],"curies":[{"name":"wp","href":"https:\/\/api.w.org\/{rel}","templated":true}]}}