{"id":30,"date":"2019-04-11T09:58:43","date_gmt":"2019-04-11T12:58:43","guid":{"rendered":"http:\/\/www2.uepg.br\/portaldaslicenciaturas\/?page_id=30"},"modified":"2019-04-11T13:06:21","modified_gmt":"2019-04-11T16:06:21","slug":"artes-visuais","status":"publish","type":"page","link":"https:\/\/www2.uepg.br\/portaldaslicenciaturas\/artes-visuais\/","title":{"rendered":"Artes Visuais"},"content":{"rendered":"<p><span style=\"font-weight: 400\">\u2022 <a href=\"http:\/\/www2.uepg.br\/portaldaslicenciaturas\/wp-content\/uploads\/sites\/14\/2019\/04\/Artes-Visuais-Parecer.pdf\" target=\"_blank\" rel=\"noopener noreferrer\">Parecer CNE\/CES n\u00ba 280\/2007, aprovado em 6 de dezembro de 2007<\/a>. <\/span><span style=\"font-weight: 400\">Diretrizes Curriculares Nacionais do Curso de Gradua\u00e7\u00e3o em Artes Visuais, bacharelado e licenciatura.<\/span><\/p>\n<p>\u2022 <a href=\"http:\/\/www2.uepg.br\/portaldaslicenciaturas\/wp-content\/uploads\/sites\/14\/2019\/04\/Artes-Visuais-Resolu\u00e7\u00e3o.pdf\" target=\"_blank\" rel=\"noopener noreferrer\">Resolu\u00e7\u00e3o CNE\/CES n\u00ba 1, de 16 janeiro de 2009.<\/a>\u00a0Aprova as Diretrizes Curriculares Nacionais do Curso de Gradua\u00e7\u00e3o em Artes Visuais e d\u00e1 outras provid\u00eancias.<\/p>\n<h3><b>Descri\u00e7\u00e3o do Curso:<\/b><\/h3>\n<p><span style=\"font-weight: 400\">O Curso de Licenciatura em Artes Visuais visa a forma\u00e7\u00e3o de docentes habilitados para a doc\u00eancia em Artes Visuais na Educa\u00e7\u00e3o B\u00e1sica. Docente este capaz de comunicar, interagir e construir o conhecimento art\u00edstico por meio de uma pr\u00e1tica pedag\u00f3gica reflexiva, efetiva e de qualidade, atendendo \u00e0s transforma\u00e7\u00f5es culturais. O Licenciado poder\u00e1, ainda, desenvolver pesquisas em arte, bem como, em \u00e1reas correlatas onde se fa\u00e7am necess\u00e1rios saberes espec\u00edficos e habilidades desenvolvidas durante o curso, bem como, em situa\u00e7\u00f5es onde o potencial criativo e as t\u00e9cnicas art\u00edsticas desenvolvidas possam ser aproveitados. Poder\u00e1 tamb\u00e9m propor, desenvolver e coordenar projetos em institui\u00e7\u00f5es p\u00fablicas e ou privadas, entre outras a\u00e7\u00f5es.<\/span><\/p>\n<p>&nbsp;<\/p>\n<h3><b>Eventos promovidos pelo Curso:<\/b><\/h3>\n<p><b>-Semana de Arte<\/b><span style=\"font-weight: 400\">: O evento \u00e9 voltado a alunos, egressos, profissionais de demais pessoas interessados em adquirir e\/ou ampliar conhecimentos na \u00e1rea de Artes. Conta com palestras, mesas redondas, oficinas, exposi\u00e7\u00f5es e apresenta\u00e7\u00f5es art\u00edsticas. Apresenta um car\u00e1ter estadual e \u00e9 realizado em parceria com outras IES do Estado.<\/span><\/p>\n<p><b>-Palestras<\/b><span style=\"font-weight: 400\">: no decorrer do ano, o curso oferece \u00a0palestras de artistas regionais, estaduais e nacionais.<\/span><\/p>\n<p><span style=\"font-weight: 400\"><strong>-Visitas:<\/strong> o curso propicia visitas a Museus e \u00a0outros espa\u00e7os art\u00edsticos para seus alunos na cidade e em visitas dirigidas a outras cidades e ou regi\u00f5es do pa\u00eds.<\/span><\/p>\n<p><span style=\"font-weight: 400\"><strong>-Oficinas:<\/strong> \u00a0todos os anos os professores e alunos do curso \u00a0oferecem oficinas da \u00e1rea de Artes Visuais para crian\u00e7as, adolescentes e adultos \u00a0em espa\u00e7os formais e informais de ensino. <\/span><\/p>\n<h3><b>Disciplina Articuladora no curso:<\/b><\/h3>\n<p><span style=\"font-weight: 400\">A Disciplina Articuladora do Curso de Licenciatura em Artes \u00e9 denominada Projeto Articulador no Ensino de Artes Visuais ( I,II,III e IV), atuando de 1\u00aa a 4\u00aa s\u00e9rie do curso t<\/span>em como objetivos principais:<\/p>\n<p><span style=\"font-weight: 400\">a)Conhecer a hist\u00f3ria do ensino das artes visuais em suas dimens\u00f5es social, pol\u00edtica e econ\u00f4mica.<\/span><\/p>\n<p><span style=\"font-weight: 400\">b) Compreender o contexto social em que atuar\u00e1 o professor de Artes Visuais.<\/span><\/p>\n<p><span style=\"font-weight: 400\">c) Analisar de maneira cr\u00edtica as quest\u00f5es pol\u00edticas e legislativas que regulamentam o ensino de Artes Visuais e a produ\u00e7\u00e3o de materiais did\u00e1ticos. <\/span><\/p>\n<p><span style=\"font-weight: 400\">d)Problematizar a organiza\u00e7\u00e3o e a pr\u00e1tica do ensino das Artes Visuais nas diversas modalidades da Educa\u00e7\u00e3o B\u00e1sica e em espa\u00e7os n\u00e3o formais.<\/span><\/p>\n<p><span style=\"font-weight: 400\">e)Elaborar e desenvolver \u201cProjeto Articulador Interdisciplinar para o ensino de Artes Visuais\u201d, com temas ligados \u00e0s disciplinas do ano vigente.<\/span><\/p>\n<p><span style=\"font-weight: 400\">Esta Disciplina \u00e9 organizadas de forma interdisciplinar, procurando estabelecer conex\u00f5es entre as demais disciplinas do ano correspondente e temas relacionados ao ensino de Artes Visuais.<\/span><\/p>\n<p><span style=\"font-weight: 400\">A disciplina \u00e9 ministrada por meio de debates, semin\u00e1rios, aulas expositivas e organiza\u00e7\u00e3o de uma mesa redonda, com participa\u00e7\u00e3o de pesquisadores e profissionais da educa\u00e7\u00e3o.<\/span><\/p>\n<p>&nbsp;<\/p>\n<h3><b> Sites e blogs do curso:<\/b><\/h3>\n<p><b>Grupo de Pesquisa em Artes Visuais, Educa\u00e7\u00e3o e Cultura<\/b><span style=\"font-weight: 400\"> \u2013 O GEPAVEC<\/span><span style=\"font-weight: 400\"> desenvolve pesquisas tanto no \u00e2mbito da gradua\u00e7\u00e3o como na P\u00f3s-Gradua\u00e7\u00e3o,com Universidades Nacionais e Internacionais coopera\u00e7\u00e3o t\u00e9cnica com a Universidade de la Republica del Uruguay com P\u00f3s-Gradua\u00e7\u00e3o em Educa\u00e7\u00e3o &#8211; UFSM at\u00e9 2008. O grupo possui dois doutores em Educa\u00e7\u00e3o,4 doutorandas,dois no exterior concluindo e dois no Brasil,sendo um em fase de defesa final, 4 Mestres e com 5 bolsas de inicia\u00e7\u00e3o cient\u00edfica PIBIC\/CNPq,e demais pesquisadores.<\/span><\/p>\n<p><b>Semana Acad\u00eamica<\/b><span style=\"font-weight: 400\"> \u2013 o<\/span><a href=\"http:\/\/artesvisuais-uepg.blogspot.com\/\" target=\"_blank\" rel=\"noopener noreferrer\"><span style=\"font-weight: 400\"> Blog Artes Visuais e M\u00fasica UEPG<\/span><\/a><span style=\"font-weight: 400\"> tem como objetivo divulgar as semanas acad\u00eamicas, por meio dele pode-se acessar inscri\u00e7\u00e3o, dados, etc das semanas a serem realizadas. Bem como um hist\u00f3rico das semanas realizadas nos anos anteriores.<\/span><\/p>\n<h3><a href=\"http:\/\/www.uepg.br\/catalogo\/cursos\/licenciatura_artes.html\"><span style=\"font-weight: 400\"><strong>Estrutura do Curso<\/strong> (clique aqui)<\/span><\/a><\/h3>\n","protected":false},"excerpt":{"rendered":"<p>\u2022 Parecer CNE\/CES n\u00ba 280\/2007, aprovado em 6 de dezembro de 2007. Diretrizes Curriculares Nacionais do Curso de Gradua\u00e7\u00e3o em Artes Visuais, bacharelado e licenciatura. \u2022 Resolu\u00e7\u00e3o CNE\/CES n\u00ba 1, de 16 janeiro de 2009.\u00a0Aprova as Diretrizes Curriculares Nacionais do Curso de Gradua\u00e7\u00e3o em Artes Visuais e d\u00e1 outras provid\u00eancias. Descri\u00e7\u00e3o do Curso: O Curso&hellip; <br \/> <a class=\"read-more\" href=\"https:\/\/www2.uepg.br\/portaldaslicenciaturas\/artes-visuais\/\">Leia mais<\/a><\/p>\n","protected":false},"author":24,"featured_media":0,"parent":0,"menu_order":0,"comment_status":"closed","ping_status":"closed","template":"","meta":[],"_links":{"self":[{"href":"https:\/\/www2.uepg.br\/portaldaslicenciaturas\/wp-json\/wp\/v2\/pages\/30"}],"collection":[{"href":"https:\/\/www2.uepg.br\/portaldaslicenciaturas\/wp-json\/wp\/v2\/pages"}],"about":[{"href":"https:\/\/www2.uepg.br\/portaldaslicenciaturas\/wp-json\/wp\/v2\/types\/page"}],"author":[{"embeddable":true,"href":"https:\/\/www2.uepg.br\/portaldaslicenciaturas\/wp-json\/wp\/v2\/users\/24"}],"replies":[{"embeddable":true,"href":"https:\/\/www2.uepg.br\/portaldaslicenciaturas\/wp-json\/wp\/v2\/comments?post=30"}],"version-history":[{"count":11,"href":"https:\/\/www2.uepg.br\/portaldaslicenciaturas\/wp-json\/wp\/v2\/pages\/30\/revisions"}],"predecessor-version":[{"id":110,"href":"https:\/\/www2.uepg.br\/portaldaslicenciaturas\/wp-json\/wp\/v2\/pages\/30\/revisions\/110"}],"wp:attachment":[{"href":"https:\/\/www2.uepg.br\/portaldaslicenciaturas\/wp-json\/wp\/v2\/media?parent=30"}],"curies":[{"name":"wp","href":"https:\/\/api.w.org\/{rel}","templated":true}]}}