{"id":32,"date":"2019-04-11T09:59:34","date_gmt":"2019-04-11T12:59:34","guid":{"rendered":"http:\/\/www2.uepg.br\/portaldaslicenciaturas\/?page_id=32"},"modified":"2019-04-11T14:44:39","modified_gmt":"2019-04-11T17:44:39","slug":"ciencias-biologicas","status":"publish","type":"page","link":"https:\/\/www2.uepg.br\/portaldaslicenciaturas\/ciencias-biologicas\/","title":{"rendered":"Ci\u00eancias Biol\u00f3gicas"},"content":{"rendered":"<ul>\n<li><span style=\"font-weight: 400\"> \u00a0 <\/span><a href=\"http:\/\/www2.uepg.br\/portaldaslicenciaturas\/wp-content\/uploads\/sites\/14\/2019\/04\/Ci\u00eancias-Biol\u00f3gicas-Parecer.pdf\" target=\"_blank\" rel=\"noopener noreferrer\">Parecer CNE\/CES n\u00ba 1.301, de 6 de novembro de 2001<\/a><\/li>\n<\/ul>\n<p><span style=\"font-weight: 400\">Aprova as Diretrizes Curriculares Nacionais do curso de gradua\u00e7\u00e3o em Ci\u00eancias Biol\u00f3gicas (Bacharelado e Licenciatura).<\/span><\/p>\n<ul>\n<li><span style=\"font-weight: 400\"> \u00a0 <\/span><a href=\"http:\/\/www2.uepg.br\/portaldaslicenciaturas\/wp-content\/uploads\/sites\/14\/2019\/04\/Ci\u00eancias-Biol\u00f3gicas-Resolu\u00e7\u00e3o.pdf\" target=\"_blank\" rel=\"noopener noreferrer\">Resolu\u00e7\u00e3o CNE\/CES n\u00ba 7, de 11 de mar\u00e7o de 2002<\/a><\/li>\n<\/ul>\n<p><span style=\"font-weight: 400\">Estabelece as Diretrizes Curriculares para os cursos de Ci\u00eancias Biol\u00f3gicas (Bacharelado e Licenciatura).<\/span><\/p>\n<p>&nbsp;<\/p>\n<h3><b>Profiss\u00e3o: Licenciado em Ci\u00eancias Biol\u00f3gicas<\/b><\/h3>\n<p><span style=\"font-weight: 400\">\u00c9 o profissional que estuda e investiga todos os aspectos relacionados com a vida, atuando como professor do Ensino Fundamental, M\u00e9dio ou Ensino Superior e\/ou pesquisador.<\/span><\/p>\n<p>&nbsp;<\/p>\n<h4><b>O que pode fazer:<\/b><\/h4>\n<ul>\n<li><span style=\"font-weight: 400\">Lecionar no Ensino Fundamental, M\u00e9dio e Superior;<\/span><\/li>\n<li><span style=\"font-weight: 400\">Estudar as fun\u00e7\u00f5es e atividades biol\u00f3gicas dos organismos vivos em diversos tipos de condi\u00e7\u00f5es;<\/span><\/li>\n<li><span style=\"font-weight: 400\">Organizar clubes, Feiras e Exposi\u00e7\u00f5es de Ci\u00eancias;<\/span><\/li>\n<li><span style=\"font-weight: 400\">Realizar projetos em educa\u00e7\u00e3o, meio ambiente e sa\u00fade;<\/span><\/li>\n<li><span style=\"font-weight: 400\">Produzir material did\u00e1tico-pedag\u00f3gico;<\/span><\/li>\n<li><span style=\"font-weight: 400\">Realizar pesquisa b\u00e1sica ou aplicada vinculada \u00e0 \u00e1rea Biol\u00f3gica.<\/span><\/li>\n<\/ul>\n<p>&nbsp;<\/p>\n<h3><b>Campos de atua\u00e7\u00e3o profissional:<\/b><\/h3>\n<p><span style=\"font-weight: 400\">Para o bi\u00f3logo, licenciado, o maior mercado de trabalho \u00e9 o Ensino Fundamental, M\u00e9dio ou Superior. Quanto \u00e0 pesquisa pode atuar nas \u00e1reas de Gen\u00e9tica, Ci\u00eancias Morfol\u00f3gicas, Bot\u00e2nica, Zoologia, Ecologia, Microbiologia, Biologia Econ\u00f4mica, Fisiologia, Biogeografia, Biologia Marinha, Parasitologia Humana, Educa\u00e7\u00e3o Ambiental, Ecoturismo, Avalia\u00e7\u00e3o de Impacto Ambiental, Invent\u00e1rio e Avalia\u00e7\u00e3o do Patrim\u00f4nio Natural, Bioespeleologia, Hidroponia e Administra\u00e7\u00e3o (jardins bot\u00e2nicos, herb\u00e1rios, museus de hist\u00f3ria natural, jardins zool\u00f3gicos, exposi\u00e7\u00f5es biol\u00f3gicas, recursos aqu\u00e1ticos, unidades de conserva\u00e7\u00e3o, biot\u00e9rios) e muitas outras atividades. Maiores informa\u00e7\u00f5es no <\/span><a href=\"http:\/\/www.cfbio.org.br\/\" target=\"_blank\" rel=\"noopener noreferrer\"><span style=\"font-weight: 400\">Conselho Federal de Biologia<\/span><\/a>.<\/p>\n<p>&nbsp;<\/p>\n<h3><b>Requisitos pessoais necess\u00e1rios:<\/b><\/h3>\n<p><span style=\"font-weight: 400\">O pretendente a este curso dever\u00e1 ter voca\u00e7\u00e3o por atividades did\u00e1ticas, tend\u00eancia para estudo da natureza, interesse por atividades cient\u00edficas, capacidade de organiza\u00e7\u00e3o e exatid\u00e3o no trabalho em equipe e capacidade de lideran\u00e7a e empreendedorismo.<\/span><\/p>\n<p>&nbsp;<\/p>\n<h3><b>Perspectivas da profiss\u00e3o:<\/b><\/h3>\n<p><span style=\"font-weight: 400\">Atualmente, o mercado de trabalho para os bi\u00f3logos est\u00e1 em crescimento. Al\u00e9m da educa\u00e7\u00e3o formal, um Licenciado em Ci\u00eancias Biol\u00f3gicas, devidamente especializado, pode desenvolver trabalhos nas \u00e1reas citadas acima.<\/span><\/p>\n<p>&nbsp;<\/p>\n<h3><b>A Disciplina Articuladora:<\/b><\/h3>\n<p><span style=\"font-weight: 400\">Criada desde o ano de 2002, a disciplina articuladora do Curso de Licenciatura em Ci\u00eancias Biol\u00f3gicas da UEPG \u00e9 ofertada nos quatro anos do curso, com os nomes de Laborat\u00f3rio de Ensino em Ci\u00eancias e Biologia I, II, III, e IV. Ao longo dos anos, essas disciplinas sofreram muitas reformula\u00e7\u00f5es em seus programas, e atualmente desenvolve-se com dinamismo e interatividade, efetivada nas principais atua\u00e7\u00f5es:<\/span><\/p>\n<p><span style=\"font-weight: 400\">a)An\u00e1lise das ementas e conte\u00fados das disciplinas espec\u00edficas da s\u00e9rie, articulando o conte\u00fado na perspectiva CTS (Ci\u00eancia-Tecnologia-Sociedade) na 1\u00aa s\u00e9rie; com os Par\u00e2metros Curriculares Nacionais (PCN) na 2\u00aa s\u00e9rie; com os Livros did\u00e1ticos espec\u00edficos, na 3\u00aa s\u00e9rie; e com o tema S\u00f3cio-Ambiental, na 4\u00aa s\u00e9rie do curso.<\/span><\/p>\n<p><span style=\"font-weight: 400\"> b)Desenvolvimento de atividades propostas pelos professores das disciplinas espec\u00edficas de cada s\u00e9rie do curso, voltadas ao ensino de ci\u00eancias e biologia. Discuss\u00e3o do embasamento te\u00f3rico das atividades propostas ; an\u00e1lise de artigos em educa\u00e7\u00e3o. <\/span><\/p>\n<p><span style=\"font-weight: 400\">c)Desenvolvimento de Feira de Ci\u00eancia relacionada \u00e0s disciplinas espec\u00edficas da 3\u00aa s\u00e9rie do curso de Licenciatura em Ci\u00eancias Biol\u00f3gicas e desenvolvimento de projetos de trabalho relacionados \u00e0s disciplinas espec\u00edficas (educa\u00e7\u00e3o sexual, educa\u00e7\u00e3o ambiental, preven\u00e7\u00e3o ao uso de drogas e etc).<\/span><\/p>\n<p><span style=\"font-weight: 400\">d) Eventos de extens\u00e3o: recebendo na UEPG, alunos do ensino formal fundamental, m\u00e9dio e 3\u00aa idade; levar aos espa\u00e7os n\u00e3o formais de ensino, temas relativos \u00e0 biologia, para diferentes p\u00fablicos.<\/span><\/p>\n<p><span style=\"font-weight: 400\">e) Elabora\u00e7\u00e3o do projeto de atividade de pesquisa, voltado ao ensino de ci\u00eancias e\/ou biologia.<\/span><\/p>\n<p><span style=\"font-weight: 400\">f) TCD (trabalho de conclus\u00e3o de disciplina): desenvolvimento e apresenta\u00e7\u00e3o do artigo final, relativo ao projeto elaborado no ano anterior. <\/span><\/p>\n<p><span style=\"font-weight: 400\">g) Prepara\u00e7\u00e3o da Mostra de Laborat\u00f3rio de Ensino de Ci\u00eancias e Biologia no decorrer do ano letivo.<\/span><\/p>\n<p>&nbsp;<\/p>\n<h3><b>Laborat\u00f3rio de Ensino de Licenciatura e Ci\u00eancias Biol\u00f3gicas<\/b><\/h3>\n<p><span style=\"font-weight: 400\">O Laborat\u00f3rio de Ensino de Licenciatura em Ci\u00eancias e Biologia recebeu recursos pelo Programa de Consolida\u00e7\u00e3o das Licenciaturas &#8211; Prodoc\u00eancia, no edital 2008 que foram alocados na sala 51 do bloco M, que pertence ao DeBIOGEM. Esse espa\u00e7o oportunizou aos acad\u00eamicos desenvolverem as aulas e mais atividades de ensino articuladas como o PIBID. Tamb\u00e9m nessa sala s\u00e3o realizadas as defesas de Trabalho de Conclus\u00e3o, pelos alunos da 4\u00aa s\u00e9rie.<\/span><\/p>\n<p>&nbsp;<\/p>\n<h3><b>Eventos Relativos ao Curso:<\/b><\/h3>\n<p><b>Mostra de Laborat\u00f3rio de Ensino em Ci\u00eancias e Biologia<\/b><span style=\"font-weight: 400\"> \u2013 organizada pelos professores das disciplinas articuladoras, pelo colegiado de curso e pelos acad\u00eamicos;<\/span><\/p>\n<p><b>F\u00f3rum das Licenciaturas<\/b><span style=\"font-weight: 400\"> \u2013 organizado pela <\/span><b>COPELIC <\/b><span style=\"font-weight: 400\">(Comiss\u00e3o Permanente das Licenciaturas) e pela PROGRAD (Pr\u00f3-Reitoria de Gradua\u00e7\u00e3o);<\/span><\/p>\n<p><b>SAEB (Semana Acad\u00eamicas de Estudos em Biologia) <\/b><span style=\"font-weight: 400\">\u2013 organizada pelo Centro Acad\u00eamico Erasmus Darwin e por Professores dos cursos de Biologia da UEPG.<\/span><\/p>\n<p><span style=\"font-weight: 400\">Editais concorridos e aprovados com participa\u00e7\u00e3o do Curso de Licenciatura em Ci\u00eancias biol\u00f3gicas: <\/span><b>PRODOC\u00caNCIA, PIBID<\/b> e<b> UNIVERSIDADE SEM FRONTEIRAS<\/b><span style=\"font-weight: 400\">.<\/span><\/p>\n<p><span style=\"font-weight: 400\">Acesse tamb\u00e9m o <\/span><a href=\"http:\/\/aulasdebotanica.blogspot.com\/\" target=\"_blank\" rel=\"noopener noreferrer\"><span style=\"font-weight: 400\">blog da Prof\u00aa Dr\u00aa Dalva Cassie Cassie Rocha<\/span><\/a><span style=\"font-weight: 400\"> sobre Bot\u00e2nica. <\/span><\/p>\n<p><a href=\"http:\/\/www.uepg.br\/catalogo\/cursos\/licenciatura_cienciasBiologicas.html\" target=\"_blank\" rel=\"noopener noreferrer\"><span style=\"font-weight: 400\">Conhe\u00e7a a estrutura do Curso (clique aqui )<\/span><\/a><\/p>\n","protected":false},"excerpt":{"rendered":"<p>\u00a0 Parecer CNE\/CES n\u00ba 1.301, de 6 de novembro de 2001 Aprova as Diretrizes Curriculares Nacionais do curso de gradua\u00e7\u00e3o em Ci\u00eancias Biol\u00f3gicas (Bacharelado e Licenciatura). \u00a0 Resolu\u00e7\u00e3o CNE\/CES n\u00ba 7, de 11 de mar\u00e7o de 2002 Estabelece as Diretrizes Curriculares para os cursos de Ci\u00eancias Biol\u00f3gicas (Bacharelado e Licenciatura). &nbsp; Profiss\u00e3o: Licenciado em Ci\u00eancias&hellip; <br \/> <a class=\"read-more\" href=\"https:\/\/www2.uepg.br\/portaldaslicenciaturas\/ciencias-biologicas\/\">Leia mais<\/a><\/p>\n","protected":false},"author":24,"featured_media":0,"parent":0,"menu_order":0,"comment_status":"closed","ping_status":"closed","template":"","meta":[],"_links":{"self":[{"href":"https:\/\/www2.uepg.br\/portaldaslicenciaturas\/wp-json\/wp\/v2\/pages\/32"}],"collection":[{"href":"https:\/\/www2.uepg.br\/portaldaslicenciaturas\/wp-json\/wp\/v2\/pages"}],"about":[{"href":"https:\/\/www2.uepg.br\/portaldaslicenciaturas\/wp-json\/wp\/v2\/types\/page"}],"author":[{"embeddable":true,"href":"https:\/\/www2.uepg.br\/portaldaslicenciaturas\/wp-json\/wp\/v2\/users\/24"}],"replies":[{"embeddable":true,"href":"https:\/\/www2.uepg.br\/portaldaslicenciaturas\/wp-json\/wp\/v2\/comments?post=32"}],"version-history":[{"count":12,"href":"https:\/\/www2.uepg.br\/portaldaslicenciaturas\/wp-json\/wp\/v2\/pages\/32\/revisions"}],"predecessor-version":[{"id":166,"href":"https:\/\/www2.uepg.br\/portaldaslicenciaturas\/wp-json\/wp\/v2\/pages\/32\/revisions\/166"}],"wp:attachment":[{"href":"https:\/\/www2.uepg.br\/portaldaslicenciaturas\/wp-json\/wp\/v2\/media?parent=32"}],"curies":[{"name":"wp","href":"https:\/\/api.w.org\/{rel}","templated":true}]}}