{"id":321,"date":"2019-04-15T10:16:03","date_gmt":"2019-04-15T13:16:03","guid":{"rendered":"http:\/\/www2.uepg.br\/portaldaslicenciaturas\/?page_id=321"},"modified":"2019-04-15T10:22:28","modified_gmt":"2019-04-15T13:22:28","slug":"programa-de-educacao-tutorial","status":"publish","type":"page","link":"https:\/\/www2.uepg.br\/portaldaslicenciaturas\/programa-de-educacao-tutorial\/","title":{"rendered":"Programa de Educa\u00e7\u00e3o Tutorial"},"content":{"rendered":"<h4>Programa de Educa\u00e7\u00e3o Tutorial &#8211; PET<\/h4>\n<p><span style=\"font-weight: 400\">O Programa de Educa\u00e7\u00e3o Tutorial (PET) foi criado para apoiar atividades acad\u00eamicas que integram ensino, pesquisa e extens\u00e3o. Formado por grupos tutoriais de aprendizagem, o PET propicia aos alunos participantes, sob a orienta\u00e7\u00e3o de um tutor, a realiza\u00e7\u00e3o de atividades extracurriculares que complementem a forma\u00e7\u00e3o acad\u00eamica do estudante e atendam \u00e0s necessidades do pr\u00f3prio curso de gradua\u00e7\u00e3o. O estudante e o professor tutor recebem apoio financeiro de acordo com a Pol\u00edtica Nacional de Inicia\u00e7\u00e3o Cient\u00edfica.<\/span><\/p>\n<p><a href=\"http:\/\/www2.uepg.br\/portaldaslicenciaturas\/wp-content\/uploads\/sites\/14\/2019\/04\/Programa-de-Educa\u00e7\u00e3o-Tutorial.pdf\" target=\"_blank\" rel=\"noopener noreferrer\">PET das Licenciaturas em Hist\u00f3ria e Qu\u00edmica<\/a><\/p>\n","protected":false},"excerpt":{"rendered":"<p>Programa de Educa\u00e7\u00e3o Tutorial &#8211; PET O Programa de Educa\u00e7\u00e3o Tutorial (PET) foi criado para apoiar atividades acad\u00eamicas que integram ensino, pesquisa e extens\u00e3o. Formado por grupos tutoriais de aprendizagem, o PET propicia aos alunos participantes, sob a orienta\u00e7\u00e3o de um tutor, a realiza\u00e7\u00e3o de atividades extracurriculares que complementem a forma\u00e7\u00e3o acad\u00eamica do estudante e&hellip; <br \/> <a class=\"read-more\" href=\"https:\/\/www2.uepg.br\/portaldaslicenciaturas\/programa-de-educacao-tutorial\/\">Leia mais<\/a><\/p>\n","protected":false},"author":24,"featured_media":0,"parent":0,"menu_order":0,"comment_status":"closed","ping_status":"closed","template":"","meta":[],"_links":{"self":[{"href":"https:\/\/www2.uepg.br\/portaldaslicenciaturas\/wp-json\/wp\/v2\/pages\/321"}],"collection":[{"href":"https:\/\/www2.uepg.br\/portaldaslicenciaturas\/wp-json\/wp\/v2\/pages"}],"about":[{"href":"https:\/\/www2.uepg.br\/portaldaslicenciaturas\/wp-json\/wp\/v2\/types\/page"}],"author":[{"embeddable":true,"href":"https:\/\/www2.uepg.br\/portaldaslicenciaturas\/wp-json\/wp\/v2\/users\/24"}],"replies":[{"embeddable":true,"href":"https:\/\/www2.uepg.br\/portaldaslicenciaturas\/wp-json\/wp\/v2\/comments?post=321"}],"version-history":[{"count":3,"href":"https:\/\/www2.uepg.br\/portaldaslicenciaturas\/wp-json\/wp\/v2\/pages\/321\/revisions"}],"predecessor-version":[{"id":324,"href":"https:\/\/www2.uepg.br\/portaldaslicenciaturas\/wp-json\/wp\/v2\/pages\/321\/revisions\/324"}],"wp:attachment":[{"href":"https:\/\/www2.uepg.br\/portaldaslicenciaturas\/wp-json\/wp\/v2\/media?parent=321"}],"curies":[{"name":"wp","href":"https:\/\/api.w.org\/{rel}","templated":true}]}}