{"id":338,"date":"2019-04-15T10:39:58","date_gmt":"2019-04-15T13:39:58","guid":{"rendered":"http:\/\/www2.uepg.br\/portaldaslicenciaturas\/?page_id=338"},"modified":"2019-04-15T10:48:02","modified_gmt":"2019-04-15T13:48:02","slug":"programa-de-iniciacao-a-docencia-pibid","status":"publish","type":"page","link":"https:\/\/www2.uepg.br\/portaldaslicenciaturas\/programa-de-iniciacao-a-docencia-pibid\/","title":{"rendered":"Programa de inicia\u00e7\u00e3o \u00e0 doc\u00eancia &#8211; PIBID"},"content":{"rendered":"<p><span style=\"font-weight: 400\">O <strong>PIBID \u2013 Programa Institucional de Bolsas de Inicia\u00e7\u00e3o \u00e0 Doc\u00eancia<\/strong> \u00e9 um programa ligado \u00e0 coordena\u00e7\u00e3o de aperfei\u00e7oamento de Pessoal de N\u00edvel Superior \u2013 CAPES e responde ao compromisso de investir na valoriza\u00e7\u00e3o do magist\u00e9rio e na melhoria da qualidade da Educa\u00e7\u00e3o B\u00e1sica. <\/span><\/p>\n<p><span style=\"font-weight: 400\">A Universidade Estadual de Ponta Grossa desde 2009 participa do Programa. No primeiro momento foram os subprojetos nas \u00e1reas de: Pedagogia, Matem\u00e1tica, F\u00edsica, Biologia, Qu\u00edmica e Artes que se inseriram em escolas municipais e estaduais de ensino. Considerando o sucesso alcan\u00e7ado na primeira vers\u00e3o do PIBID\/UEPG, em 2011, um novo grupo de subprojetos se insere nas escolas p\u00fablicas estaduais de Educa\u00e7\u00e3o B\u00e1sica, do munic\u00edpio de Ponta Grossa. Neste segundo momento, as \u00e1reas contempladas foram: Qu\u00edmica, F\u00edsica, Biologia, Artes, Hist\u00f3ria, Geografia e Letras.<\/span><\/p>\n<p><span style=\"font-weight: 400\">O reconhecimento do trabalho, e as experi\u00eancias vivenciadas no interior das escolas, nos fazem entender que o PIBID \u00e9 uma pol\u00edtica de valoriza\u00e7\u00e3o das licenciaturas e dos estudantes em forma\u00e7\u00e3o. Destacamos que as viv\u00eancias possibilitadas pelo PIBID\/UEPG t\u00eam confirmado que a parceria estabelecida entre Universidade e Educa\u00e7\u00e3o B\u00e1sica, propicia fortalecer e qualificar o desenvolvimento profissional de professores, no per\u00edodo da forma\u00e7\u00e3o inicial, por meio da viv\u00eancia, reflex\u00e3o e investiga\u00e7\u00e3o das condi\u00e7\u00f5es da profiss\u00e3o, de sua express\u00e3o pr\u00e1tica, de suas necessidades e configura\u00e7\u00f5es, al\u00e9m de priorizar a constru\u00e7\u00e3o da profissionalidade docente em situa\u00e7\u00f5es reais de trabalho\/ensino.<\/span><\/p>\n<p>&nbsp;<\/p>\n<h4><strong>Saiba mais sobre o PIBID\/UEPG:<\/strong><\/h4>\n<p><a href=\"http:\/\/sites.uepg.br\/prograd\/divisao-de-expediente\/pibid-programa-de-iniciacao-a-docencia\/\" target=\"_blank\" rel=\"noopener noreferrer\"><span style=\"font-weight: 400\">PIBID \u2013 Programa Institucional de Bolsas de Inicia\u00e7\u00e3o \u00e0 Doc\u00eancia<\/span><\/a><\/p>\n<p>&nbsp;<\/p>\n<h4><strong>Acesse os Blogs do PIBID\/UEPG:<\/strong><\/h4>\n<ul>\n<li><a href=\"http:\/\/edfpibid.blogspot.com\/\" target=\"_blank\" rel=\"noopener noreferrer\"><span style=\"font-weight: 400\">PIBID Licenciatura Educa\u00e7\u00e3o F\u00edsica<\/span><\/a><\/li>\n<li><a href=\"http:\/\/pibidingles.blogspot.com\/\" target=\"_blank\" rel=\"noopener noreferrer\"><span style=\"font-weight: 400\">PIBIB Licenciatura Letras\/Ingl\u00eas<\/span><\/a><\/li>\n<li><a href=\"http:\/\/www.leromundopibid2.blogspot.com\/\" target=\"_blank\" rel=\"noopener noreferrer\"><span style=\"font-weight: 400\">PIBID Licenciatura Letras\/Franc\u00eas<\/span><\/a><\/li>\n<li><a href=\"http:\/\/pibidlicfisica2011.blogspot.com\/\" target=\"_blank\" rel=\"noopener noreferrer\"><span style=\"font-weight: 400\">PIBID Licenciatura em F\u00edsica<\/span><\/a><\/li>\n<li><a href=\"http:\/\/pibid-historia.blogspot.com.br\/\" target=\"_blank\" rel=\"noopener noreferrer\"><span style=\"font-weight: 400\">PIBID Licenciatura em Hist\u00f3ria<\/span><\/a><\/li>\n<li><a href=\"http:\/\/pibid-bio-uepg.blogspot.com\/\" target=\"_blank\" rel=\"noopener noreferrer\"><span style=\"font-weight: 400\">PIBID Licenciatura em Ci\u00eancias Biol\u00f3gicas<\/span><\/a><\/li>\n<li><a href=\"http:\/\/www.arribapibid.blogspot.com\/\" target=\"_blank\" rel=\"noopener noreferrer\"><span style=\"font-weight: 400\">PIBID Licenciatura em Letras\/Espanhol<\/span><\/a><\/li>\n<li><a href=\"http:\/\/visuaispibid.blogspot.com.br\/\" target=\"_blank\" rel=\"noopener noreferrer\"><span style=\"font-weight: 400\">PIBID Licenciatura em Artes Visuais<\/span><\/a><\/li>\n<\/ul>\n","protected":false},"excerpt":{"rendered":"<p>O PIBID \u2013 Programa Institucional de Bolsas de Inicia\u00e7\u00e3o \u00e0 Doc\u00eancia \u00e9 um programa ligado \u00e0 coordena\u00e7\u00e3o de aperfei\u00e7oamento de Pessoal de N\u00edvel Superior \u2013 CAPES e responde ao compromisso de investir na valoriza\u00e7\u00e3o do magist\u00e9rio e na melhoria da qualidade da Educa\u00e7\u00e3o B\u00e1sica. A Universidade Estadual de Ponta Grossa desde 2009 participa do Programa.&hellip; <br \/> <a class=\"read-more\" href=\"https:\/\/www2.uepg.br\/portaldaslicenciaturas\/programa-de-iniciacao-a-docencia-pibid\/\">Leia mais<\/a><\/p>\n","protected":false},"author":24,"featured_media":0,"parent":0,"menu_order":0,"comment_status":"closed","ping_status":"closed","template":"","meta":[],"_links":{"self":[{"href":"https:\/\/www2.uepg.br\/portaldaslicenciaturas\/wp-json\/wp\/v2\/pages\/338"}],"collection":[{"href":"https:\/\/www2.uepg.br\/portaldaslicenciaturas\/wp-json\/wp\/v2\/pages"}],"about":[{"href":"https:\/\/www2.uepg.br\/portaldaslicenciaturas\/wp-json\/wp\/v2\/types\/page"}],"author":[{"embeddable":true,"href":"https:\/\/www2.uepg.br\/portaldaslicenciaturas\/wp-json\/wp\/v2\/users\/24"}],"replies":[{"embeddable":true,"href":"https:\/\/www2.uepg.br\/portaldaslicenciaturas\/wp-json\/wp\/v2\/comments?post=338"}],"version-history":[{"count":6,"href":"https:\/\/www2.uepg.br\/portaldaslicenciaturas\/wp-json\/wp\/v2\/pages\/338\/revisions"}],"predecessor-version":[{"id":344,"href":"https:\/\/www2.uepg.br\/portaldaslicenciaturas\/wp-json\/wp\/v2\/pages\/338\/revisions\/344"}],"wp:attachment":[{"href":"https:\/\/www2.uepg.br\/portaldaslicenciaturas\/wp-json\/wp\/v2\/media?parent=338"}],"curies":[{"name":"wp","href":"https:\/\/api.w.org\/{rel}","templated":true}]}}