{"id":40,"date":"2019-04-11T10:00:42","date_gmt":"2019-04-11T13:00:42","guid":{"rendered":"http:\/\/www2.uepg.br\/portaldaslicenciaturas\/?page_id=40"},"modified":"2019-04-11T14:43:19","modified_gmt":"2019-04-11T17:43:19","slug":"historia","status":"publish","type":"page","link":"https:\/\/www2.uepg.br\/portaldaslicenciaturas\/historia\/","title":{"rendered":"Hist\u00f3ria"},"content":{"rendered":"<ul>\n<li><span style=\"font-weight: 400\"> \u00a0 <a href=\"http:\/\/www2.uepg.br\/portaldaslicenciaturas\/wp-content\/uploads\/sites\/14\/2019\/04\/Geografia-Hist\u00f3ria-Letras-Parecer-492_2001.pdf\" target=\"_blank\" rel=\"noopener noreferrer\">Parecer CNE\/CES n\u00ba 492, de 3 de abril de 2001.<\/a><\/span><\/li>\n<\/ul>\n<p><span style=\"font-weight: 400\">Aprova as Diretrizes Curriculares Nacionais dos cursos de Arquivologia, Biblioteconomia, Ci\u00eancias Sociais &#8211; Antropologia, Ci\u00eancia Pol\u00edtica e Sociologia, Comunica\u00e7\u00e3o Social, Filosofia, Geografia, Hist\u00f3ria, Letras, Museologia e Servi\u00e7o Social.<\/span><\/p>\n<ul>\n<li><span style=\"font-weight: 400\"> \u00a0 <a href=\"http:\/\/www2.uepg.br\/portaldaslicenciaturas\/wp-content\/uploads\/sites\/14\/2019\/04\/Geografia-Hist\u00f3ria-Letras-Parecer-1363_2001.pdf\" target=\"_blank\" rel=\"noopener noreferrer\">Parecer CNE\/CES n\u00ba 1.363, de 12 de dezembro de 2001.<\/a><\/span><\/li>\n<\/ul>\n<p><span style=\"font-weight: 400\">Retifica o Parecer CNE\/CES n.\u00ba 492, de 3 de abril de 2001, que aprova as Diretrizes Curriculares Nacionais dos cursos de Arquivologia, Biblioteconomia, Ci\u00eancias Sociais &#8211; Antropologia, Ci\u00eancia Pol\u00edtica e Sociologia, Comunica\u00e7\u00e3o Social, Filosofia, Geografia, Hist\u00f3ria, Letras, Museologia e Servi\u00e7o Social.<\/span><\/p>\n<ul>\n<li><span style=\"font-weight: 400\"> \u00a0 <a href=\"http:\/\/www2.uepg.br\/portaldaslicenciaturas\/wp-content\/uploads\/sites\/14\/2019\/04\/Hist\u00f3ria-Resolu\u00e7\u00e3o-2002.pdf\" target=\"_blank\" rel=\"noopener noreferrer\">Resolu\u00e7\u00e3o CNE\/CES n\u00ba 13, de 13 de mar\u00e7o de 2002.<\/a><\/span><\/li>\n<\/ul>\n<p><span style=\"font-weight: 400\">Estabelece as Diretrizes Curriculares para os cursos de Hist\u00f3ria.<\/span><\/p>\n<p>&nbsp;<\/p>\n<h3><b>Descri\u00e7\u00e3o do Curso:<\/b><\/h3>\n<p><span style=\"font-weight: 400\">O curso forma professores de Hist\u00f3ria para a Educa\u00e7\u00e3o Fundamental e M\u00e9dia para atuar em escolas p\u00fablicas e particulares, bem em outras institui\u00e7\u00f5es e espa\u00e7os educativos da sociedade em que a reflex\u00e3o sobre o ser humano no tempo seja necess\u00e1ria. <\/span><\/p>\n<p><span style=\"font-weight: 400\">O acad\u00eamico formado na Licenciatura em Hist\u00f3ria domina as linhas principais dos processos hist\u00f3ricos, \u00e9 capaz de desenvolver uma reflex\u00e3o te\u00f3rica sobre a produ\u00e7\u00e3o do conhecimento hist\u00f3rico. Al\u00e9m disso, domina a metodologia da Hist\u00f3ria (pesquisa) e \u00e9 capaz de articul\u00e1-la com o ensino da Hist\u00f3ria.<\/span><\/p>\n<p>&nbsp;<\/p>\n<h3><b>A Semana de Hist\u00f3ria:<\/b><\/h3>\n<p><span style=\"font-weight: 400\">o curso da UEPG \u00e9 o 17\u00ba curso de Hist\u00f3ria mais antigo do Brasil, e o 2\u00ba a ser criado no Paran\u00e1. Por isso, em 2010 ser\u00e1 realizada a 40\u00aa Semana de Hist\u00f3ria, evento que vem sendo realizado regularmente e que se destina ao aprofundamento, debate e divulga\u00e7\u00e3o de ideias, teorias e pr\u00e1ticas na \u00e1rea.<\/span><\/p>\n<p><span style=\"font-weight: 400\">S\u00e3o desenvolvidas diversas palestras ao longo do ano sobre temas nas v\u00e1rias disciplinas internas \u00e0 Hist\u00f3ria, assim como sobre temas importantes para a pr\u00e1tica do professor.<\/span><\/p>\n<p>&nbsp;<\/p>\n<h3><b>A Disciplina Articuladora:<\/b><\/h3>\n<p><span style=\"font-weight: 400\">A Disciplina Articuladora do Curso de Licenciatura em Hist\u00f3ria chama-se Oficina de Hist\u00f3ria e \u00e9 ministrada da 1\u00aa a 4\u00aa s\u00e9rie do curso. Dentre suas caracter\u00edsticas principais destaca-se a preocupa\u00e7\u00e3o com a forma\u00e7\u00e3o do professor pesquisador, integrando teoria e pr\u00e1tica, pesquisa e ensino. As disciplinas articuladoras s\u00e3o um diferencial em todos os cursos de Licenciatura da UEPG, e no curso de Licenciatura em Hist\u00f3ria procuram integrar todas as linhas do curr\u00edculo: metodologia da Hist\u00f3ria, Metodologia do ensino, teoria da Hist\u00f3ria e disciplinas pedag\u00f3gicas \/ est\u00e1gio.<\/span><\/p>\n<p>&nbsp;<\/p>\n<h3><b>O Grupo de Estudos em Did\u00e1tica de Hist\u00f3ria:<\/b><\/h3>\n<p><span style=\"font-weight: 400\">Visa reunir e articular pesquisas sobre ensino de hist\u00f3ria e utiliza\u00e7\u00e3o social do conhecimento hist\u00f3rico, discutindo, por exemplo, a hist\u00f3ria nos meios de comunica\u00e7\u00e3o de massa, a forma\u00e7\u00e3o de professores, os usos sociais do conhecimento hist\u00f3rico, a aprendizagem escolar e extra escolar dos conte\u00fados da disciplina. O grupo \u00e9 coordenado pelo prof.Dr. Luis Fernando Cerri (Departamento de Hist\u00f3ria).<\/span><\/p>\n<p><span style=\"font-weight: 400\">O Departamento de Hist\u00f3ria da UEPG edita a <\/span><a href=\"http:\/\/www.revistas2.uepg.br\/index.php\/rhr.\" target=\"_blank\" rel=\"noopener noreferrer\"><span style=\"font-weight: 400\">Revista de Hist\u00f3ria da UEPG<\/span><\/a><span style=\"font-weight: 400\">. <\/span><\/p>\n<p><span style=\"font-weight: 400\">Os graduados em Hist\u00f3ria &#8211; incluindo os docentes do DEHIS-UEPG s\u00e3o membros da <\/span><a href=\"http:\/\/www.anpuh.org\/\" target=\"_blank\" rel=\"noopener noreferrer\"><span style=\"font-weight: 400\">Associa\u00e7\u00e3o Nacional de Hist\u00f3ria &#8211; ANPUH <\/span><\/a><span style=\"font-weight: 400\">, participando de sua inst\u00e2ncia nacional e da Se\u00e7\u00e3o Regional &#8211; Paran\u00e1. A ANPUH foi fundada em 1961, tendo dois professores do nosso curso entre seus fundadores. A Associa\u00e7\u00e3o tem um Grupo de Trabalho voltado especificamente para o Ensino de Hist\u00f3ria.<\/span><\/p>\n<h3><a href=\"http:\/\/www.uepg.br\/catalogo\/cursos\/licenciatura_historia.html\" target=\"_blank\" rel=\"noopener noreferrer\"><span style=\"font-weight: 400\">Conhe\u00e7a a estrutura do curso (clique aqui )<\/span><\/a><\/h3>\n","protected":false},"excerpt":{"rendered":"<p>\u00a0 Parecer CNE\/CES n\u00ba 492, de 3 de abril de 2001. Aprova as Diretrizes Curriculares Nacionais dos cursos de Arquivologia, Biblioteconomia, Ci\u00eancias Sociais &#8211; Antropologia, Ci\u00eancia Pol\u00edtica e Sociologia, Comunica\u00e7\u00e3o Social, Filosofia, Geografia, Hist\u00f3ria, Letras, Museologia e Servi\u00e7o Social. \u00a0 Parecer CNE\/CES n\u00ba 1.363, de 12 de dezembro de 2001. Retifica o Parecer CNE\/CES n.\u00ba&hellip; <br \/> <a class=\"read-more\" href=\"https:\/\/www2.uepg.br\/portaldaslicenciaturas\/historia\/\">Leia mais<\/a><\/p>\n","protected":false},"author":24,"featured_media":0,"parent":0,"menu_order":0,"comment_status":"closed","ping_status":"closed","template":"","meta":[],"_links":{"self":[{"href":"https:\/\/www2.uepg.br\/portaldaslicenciaturas\/wp-json\/wp\/v2\/pages\/40"}],"collection":[{"href":"https:\/\/www2.uepg.br\/portaldaslicenciaturas\/wp-json\/wp\/v2\/pages"}],"about":[{"href":"https:\/\/www2.uepg.br\/portaldaslicenciaturas\/wp-json\/wp\/v2\/types\/page"}],"author":[{"embeddable":true,"href":"https:\/\/www2.uepg.br\/portaldaslicenciaturas\/wp-json\/wp\/v2\/users\/24"}],"replies":[{"embeddable":true,"href":"https:\/\/www2.uepg.br\/portaldaslicenciaturas\/wp-json\/wp\/v2\/comments?post=40"}],"version-history":[{"count":7,"href":"https:\/\/www2.uepg.br\/portaldaslicenciaturas\/wp-json\/wp\/v2\/pages\/40\/revisions"}],"predecessor-version":[{"id":165,"href":"https:\/\/www2.uepg.br\/portaldaslicenciaturas\/wp-json\/wp\/v2\/pages\/40\/revisions\/165"}],"wp:attachment":[{"href":"https:\/\/www2.uepg.br\/portaldaslicenciaturas\/wp-json\/wp\/v2\/media?parent=40"}],"curies":[{"name":"wp","href":"https:\/\/api.w.org\/{rel}","templated":true}]}}