{"id":42,"date":"2019-04-11T10:00:59","date_gmt":"2019-04-11T13:00:59","guid":{"rendered":"http:\/\/www2.uepg.br\/portaldaslicenciaturas\/?page_id=42"},"modified":"2019-04-11T15:00:43","modified_gmt":"2019-04-11T18:00:43","slug":"letras","status":"publish","type":"page","link":"https:\/\/www2.uepg.br\/portaldaslicenciaturas\/letras\/","title":{"rendered":"Letras"},"content":{"rendered":"<ul>\n<li><span style=\"font-weight: 400\"> \u00a0 <a href=\"http:\/\/www2.uepg.br\/portaldaslicenciaturas\/wp-content\/uploads\/sites\/14\/2019\/04\/Geografia-Hist\u00f3ria-Letras-Parecer-492_2001.pdf\" target=\"_blank\" rel=\"noopener noreferrer\">Parecer CNE\/CES n\u00ba 492, de 3 de abril de 2001.<\/a><\/span><\/li>\n<\/ul>\n<p><span style=\"font-weight: 400\">Aprova as Diretrizes Curriculares Nacionais dos cursos de Arquivologia, Biblioteconomia, Ci\u00eancias Sociais &#8211; Antropologia, Ci\u00eancia Pol\u00edtica e Sociologia, Comunica\u00e7\u00e3o Social, Filosofia, Geografia, Hist\u00f3ria, Letras, Museologia e Servi\u00e7o Social.<\/span><\/p>\n<ul>\n<li><span style=\"font-weight: 400\"> \u00a0 <a href=\"http:\/\/www2.uepg.br\/portaldaslicenciaturas\/wp-content\/uploads\/sites\/14\/2019\/04\/Geografia-Hist\u00f3ria-Letras-Parecer-1363_2001.pdf\" target=\"_blank\" rel=\"noopener noreferrer\">Parecer CNE\/CES n\u00ba 1.363, de 12 de dezembro de 2001.<\/a><\/span><\/li>\n<\/ul>\n<p><span style=\"font-weight: 400\">Retifica o Parecer CNE\/CES n.\u00ba 492, de 3 de abril de 2001, que aprova as Diretrizes Curriculares Nacionais dos cursos de Arquivologia, Biblioteconomia, Ci\u00eancias Sociais &#8211; Antropologia, Ci\u00eancia Pol\u00edtica e Sociologia, Comunica\u00e7\u00e3o Social, Filosofia, Geografia, Hist\u00f3ria, Letras, Museologia e Servi\u00e7o Social.<\/span><\/p>\n<ul>\n<li><span style=\"font-weight: 400\"> \u00a0 <a href=\"http:\/\/www2.uepg.br\/portaldaslicenciaturas\/wp-content\/uploads\/sites\/14\/2019\/04\/Letras-Resolu\u00e7\u00e3o-2002.pdf\" target=\"_blank\" rel=\"noopener noreferrer\">Resolu\u00e7\u00e3o CNE\/CES n\u00ba 18, de 13 de mar\u00e7o de 2002.<\/a><\/span><\/li>\n<\/ul>\n<p><span style=\"font-weight: 400\">Estabelece as Diretrizes Curriculares para os cursos de Letras.<\/span><\/p>\n<ul>\n<li><span style=\"font-weight: 400\"> \u00a0 <a href=\"http:\/\/www2.uepg.br\/portaldaslicenciaturas\/wp-content\/uploads\/sites\/14\/2019\/04\/Letras-Parecer-223_2006.pdf\" target=\"_blank\" rel=\"noopener noreferrer\">Parecer CNE\/CES n\u00ba 223, de 20 de setembro de 2006.<\/a><\/span><\/li>\n<\/ul>\n<p><span style=\"font-weight: 400\">Consulta sobre a implanta\u00e7\u00e3o das novas diretrizes curriculares, formulada pela Universidade Estadual de Ponta Grossa.<\/span><\/p>\n<ul>\n<li><span style=\"font-weight: 400\"> \u00a0 <a href=\"http:\/\/www2.uepg.br\/portaldaslicenciaturas\/wp-content\/uploads\/sites\/14\/2019\/04\/Letras-Parecer-2007.pdf\" target=\"_blank\" rel=\"noopener noreferrer\">Parecer CNE\/CES n\u00ba 83\/2007, aprovado em 29 de mar\u00e7o de 2007.<\/a><\/span><\/li>\n<\/ul>\n<p><span style=\"font-weight: 400\">Consulta sobre a estrutura\u00e7\u00e3o do curso de Licenciatura em Letras, tendo em vista as Diretrizes Curriculares Nacionais para os Cursos de Gradua\u00e7\u00e3o em Letras e para a Forma\u00e7\u00e3o de Professores.<\/span><\/p>\n<ul>\n<li><span style=\"font-weight: 400\"> \u00a0 <a href=\"http:\/\/www2.uepg.br\/portaldaslicenciaturas\/wp-content\/uploads\/sites\/14\/2019\/04\/Letras-Parecer-2009.pdf\" target=\"_blank\" rel=\"noopener noreferrer\">Parecer CNE\/CP n\u00ba 5\/2009, aprovado em 5 de maio de 2009.<\/a><\/span><\/li>\n<\/ul>\n<p><span style=\"font-weight: 400\">Consulta sobre a licenciatura em Espanhol por complementa\u00e7\u00e3o de estudos.<\/span><\/p>\n<p>&nbsp;<\/p>\n<h3><b>Um pouco de Hist\u00f3ria:<\/b><\/h3>\n<p><span style=\"font-weight: 400\">O Curso de Letras, sob a denomina\u00e7\u00e3o de Bacharelado em Letras Neolatinas, foi criado concomitantemente com os cursos de Bacharelado em Geografia e Hist\u00f3ria e Bacharelado em Matem\u00e1tica, como componentes da Faculdade Estadual de Filosofia, Ci\u00eancias e Letras de Ponta Grossa, atrav\u00e9s do Decreto n\u00ba. 8.837, de 08 de novembro de 1949, assinado pelo ent\u00e3o Governador do Estado Mois\u00e9s Lupion. A instala\u00e7\u00e3o oficial da Faculdade e de seus cursos deu-se em sess\u00e3o solene levada a efeito no sal\u00e3o nobre do Col\u00e9gio Estadual Regente Feij\u00f3, com a presen\u00e7a de vinte e uma personalidades da comunidade ponta-grossense.<\/span><\/p>\n<p>&nbsp;<\/p>\n<h3><b>A pr\u00e1tica enquanto componente curricular:<\/b><\/h3>\n<p><span style=\"font-weight: 400\">A(s) Disciplina(s) Articuladora(s) dos cursos de Licenciatura em \u00a0LETRAS que comp\u00f5em a Pr\u00e1tica enquanto componente curricular s\u00e3o denominadas Pr\u00e1tica I \u2013 L\u00edngua e Literaturas de L\u00edngua Portuguesa , Pr\u00e1tica II \u2013 L\u00edngua e Literaturas de L\u00edngua Estrangeiras ,Pr\u00e1tica III \u2013 Projetos Interdisciplinares e Pr\u00e1tica IV &#8211; Projetos Interdisciplinares , cada uma em uma s\u00e9rie do curso<\/span><\/p>\n<p><span style=\"font-weight: 400\">A pr\u00e1tica como componente curricular ser\u00e1 vivenciada ao longo do curso num total de 408 (quatrocentas e oito) horas, devendo permear todo o processo de forma\u00e7\u00e3o do professor numa perspectiva interdisciplinar contemplando dimens\u00f5es te\u00f3ricas e pr\u00e1ticas, configurando-se atrav\u00e9s do Projeto Articulador da s\u00e9rie, aprovado pelo Colegiado do Curso.<\/span><\/p>\n<p><span style=\"font-weight: 400\">A pr\u00e1tica \u00e9 mais um processo de investiga\u00e7\u00e3o do que um contexto de aplica\u00e7\u00e3o. Um processo de investiga\u00e7\u00e3o na a\u00e7\u00e3o, mediante o qual o acad\u00eamico submerge no mundo complexo do universo s\u00f3cio-hist\u00f3rico e cultural no qual est\u00e1 inserida a escola para compreend\u00ea-la de forma cr\u00edtica e vital, implicando-se afetiva e cognitivamente nas intera\u00e7\u00f5es da situa\u00e7\u00e3o real, questionando as suas pr\u00f3prias cren\u00e7as e explica\u00e7\u00f5es, propondo e experimentando alternativas, participando na reconstru\u00e7\u00e3o permanente da realidade escolar, em um processo cont\u00ednuo, aut\u00f4nomo e permanente, ressaltando que a pesquisa e a extens\u00e3o, al\u00e9m do ensino devem-se articular neste processo. <\/span><\/p>\n<p><span style=\"font-weight: 400\">Nessa dire\u00e7\u00e3o, a atividade acad\u00eamica curricular \u00e9 uma forma de eliminar a rigidez estrutural do curso, imprimir ritmo e utilizar de modo mais eficiente, os recursos de forma\u00e7\u00e3o j\u00e1 existentes nas IES e a nova valida\u00e7\u00e3o das atividades acad\u00eamicas requer o desdobramento do papel do professor na figura de orientador, que dever\u00e1 atender n\u00e3o s\u00f3 o ensino de conte\u00fados program\u00e1ticos, mas tamb\u00e9m a qualidade na forma\u00e7\u00e3o do aluno. Assim, as pr\u00e1ticas articuladoras ter\u00e3o como respons\u00e1veis pelas disciplinas, nos dois primeiros anos, a figura do professor e, nos dois \u00faltimos, a figura de orientador.<\/span><\/p>\n<h3><a href=\"http:\/\/www.uepg.br\/catalogo\/cursos\/licenciatura_portfran.html\" target=\"_blank\" rel=\"noopener noreferrer\"><span style=\"font-weight: 400\">Conhe\u00e7a a estrutura do Curso de Licenciatura em Letras Portugu\u00eas\/Franc\u00eas (clique aqui)<\/span><\/a><\/h3>\n<h3><a href=\"http:\/\/www.uepg.br\/catalogo\/cursos\/licenciatura_portesp.html\" target=\"_blank\" rel=\"noopener noreferrer\"><span style=\"font-weight: 400\">Conhe\u00e7a a estrutura do Curso de Licenciatura em Letras Portugu\u00eas\/Espanhol (clique aqui)<\/span><\/a><\/h3>\n<h3><a href=\"http:\/\/www.uepg.br\/catalogo\/cursos\/licenciatura_portingl.html\" target=\"_blank\" rel=\"noopener noreferrer\"><span style=\"font-weight: 400\">Conhe\u00e7a a estrutura do Curso de Licenciatura em Letras Portugu\u00eas\/Ingl\u00eas (clique aqui)<\/span><\/a><\/h3>\n","protected":false},"excerpt":{"rendered":"<p>\u00a0 Parecer CNE\/CES n\u00ba 492, de 3 de abril de 2001. Aprova as Diretrizes Curriculares Nacionais dos cursos de Arquivologia, Biblioteconomia, Ci\u00eancias Sociais &#8211; Antropologia, Ci\u00eancia Pol\u00edtica e Sociologia, Comunica\u00e7\u00e3o Social, Filosofia, Geografia, Hist\u00f3ria, Letras, Museologia e Servi\u00e7o Social. \u00a0 Parecer CNE\/CES n\u00ba 1.363, de 12 de dezembro de 2001. Retifica o Parecer CNE\/CES n.\u00ba&hellip; <br \/> <a class=\"read-more\" href=\"https:\/\/www2.uepg.br\/portaldaslicenciaturas\/letras\/\">Leia mais<\/a><\/p>\n","protected":false},"author":24,"featured_media":0,"parent":0,"menu_order":0,"comment_status":"closed","ping_status":"closed","template":"","meta":[],"_links":{"self":[{"href":"https:\/\/www2.uepg.br\/portaldaslicenciaturas\/wp-json\/wp\/v2\/pages\/42"}],"collection":[{"href":"https:\/\/www2.uepg.br\/portaldaslicenciaturas\/wp-json\/wp\/v2\/pages"}],"about":[{"href":"https:\/\/www2.uepg.br\/portaldaslicenciaturas\/wp-json\/wp\/v2\/types\/page"}],"author":[{"embeddable":true,"href":"https:\/\/www2.uepg.br\/portaldaslicenciaturas\/wp-json\/wp\/v2\/users\/24"}],"replies":[{"embeddable":true,"href":"https:\/\/www2.uepg.br\/portaldaslicenciaturas\/wp-json\/wp\/v2\/comments?post=42"}],"version-history":[{"count":6,"href":"https:\/\/www2.uepg.br\/portaldaslicenciaturas\/wp-json\/wp\/v2\/pages\/42\/revisions"}],"predecessor-version":[{"id":178,"href":"https:\/\/www2.uepg.br\/portaldaslicenciaturas\/wp-json\/wp\/v2\/pages\/42\/revisions\/178"}],"wp:attachment":[{"href":"https:\/\/www2.uepg.br\/portaldaslicenciaturas\/wp-json\/wp\/v2\/media?parent=42"}],"curies":[{"name":"wp","href":"https:\/\/api.w.org\/{rel}","templated":true}]}}