{"id":46,"date":"2019-04-11T10:01:29","date_gmt":"2019-04-11T13:01:29","guid":{"rendered":"http:\/\/www2.uepg.br\/portaldaslicenciaturas\/?page_id=46"},"modified":"2019-04-11T15:33:54","modified_gmt":"2019-04-11T18:33:54","slug":"musica","status":"publish","type":"page","link":"https:\/\/www2.uepg.br\/portaldaslicenciaturas\/musica\/","title":{"rendered":"M\u00fasica"},"content":{"rendered":"<ul>\n<li><span style=\"font-weight: 400\"> \u00a0 <a href=\"http:\/\/www2.uepg.br\/portaldaslicenciaturas\/wp-content\/uploads\/sites\/14\/2019\/04\/M\u00fasica-Parecer-2002.pdf\" target=\"_blank\" rel=\"noopener noreferrer\">Parecer CNE\/CES n\u00ba 146, de 3 de abril de 2002.<\/a><\/span><\/li>\n<\/ul>\n<p><span style=\"font-weight: 400\">Aprova as Diretrizes Curriculares Nacionais dos Cursos de Gradua\u00e7\u00e3o em Administra\u00e7\u00e3o, Ci\u00eancias Cont\u00e1beis, Ci\u00eancias Econ\u00f4micas, Dan\u00e7a, Design, Direito, Hotelaria, M\u00fasica, Secretariado Executivo, Teatro e Turismo.<\/span><\/p>\n<ul>\n<li><span style=\"font-weight: 400\"> \u00a0 <a href=\"http:\/\/www2.uepg.br\/portaldaslicenciaturas\/wp-content\/uploads\/sites\/14\/2019\/04\/M\u00fasica-Parecer-2003.pdf\" target=\"_blank\" rel=\"noopener noreferrer\">Parecer CNE\/CES n\u00ba 195, de 5 de agosto de 2003.<\/a><\/span><\/li>\n<\/ul>\n<p><span style=\"font-weight: 400\">Diretrizes Curriculares Nacionais dos cursos de gradua\u00e7\u00e3o em M\u00fasica, Dan\u00e7a, Teatro e Design.<\/span><\/p>\n<ul>\n<li><span style=\"font-weight: 400\"> \u00a0 <a href=\"http:\/\/www2.uepg.br\/portaldaslicenciaturas\/wp-content\/uploads\/sites\/14\/2019\/04\/M\u00fasica-Resolu\u00e7\u00e3o-2004.pdf\" target=\"_blank\" rel=\"noopener noreferrer\">Resolu\u00e7\u00e3o CNE\/CES n\u00ba 2, de 8 de mar\u00e7o de 2004.<\/a><\/span><\/li>\n<\/ul>\n<p><span style=\"font-weight: 400\">Aprova as Diretrizes Curriculares Nacionais do Curso de Gradua\u00e7\u00e3o em M\u00fasica e d\u00e1 outras provid\u00eancias<\/span><\/p>\n<p>&nbsp;<\/p>\n<h3><b>DESCRI\u00c7\u00c3O DO CURSO:<\/b><\/h3>\n<p><span style=\"font-weight: 400\">O Curso de Licenciatura em M\u00fasica visa formar professores de m\u00fasica, atendendo principalmente \u00e0s escolas de ensino regular. Com a implementa\u00e7\u00e3o da lei da obrigatoriedade do ensino de m\u00fasica nas escolas, o campo de trabalho \u00e9 vasto, em virtude da pequena forma\u00e7\u00e3o de professores espec\u00edficos de m\u00fasica. Al\u00e9m do espa\u00e7o ocupado nas escolas, o licenciado em M\u00fasica tamb\u00e9m atua em escolas de ensino musical (conservat\u00f3rios), organiza\u00e7\u00f5es n\u00e3o-governamentais (ONGs) e em outras atividades que envolvam a educa\u00e7\u00e3o musical.<\/span><\/p>\n<p><span style=\"font-weight: 400\">Exige-se do candidato ao Curso na UEPG um Teste de Habilidade Espec\u00edfica, que consta de uma prova de teoria e uma prova pr\u00e1tica, com o objetivo de verificar os conhecimentos musicais, tanto na parte escrita quanto na de execu\u00e7\u00e3o.<\/span><\/p>\n<p>&nbsp;<\/p>\n<h3><b>DISCIPLINAS ARTICULADORAS:<\/b><\/h3>\n<p><span style=\"font-weight: 400\">Tem por objetivo a reflex\u00e3o sobre as pr\u00e1ticas musicais no contexto social (em geral) e no ambiente escolar (em espec\u00edfico) em rela\u00e7\u00e3o \u00e0s pr\u00e1ticas, teorias, cen\u00e1rios e pol\u00edticas educacionais tanto no que diz respeito \u00e0 sua inser\u00e7\u00e3o na Educa\u00e7\u00e3o B\u00e1sica, em suas diversas modalidades, como em espa\u00e7os alternativos.<\/span><\/p>\n<p><span style=\"font-weight: 400\">O Curso as distribui e as nomina da seguinte maneira:<\/span><\/p>\n<p><span style=\"font-weight: 400\">1\u00ba ano \u2013 Pr\u00e1tica Pedag\u00f3gica I, com objetivo de proporcionar a reflex\u00e3o sobre as articula\u00e7\u00f5es entre as pr\u00e1ticas musicais (exploradas no 1o ano de curso nas disciplinas de canto-coral, teclado e pr\u00e1tica musical diversificada), e os contextos educacionais (aprofundados na disciplina de Did\u00e1tica e Fundamentos e Sociologia da Educa\u00e7\u00e3o);<\/span><\/p>\n<p><span style=\"font-weight: 400\">2\u00ba ano \u2013 Pr\u00e1tica Pedag\u00f3gica II, que, de modo semelhante ao acima indicado, procura articular as pr\u00e1ticas musicais (canto-coral, teclado e pr\u00e1tica musical diversificada) \u00e0s discuss\u00f5es sociais e hist\u00f3ricas pertinentes aos campo de atua\u00e7\u00e3o do Licenciado em M\u00fasica (relacionadas com as disciplinas de Hist\u00f3ria da M\u00fasica, Psicologia da Educa\u00e7\u00e3o e Pol\u00edticas P\u00fablicas e Educacionais no Brasil);<\/span><\/p>\n<p><span style=\"font-weight: 400\">3\u00ba ano \u2013 Metodologias do Ensino da M\u00fasica, que prioriza a discuss\u00e3o de teorias educacionais pr\u00f3prias da m\u00fasica, buscando a constru\u00e7\u00e3o de conhecimentos e estrat\u00e9gias, vinculada diretamente \u00e0 disciplina de Est\u00e1gio Supervisionado I;<\/span><\/p>\n<p><span style=\"font-weight: 400\">4\u00ba ano \u2013 Educa\u00e7\u00e3o Musical e Curr\u00edculo, que aprofunda as quest\u00f5es mencionadas anteriormente, inserindo a discuss\u00e3o sobre teorias de curr\u00edculo, projetos pedag\u00f3gicos, e documentos governamentais, realizando a articula\u00e7\u00e3o com a disciplina de Est\u00e1gio Supervisionado II.<\/span><\/p>\n<p>&nbsp;<\/p>\n<h3><b>EVENTOS PROMOVIDOS:<\/b><\/h3>\n<p><span style=\"font-weight: 400\">O Curso de Licenciatura em M\u00fasica promove em conjunto com o Curso de Licenciatura em Artes Visuais, uma <\/span><b>Semana Acad\u00eamica de Arte<\/b><span style=\"font-weight: 400\">, onde s\u00e3o trazidos palestrantes de renome nacional e oferecidas oficinas para os acad\u00eamicos. Esta Semana \u00e9 aberta \u00e0 comunidade em geral.<\/span><\/p>\n<p>&nbsp;<\/p>\n<h4><strong>Os links abaixo s\u00e3o de interesse para a comunidade em geral:<\/strong><\/h4>\n<p><a href=\"http:\/\/www.abemeducacaomusical.com.br\/\" target=\"_blank\" rel=\"noopener noreferrer\"><span style=\"font-weight: 400\">ABEM &#8211; Associa\u00e7\u00e3o Brasileira de Educa\u00e7\u00e3o Musical<\/span><\/a><\/p>\n<p><a href=\"http:\/\/www.anppom.com.br\/\" target=\"_blank\" rel=\"noopener noreferrer\"><span style=\"font-weight: 400\">ANPPOM &#8211; Associa\u00e7\u00e3o Nacional de Pesquisa e P\u00f3s-Gradua\u00e7\u00e3o em M\u00fasica<\/span><\/a><\/p>\n<p><a href=\"http:\/\/www.anppom.com.br\/revista\/index.php\/opus\/index\" target=\"_blank\" rel=\"noopener noreferrer\"><span style=\"font-weight: 400\">OPUS- Revista da ANPPOM<\/span><\/a><\/p>\n<h3><a href=\"http:\/\/www.uepg.br\/catalogo\/cursos\/licenciatura_musica.html\" target=\"_blank\" rel=\"noopener noreferrer\"><span style=\"font-weight: 400\">Conhe\u00e7a a Estrutura do curso (clique aqui)<\/span><\/a><\/h3>\n","protected":false},"excerpt":{"rendered":"<p>\u00a0 Parecer CNE\/CES n\u00ba 146, de 3 de abril de 2002. Aprova as Diretrizes Curriculares Nacionais dos Cursos de Gradua\u00e7\u00e3o em Administra\u00e7\u00e3o, Ci\u00eancias Cont\u00e1beis, Ci\u00eancias Econ\u00f4micas, Dan\u00e7a, Design, Direito, Hotelaria, M\u00fasica, Secretariado Executivo, Teatro e Turismo. \u00a0 Parecer CNE\/CES n\u00ba 195, de 5 de agosto de 2003. Diretrizes Curriculares Nacionais dos cursos de gradua\u00e7\u00e3o em&hellip; <br \/> <a class=\"read-more\" href=\"https:\/\/www2.uepg.br\/portaldaslicenciaturas\/musica\/\">Leia mais<\/a><\/p>\n","protected":false},"author":24,"featured_media":0,"parent":0,"menu_order":0,"comment_status":"closed","ping_status":"closed","template":"","meta":[],"_links":{"self":[{"href":"https:\/\/www2.uepg.br\/portaldaslicenciaturas\/wp-json\/wp\/v2\/pages\/46"}],"collection":[{"href":"https:\/\/www2.uepg.br\/portaldaslicenciaturas\/wp-json\/wp\/v2\/pages"}],"about":[{"href":"https:\/\/www2.uepg.br\/portaldaslicenciaturas\/wp-json\/wp\/v2\/types\/page"}],"author":[{"embeddable":true,"href":"https:\/\/www2.uepg.br\/portaldaslicenciaturas\/wp-json\/wp\/v2\/users\/24"}],"replies":[{"embeddable":true,"href":"https:\/\/www2.uepg.br\/portaldaslicenciaturas\/wp-json\/wp\/v2\/comments?post=46"}],"version-history":[{"count":7,"href":"https:\/\/www2.uepg.br\/portaldaslicenciaturas\/wp-json\/wp\/v2\/pages\/46\/revisions"}],"predecessor-version":[{"id":204,"href":"https:\/\/www2.uepg.br\/portaldaslicenciaturas\/wp-json\/wp\/v2\/pages\/46\/revisions\/204"}],"wp:attachment":[{"href":"https:\/\/www2.uepg.br\/portaldaslicenciaturas\/wp-json\/wp\/v2\/media?parent=46"}],"curies":[{"name":"wp","href":"https:\/\/api.w.org\/{rel}","templated":true}]}}