{"id":52,"date":"2019-04-11T10:02:14","date_gmt":"2019-04-11T13:02:14","guid":{"rendered":"http:\/\/www2.uepg.br\/portaldaslicenciaturas\/?page_id=52"},"modified":"2019-04-11T16:21:06","modified_gmt":"2019-04-11T19:21:06","slug":"licenciaturas-a-distancia","status":"publish","type":"page","link":"https:\/\/www2.uepg.br\/portaldaslicenciaturas\/licenciaturas-a-distancia\/","title":{"rendered":"Licenciaturas \u00e0 Dist\u00e2ncia"},"content":{"rendered":"<p><span style=\"font-weight: 400\">O N\u00facleo de Tecnologia e Educa\u00e7\u00e3o Aberta e a Dist\u00e2ncia da UEPG (NUTEAD), \u00e9 um \u00d3rg\u00e3o Suplementar diretamente vinculado \u00e0 Reitoria, que fornece suporte para todos os cursos e programas semipresenciais e a dist\u00e2ncia existentes na UEPG. Criado em 08 de agosto de 2002 (parecer do Conselho de Ensino, Pesquisa e Extens\u00e3o da UEPG n\u00ba 052\/2002) tem por finalidade democratizar o acesso a educa\u00e7\u00e3o em todas as suas modalidades e incentivar a comunidade acad\u00eamica a criar e implementar projetos, programas e cursos de gradua\u00e7\u00e3o, de p\u00f3s-gradua\u00e7\u00e3o, de extens\u00e3o e seq\u00fcenciais, ministrados nas modalidades semipresencial e a dist\u00e2ncia, utilizando-se das novas tecnologias de informa\u00e7\u00e3o e comunica\u00e7\u00e3o.<\/span><\/p>\n<p>&nbsp;<\/p>\n<p><span style=\"font-weight: 400\">Este n\u00facleo conta hoje com equipes pedag\u00f3gica, t\u00e9cnica e administrativa que foram e continuam sendo capacitadas para planejar, desenvolver, acompanhar e avaliar todas as iniciativas de educa\u00e7\u00e3o aberta e a dist\u00e2ncia desenvolvidas pela UEPG, bem como disp\u00f5e dos equipamentos e laborat\u00f3rios necess\u00e1rios para o desenvolvimento dessas atividades. Por sua estrutura e fun\u00e7\u00f5es, tem se destacado no desenvolvimento de projetos de forma\u00e7\u00e3o inicial e continuada de docentes, mediante o estabelecimento de parcerias com \u00f3rg\u00e3os p\u00fablicos e privados.<\/span><\/p>\n<p>&nbsp;<\/p>\n<h4><strong>O <a href=\"http:\/\/ead.uepg.br\/site\/\" target=\"_blank\" rel=\"noopener noreferrer\">NUTEAD- UEPG<\/a> viabiliza a oferta das Licenciaturas em:<\/strong><\/h4>\n<p><a href=\"http:\/\/www.uepg.br\/catalogo\/cursos\/licenciatura_matem%C3%A1ticaUAB.html\" target=\"_blank\" rel=\"noopener noreferrer\"><span style=\"font-weight: 400\">Licenciatura em Matem\u00e1tica- UAB<\/span><\/a><\/p>\n<p><a href=\"http:\/\/www.uepg.br\/catalogo\/cursos\/licenciatura_geografiaUAB.html\" target=\"_blank\" rel=\"noopener noreferrer\"><span style=\"font-weight: 400\">Licenciatura em Geografia- UAB<\/span><\/a><\/p>\n<p><a href=\"http:\/\/www.uepg.br\/catalogo\/cursos\/licenciatura_edfisicaUAB.html\" target=\"_blank\" rel=\"noopener noreferrer\"><span style=\"font-weight: 400\">Licenciatura em Educa\u00e7\u00e3o F\u00edsica- UAB<\/span><\/a><\/p>\n<p><a href=\"http:\/\/www.uepg.br\/catalogo\/cursos\/licenciatura_pedagogiaUAB.html\" target=\"_blank\" rel=\"noopener noreferrer\"><span style=\"font-weight: 400\">Licenciatura em Pedagogia- UAB<\/span><\/a><\/p>\n<p><a href=\"http:\/\/www.uepg.br\/catalogo\/cursos\/licenciatura_portespUAB.html\" target=\"_blank\" rel=\"noopener noreferrer\"><span style=\"font-weight: 400\">Licenciatura em Letras\/Espanhol-UAB<\/span><\/a><\/p>\n<p><a href=\"http:\/\/www.uepg.br\/catalogo\/cursos\/licenciatura_historiaUAB.html\" target=\"_blank\" rel=\"noopener noreferrer\"><span style=\"font-weight: 400\">Licenciatura em Hist\u00f3ria-UAB<\/span><\/a><\/p>\n","protected":false},"excerpt":{"rendered":"<p>O N\u00facleo de Tecnologia e Educa\u00e7\u00e3o Aberta e a Dist\u00e2ncia da UEPG (NUTEAD), \u00e9 um \u00d3rg\u00e3o Suplementar diretamente vinculado \u00e0 Reitoria, que fornece suporte para todos os cursos e programas semipresenciais e a dist\u00e2ncia existentes na UEPG. Criado em 08 de agosto de 2002 (parecer do Conselho de Ensino, Pesquisa e Extens\u00e3o da UEPG n\u00ba&hellip; <br \/> <a class=\"read-more\" href=\"https:\/\/www2.uepg.br\/portaldaslicenciaturas\/licenciaturas-a-distancia\/\">Leia mais<\/a><\/p>\n","protected":false},"author":24,"featured_media":0,"parent":0,"menu_order":0,"comment_status":"closed","ping_status":"closed","template":"","meta":[],"_links":{"self":[{"href":"https:\/\/www2.uepg.br\/portaldaslicenciaturas\/wp-json\/wp\/v2\/pages\/52"}],"collection":[{"href":"https:\/\/www2.uepg.br\/portaldaslicenciaturas\/wp-json\/wp\/v2\/pages"}],"about":[{"href":"https:\/\/www2.uepg.br\/portaldaslicenciaturas\/wp-json\/wp\/v2\/types\/page"}],"author":[{"embeddable":true,"href":"https:\/\/www2.uepg.br\/portaldaslicenciaturas\/wp-json\/wp\/v2\/users\/24"}],"replies":[{"embeddable":true,"href":"https:\/\/www2.uepg.br\/portaldaslicenciaturas\/wp-json\/wp\/v2\/comments?post=52"}],"version-history":[{"count":4,"href":"https:\/\/www2.uepg.br\/portaldaslicenciaturas\/wp-json\/wp\/v2\/pages\/52\/revisions"}],"predecessor-version":[{"id":226,"href":"https:\/\/www2.uepg.br\/portaldaslicenciaturas\/wp-json\/wp\/v2\/pages\/52\/revisions\/226"}],"wp:attachment":[{"href":"https:\/\/www2.uepg.br\/portaldaslicenciaturas\/wp-json\/wp\/v2\/media?parent=52"}],"curies":[{"name":"wp","href":"https:\/\/api.w.org\/{rel}","templated":true}]}}