{"id":760,"date":"2020-08-20T10:57:08","date_gmt":"2020-08-20T13:57:08","guid":{"rendered":"http:\/\/www2.uepg.br\/portaldaslicenciaturas\/?page_id=760"},"modified":"2020-11-10T17:44:40","modified_gmt":"2020-11-10T20:44:40","slug":"forum-das-licenciaturas-este-ano-discute-educacao-contra-a-barbarie","status":"publish","type":"page","link":"https:\/\/www2.uepg.br\/portaldaslicenciaturas\/forum-das-licenciaturas-este-ano-discute-educacao-contra-a-barbarie\/","title":{"rendered":"F\u00f3rum das Licenciaturas, este ano, discute educa\u00e7\u00e3o contra a barb\u00e1rie"},"content":{"rendered":"<p style=\"text-align: center\"><span style=\"color: #333333\"><strong>EVENTO NO FORMATO REMOTO<\/strong><\/span><\/p>\n<p><span style=\"color: #333333\">O<strong> XIII F\u00f3rum das Licenciaturas da UEPG, <\/strong>este ano, pretende discutir o tema\u00a0<strong> EDUCA\u00c7\u00c3O CONTRA A BARB\u00c1RIE: FORMA\u00c7\u00c3O, SOLIDARIEDADE E DIVERSIDADE EM QUEST\u00c3O<\/strong> que ser\u00e1 realizado, <strong>remotamente,<\/strong> nos dias 24 e 25 de novembro de 2020, na Universidade Estadual de Ponta Grossa.<\/span><\/p>\n<p><span style=\"color: #333333\"><strong>Cronograma<\/strong><\/span><\/p>\n<p><span style=\"color: #333333\">Data:<strong> 24\/11\/2020<\/strong><\/span><\/p>\n<p><span style=\"color: #333333\">Hor\u00e1rio:<strong> \u00e0s 19 horas<\/strong><\/span><\/p>\n<ul>\n<li><span style=\"color: #333333\">Abertura: professor<strong> Fernando Luiz C\u00e1ssio Silva &#8211; Universidade Federal do ABC<\/strong><\/span><\/li>\n<\/ul>\n<p><span style=\"color: #333333\">T\u00edtulo da palestra:<strong> &#8220;Educa\u00e7\u00e3o contra a Barb\u00e1rie: Por escolas democr\u00e1ticas e pela liberdade de ensinar&#8221;<\/strong>.<\/span><\/p>\n<p><span style=\"color: #333333\"><strong> Cronograma<\/strong><\/span><\/p>\n<p><span style=\"color: #333333\">Data: <strong>25\/11\/2020<\/strong><\/span><\/p>\n<p><span style=\"color: #333333\">Hor\u00e1rio: <strong>das 09 horas \u00e0s 12 horas<\/strong><\/span><\/p>\n<p><span style=\"color: #333333\">Hor\u00e1rio: <strong>das 14 horas \u00e0s 17 horas<\/strong><\/span><\/p>\n<ul>\n<li><span style=\"color: #333333\">\u00a0Apresenta\u00e7\u00e3o virtual de <strong>E-Banner<\/strong><\/span><\/li>\n<li><span style=\"color: #333333\">Apresenta\u00e7\u00e3o virtual de <strong>V\u00eddeos (Produ\u00e7\u00e3o \u00c1udio Visual)<\/strong><\/span><\/li>\n<\/ul>\n<p><span style=\"color: #333333\">Hor\u00e1rio:<strong> \u00e0s 19 horas <\/strong><\/span><\/p>\n<ul>\n<li><span style=\"color: #333333\">Mesa de debate: <strong>Prof\u00aa. Margarita Sgr\u00f3 (Argentina- Facultad de Ciencias Humanas\/UNCPBA- Universidad Nacional do Centro da Prov\u00edncia de Buenos Aires)<\/strong> e <strong>Prof. Angelo Cenci (Universidade de Passo Fundo)<\/strong><\/span><\/li>\n<\/ul>\n<p>&nbsp;<\/p>\n<p><span style=\"color: #333333\">Inscri\u00e7\u00f5es:<strong> 10 de outubro a 10 de novembro de 2020.<\/strong><\/span><\/p>\n<p><span style=\"color: #333333\">P\u00fablico alvo:<strong> professores\/as e alunos\/as de educa\u00e7\u00e3o presencial e a dist\u00e2ncia da educa\u00e7\u00e3o b\u00e1sica<\/strong>,<strong> t\u00e9cnica e ensino superior<\/strong>.<\/span><\/p>\n<p><span style=\"color: #333333\">Podem apresentar trabalhos:<strong> alunos\/as dos cursos de Licenciaturas presenciais e a dist\u00e2ncia da UEPG<\/strong>,<\/span><\/p>\n<p><span style=\"color: #333333\">Nas seguintes modalidades:<strong> Apresenta\u00e7\u00e3o virtual de E-Banner<\/strong>,<strong> Apresenta\u00e7\u00e3o virtual de V\u00eddeos (Produ\u00e7\u00e3o \u00c1udio Visual)<\/strong>.<\/span><\/p>\n<p><span style=\"color: #333333\">Promo\u00e7\u00e3o: <strong>PROGRAD<\/strong>,<strong> COPELIC<\/strong>,<strong> Colegiados dos Cursos de Licenciaturas da UEPG <\/strong>e <strong>NUTEAD<\/strong>.<\/span><\/p>\n<p><span style=\"color: #333333\">Equipe Organizadora do F\u00f3rum:<strong> Carlos Williams Jacques Moraes, Lucimar Araujo Braga, Cristiane Aparecida Woytichoski, Carla Silvia Pimentel, Jana\u00edna de Paula do Esp\u00edrito Santo, Karen Wohnrath, Marli Terezinha Van Kan, Melissa Andres Freitas, Jos\u00e9 Fabiano Justus, Nelson Silva J\u00fanior, Graciete Tozetto G\u00f3es, Rog\u00e9rio de Brito Bergold, Moacir \u00c1vila de Mattos J\u00fanior e Sandro de Souza Pinto.<\/strong><\/span><\/p>\n<p>Para se inscrever siga o link:<\/p>\n<p><a href=\"https:\/\/ead.uepg.br\/site\/curso\/186\/411\" target=\"_blank\" rel=\"noopener noreferrer\">https:\/\/ead.uepg.br\/site\/curso\/186\/411<\/a><\/p>\n<p>Regulamento para o e.banner:<\/p>\n<p><a href=\"http:\/\/www2.uepg.br\/portaldaslicenciaturas\/wp-content\/uploads\/sites\/14\/2020\/11\/Normas-E.banner-com-data.pdf\">Normas E.banner com data<\/a><\/p>\n<p><a href=\"http:\/\/www2.uepg.br\/portaldaslicenciaturas\/wp-content\/uploads\/sites\/14\/2020\/10\/Ficha-tecnica-e.banner.doc\">Ficha t\u00e9cnica e.banner<\/a><\/p>\n<p>Regulamento para o audiovisual:<\/p>\n<p><a href=\"http:\/\/www2.uepg.br\/portaldaslicenciaturas\/wp-content\/uploads\/sites\/14\/2020\/10\/Normas-Producao-Audiovisual.pdf\">Normas Produ\u00e7\u00e3o Audiovisual<\/a><\/p>\n<p><a href=\"http:\/\/www2.uepg.br\/portaldaslicenciaturas\/wp-content\/uploads\/sites\/14\/2020\/10\/Roteiro-para-producao-audiovisual.docx\">Roteiro para produ\u00e7\u00e3o audiovisual<\/a><\/p>\n","protected":false},"excerpt":{"rendered":"<p>EVENTO NO FORMATO REMOTO O XIII F\u00f3rum das Licenciaturas da UEPG, este ano, pretende discutir o tema\u00a0 EDUCA\u00c7\u00c3O CONTRA A BARB\u00c1RIE: FORMA\u00c7\u00c3O, SOLIDARIEDADE E DIVERSIDADE EM QUEST\u00c3O que ser\u00e1 realizado, remotamente, nos dias 24 e 25 de novembro de 2020, na Universidade Estadual de Ponta Grossa. Cronograma Data: 24\/11\/2020 Hor\u00e1rio: \u00e0s 19 horas Abertura: professor&hellip; <br \/> <a class=\"read-more\" href=\"https:\/\/www2.uepg.br\/portaldaslicenciaturas\/forum-das-licenciaturas-este-ano-discute-educacao-contra-a-barbarie\/\">Leia mais<\/a><\/p>\n","protected":false},"author":34,"featured_media":0,"parent":0,"menu_order":0,"comment_status":"closed","ping_status":"closed","template":"","meta":[],"_links":{"self":[{"href":"https:\/\/www2.uepg.br\/portaldaslicenciaturas\/wp-json\/wp\/v2\/pages\/760"}],"collection":[{"href":"https:\/\/www2.uepg.br\/portaldaslicenciaturas\/wp-json\/wp\/v2\/pages"}],"about":[{"href":"https:\/\/www2.uepg.br\/portaldaslicenciaturas\/wp-json\/wp\/v2\/types\/page"}],"author":[{"embeddable":true,"href":"https:\/\/www2.uepg.br\/portaldaslicenciaturas\/wp-json\/wp\/v2\/users\/34"}],"replies":[{"embeddable":true,"href":"https:\/\/www2.uepg.br\/portaldaslicenciaturas\/wp-json\/wp\/v2\/comments?post=760"}],"version-history":[{"count":20,"href":"https:\/\/www2.uepg.br\/portaldaslicenciaturas\/wp-json\/wp\/v2\/pages\/760\/revisions"}],"predecessor-version":[{"id":871,"href":"https:\/\/www2.uepg.br\/portaldaslicenciaturas\/wp-json\/wp\/v2\/pages\/760\/revisions\/871"}],"wp:attachment":[{"href":"https:\/\/www2.uepg.br\/portaldaslicenciaturas\/wp-json\/wp\/v2\/media?parent=760"}],"curies":[{"name":"wp","href":"https:\/\/api.w.org\/{rel}","templated":true}]}}