{"id":11,"date":"2020-04-20T14:57:56","date_gmt":"2020-04-20T17:57:56","guid":{"rendered":"http:\/\/www2.uepg.br\/pibex\/?page_id=11"},"modified":"2024-09-30T17:48:11","modified_gmt":"2024-09-30T20:48:11","slug":"editais","status":"publish","type":"page","link":"https:\/\/www2.uepg.br\/portaldebolsasdeextensao\/editais\/","title":{"rendered":"Editais"},"content":{"rendered":"<div id=\"pl-11\"  class=\"panel-layout\" ><div id=\"pg-11-0\"  class=\"panel-grid panel-no-style\" ><div id=\"pgc-11-0-0\"  class=\"panel-grid-cell\" ><div id=\"panel-11-0-0-0\" class=\"so-panel widget widget_sow-accordion panel-first-child panel-last-child\" data-index=\"0\" ><div\n\t\t\t\n\t\t\tclass=\"so-widget-sow-accordion so-widget-sow-accordion-default-7f158b849c7f-11\"\n\t\t\t\n\t\t><h3 class=\"widget-title\">EDITAIS<\/h3><div>\n\t<div class=\"sow-accordion\">\n\t\t\t<div class=\"sow-accordion-panel\"\n\t\t\t data-anchor=\"2024\">\n\t\t\t\t<div class=\"sow-accordion-panel-header-container\" role=\"heading\" aria-level=\"2\">\n\t\t\t\t\t<div class=\"sow-accordion-panel-header\" tabindex=\"0\" role=\"button\" id=\"accordion-label-2024\" aria-controls=\"accordion-content-2024\" aria-expanded=\"false\">\n\t\t\t\t\t\t<div class=\"sow-accordion-title sow-accordion-title-icon-left\">\n\t\t\t\t\t\t\t\t\t\t\t\t\t\t2024\t\t\t\t\t\t\t\t\t\t\t\t\t<\/div>\n\t\t\t\t\t\t<div class=\"sow-accordion-open-close-button\">\n\t\t\t\t\t\t\t<div class=\"sow-accordion-open-button\">\n\t\t\t\t\t\t\t\t<span class=\"sow-icon-ionicons\" data-sow-icon=\"&#xf218;\"\n\t\t \n\t\taria-hidden=\"true\"><\/span>\t\t\t\t\t\t\t<\/div>\n\t\t\t\t\t\t\t<div class=\"sow-accordion-close-button\">\n\t\t\t\t\t\t\t\t<span class=\"sow-icon-ionicons\" data-sow-icon=\"&#xf209;\"\n\t\t \n\t\taria-hidden=\"true\"><\/span>\t\t\t\t\t\t\t<\/div>\n\t\t\t\t\t\t<\/div>\n\t\t\t\t\t<\/div>\n\t\t\t\t<\/div>\n\n\t\t\t<div\n\t\t\t\tclass=\"sow-accordion-panel-content\"\n\t\t\t\trole=\"region\"\n\t\t\t\taria-labelledby=\"accordion-label-2024\"\n\t\t\t\tid=\"accordion-content-2024\"\n\t\t\t\tstyle=\"display: none;\"\t\t\t>\n\t\t\t\t<div class=\"sow-accordion-panel-border\" tabindex=\"0\">\n\t\t\t\t\t<p>1 - PIBEX<\/p>\n<p class=\"hero-title\"><a href=\"https:\/\/www2.uepg.br\/portaldebolsasdeextensao\/wp-content\/uploads\/sites\/215\/2024\/09\/Edital-28_24-PIBEX-cadastro-reserva-RESULTADO-FINAL-1.pdf\">EDITAL PROEX DEU N\u00b028\/2024 \u2013 CLASSIFICA\u00c7\u00c3O FINAL \u2013 CADASTRO RESERVA \u2013 BOLSAS PIBEX \u2013 2024\/2025<\/a><\/p>\n<p><a href=\"https:\/\/www2.uepg.br\/proex\/wp-content\/uploads\/sites\/8\/2024\/09\/Edital-26_24-PIBEX-cadastro-reserva.pdf\">EDITAL PROEX DEU N\u00b026\/2024 \u2013 CADASTRO RESERVA PIBEX 2024\/2025 \u2013 CLASSIFICA\u00c7\u00c3O PRELIMINAR<\/a><\/p>\n<p><a href=\"https:\/\/www2.uepg.br\/portaldebolsasdeextensao\/wp-content\/uploads\/sites\/215\/2024\/08\/EDITAL-CADASTRO-RESERVA-PIBEX-2024.pdf\">EDITAL 20\/2024 ABERTURA CADASTRO-RESERVA-PIBEX-2024\/2025<\/a><\/p>\n<p><a href=\"https:\/\/www2.uepg.br\/portaldebolsasdeextensao\/wp-content\/uploads\/sites\/215\/2024\/08\/PIBEX-final-2024.pdf\">EDITAL 18\/2024 - CLASSIFICA\u00c7\u00c3O FINAL PIBEX-2024\/2025<\/a><\/p>\n<p><a href=\"https:\/\/www2.uepg.br\/portaldebolsasdeextensao\/wp-content\/uploads\/sites\/215\/2024\/08\/EDITAL-CLASSIFICACAO-PRELIMONAR-PIBEX2024-162024.pdf\">EDITAL 16\/2024 - CLASSIFICA\u00c7AO PRELIMINAR PIBEX 2024\/2025<\/a><\/p>\n<p><a href=\"https:\/\/www2.uepg.br\/portaldebolsasdeextensao\/wp-content\/uploads\/sites\/215\/2024\/07\/PIBEX-prorrogacao.pdf\">EDITAL 14\/2024 - PRORROGA\u00c7\u00c3O INSCRI\u00c7\u00c3O PIBEX 2024<\/a><\/p>\n<p><a href=\"https:\/\/www2.uepg.br\/portaldebolsasdeextensao\/wp-content\/uploads\/sites\/215\/2024\/06\/PIBEX-2024.pdf\">EDITAL 10\/2024 - ABERTURA BOLSAS DE EXTENS\u00c3O PIBEX 2024<\/a><\/p>\n<p><a href=\"https:\/\/www2.uepg.br\/portaldebolsasdeextensao\/wp-content\/uploads\/sites\/215\/2024\/09\/CP-07-2024-PIBEX-PLANO-DE-TRABALHO-2024.pdf\">PLANO-DE-TRABALHO-PIBEX2024<\/a><\/p>\n<p>&nbsp;<\/p>\n<p>2 - PIBIS<\/p>\n<p class=\"hero-title\"><a href=\"https:\/\/www2.uepg.br\/portaldebolsasdeextensao\/wp-content\/uploads\/sites\/215\/2024\/09\/Edital-29_24-PIBIS-cadastro-reserva-RESULTADO-FINAL-1.pdf\">EDITAL PROEX DEU N\u00b029\/2024 \u2013 CLASSIFICA\u00c7\u00c3O FINAL \u2013 CADASTRO RESERVA \u2013 BOLSAS PIBIS \u2013 2024\/2025<\/a><\/p>\n<p><a href=\"https:\/\/www2.uepg.br\/proex\/wp-content\/uploads\/sites\/8\/2024\/09\/Edital-27_24-PIBIS-cadastro-reserva.pdf\">EDITAL PROEX DEU N\u00b027\/2024 \u2013 CADASTRO RESERVA PIBIS 2024\/2025 \u2013 CLASSIFICA\u00c7\u00c3O PRELIMINAR<\/a><\/p>\n<p><a href=\"https:\/\/www2.uepg.br\/portaldebolsasdeextensao\/wp-content\/uploads\/sites\/215\/2024\/08\/EDITAL-CADASTRO-RESERVA-pibis2424.pdf\">EDITAL 21\/2024 - ABERTURA CADASTRO RESERVA PIBIS 2024\/2025<\/a><\/p>\n<p><a href=\"https:\/\/www2.uepg.br\/portaldebolsasdeextensao\/wp-content\/uploads\/sites\/215\/2024\/08\/PIBIS-final-2024.pdf\">EDITAL 19\/2024 - CLASSIFICA\u00c7\u00c3O FINAL PIBIS 2024\/2025<\/a><\/p>\n<p><a href=\"https:\/\/www2.uepg.br\/portaldebolsasdeextensao\/wp-content\/uploads\/sites\/215\/2024\/08\/CLASSIFICACAO-PRELIMINAR-PIBIS-2024-172024.pdf\">EDITAL 17\/2024 - CLASSIFICACAO PRELIMINAR PIBIS 2024\/2025<\/a><\/p>\n<p><a href=\"https:\/\/www2.uepg.br\/portaldebolsasdeextensao\/wp-content\/uploads\/sites\/215\/2024\/07\/PIBIS-prorrogacao.pdf\">EDITAL 15\/2024 - PRORROGA\u00c7\u00c3O INSCRI\u00c7\u00d5ES PIBIS 2024<\/a><\/p>\n<p><a href=\"https:\/\/www2.uepg.br\/portaldebolsasdeextensao\/wp-content\/uploads\/sites\/215\/2024\/06\/PIBIS-2024.pdf\">EDITAL 11\/2024 ABERTURA BOLSAS DE EXTENS\u00c3O PIBIS 2024<\/a><\/p>\n<p><a href=\"https:\/\/www2.uepg.br\/portaldebolsasdeextensao\/wp-content\/uploads\/sites\/215\/2024\/09\/CP-08-2024-PIBIS-PLANO-DE-TRABALHO-2024.pdf\">PLANO-DE-TRABALHO-PIBIS2024<\/a><\/p>\n\t\t\t\t<\/div>\n\t\t\t<\/div>\n\t\t<\/div>\n\t\t\t<div class=\"sow-accordion-panel\"\n\t\t\t data-anchor=\"2022-2023\">\n\t\t\t\t<div class=\"sow-accordion-panel-header-container\" role=\"heading\" aria-level=\"2\">\n\t\t\t\t\t<div class=\"sow-accordion-panel-header\" tabindex=\"0\" role=\"button\" id=\"accordion-label-2022-2023\" aria-controls=\"accordion-content-2022-2023\" aria-expanded=\"false\">\n\t\t\t\t\t\t<div class=\"sow-accordion-title sow-accordion-title-icon-left\">\n\t\t\t\t\t\t\t\t\t\t\t\t\t\t2022 \/ 2023\t\t\t\t\t\t\t\t\t\t\t\t\t<\/div>\n\t\t\t\t\t\t<div class=\"sow-accordion-open-close-button\">\n\t\t\t\t\t\t\t<div class=\"sow-accordion-open-button\">\n\t\t\t\t\t\t\t\t<span class=\"sow-icon-ionicons\" data-sow-icon=\"&#xf218;\"\n\t\t \n\t\taria-hidden=\"true\"><\/span>\t\t\t\t\t\t\t<\/div>\n\t\t\t\t\t\t\t<div class=\"sow-accordion-close-button\">\n\t\t\t\t\t\t\t\t<span class=\"sow-icon-ionicons\" data-sow-icon=\"&#xf209;\"\n\t\t \n\t\taria-hidden=\"true\"><\/span>\t\t\t\t\t\t\t<\/div>\n\t\t\t\t\t\t<\/div>\n\t\t\t\t\t<\/div>\n\t\t\t\t<\/div>\n\n\t\t\t<div\n\t\t\t\tclass=\"sow-accordion-panel-content\"\n\t\t\t\trole=\"region\"\n\t\t\t\taria-labelledby=\"accordion-label-2022-2023\"\n\t\t\t\tid=\"accordion-content-2022-2023\"\n\t\t\t\tstyle=\"display: none;\"\t\t\t>\n\t\t\t\t<div class=\"sow-accordion-panel-border\" tabindex=\"0\">\n\t\t\t\t\t<p>1 - PIBEX<\/p>\n<p><a href=\"https:\/\/www2.uepg.br\/pibex\/wp-content\/uploads\/sites\/215\/2023\/07\/EDITAL-PROEX-DEU-2023.525-CLASSIFICACAO-FINAL-PIBEX-2023.pdf\">EDITAL PROEX DEU 2023.525 - CLASSIFICACAO-FINAL-PIBEX-2023<\/a><a href=\"https:\/\/www2.uepg.br\/pibex\/wp-content\/uploads\/sites\/215\/2023\/06\/EDITAL-PROEX-DEU-2023.439-ABERTURA-PIBEX.pdf\"><img class=\"\" src=\"https:\/\/www2.uepg.br\/proex\/wp-content\/uploads\/sites\/8\/2022\/03\/download.png\" width=\"31\" height=\"18\" \/><\/a><\/p>\n<p><a href=\"https:\/\/www2.uepg.br\/pibex\/wp-content\/uploads\/sites\/215\/2023\/07\/RESULTADOCLASIFICACAO-PRELIMINARPIBEX-2023.pdf\">EDITAL PROEX DEU 2023.514 - CLASSIFICACAO PRELIMINAR_PIBEX_2023\/2024<\/a><\/p>\n<p><a href=\"https:\/\/www2.uepg.br\/pibex\/wp-content\/uploads\/sites\/215\/2023\/06\/SEI_UEPG-Edital-2023.477.pdf\">EDITAL PROEX DEU 2023.477 PRORROGA\u00c7\u00c3O DO PER\u00cdODO DE INSCRI\u00c7\u00c3O DOS PROGRAMAS PIBIS E PIBEX<\/a><\/p>\n<p><a href=\"https:\/\/www2.uepg.br\/pibex\/wp-content\/uploads\/sites\/215\/2023\/06\/ABERTURA-PIBEX-2023-1.pdf\">EDITAL PROEX DEU 2023.439 - ABERTURA PIBEX<\/a><\/p>\n<p><a href=\"https:\/\/www2.uepg.br\/pibex\/wp-content\/uploads\/sites\/215\/2022\/05\/2022-ABERTURA-PIBEX-2.pdf\">EDITAL PROEX DEU 02\/2022 ABERTURA PIBEX<\/a><\/p>\n<p><a href=\"https:\/\/www2.uepg.br\/pibex\/wp-content\/uploads\/sites\/215\/2022\/06\/ANEXO-I-PLANO-DE-TRABALHO-DO-BOLSISTA-PIBEX-1-1.doc\">ANEXO I - PLANO-DE-TRABALHO-DO-BOLSISTA-PIBEX-1 (1)<\/a><\/p>\n<p><a href=\"https:\/\/www2.uepg.br\/pibex\/wp-content\/uploads\/sites\/215\/2022\/05\/proposta_ficha_empreendedorismo_inovacao_2022-5.pdf\">ANEXO II FICHA DE INSCRI\u00c7\u00c3O<\/a><\/p>\n<p><a href=\"https:\/\/www2.uepg.br\/pibex\/wp-content\/uploads\/sites\/215\/2022\/06\/PRORROGACAOPIBEX-1.pdf\">EDITAL PROEX DEU 04\/2022 PRORROGA\u00c7\u00c3O PIBEX<\/a><\/p>\n<p><a href=\"https:\/\/www2.uepg.br\/pibex\/wp-content\/uploads\/sites\/215\/2022\/06\/EDITAL-072022CLASSIFICACAO-PRELIMINAR-PIBEX-1.pdf\">EDITAL PROEX DEU 07\/2022 CLASSIFICA\u00c7\u00c3O PRELIMINAR PIBEX\u00a0<\/a><\/p>\n<p><a href=\"https:\/\/www2.uepg.br\/pibex\/wp-content\/uploads\/sites\/215\/2022\/07\/08-2022-RETIFICACAO-classificacao-preliminar-2.pdf\">PROEX DEU 08\/2022 RETIFICA\u00c7\u00c3O CLASSIFICA\u00c7\u00c3O PRELIMINAR PIBEX<\/a><\/p>\n<p><a href=\"https:\/\/www2.uepg.br\/pibex\/wp-content\/uploads\/sites\/215\/2022\/07\/CLASSIFICACAO-FINAL-PIBEX-2022.pdf\">EDITAL PROEX DEU 10\/2022 CLASSIFICA\u00c7\u00c3O FINAL PIBEX<\/a><\/p>\n<p>&nbsp;<\/p>\n<p>2. PIBIS<\/p>\n<p><a href=\"https:\/\/www2.uepg.br\/portaldebolsasdeextensao\/wp-content\/uploads\/sites\/215\/2023\/09\/EDITAL-CLASS-FINAL-CADASTRO-RESERVA-OIBIS2023.pdf\">EDITAL CLASSIFICA\u00c7\u00c3O FINAL CADASTRO RESERVA PIBIS 2023<\/a><a href=\"https:\/\/www2.uepg.br\/proex\/wp-content\/uploads\/sites\/8\/2022\/03\/download.png\"><img class=\"alignnone wp-image-5368\" src=\"https:\/\/www2.uepg.br\/proex\/wp-content\/uploads\/sites\/8\/2022\/03\/download.png\" alt=\"\" width=\"33\" height=\"19\" \/><\/a><\/p>\n<p><a href=\"https:\/\/www2.uepg.br\/pibex\/wp-content\/uploads\/sites\/215\/2023\/09\/EDITAL-2023.738-RESULTADO-CLASSIFICACAO-PRELIMINAR-PIBIS2023-cadastro-reserva-1.pdf\">EDITAL PROEX DEU 2023.738\u00a0 - CLASSIFICA\u00c7\u00c3O PRELIMINAR PIBIS 2023 - cadastro reserva<\/a><\/p>\n<p><a href=\"https:\/\/www2.uepg.br\/pibex\/wp-content\/uploads\/sites\/215\/2023\/08\/EDITAL-PROEX-DEU-2023.633-CADASTRO-RESERVA-PIBIS-2023.pdf\">EDITAL PROEX DEU 2023.633 - CADASTRO RESERVA PIBIS 2023<\/a><\/p>\n<p><a href=\"https:\/\/www2.uepg.br\/pibex\/wp-content\/uploads\/sites\/215\/2023\/07\/EDITAL-PROEX-DEU-2023.524-CLASSIFICACAO-FINAL-PIBIS-2023.pdf\">EDITAL PROEX DEU 2023.524 - CLASSIFICACAO-FINAL-PIBIS-2023<\/a><\/p>\n<p><a href=\"https:\/\/www2.uepg.br\/pibex\/wp-content\/uploads\/sites\/215\/2023\/07\/RESULTADO_CLASSIFICACAO_PRELIMINAR_PIBIS2023.pdf\">EDITAL PROEX DEU 2023.515 - CLASSIFICACAO_PRELIMINAR_PIBIS2023<\/a><\/p>\n<p><a href=\"https:\/\/www2.uepg.br\/pibex\/wp-content\/uploads\/sites\/215\/2023\/06\/SEI_UEPG-Edital-2023.477.pdf\">EDITAL PROEX DEU 2023.477 PRORROGA\u00c7\u00c3O DO PER\u00cdODO DE INSCRI\u00c7\u00c3O DOS PROGRAMAS PIBIS E PIBEX<\/a><a href=\"https:\/\/www2.uepg.br\/proex\/wp-content\/uploads\/sites\/8\/2022\/03\/download.png\">\u00a0<\/a><\/p>\n<p>&nbsp;<\/p>\n<p><a href=\"https:\/\/www2.uepg.br\/pibex\/wp-content\/uploads\/sites\/215\/2023\/06\/ABERTURA-PIBIS-2023.pdf\">EDITAL PROEX DEU 2023.441ABERTURA PIBIS 2023<\/a><\/p>\n<p><a href=\"https:\/\/www2.uepg.br\/pibex\/wp-content\/uploads\/sites\/215\/2022\/05\/2022-ABERTURA-PIBIS-2-2.pdf\">EDITAL PROEX DEU 01\/2022 ABERTURA PIBIS 2<\/a><\/p>\n<p><a href=\"https:\/\/www2.uepg.br\/pibex\/wp-content\/uploads\/sites\/215\/2022\/05\/ANEXO-I-Plano-de-Trabalho-e-Declaracao-do-Bolsista-PIBIS-2.doc\">ANEXO-I-Plano-de-Trabalho-e-Declaracao-do-Bolsista-PIBIS<\/a><\/p>\n<p><a href=\"https:\/\/www2.uepg.br\/pibex\/wp-content\/uploads\/sites\/215\/2022\/05\/proposta_ficha_empreendedorismo_inovacao_2022-5.pdf\">ANEXO II FICHA DE INSCRI\u00c7\u00c3O<\/a><\/p>\n<p><a href=\"https:\/\/www2.uepg.br\/pibex\/wp-content\/uploads\/sites\/215\/2022\/06\/PRORROGACAOPIBIS.pdf\">EDITAL PROEX DEU 05\/2022 PRORROGA\u00c7\u00c3O PIBIS\u00a0<\/a><\/p>\n<p><a href=\"https:\/\/www2.uepg.br\/pibex\/wp-content\/uploads\/sites\/215\/2022\/06\/EDITAL062022RESULTADOPRELIMINAR062022PIBIS.pdf\">EDITAL PROEX DEU 06\/2022 CLASSIFICA\u00c7\u00c3O PRELIMINAR PIBIS <\/a><\/p>\n<p><a href=\"https:\/\/www2.uepg.br\/pibex\/wp-content\/uploads\/sites\/215\/2022\/07\/CLASSIFICACAO-FINAL-PIBIS-2022.pdf\">EDITAL PROEX DEU 09\/2022 CLASSIFICA\u00c7\u00c3O FINAL PIBIS<\/a><\/p>\n<p><a href=\"https:\/\/www2.uepg.br\/pibex\/wp-content\/uploads\/sites\/215\/2023\/04\/EDITAL-2023.270-REMANEJAMENTO-DE-BOLSAS-PIBIS.pdf\">EDITAL 2023.270 REMANEJAMENTO DE BOLSAS PIBIS<\/a><\/p>\n<p>&nbsp;<\/p>\n<p>3.BOLSAS DE EXTENS\u00c3O PROEX<\/p>\n<p><a href=\"https:\/\/www2.uepg.br\/portaldebolsasdeextensao\/wp-content\/uploads\/sites\/215\/2023\/12\/Edital-Resultado-Prorrogacao-Bolsas-PROEX.pdf\">Edital-Resultado-Prorrogacao-Bolsas-PROEX<\/a><a href=\"https:\/\/www2.uepg.br\/pibex\/wp-content\/uploads\/sites\/215\/2023\/06\/EDITAL-PROEX-DEU-2023.439-ABERTURA-PIBEX.pdf\"><img class=\"\" src=\"https:\/\/www2.uepg.br\/proex\/wp-content\/uploads\/sites\/8\/2022\/03\/download.png\" width=\"31\" height=\"18\" \/><\/a><\/p>\n<p><a href=\"https:\/\/www2.uepg.br\/portaldebolsasdeextensao\/wp-content\/uploads\/sites\/215\/2023\/12\/Edital-PROEX-2023.932.pdf\">Edital-PROEX-2023.932 - PRORROGA\u00c7\u00c3O BOLSAS PROEX<\/a><\/p>\n<p><a href=\"https:\/\/www2.uepg.br\/pibex\/wp-content\/uploads\/sites\/215\/2022\/11\/Edital-PROEX_653-1.pdf\">EDITAL PROEX DEU - PRORROGA\u00c7\u00c3O INSCRI\u00c7\u00d5ES 653.2022<\/a><\/p>\n<p><a href=\"https:\/\/www2.uepg.br\/proex\/wp-content\/uploads\/sites\/8\/2022\/10\/Edital-610-2022-2.pdf\" target=\"_blank\" rel=\"noopener\">EDITAL PROEX DEU 610-2022<\/a><\/p>\n<p><a href=\"https:\/\/www2.uepg.br\/pibex\/wp-content\/uploads\/sites\/215\/2022\/10\/ANEXO-I.doc\">ANEXO-I<\/a><\/p>\n<p><a href=\"https:\/\/www2.uepg.br\/pibex\/wp-content\/uploads\/sites\/215\/2022\/12\/Edital-PROEX-679.pdf\">Edital PROEX 679.2022 - CLASSIFICA\u00c7\u00c3O PRELIMINAR<\/a><\/p>\n<p><a href=\"https:\/\/www2.uepg.br\/pibex\/wp-content\/uploads\/sites\/215\/2022\/12\/Edital-PROEX-2022.696-CLASSIFICACAO-FINAL-PROEX.pdf\">Edital PROEX 2022.696 CLASSIFICA\u00c7\u00c3O FINAL PROEX<\/a><\/p>\n<p>&nbsp;<\/p>\n\t\t\t\t<\/div>\n\t\t\t<\/div>\n\t\t<\/div>\n\t\t\t<div class=\"sow-accordion-panel\"\n\t\t\t data-anchor=\"2021\">\n\t\t\t\t<div class=\"sow-accordion-panel-header-container\" role=\"heading\" aria-level=\"2\">\n\t\t\t\t\t<div class=\"sow-accordion-panel-header\" tabindex=\"0\" role=\"button\" id=\"accordion-label-2021\" aria-controls=\"accordion-content-2021\" aria-expanded=\"false\">\n\t\t\t\t\t\t<div class=\"sow-accordion-title sow-accordion-title-icon-left\">\n\t\t\t\t\t\t\t\t\t\t\t\t\t\t2021\t\t\t\t\t\t\t\t\t\t\t\t\t<\/div>\n\t\t\t\t\t\t<div class=\"sow-accordion-open-close-button\">\n\t\t\t\t\t\t\t<div class=\"sow-accordion-open-button\">\n\t\t\t\t\t\t\t\t<span class=\"sow-icon-ionicons\" data-sow-icon=\"&#xf218;\"\n\t\t \n\t\taria-hidden=\"true\"><\/span>\t\t\t\t\t\t\t<\/div>\n\t\t\t\t\t\t\t<div class=\"sow-accordion-close-button\">\n\t\t\t\t\t\t\t\t<span class=\"sow-icon-ionicons\" data-sow-icon=\"&#xf209;\"\n\t\t \n\t\taria-hidden=\"true\"><\/span>\t\t\t\t\t\t\t<\/div>\n\t\t\t\t\t\t<\/div>\n\t\t\t\t\t<\/div>\n\t\t\t\t<\/div>\n\n\t\t\t<div\n\t\t\t\tclass=\"sow-accordion-panel-content\"\n\t\t\t\trole=\"region\"\n\t\t\t\taria-labelledby=\"accordion-label-2021\"\n\t\t\t\tid=\"accordion-content-2021\"\n\t\t\t\tstyle=\"display: none;\"\t\t\t>\n\t\t\t\t<div class=\"sow-accordion-panel-border\" tabindex=\"0\">\n\t\t\t\t\t<h4>1. PIBEX (PROEX\/UEPG)<\/h4>\n<p>17\/12\/2021 - <a href=\"https:\/\/www2.uepg.br\/proex\/wp-content\/uploads\/sites\/8\/2021\/12\/XX-2021-CLASSIFICACAO-FINAL-PIBEX-RP.pdf\" target=\"_blank\" rel=\"noopener\">EDITAL PROEX\/DEU N\u00ba 20\/2021 - EDITAL DE CLASSIFICA\u00c7\u00c3O FINAL DO PROGRAMA INSTITUCIONAL DE BOLSAS DE EXTENS\u00c3O UNIVERSIT\u00c1RIA (PIBEX) PROEX\/UEPG, vig\u00eancia 2022<\/a><\/p>\n<p>10\/12\/2021 - <a href=\"https:\/\/www2.uepg.br\/pibex\/wp-content\/uploads\/sites\/215\/2022\/02\/EDITAL-19-RETIFICACAO-DE-CLASSIFICACAO-PRELIMINAR.pdf\" target=\"_blank\" rel=\"noopener\">EDITAL PROEX\/DEU N\u00ba 19\/2021 - EDITAL DE RETIFICA\u00c7\u00c3O DA CLASSIFICA\u00c7\u00c3O PRELIMINAR DAS BOLSAS DE EXTENS\u00c3O UNIVERSIT\u00c1RIA (PIBEX) PROEX\/UEPG, vig\u00eancia 2022<\/a><\/p>\n<p>09\/12\/2021 - <a href=\"https:\/\/www2.uepg.br\/pibex\/wp-content\/uploads\/sites\/215\/2022\/02\/EDITAL-18-DE-CLASSIFICACAO-PRELIMINAR.pdf\" target=\"_blank\" rel=\"noopener\">EDITAL PROEX\/DEU N\u00ba 18\/2021 - EDITAL DE CLASSIFICA\u00c7\u00c3O PRELIMINAR DAS INSCRI\u00c7\u00d5ES DO PROGRAMA INSTITUCIONAL DE BOLSAS DE EXTENS\u00c3O UNIVERSIT\u00c1RIA (PIBEX) PROEX\/UEPG, vig\u00eancia 2022<\/a><\/p>\n<p>19\/11\/2021 - <a href=\"https:\/\/www2.uepg.br\/pibex\/wp-content\/uploads\/sites\/215\/2022\/02\/17-2021-PRORROGACAO.pdf\" target=\"_blank\" rel=\"noopener\">EDITAL PROEX\/DEU N\u00ba 17\/2021 - EDITAL DE PRORROGA\u00c7\u00c3O DAS INSCRI\u00c7\u00d5ES DO PROGRAMA INSTITUCIONAL DE BOLSAS DE EXTENS\u00c3O UNIVERSIT\u00c1RIA (PIBEX) PROEX\/UEPG, vig\u00eancia 2022<\/a><\/p>\n<p>29\/10\/2021 - <a href=\"https:\/\/www2.uepg.br\/pibex\/wp-content\/uploads\/sites\/215\/2022\/02\/15-2021-ABERTURA-PIBEX.pdf\" target=\"_blank\" rel=\"noopener\">EDITAL PROEX\/DEU N\u00ba 15\/2021 - EDITAL DE ABERTURA DO PROGRAMA INSTITUCIONAL DE BOLSAS DE EXTENS\u00c3O UNIVERSIT\u00c1RIA (PIBEX) PROEX\/UEPG, vig\u00eancia 2022<\/a><\/p>\n<p><a href=\"https:\/\/www2.uepg.br\/pibex\/wp-content\/uploads\/sites\/215\/2022\/02\/PLANO-DE-TRABALHO.doc\" target=\"_blank\" rel=\"noopener\">PLANO DE TRABALHO DO ALUNO<\/a><\/p>\n<p>&nbsp;<\/p>\n<h4>2. PROGRAMA INSTITUCIONAL DE APOIO \u00c0 INCLUS\u00c3O SOCIAL, PESQUISA E EXTENS\u00c3O UNIVERSIT\u00c1RIA - PIBIS FA<\/h4>\n<p>03\/11\/2021 - <a href=\"https:\/\/www2.uepg.br\/pibex\/wp-content\/uploads\/sites\/215\/2022\/02\/16-2021-EDITAL-DE-CONVOCACAO-PIBIS.pdf\" target=\"_blank\" rel=\"noopener\">EDITAL PROEX\/DEU N\u00ba 16\/2021 - EDITAL DE CONVOCA\u00c7\u00c3O PIBIS<\/a><\/p>\n<p>23\/08\/2021 - <a href=\"https:\/\/www2.uepg.br\/pibex\/wp-content\/uploads\/sites\/215\/2022\/02\/EDITAL-13-2021.pdf\" target=\"_blank\" rel=\"noopener\">EDITAL PROEX\/DEU N\u00ba 13\/2021 - RETIFICA\u00c7\u00c3O DO EDITAL PROEX\/DEU N\u00ba 12\/2021 - PIBIS<\/a><\/p>\n<p>16\/08\/2021 - <a href=\"https:\/\/www2.uepg.br\/pibex\/wp-content\/uploads\/sites\/215\/2022\/02\/12-2021-CLASSIFICACAO-FINAL-PIBIS.pdf\" target=\"_blank\" rel=\"noopener\">EDITAL PROEX\/DEU N\u00ba 12\/2021 - EDITAL DE CLASSIFICA\u00c7\u00c3O FINAL DO PROGRAMA INSTITUCIONAL DE APOIO A INCLUS\u00c3O SOCIAL, PESQUISA E EXTENS\u00c3O UNIVERSIT\u00c1RIA - PIBIS FA, vig\u00eancia 2021-2022<\/a><\/p>\n<p>06\/07\/2021 - <a href=\"https:\/\/www2.uepg.br\/pibex\/wp-content\/uploads\/sites\/215\/2022\/02\/10-2021-CLASSIFICACAO-PRELIMINAR.pdf\" target=\"_blank\" rel=\"noopener\">EDITAL PROEX\/DEU N\u00ba 10\/2021 - EDITAL DE CLASSIFICA\u00c7\u00c3O PRELIMINAR DO PROGRAMA INSTITUCIONAL DE APOIO \u00c0 INCLUS\u00c3O SOCIAL, PESQUISA E EXTENS\u00c3O UNIVERSIT\u00c1RIA - PIBIS FA, vig\u00eancia 2021-2022<\/a><\/p>\n<p>23\/06\/2021 - <a href=\"https:\/\/www2.uepg.br\/pibex\/wp-content\/uploads\/sites\/215\/2022\/02\/08-2021-PRORROGACAO.pdf\" target=\"_blank\" rel=\"noopener\">EDITAL PROEX\/DEU N\u00ba 08\/2021 - EDITAL DE PRORROGA\u00c7\u00c3O DO PROGRAMA INSTITUCIONAL DE APOIO \u00c0 INCLUS\u00c3O SOCIAL, PESQUISA E EXTENS\u00c3O UNIVERSIT\u00c1RIA - PIBIS<\/a><\/p>\n<p>22\/06\/2021 - <a href=\"https:\/\/www2.uepg.br\/pibex\/wp-content\/uploads\/sites\/215\/2022\/02\/06-2021-RETIFICACAO.pdf\" target=\"_blank\" rel=\"noopener\">EDITAL PROEX\/DEU N\u00ba 06\/2021 - EDITAL DE RETIFICA\u00c7\u00c3O DOS EDITAIS N\u00baS 03 E 04\/2021<\/a><\/p>\n<p>15\/06\/2021 - <a href=\"https:\/\/www2.uepg.br\/pibex\/wp-content\/uploads\/sites\/215\/2022\/02\/05-2021-RETIFICACAO.pdf\" target=\"_blank\" rel=\"noopener\">EDITAL PROEX\/DEU N\u00ba 05\/2021 - EDITAL DE RETIFICA\u00c7\u00c3O DOS EDITAIS N\u00baS 03 E 04\/2021<\/a><\/p>\n<p>08\/06\/2021 - <a href=\"https:\/\/www2.uepg.br\/pibex\/wp-content\/uploads\/sites\/215\/2022\/02\/04-2021-ABERTURA-PIBIS.pdf\" target=\"_blank\" rel=\"noopener\">EDITAL PROEX\/DEU N\u00ba 04\/2021 - EDITAL DE ABERTURA DO PROGRAMA INSTITUCIONAL DE APOIO \u00c0 INCLUS\u00c3O SOCIAL, PESQUISA E EXTENS\u00c3O - PIBIS FA, vig\u00eancia 2021-2022<\/a><\/p>\n<p><a href=\"https:\/\/www2.uepg.br\/pibex\/wp-content\/uploads\/sites\/215\/2022\/02\/ANEXO-I-Plano-de-Trabalho-e-Declaracao-do-Bolsista-PIBIS.doc\" target=\"_blank\" rel=\"noopener\">ANEXO I - Plano de Trabalho e Declara\u00e7\u00e3o do Bolsista - PIBIS<\/a><\/p>\n<p><a href=\"https:\/\/www2.uepg.br\/pibex\/wp-content\/uploads\/sites\/215\/2022\/02\/ANEXO-II-Formulario-de-inscricao-do-SISBEX-2-1.doc\" target=\"_blank\" rel=\"noopener\">ANEXO II - Formul\u00e1rio de inscri\u00e7\u00e3o do Sistema de Bolsas de Extens\u00e3o (SISBEX)<\/a><\/p>\n<p><a href=\"https:\/\/drive.google.com\/file\/d\/1lJLmr0fz4EsIpMOvPmlT31gNiL_dNODk\/view\">ATEN\u00c7\u00c3O! ORIENTA\u00c7\u00d5ES SOBRE O EDITAL PIBIS, vig\u00eancia 2021-2022<\/a><\/p>\n<p>&nbsp;<\/p>\n<h4>3. PROGRAMA INSTITUCIONAL DE BOLSAS DE EXTENS\u00c3O UNIVERSIT\u00c1RIA - PIBEX FA<\/h4>\n<p>09\/10\/2021 - <a href=\"https:\/\/www2.uepg.br\/pibex\/wp-content\/uploads\/sites\/215\/2022\/02\/14-2021-CONVOCACAO-PIBEX.pdf\" target=\"_blank\" rel=\"noopener\">EDITAL PROEX\/DEU N\u00ba 14\/2021 - EDITAL DE CONVOCA\u00c7\u00c3O DO PROGRAMA INSTITUCIONAL DE BOLSAS DE EXTENS\u00c3O UNIVERSIT\u00c1RIA - PIBEX FA, vig\u00eancia 2021-2022<\/a><\/p>\n<p>30\/07\/2021 - <a href=\"https:\/\/www2.uepg.br\/pibex\/wp-content\/uploads\/sites\/215\/2022\/02\/11-2021-CLASSIFICACAO-FINAL-PIBEX.pdf\" target=\"_blank\" rel=\"noopener\">EDITAL PROEX\/DEU N\u00ba 11\/2021 - EDITAL DE CLASSIFICA\u00c7\u00c3O FINAL DO PROGRAMA INSTITUCIONAL DE BOLSAS DE EXTENS\u00c3O UNIVESIT\u00c1RIA - PIBEX FA, vig\u00eancia 2021-2022<\/a><\/p>\n<p>06\/07\/2021 - <a href=\"https:\/\/www2.uepg.br\/pibex\/wp-content\/uploads\/sites\/215\/2022\/02\/09-2021-CLASSIFICACAO-PRELIMINAR.pdf\" target=\"_blank\" rel=\"noopener\">EDITAL PROEX\/DEU N\u00ba 09\/2021 - EDITAL DE CLASSIFICA\u00c7\u00c3O PRELIMINAR DO PROGRAMA INSTITUCIONAL DE BOLSAS DE EXTENS\u00c3O UNIVERSIT\u00c1RIA - PIBEX FA, vig\u00eancia 2021-2022<\/a><\/p>\n<p>23\/06\/2021 - <a href=\"https:\/\/www2.uepg.br\/pibex\/wp-content\/uploads\/sites\/215\/2022\/02\/07-2021-PRORROGACAO.pdf\" target=\"_blank\" rel=\"noopener\"> EDITAL PROEX\/DEU N\u00ba 07\/2021 - EDITAL DE PRORROGA\u00c7\u00c3O DO PROGRAMA INSTITUCIONAL DE BOLSAS DE EXTENS\u00c3O UNIVERSIT\u00c1RIA - PIBEX FA<\/a><\/p>\n<p>22\/06\/2021 - <a href=\"https:\/\/www2.uepg.br\/pibex\/wp-content\/uploads\/sites\/215\/2022\/02\/06-2021-RETIFICACAO-1.pdf\" target=\"_blank\" rel=\"noopener\">EDITAL PROEX\/DEU N\u00ba 06\/2021 - EDITAL DE RETIFICA\u00c7\u00c3O DOS EDITAIS N\u00baS 03 E 04\/2021<\/a><\/p>\n<p>15\/06\/2021 - <a href=\"https:\/\/www2.uepg.br\/pibex\/wp-content\/uploads\/sites\/215\/2022\/02\/05-2021-RETIFICACAO-1.pdf\" target=\"_blank\" rel=\"noopener\">EDITAL PROEX\/DEU N\u00ba 05\/2021 - EDITAL DE RETIFICA\u00c7\u00c3O DOS EDITAIS N\u00baS 03 E 04\/2021<\/a><\/p>\n<p>08\/06\/2021 - <a href=\"https:\/\/www2.uepg.br\/pibex\/wp-content\/uploads\/sites\/215\/2022\/02\/03-2021-ABERTURA-PIBEX.pdf\" target=\"_blank\" rel=\"noopener\">EDITAL PROEX\/DEU N\u00ba 03\/2021 - EDITAL DE ABERTURA DO PROGRAMA INSTITUCIONAL DE BOLSAS DE EXTENS\u00c3O UNIVERSIT\u00c1RIA - PIBEX FA, vig\u00eancia 2021-2022<\/a><\/p>\n<p><a href=\"https:\/\/www2.uepg.br\/pibex\/wp-content\/uploads\/sites\/215\/2022\/02\/ANEXO-I-Plano-de-Trabalho-e-Declaracao-do-Bolsista-PIBEX-1.doc\" target=\"_blank\" rel=\"noopener\">ANEXO I - Plano de Trabalho e Declara\u00e7\u00e3o do Bolsista - PIBEX<\/a><\/p>\n<p><a href=\"https:\/\/www2.uepg.br\/pibex\/wp-content\/uploads\/sites\/215\/2022\/02\/ANEXO-II-Formulario-de-inscricao-do-SISBEX-2-1.doc\" target=\"_blank\" rel=\"noopener\">ANEXO II - Formul\u00e1rio de inscri\u00e7\u00e3o do Sistema de Bolsas de Extens\u00e3o (SISBEX)<\/a><\/p>\n<p><a href=\"https:\/\/drive.google.com\/file\/d\/1lJLmr0fz4EsIpMOvPmlT31gNiL_dNODk\/view\">ATEN\u00c7\u00c3O! ORIENTA\u00c7\u00d5ES SOBRE O EDITAL PIBEX, vig\u00eancia 2021-2022<\/a><\/p>\n\t\t\t\t<\/div>\n\t\t\t<\/div>\n\t\t<\/div>\n\t\t<\/div>\n<\/div>\n<\/div><\/div><\/div><\/div><\/div>","protected":false},"excerpt":{"rendered":"<p>EDITAIS 2024 1 &#8211; PIBEX EDITAL PROEX DEU N\u00b028\/2024 \u2013 CLASSIFICA\u00c7\u00c3O FINAL \u2013 CADASTRO RESERVA \u2013 BOLSAS PIBEX \u2013 2024\/2025 EDITAL PROEX DEU N\u00b026\/2024 \u2013 CADASTRO RESERVA PIBEX 2024\/2025 \u2013 CLASSIFICA\u00c7\u00c3O PRELIMINAR EDITAL 20\/2024 ABERTURA CADASTRO-RESERVA-PIBEX-2024\/2025 EDITAL 18\/2024 &#8211; CLASSIFICA\u00c7\u00c3O FINAL PIBEX-2024\/2025 EDITAL 16\/2024 &#8211; CLASSIFICA\u00c7AO PRELIMINAR PIBEX 2024\/2025 EDITAL 14\/2024 &#8211; PRORROGA\u00c7\u00c3O INSCRI\u00c7\u00c3O PIBEX&nbsp;&hellip;<\/p>\n","protected":false},"author":24,"featured_media":0,"parent":0,"menu_order":0,"comment_status":"closed","ping_status":"closed","template":"","meta":[],"_links":{"self":[{"href":"https:\/\/www2.uepg.br\/portaldebolsasdeextensao\/wp-json\/wp\/v2\/pages\/11"}],"collection":[{"href":"https:\/\/www2.uepg.br\/portaldebolsasdeextensao\/wp-json\/wp\/v2\/pages"}],"about":[{"href":"https:\/\/www2.uepg.br\/portaldebolsasdeextensao\/wp-json\/wp\/v2\/types\/page"}],"author":[{"embeddable":true,"href":"https:\/\/www2.uepg.br\/portaldebolsasdeextensao\/wp-json\/wp\/v2\/users\/24"}],"replies":[{"embeddable":true,"href":"https:\/\/www2.uepg.br\/portaldebolsasdeextensao\/wp-json\/wp\/v2\/comments?post=11"}],"version-history":[{"count":104,"href":"https:\/\/www2.uepg.br\/portaldebolsasdeextensao\/wp-json\/wp\/v2\/pages\/11\/revisions"}],"predecessor-version":[{"id":734,"href":"https:\/\/www2.uepg.br\/portaldebolsasdeextensao\/wp-json\/wp\/v2\/pages\/11\/revisions\/734"}],"wp:attachment":[{"href":"https:\/\/www2.uepg.br\/portaldebolsasdeextensao\/wp-json\/wp\/v2\/media?parent=11"}],"curies":[{"name":"wp","href":"https:\/\/api.w.org\/{rel}","templated":true}]}}