{"id":121,"date":"2021-09-08T16:42:24","date_gmt":"2021-09-08T19:42:24","guid":{"rendered":"https:\/\/www2.uepg.br\/pibex\/?page_id=121"},"modified":"2025-05-07T15:00:58","modified_gmt":"2025-05-07T18:00:58","slug":"contato","status":"publish","type":"page","link":"https:\/\/www2.uepg.br\/portaldebolsasdeextensao\/contato\/","title":{"rendered":"Contato"},"content":{"rendered":"<p class=\"style1\" style=\"text-align: center\"><strong><span class=\"style6\">Respons\u00e1veis pela se\u00e7\u00e3o:<\/span><\/strong><\/p>\n<p style=\"text-align: center\">Emerson Jos\u00e9 Barbosa<\/p>\n<p style=\"text-align: center\" align=\"justify\">Telefone: (42) 3220-3488\u00a0 \u00a0<img loading=\"lazy\" class=\"wp-image-747 aligncenter\" src=\"https:\/\/www2.uepg.br\/portaldebolsasdeextensao\/wp-content\/uploads\/sites\/215\/2025\/05\/whats.png\" alt=\"\" width=\"41\" height=\"41\" \/><\/p>\n<p style=\"text-align: center\" align=\"justify\">E-mail: <u><\/u><a href=\"mailto:bolsasproex@uepg.br\">bolsasproex@uepg.br<\/a><\/p>\n","protected":false},"excerpt":{"rendered":"<p>Respons\u00e1veis pela se\u00e7\u00e3o: Emerson Jos\u00e9 Barbosa Telefone: (42) 3220-3488\u00a0 \u00a0 E-mail: bolsasproex@uepg.br<\/p>\n","protected":false},"author":378,"featured_media":0,"parent":0,"menu_order":0,"comment_status":"closed","ping_status":"closed","template":"","meta":[],"_links":{"self":[{"href":"https:\/\/www2.uepg.br\/portaldebolsasdeextensao\/wp-json\/wp\/v2\/pages\/121"}],"collection":[{"href":"https:\/\/www2.uepg.br\/portaldebolsasdeextensao\/wp-json\/wp\/v2\/pages"}],"about":[{"href":"https:\/\/www2.uepg.br\/portaldebolsasdeextensao\/wp-json\/wp\/v2\/types\/page"}],"author":[{"embeddable":true,"href":"https:\/\/www2.uepg.br\/portaldebolsasdeextensao\/wp-json\/wp\/v2\/users\/378"}],"replies":[{"embeddable":true,"href":"https:\/\/www2.uepg.br\/portaldebolsasdeextensao\/wp-json\/wp\/v2\/comments?post=121"}],"version-history":[{"count":9,"href":"https:\/\/www2.uepg.br\/portaldebolsasdeextensao\/wp-json\/wp\/v2\/pages\/121\/revisions"}],"predecessor-version":[{"id":748,"href":"https:\/\/www2.uepg.br\/portaldebolsasdeextensao\/wp-json\/wp\/v2\/pages\/121\/revisions\/748"}],"wp:attachment":[{"href":"https:\/\/www2.uepg.br\/portaldebolsasdeextensao\/wp-json\/wp\/v2\/media?parent=121"}],"curies":[{"name":"wp","href":"https:\/\/api.w.org\/{rel}","templated":true}]}}