{"id":166,"date":"2022-02-10T13:33:37","date_gmt":"2022-02-10T16:33:37","guid":{"rendered":"https:\/\/www2.uepg.br\/pibex\/?page_id=166"},"modified":"2022-02-23T13:16:39","modified_gmt":"2022-02-23T16:16:39","slug":"legislacao","status":"publish","type":"page","link":"https:\/\/www2.uepg.br\/portaldebolsasdeextensao\/legislacao\/","title":{"rendered":"Legisla\u00e7\u00e3o"},"content":{"rendered":"<p><a href=\"https:\/\/www2.uepg.br\/pibex\/wp-content\/uploads\/sites\/215\/2022\/02\/Resolucao-CA-257-2011-Regulamento-de-Bolsas-de-Extensao.pdf\">Resolu\u00e7\u00e3o CA 257 &#8211; 2011 &#8211; Regulamento de Bolsas de Extens\u00e3o<\/a><\/p>\n","protected":false},"excerpt":{"rendered":"<p>Resolu\u00e7\u00e3o CA 257 &#8211; 2011 &#8211; Regulamento de Bolsas de Extens\u00e3o<\/p>\n","protected":false},"author":378,"featured_media":0,"parent":0,"menu_order":0,"comment_status":"closed","ping_status":"closed","template":"","meta":[],"_links":{"self":[{"href":"https:\/\/www2.uepg.br\/portaldebolsasdeextensao\/wp-json\/wp\/v2\/pages\/166"}],"collection":[{"href":"https:\/\/www2.uepg.br\/portaldebolsasdeextensao\/wp-json\/wp\/v2\/pages"}],"about":[{"href":"https:\/\/www2.uepg.br\/portaldebolsasdeextensao\/wp-json\/wp\/v2\/types\/page"}],"author":[{"embeddable":true,"href":"https:\/\/www2.uepg.br\/portaldebolsasdeextensao\/wp-json\/wp\/v2\/users\/378"}],"replies":[{"embeddable":true,"href":"https:\/\/www2.uepg.br\/portaldebolsasdeextensao\/wp-json\/wp\/v2\/comments?post=166"}],"version-history":[{"count":3,"href":"https:\/\/www2.uepg.br\/portaldebolsasdeextensao\/wp-json\/wp\/v2\/pages\/166\/revisions"}],"predecessor-version":[{"id":258,"href":"https:\/\/www2.uepg.br\/portaldebolsasdeextensao\/wp-json\/wp\/v2\/pages\/166\/revisions\/258"}],"wp:attachment":[{"href":"https:\/\/www2.uepg.br\/portaldebolsasdeextensao\/wp-json\/wp\/v2\/media?parent=166"}],"curies":[{"name":"wp","href":"https:\/\/api.w.org\/{rel}","templated":true}]}}