{"id":174,"date":"2022-02-10T13:43:39","date_gmt":"2022-02-10T16:43:39","guid":{"rendered":"https:\/\/www2.uepg.br\/pibex\/?page_id=174"},"modified":"2022-02-23T11:10:58","modified_gmt":"2022-02-23T14:10:58","slug":"tutoriais","status":"publish","type":"page","link":"https:\/\/www2.uepg.br\/portaldebolsasdeextensao\/tutoriais\/","title":{"rendered":"Tutoriais"},"content":{"rendered":"<p><a href=\"https:\/\/www2.uepg.br\/pibex\/wp-content\/uploads\/sites\/215\/2022\/02\/Guia-de-Inscricao-de-Bolsas-2022-Atualizado.pdf\" target=\"_blank\" rel=\"noopener\">GUIA DE INSCRI\u00c7\u00c3O DE BOLSAS DE EXTENS\u00c3O 2022<\/a><\/p>\n","protected":false},"excerpt":{"rendered":"<p>GUIA DE INSCRI\u00c7\u00c3O DE BOLSAS DE EXTENS\u00c3O 2022<\/p>\n","protected":false},"author":378,"featured_media":0,"parent":0,"menu_order":0,"comment_status":"closed","ping_status":"closed","template":"","meta":[],"_links":{"self":[{"href":"https:\/\/www2.uepg.br\/portaldebolsasdeextensao\/wp-json\/wp\/v2\/pages\/174"}],"collection":[{"href":"https:\/\/www2.uepg.br\/portaldebolsasdeextensao\/wp-json\/wp\/v2\/pages"}],"about":[{"href":"https:\/\/www2.uepg.br\/portaldebolsasdeextensao\/wp-json\/wp\/v2\/types\/page"}],"author":[{"embeddable":true,"href":"https:\/\/www2.uepg.br\/portaldebolsasdeextensao\/wp-json\/wp\/v2\/users\/378"}],"replies":[{"embeddable":true,"href":"https:\/\/www2.uepg.br\/portaldebolsasdeextensao\/wp-json\/wp\/v2\/comments?post=174"}],"version-history":[{"count":4,"href":"https:\/\/www2.uepg.br\/portaldebolsasdeextensao\/wp-json\/wp\/v2\/pages\/174\/revisions"}],"predecessor-version":[{"id":234,"href":"https:\/\/www2.uepg.br\/portaldebolsasdeextensao\/wp-json\/wp\/v2\/pages\/174\/revisions\/234"}],"wp:attachment":[{"href":"https:\/\/www2.uepg.br\/portaldebolsasdeextensao\/wp-json\/wp\/v2\/media?parent=174"}],"curies":[{"name":"wp","href":"https:\/\/api.w.org\/{rel}","templated":true}]}}