{"id":128,"date":"2022-03-24T08:42:28","date_gmt":"2022-03-24T11:42:28","guid":{"rendered":"https:\/\/www2.uepg.br\/posgradmat\/?page_id=128"},"modified":"2025-04-24T10:59:41","modified_gmt":"2025-04-24T13:59:41","slug":"infraestrutura","status":"publish","type":"page","link":"https:\/\/www2.uepg.br\/posgradmat\/infraestrutura\/","title":{"rendered":"Infraestrutura"},"content":{"rendered":"<p>Os alunos utilizam a infraestrutura do Programa de P\u00f3s-Gradua\u00e7\u00e3o em Engenharia e Ci\u00eancia de Materiais e do Departamento de Engenharia de Materiais da UEPG, que totalizam uma \u00e1rea de aproximadamente de 1.450 m<sup>2<\/sup> de constru\u00e7\u00e3o e que possui a seguinte infraestrutura laboratorial:<\/p>\n<h4>Caracteriza\u00e7\u00e3o microestrutural<\/h4>\n<div>\n<ul>\n<li>Evaporadora para deposi\u00e7\u00e3o de ouro<\/li>\n<li>Microsc\u00f3pio \u00d3ptico luz polarizados e acess\u00f3rios para fotomicrografia (aumento at\u00e9 400 X)<\/li>\n<li>Microsc\u00f3pios \u00d3pticos de reflex\u00e3o e acess\u00f3rio para fotomicrografia (aumento 1250 X)<\/li>\n<li>Microsc\u00f3pio estereosc\u00f3pico (aumento at\u00e9 150 X) \u2013 LEICA VM HTMOT<\/li>\n<\/ul>\n<\/div>\n<h4>Caracteriza\u00e7\u00e3o f\u00edsico-qu\u00edmica<\/h4>\n<ul>\n<li>Equipamento de Difra\u00e7\u00e3o de Raios X &#8211; SHIMADZU XRD 6000<\/li>\n<li>Fluoresc\u00eancia de Raios X &#8211; SHIMADZU EDX-700<\/li>\n<li>Analisador Termo-Mec\u00e2nico &#8211; TA 2940<\/li>\n<li>Infravermelho &#8211; NICOLET NEXUS 470<\/li>\n<li>Calorimetria Diferencial de varredura &#8211; DSC &#8211; SHIMADZU TA 60<\/li>\n<li>Analisador de \u00e1rea superficial especifica \u2013 QUANTACHROME<\/li>\n<li>Granul\u00f4metro a laser &#8211; CILAS 920<\/li>\n<li>An\u00e1lise T\u00e9rmica Diferencial e Gravim\u00e9trica &#8211; NETZSCH STA 409<\/li>\n<li>Dilat\u00f4metro &#8211; NETZSCH 402<\/li>\n<li>Picn\u00f4metro de H\u00e9lio para medida de densidade real de s\u00f3lidos &#8211; ULTRCHROME<\/li>\n<li>Equipamento de Determina\u00e7\u00e3o de Unidade &#8220;Karl Fisher&#8221;<\/li>\n<\/ul>\n<h4>Ensaios Mec\u00e2nicos<\/h4>\n<ul>\n<li>M\u00e1quina de Ensaio Mec\u00e2nico para determina\u00e7\u00e3o de m\u00f3dulo de ruptura \u00e0 flex\u00e3o &#8211; NANNETI<\/li>\n<li>M\u00e1quina Universal de Ensaios &#8211; SHIMADZU AUTOGRAPH AGS &#8211; 10 kN<\/li>\n<li>M\u00e1quina Universal de Ensaios &#8211; SHIMADZU AUTOGRAPH AGS &#8211; 250 kN<\/li>\n<li>Microdur\u00f4metro LEICA<\/li>\n<li>Microdur\u00f4metro \u2013 s\u00e9rie SHIMADZU HMV2<\/li>\n<li>Dur\u00f4metros Vickers e Brinell<\/li>\n<li>Dur\u00f4metro Shore<\/li>\n<li>Dur\u00f4metro Rockwell<\/li>\n<li>M\u00e1quina de Ensaio Charpy<\/li>\n<li>Abras\u00edmetro &#8211; SERVITECH<\/li>\n<\/ul>\n<h4>Medidas El\u00e9tricas e t\u00e9rmicas<\/h4>\n<ul>\n<li>Impedanc\u00edmetro &#8211; SOLARTRON<\/li>\n<li>Fonte de Alta Voltagem &#8211; KEITHLEY<\/li>\n<li>Equipamento para determina\u00e7\u00e3o de condutividade t\u00e9rmica por &#8220;Laser Flash<\/li>\n<li>Potenciostato galvanostato para estudos de corros\u00e3o<\/li>\n<li>Fonte de Tens\u00e3o Estabilizada<\/li>\n<\/ul>\n<h4>Laborat\u00f3rio de Processamento Cer\u00e2mico e Sinteriza\u00e7\u00e3o<\/h4>\n<ul>\n<li>3 fornos tubulares Lindberg para 1100\u00baC<\/li>\n<li>1 forno tubular Lindberg para 1700\u00baC<\/li>\n<li>2 fornos Lindberg tipo Box para 1700\u00baC<\/li>\n<li>4 fornos para sinteriza\u00e7\u00e3o 1200\u00b0 C &#8211; JUNG<\/li>\n<li>2 fornos para sinteriza\u00e7\u00e3o 1400\u00b0 C &#8211; JUNG<\/li>\n<li>Prensa Hidr\u00e1ulica at\u00e9 30 toneladas \u2013 NANNETI<\/li>\n<li>Mini Spray Drier<\/li>\n<li>Moinho exc\u00eantrico<\/li>\n<li>Moinho tipo martelo<\/li>\n<li>Maromba de laborat\u00f3rio<\/li>\n<li>Moinhos de bolas<\/li>\n<li>Forno para queima r\u00e1pida<\/li>\n<li>Equipamento para processamento de materiais comp\u00f3sitos por &#8220;squeeze casting\u201d<\/li>\n<li>Viscos\u00edmetro BROOKFIELD<\/li>\n<li>Jogo de viscos\u00edmetro para determina\u00e7\u00e3o de viscosidade cinem\u00e1tica com banho t\u00e9rmico<\/li>\n<li>Equipamento para fabrica\u00e7\u00e3o de filmes polim\u00e9ricos por &#8220;dip coating&#8221;<\/li>\n<li>Prensas hidr\u00e1ulicas de 15 e 30 toneladas<\/li>\n<\/ul>\n<h4>Laborat\u00f3rio de Processamento de Pol\u00edmeros<\/h4>\n<ul>\n<li>Extrusora de rosca simples<\/li>\n<li>Injetora de termopl\u00e1sticos Boy-55T<\/li>\n<\/ul>\n<h4>Laborat\u00f3rio de processamento de metais<\/h4>\n<ul>\n<li>Forno para sinteriza\u00e7\u00e3o de metais (Metalurgia do P\u00f3)<\/li>\n<li>Laminador<\/li>\n<\/ul>\n<h4>Laborat\u00f3rio de moagem de alta energia<\/h4>\n<ul>\n<li>Moinho de alta energia \u2013 SPEX 8000<\/li>\n<li>Moinho tipo Attritor com acess\u00f3rios<\/li>\n<\/ul>\n<h4>Oficina mec\u00e2nica<\/h4>\n<ul>\n<li>Torno para confec\u00e7\u00e3o de corpos de prova e matrizes.<\/li>\n<li>Fresa para confec\u00e7\u00e3o de prova de matrizes.<\/li>\n<li>Furadeira<\/li>\n<li>M\u00e1quina de Cortes Seriados<strong>\u00a0\u00a0<\/strong><\/li>\n<\/ul>\n<h4>Laborat\u00f3rio de Metalografia<\/h4>\n<ul>\n<li>Cortadeira Metalogr\u00e1fica<\/li>\n<li>Lixadeiras<\/li>\n<li>Politrizes Metalogr\u00e1ficas<\/li>\n<\/ul>\n<h4>Equipamentos de apoio<\/h4>\n<ul>\n<li>Balan\u00e7as<\/li>\n<li>Estufas com circula\u00e7\u00e3o de ar para temperaturas de at\u00e9 300\u00baC<\/li>\n<li>Estufas<\/li>\n<\/ul>\n<h4>Os alunos do\u00a0P\u00f3s-Gradua\u00e7\u00e3o em Engenharia e Ci\u00eancia de Materiais<\/h4>\n<h4>podem tamb\u00e9m utilizar nas suas pesquisas o <strong>Laborat\u00f3rio Multiusu\u00e1rio\u00a0<\/strong>(recursos de projetos FINEP CT-INFRA) da UEPG, que conta com os seguintes equipamentos:<\/h4>\n<ul>\n<li>FEG<\/li>\n<li>MEV<\/li>\n<li>DRX<\/li>\n<li>FLUORESC\u00caNCIA RX (WDS)<\/li>\n<li>MICROTOMOGRAFO<\/li>\n<li>FTIR<\/li>\n<li>UV-VIS<\/li>\n<li>RAMAN<\/li>\n<li>TG\/DTA\/DSC<\/li>\n<li>TMA<\/li>\n<li>NANOINDENTADOR<\/li>\n<li>ZETA\/DLS<\/li>\n<li>ESTA\u00c7\u00c3O ELETROQU\u00cdMICA<\/li>\n<li>TRIB\u00d4METRO<\/li>\n<li>BET<\/li>\n<li>DICRO\u00cdSMO<\/li>\n<li>GRANULOMETRO<\/li>\n<li>MICROSC\u00d3PIO \u00d3PTICO<\/li>\n<li>VISCOS\u00cdMETRO DE ESFERA ROLANTE<\/li>\n<li>NANO SPRAY DRYER<\/li>\n<li>RE\u00d4METRO<\/li>\n<li>Espectrofot\u00f4metro de Absor\u00e7\u00e3o At\u00f4mica (Chama)<\/li>\n<li>Espectrofot\u00f4metro de Absor\u00e7\u00e3o At\u00f4mica (Forno de Grafite)<\/li>\n<li>Microsc\u00f3pio de For\u00e7a At\u00f4mica \u2013 AFM<\/li>\n<li>Sistema Liquefator de NitroG\u00canio<\/li>\n<li>Ultrafreezer -86\u00baC<\/li>\n<li>UltracentR\u00cdfuga Refrigerada<\/li>\n<li>Liofilizador<\/li>\n<li>Forno 1000\u00baC<\/li>\n<li>Analisador elementar CHN<\/li>\n<li>Espectr\u00f4metro de Resson\u00e2ncia MagN\u00c9TICA Nuclear 400 MHz completo para amostras S\u00d3lidas e L\u00cdQUIDAS<\/li>\n<li>(RMN)<\/li>\n<li>Analisador TOC<\/li>\n<li>FORNO MICROONDAS<\/li>\n<li>Espectr\u00f4metro de Emiss\u00e3o \u00d3ptica com Plasma de Arg\u00f4nio acoplado Indutivamente<\/li>\n<li>(ICP-OES)<\/li>\n<li>Espectr\u00f4metro de FotoeL\u00c9trons Excitados por Raios X (XPS)<\/li>\n<li>Cromat\u00f3grafo L\u00edquido de Alta Performance (HPLC)<\/li>\n<li>M\u00e1quina de corte<\/li>\n<\/ul>\n","protected":false},"excerpt":{"rendered":"<p>Os alunos utilizam a infraestrutura do Programa de P\u00f3s-Gradua\u00e7\u00e3o em Engenharia e Ci\u00eancia de Materiais e do Departamento de Engenharia de Materiais da UEPG, que totalizam uma \u00e1rea de aproximadamente de 1.450 m2 de constru\u00e7\u00e3o e que possui a seguinte infraestrutura laboratorial: Caracteriza\u00e7\u00e3o microestrutural Evaporadora para deposi\u00e7\u00e3o de ouro Microsc\u00f3pio \u00d3ptico luz polarizados e acess\u00f3rios&nbsp;&hellip;<\/p>\n","protected":false},"author":378,"featured_media":0,"parent":0,"menu_order":0,"comment_status":"closed","ping_status":"closed","template":"","meta":[],"_links":{"self":[{"href":"https:\/\/www2.uepg.br\/posgradmat\/wp-json\/wp\/v2\/pages\/128"}],"collection":[{"href":"https:\/\/www2.uepg.br\/posgradmat\/wp-json\/wp\/v2\/pages"}],"about":[{"href":"https:\/\/www2.uepg.br\/posgradmat\/wp-json\/wp\/v2\/types\/page"}],"author":[{"embeddable":true,"href":"https:\/\/www2.uepg.br\/posgradmat\/wp-json\/wp\/v2\/users\/378"}],"replies":[{"embeddable":true,"href":"https:\/\/www2.uepg.br\/posgradmat\/wp-json\/wp\/v2\/comments?post=128"}],"version-history":[{"count":9,"href":"https:\/\/www2.uepg.br\/posgradmat\/wp-json\/wp\/v2\/pages\/128\/revisions"}],"predecessor-version":[{"id":992,"href":"https:\/\/www2.uepg.br\/posgradmat\/wp-json\/wp\/v2\/pages\/128\/revisions\/992"}],"wp:attachment":[{"href":"https:\/\/www2.uepg.br\/posgradmat\/wp-json\/wp\/v2\/media?parent=128"}],"curies":[{"name":"wp","href":"https:\/\/api.w.org\/{rel}","templated":true}]}}