{"id":130,"date":"2022-03-24T08:42:28","date_gmt":"2022-03-24T11:42:28","guid":{"rendered":"https:\/\/www2.uepg.br\/posgradmat\/?page_id=130"},"modified":"2025-04-22T14:33:45","modified_gmt":"2025-04-22T17:33:45","slug":"estrutura-curricular","status":"publish","type":"page","link":"https:\/\/www2.uepg.br\/posgradmat\/estrutura-curricular\/","title":{"rendered":"Estrutura Curricular"},"content":{"rendered":"<h4>CR\u00c9DITOS EM DISCIPLINAS<\/h4>\n<p>Os alunos dever\u00e3o cumprir no m\u00ednimo 26 cr\u00e9ditos entre disciplinas obrigat\u00f3rias e optativas, sendo 20 cr\u00e9ditos referentes as disciplinas obrigat\u00f3rias e 06 cr\u00e9ditos referentes a disciplinas optativas.<\/p>\n<h4>EST\u00c1GIO DE DOC\u00caNCIA<\/h4>\n<p>O est\u00e1gio doc\u00eancia \u00e9 desenvolvida no programa pela sistem\u00e1tica pr\u00e1tica de doc\u00eancia em ensino superior. A obrigatoriedade \u00e9 concentrada no bolsista de mestrado da CAPES, CNPq e Funda\u00e7\u00e3o Arauc\u00e1ria, e optativa para os demais estudantes. O est\u00e1gio doc\u00eancia se desenvolve com tema escolhido pelo orientador em sua disciplina na gradua\u00e7\u00e3o, o aluno de mestrado desenvolve a pr\u00e1tica doc\u00eancia com atividades de ensino em sala de aula. Normalmente este est\u00e1gio compreende 6 horas\/aula.<\/p>\n<p>Ser\u00e1 oferecida por meio da disciplina Est\u00e1gio de Doc\u00eancia do Programa.<\/p>\n<h4>EXAME DE PROFICI\u00caNCIA EM INGL\u00caS<\/h4>\n<p>O aluno dever\u00e1 ser aprovado no Exame de Idioma Estrangeiro, antes da realiza\u00e7\u00e3o da sua defesa de disserta\u00e7\u00e3o.<\/p>\n<p>O Exame de Idioma Estrangeiro ser\u00e1 oferecido semestralmente, e avaliado por uma comiss\u00e3o estabelecida pelo Colegiado do programa.<\/p>\n<p>Ser\u00e1 considerado aprovado o aluno que obtiver no m\u00ednimo conceito C, sendo esse exame n\u00e3o considerado como disciplina.<\/p>\n<p>O Exame de Idioma Estrangeiro ser\u00e1 na l\u00edngua inglesa.<\/p>\n<p>O Colegiado poder\u00e1 reconhecer o exame de profici\u00eancia realizada em outras institui\u00e7\u00f5es, como tamb\u00e9m TOEFL ou outros exames similares.<\/p>\n<h4>EXAME DE QUALIFICA\u00c7\u00c3O<\/h4>\n<p>O aluno dever\u00e1 apresentar \u00e0 Coordena\u00e7\u00e3o do Curso no prazo m\u00e1ximo de um ano ap\u00f3s a entrada no mesmo, o Projeto de Disserta\u00e7\u00e3o.<\/p>\n<p>O aluno dever\u00e1 prestar o Exame Geral de Qualifica\u00e7\u00e3o perante uma comiss\u00e3o examinadora composta pelo orientador e no m\u00ednimo dois professores do Programa, um m\u00eas ap\u00f3s a entrega do Projeto de disserta\u00e7\u00e3o.<\/p>\n<p>O Exame Geral de Qualifica\u00e7\u00e3o dar-se-\u00e1 em sess\u00e3o p\u00fablica, onde o aluno ser\u00e1 arguido pela Comiss\u00e3o Examinadora quanto:<\/p>\n<p>I &#8211; ao seu projeto de disserta\u00e7\u00e3o;<\/p>\n<p>II &#8211; conhecimentos gerais de sua \u00e1rea de concentra\u00e7\u00e3o.<\/p>\n<p>Em caso de reprova\u00e7\u00e3o, o aluno dever\u00e1 submet\u00ea-lo novamente no prazo m\u00e1ximo de 03 (tr\u00eas) meses ap\u00f3s a data da apresenta\u00e7\u00e3o. Se for novamente reprovado, o aluno ser\u00e1 desligado do Curso.<\/p>\n<h4>DISSERTA\u00c7\u00c3O DE MESTRADO<\/h4>\n<p>Para obten\u00e7\u00e3o do T\u00edtulo de Mestre em Engenharia e Ci\u00eancia de Materiais &#8211; \u00c1rea de Desenvolvimento e Caracteriza\u00e7\u00e3o de Materiais, o aluno dever\u00e1:<\/p>\n<p>I\u00a0 obter no m\u00ednimo 26 (vinte e seis) cr\u00e9ditos em disciplinas de P\u00f3s-gradua\u00e7\u00e3o, sendo integralizados da seguinte forma:<\/p>\n<p>20 (vinte) cr\u00e9ditos em disciplinas obrigat\u00f3rias<\/p>\n<p>06 (seis) cr\u00e9ditos em disciplinas optativas.<\/p>\n<p>II &#8211; obter 24 cr\u00e9ditos, relativos \u00e0 homologa\u00e7\u00e3o pela CPG do resultado da defesa de disserta\u00e7\u00e3o de mestrado;<\/p>\n<p>III \u00a0ser aprovado no Exame de Idioma Estrangeiro, antes da defesa da sua disserta\u00e7\u00e3o;<\/p>\n<p>IV\u00a0 ser aprovado no Exame de Qualifica\u00e7\u00e3o;<\/p>\n<p>V\u00a0 ser aprovado na Defesa P\u00fablica da Disserta\u00e7\u00e3o;<\/p>\n<p>VI\u00a0 apresentar comprovante de submiss\u00e3o para publica\u00e7\u00e3o de um artigo em revista A1, A2 ou B1, constante no Qualis Engenharia II da CAPES contendo os resultados de pesquisa relatados na disserta\u00e7\u00e3o de mestrado at\u00e9 60 dias (sessenta dias) da data de defesa<strong>.<\/strong><\/p>\n<p>VII Entregar a vers\u00e3o definitiva dentro das normas institucionais vigentes, com as corre\u00e7\u00f5es sugeridas pelos membros da banca dentro do prazo estabelecido de 60 dias (sessenta dias) a partir da data de defesa.<\/p>\n","protected":false},"excerpt":{"rendered":"<p>CR\u00c9DITOS EM DISCIPLINAS Os alunos dever\u00e3o cumprir no m\u00ednimo 26 cr\u00e9ditos entre disciplinas obrigat\u00f3rias e optativas, sendo 20 cr\u00e9ditos referentes as disciplinas obrigat\u00f3rias e 06 cr\u00e9ditos referentes a disciplinas optativas. EST\u00c1GIO DE DOC\u00caNCIA O est\u00e1gio doc\u00eancia \u00e9 desenvolvida no programa pela sistem\u00e1tica pr\u00e1tica de doc\u00eancia em ensino superior. A obrigatoriedade \u00e9 concentrada no bolsista de&nbsp;&hellip;<\/p>\n","protected":false},"author":378,"featured_media":0,"parent":0,"menu_order":0,"comment_status":"closed","ping_status":"closed","template":"","meta":[],"_links":{"self":[{"href":"https:\/\/www2.uepg.br\/posgradmat\/wp-json\/wp\/v2\/pages\/130"}],"collection":[{"href":"https:\/\/www2.uepg.br\/posgradmat\/wp-json\/wp\/v2\/pages"}],"about":[{"href":"https:\/\/www2.uepg.br\/posgradmat\/wp-json\/wp\/v2\/types\/page"}],"author":[{"embeddable":true,"href":"https:\/\/www2.uepg.br\/posgradmat\/wp-json\/wp\/v2\/users\/378"}],"replies":[{"embeddable":true,"href":"https:\/\/www2.uepg.br\/posgradmat\/wp-json\/wp\/v2\/comments?post=130"}],"version-history":[{"count":2,"href":"https:\/\/www2.uepg.br\/posgradmat\/wp-json\/wp\/v2\/pages\/130\/revisions"}],"predecessor-version":[{"id":185,"href":"https:\/\/www2.uepg.br\/posgradmat\/wp-json\/wp\/v2\/pages\/130\/revisions\/185"}],"wp:attachment":[{"href":"https:\/\/www2.uepg.br\/posgradmat\/wp-json\/wp\/v2\/media?parent=130"}],"curies":[{"name":"wp","href":"https:\/\/api.w.org\/{rel}","templated":true}]}}