{"id":132,"date":"2022-03-24T08:42:28","date_gmt":"2022-03-24T11:42:28","guid":{"rendered":"https:\/\/www2.uepg.br\/posgradmat\/?page_id=132"},"modified":"2025-08-07T15:12:19","modified_gmt":"2025-08-07T18:12:19","slug":"matriculas","status":"publish","type":"page","link":"https:\/\/www2.uepg.br\/posgradmat\/matriculas\/","title":{"rendered":"Matr\u00edculas"},"content":{"rendered":"<p>Aten\u00e7\u00e3o alunos Classificados no Processo Seletivo do 2\u00b0 Semestre de 2025<\/p>\n<p>Per\u00edodo de matr\u00edcula 07\/08\/2025 a 11\/08\/2025.<\/p>\n<p><a href=\"https:\/\/www2.uepg.br\/posgradmat\/wp-content\/uploads\/sites\/227\/2025\/08\/Edital-17-2025-Matricula-MESTRADO-2sem-2025.pdf\">Edital de Matr\u00edcula &#8211; Alunos classificados<\/a><\/p>\n","protected":false},"excerpt":{"rendered":"<p>Aten\u00e7\u00e3o alunos Classificados no Processo Seletivo do 2\u00b0 Semestre de 2025 Per\u00edodo de matr\u00edcula 07\/08\/2025 a 11\/08\/2025. Edital de Matr\u00edcula &#8211; Alunos classificados<\/p>\n","protected":false},"author":378,"featured_media":0,"parent":0,"menu_order":0,"comment_status":"closed","ping_status":"closed","template":"","meta":[],"_links":{"self":[{"href":"https:\/\/www2.uepg.br\/posgradmat\/wp-json\/wp\/v2\/pages\/132"}],"collection":[{"href":"https:\/\/www2.uepg.br\/posgradmat\/wp-json\/wp\/v2\/pages"}],"about":[{"href":"https:\/\/www2.uepg.br\/posgradmat\/wp-json\/wp\/v2\/types\/page"}],"author":[{"embeddable":true,"href":"https:\/\/www2.uepg.br\/posgradmat\/wp-json\/wp\/v2\/users\/378"}],"replies":[{"embeddable":true,"href":"https:\/\/www2.uepg.br\/posgradmat\/wp-json\/wp\/v2\/comments?post=132"}],"version-history":[{"count":7,"href":"https:\/\/www2.uepg.br\/posgradmat\/wp-json\/wp\/v2\/pages\/132\/revisions"}],"predecessor-version":[{"id":1142,"href":"https:\/\/www2.uepg.br\/posgradmat\/wp-json\/wp\/v2\/pages\/132\/revisions\/1142"}],"wp:attachment":[{"href":"https:\/\/www2.uepg.br\/posgradmat\/wp-json\/wp\/v2\/media?parent=132"}],"curies":[{"name":"wp","href":"https:\/\/api.w.org\/{rel}","templated":true}]}}