{"id":133,"date":"2022-03-24T08:42:28","date_gmt":"2022-03-24T11:42:28","guid":{"rendered":"https:\/\/www2.uepg.br\/posgradmat\/?page_id=133"},"modified":"2025-04-25T11:11:19","modified_gmt":"2025-04-25T14:11:19","slug":"disciplinas-ofertadas","status":"publish","type":"page","link":"https:\/\/www2.uepg.br\/posgradmat\/disciplinas-ofertadas\/","title":{"rendered":"Disciplinas"},"content":{"rendered":"<p>&nbsp;<\/p>\n<table style=\"height: 948px\" width=\"480\">\n<tbody>\n<tr>\n<td width=\"132\">\n<h4><strong>Disciplina<\/strong><\/h4>\n<\/td>\n<td width=\"70\">\n<h4><strong>Cr\u00e9ditos<\/strong><\/h4>\n<\/td>\n<td width=\"109\">\n<h4><strong>Carga Hor\u00e1ria<\/strong><\/h4>\n<\/td>\n<\/tr>\n<tr>\n<td width=\"132\"><strong>Ci\u00eancia dos Materiais<\/strong><\/td>\n<td width=\"70\"><strong>5<\/strong><\/td>\n<td width=\"109\"><strong>75\u00a0h<\/strong><\/td>\n<\/tr>\n<tr>\n<td width=\"132\"><strong>T\u00e9cnicas Experimentais em Engenharia de Materiais<\/strong><\/td>\n<td width=\"70\"><strong>5<\/strong><\/td>\n<td width=\"109\"><strong>75\u00a0h<\/strong><\/td>\n<\/tr>\n<tr>\n<td width=\"132\"><strong>Cer\u00e2mica F\u00edsica<\/strong><\/td>\n<td width=\"70\"><strong>5<\/strong><\/td>\n<td width=\"109\"><strong>75\u00a0h<\/strong><\/td>\n<\/tr>\n<tr>\n<td width=\"132\"><strong>Metalurgia F\u00edsica<\/strong><\/td>\n<td width=\"70\"><strong>5<\/strong><\/td>\n<td width=\"109\"><strong>75\u00a0h<\/strong><\/td>\n<\/tr>\n<tr>\n<td width=\"132\"><strong>F\u00edsico-Qu\u00edmica de Pol\u00edmeros<\/strong><\/td>\n<td width=\"70\"><strong>5<\/strong><\/td>\n<td width=\"109\"><strong>75\u00a0h<\/strong><\/td>\n<\/tr>\n<tr>\n<td width=\"132\"><strong>Blendas Polim\u00e9ricas<\/strong><\/td>\n<td width=\"70\"><strong>3<\/strong><\/td>\n<td width=\"109\"><strong>45\u00a0h<\/strong><\/td>\n<\/tr>\n<tr>\n<td width=\"132\"><strong>Cer\u00e2mica Refrat\u00e1rias<\/strong><\/td>\n<td width=\"70\"><strong>3<\/strong><\/td>\n<td width=\"109\"><strong>45\u00a0h<\/strong><\/td>\n<\/tr>\n<tr>\n<td width=\"132\"><strong>Diagramas de Equil\u00edbrio<\/strong><\/td>\n<td width=\"70\"><strong>3<\/strong><\/td>\n<td width=\"109\"><strong>45\u00a0h<\/strong><\/td>\n<\/tr>\n<tr>\n<td width=\"132\"><strong>Difratometria de Raio X<\/strong><\/td>\n<td width=\"70\"><strong>3<\/strong><\/td>\n<td width=\"109\"><strong>45\u00a0h<\/strong><\/td>\n<\/tr>\n<tr>\n<td width=\"132\"><strong>Esmalte Cer\u00e2micos<\/strong><\/td>\n<td width=\"70\"><strong>3<\/strong><\/td>\n<td width=\"109\"><strong>45\u00a0h<\/strong><\/td>\n<\/tr>\n<tr>\n<td width=\"132\"><strong>Fundamentos da Corros\u00e3o<\/strong><\/td>\n<td width=\"70\"><strong>3<\/strong><\/td>\n<td width=\"109\"><strong>45\u00a0h<\/strong><\/td>\n<\/tr>\n<tr>\n<td width=\"132\"><strong>Fundamentos da Microscopia Eletr\u00f4nica<\/strong><\/td>\n<td width=\"70\"><strong>3<\/strong><\/td>\n<td width=\"109\"><strong>45\u00a0h<\/strong><\/td>\n<\/tr>\n<tr>\n<td width=\"132\"><strong>Introdu\u00e7\u00e3o \u00e0 Mec\u00e2nica da Fratura<\/strong><\/td>\n<td width=\"70\"><strong>3<\/strong><\/td>\n<td width=\"109\"><strong>45\u00a0h<\/strong><\/td>\n<\/tr>\n<tr>\n<td width=\"132\"><strong>Materiais Eletrocer\u00e2micos<\/strong><\/td>\n<td width=\"70\"><strong>3<\/strong><\/td>\n<td width=\"109\"><strong>45\u00a0h<\/strong><\/td>\n<\/tr>\n<tr>\n<td width=\"132\"><strong>Metalurgia de An\u00e1lise de Falha dos Materiais Met\u00e1licos<\/strong><\/td>\n<td width=\"70\"><strong>3<\/strong><\/td>\n<td width=\"109\"><strong>45\u00a0h<\/strong><\/td>\n<\/tr>\n<tr>\n<td width=\"332\"><strong>Metalurgia Mec\u00e2nica<\/strong><\/td>\n<td width=\"70\"><strong>3<\/strong><\/td>\n<td width=\"109\"><strong>45\u00a0h<\/strong><\/td>\n<\/tr>\n<tr>\n<td width=\"132\"><strong>Metodologia de Elabora\u00e7\u00e3o de Artigos Cient\u00edficos<\/strong><\/td>\n<td width=\"70\"><strong>3<\/strong><\/td>\n<td width=\"109\"><strong>45\u00a0h<\/strong><\/td>\n<\/tr>\n<tr>\n<td width=\"132\"><strong>Microscopia dos Materiais<\/strong><\/td>\n<td width=\"70\"><strong>3<\/strong><\/td>\n<td width=\"109\"><strong>45\u00a0h<\/strong><\/td>\n<\/tr>\n<tr>\n<td width=\"132\"><strong>Moagem de Alta Energia<\/strong><\/td>\n<td width=\"70\"><strong>3<\/strong><\/td>\n<td width=\"109\"><strong>45\u00a0h<\/strong><\/td>\n<\/tr>\n<tr>\n<td width=\"132\"><strong>M\u00e9todos Matem\u00e1ticos para Engenharia<\/strong><\/td>\n<td width=\"70\"><strong>3<\/strong><\/td>\n<td width=\"109\"><strong>45\u00a0h<\/strong><\/td>\n<\/tr>\n<tr>\n<td width=\"132\"><strong>Planejamento Estat\u00edstico de Experimentos<\/strong><\/td>\n<td width=\"70\"><strong>3<\/strong><\/td>\n<td width=\"109\"><strong>45\u00a0h<\/strong><\/td>\n<\/tr>\n<tr>\n<td width=\"132\"><strong>Processamento Cer\u00e2micos N\u00e3o Convencionais<\/strong><\/td>\n<td width=\"70\"><strong>3<\/strong><\/td>\n<td width=\"109\"><strong>45\u00a0h<\/strong><\/td>\n<\/tr>\n<tr>\n<td width=\"132\"><strong>Reologia de Pol\u00edmeros<\/strong><\/td>\n<td width=\"70\"><strong>3<\/strong><\/td>\n<td width=\"109\"><strong>45\u00a0h<\/strong><\/td>\n<\/tr>\n<tr>\n<td width=\"132\"><strong>Solidifica\u00e7\u00e3o de Pol\u00edmeros<\/strong><\/td>\n<td width=\"70\"><strong>3<\/strong><\/td>\n<td width=\"109\"><strong>45\u00a0h<\/strong><\/td>\n<\/tr>\n<tr>\n<td width=\"132\"><strong>Termodin\u00e2mica dos S\u00f3lidos<\/strong><\/td>\n<td width=\"70\"><strong>3<\/strong><\/td>\n<td width=\"109\"><strong>45\u00a0h<\/strong><\/td>\n<\/tr>\n<tr>\n<td width=\"132\"><strong>T\u00e9cnica Experimentais em Eletroqu\u00edmica<\/strong><\/td>\n<td width=\"70\"><strong>3<\/strong><\/td>\n<td width=\"109\"><strong>45\u00a0h<\/strong><\/td>\n<\/tr>\n<tr>\n<td width=\"132\"><strong>T\u00e9cnica de Caracteriza\u00e7\u00e3o de Materiais Cer\u00e2micos<\/strong><\/td>\n<td width=\"70\"><strong>3<\/strong><\/td>\n<td width=\"109\"><strong>45\u00a0h<\/strong><\/td>\n<\/tr>\n<\/tbody>\n<\/table>\n<p><strong><small>OBS: Cada cr\u00e9dito equivale a 15h<\/small><\/strong><\/p>\n","protected":false},"excerpt":{"rendered":"<p>&nbsp; Disciplina Cr\u00e9ditos Carga Hor\u00e1ria Ci\u00eancia dos Materiais 5 75\u00a0h T\u00e9cnicas Experimentais em Engenharia de Materiais 5 75\u00a0h Cer\u00e2mica F\u00edsica 5 75\u00a0h Metalurgia F\u00edsica 5 75\u00a0h F\u00edsico-Qu\u00edmica de Pol\u00edmeros 5 75\u00a0h Blendas Polim\u00e9ricas 3 45\u00a0h Cer\u00e2mica Refrat\u00e1rias 3 45\u00a0h Diagramas de Equil\u00edbrio 3 45\u00a0h Difratometria de Raio X 3 45\u00a0h Esmalte Cer\u00e2micos 3 45\u00a0h Fundamentos&nbsp;&hellip;<\/p>\n","protected":false},"author":378,"featured_media":0,"parent":0,"menu_order":0,"comment_status":"closed","ping_status":"closed","template":"","meta":[],"_links":{"self":[{"href":"https:\/\/www2.uepg.br\/posgradmat\/wp-json\/wp\/v2\/pages\/133"}],"collection":[{"href":"https:\/\/www2.uepg.br\/posgradmat\/wp-json\/wp\/v2\/pages"}],"about":[{"href":"https:\/\/www2.uepg.br\/posgradmat\/wp-json\/wp\/v2\/types\/page"}],"author":[{"embeddable":true,"href":"https:\/\/www2.uepg.br\/posgradmat\/wp-json\/wp\/v2\/users\/378"}],"replies":[{"embeddable":true,"href":"https:\/\/www2.uepg.br\/posgradmat\/wp-json\/wp\/v2\/comments?post=133"}],"version-history":[{"count":15,"href":"https:\/\/www2.uepg.br\/posgradmat\/wp-json\/wp\/v2\/pages\/133\/revisions"}],"predecessor-version":[{"id":1030,"href":"https:\/\/www2.uepg.br\/posgradmat\/wp-json\/wp\/v2\/pages\/133\/revisions\/1030"}],"wp:attachment":[{"href":"https:\/\/www2.uepg.br\/posgradmat\/wp-json\/wp\/v2\/media?parent=133"}],"curies":[{"name":"wp","href":"https:\/\/api.w.org\/{rel}","templated":true}]}}