{"id":134,"date":"2022-03-24T08:42:28","date_gmt":"2022-03-24T11:42:28","guid":{"rendered":"https:\/\/www2.uepg.br\/posgradmat\/?page_id=134"},"modified":"2025-04-24T10:34:19","modified_gmt":"2025-04-24T13:34:19","slug":"linhas-de-pesquisa","status":"publish","type":"page","link":"https:\/\/www2.uepg.br\/posgradmat\/linhas-de-pesquisa\/","title":{"rendered":"Linhas de Pesquisa"},"content":{"rendered":"<h4>CARACTERIZA\u00c7\u00c3O DE MATERIAIS<\/h4>\n<p>Essa linha de pesquisa abrange todas as pesquisas voltadas ao estudo da caracteriza\u00e7\u00e3o f\u00edsica, qu\u00edmica e microestrutural de materiais cer\u00e2micos, met\u00e1licos, polim\u00e9ricos e comp\u00f3sitos.<\/p>\n<h4>DEGRADA\u00c7\u00c3O E MEIO AMBIENTE<\/h4>\n<p>Nesta linha de pesquisa s\u00e3o feitas pesquisas na \u00e1rea de reaproveitamento de res\u00edduos s\u00f3lidos, reciclagem de materiais e degrada\u00e7\u00e3o de materiais.<\/p>\n<h4>PROCESSAMENTO DE MATERIAIS<\/h4>\n<p>Essa linha de pesquisa abrange pesquisas na \u00e1rea de processamento de materiais (cer\u00e2micos, met\u00e1licos, polim\u00e9ricos e comp\u00f3sitos), com o objetivo de desenvolver novos processos de s\u00edntese e aprimorar processos de fabrica\u00e7\u00e3o.<\/p>\n","protected":false},"excerpt":{"rendered":"<p>CARACTERIZA\u00c7\u00c3O DE MATERIAIS Essa linha de pesquisa abrange todas as pesquisas voltadas ao estudo da caracteriza\u00e7\u00e3o f\u00edsica, qu\u00edmica e microestrutural de materiais cer\u00e2micos, met\u00e1licos, polim\u00e9ricos e comp\u00f3sitos. DEGRADA\u00c7\u00c3O E MEIO AMBIENTE Nesta linha de pesquisa s\u00e3o feitas pesquisas na \u00e1rea de reaproveitamento de res\u00edduos s\u00f3lidos, reciclagem de materiais e degrada\u00e7\u00e3o de materiais. PROCESSAMENTO DE MATERIAIS&nbsp;&hellip;<\/p>\n","protected":false},"author":378,"featured_media":0,"parent":0,"menu_order":0,"comment_status":"closed","ping_status":"closed","template":"","meta":[],"_links":{"self":[{"href":"https:\/\/www2.uepg.br\/posgradmat\/wp-json\/wp\/v2\/pages\/134"}],"collection":[{"href":"https:\/\/www2.uepg.br\/posgradmat\/wp-json\/wp\/v2\/pages"}],"about":[{"href":"https:\/\/www2.uepg.br\/posgradmat\/wp-json\/wp\/v2\/types\/page"}],"author":[{"embeddable":true,"href":"https:\/\/www2.uepg.br\/posgradmat\/wp-json\/wp\/v2\/users\/378"}],"replies":[{"embeddable":true,"href":"https:\/\/www2.uepg.br\/posgradmat\/wp-json\/wp\/v2\/comments?post=134"}],"version-history":[{"count":3,"href":"https:\/\/www2.uepg.br\/posgradmat\/wp-json\/wp\/v2\/pages\/134\/revisions"}],"predecessor-version":[{"id":982,"href":"https:\/\/www2.uepg.br\/posgradmat\/wp-json\/wp\/v2\/pages\/134\/revisions\/982"}],"wp:attachment":[{"href":"https:\/\/www2.uepg.br\/posgradmat\/wp-json\/wp\/v2\/media?parent=134"}],"curies":[{"name":"wp","href":"https:\/\/api.w.org\/{rel}","templated":true}]}}