{"id":137,"date":"2022-03-24T08:42:28","date_gmt":"2022-03-24T11:42:28","guid":{"rendered":"https:\/\/www2.uepg.br\/posgradmat\/?page_id=137"},"modified":"2025-04-22T14:33:46","modified_gmt":"2025-04-22T17:33:46","slug":"links","status":"publish","type":"page","link":"https:\/\/www2.uepg.br\/posgradmat\/links\/","title":{"rendered":"Links"},"content":{"rendered":"<ul>\n<li>\n<h4><a href=\"http:\/\/www.capes.gov.br\/\" target=\"_blank\" rel=\"noopener\">CAPES<\/a><\/h4>\n<\/li>\n<li>\n<h4><a href=\"http:\/\/www.cnpq.br\/\" target=\"_blank\" rel=\"noopener\">CNPq<\/a><\/h4>\n<\/li>\n<li>\n<h4><a href=\"http:\/\/www.periodicos.capes.gov.br\/\" target=\"_blank\" rel=\"noopener\">Peri\u00f3dicos CAPES<\/a><\/h4>\n<\/li>\n<li>\n<h4><a href=\"http:\/\/www.finep.gov.br\/\" target=\"_blank\" rel=\"noopener\">FINEP<\/a><\/h4>\n<\/li>\n<li>\n<h4><a href=\"http:\/\/www.fundacaoaraucaria.org.br\/\" target=\"_blank\" rel=\"noopener\">Funda\u00e7\u00e3o Arauc\u00e1ria &#8211; FA<\/a><\/h4>\n<\/li>\n<li>\n<h4><a href=\"http:\/\/lattes.cnpq.br\/\" target=\"_blank\" rel=\"noopener\">Plataforma Lattes<\/a><\/h4>\n<\/li>\n<li>\n<h4><a href=\"http:\/\/www.abmbrasil.com.br\/\" target=\"_blank\" rel=\"noopener\">Associa\u00e7\u00e3o Brasileira de Metalurgia e Materiais<\/a><\/h4>\n<\/li>\n<li>\n<h4><a href=\"http:\/\/www.abceram.org.br\/\" target=\"_blank\" rel=\"noopener\">Associa\u00e7\u00e3o Brasileira de Cer\u00e2mica<\/a><\/h4>\n<\/li>\n<li>\n<h4><a href=\"http:\/\/www.abcm.org.br\" target=\"_blank\" rel=\"noopener\">Associa\u00e7\u00e3o Brasileira de Engenharia e Ci\u00eancias Mec\u00e2nicas<\/a><\/h4>\n<\/li>\n<\/ul>\n","protected":false},"excerpt":{"rendered":"<p>CAPES CNPq Peri\u00f3dicos CAPES FINEP Funda\u00e7\u00e3o Arauc\u00e1ria &#8211; FA Plataforma Lattes Associa\u00e7\u00e3o Brasileira de Metalurgia e Materiais Associa\u00e7\u00e3o Brasileira de Cer\u00e2mica Associa\u00e7\u00e3o Brasileira de Engenharia e Ci\u00eancias Mec\u00e2nicas<\/p>\n","protected":false},"author":378,"featured_media":0,"parent":0,"menu_order":0,"comment_status":"closed","ping_status":"closed","template":"","meta":[],"_links":{"self":[{"href":"https:\/\/www2.uepg.br\/posgradmat\/wp-json\/wp\/v2\/pages\/137"}],"collection":[{"href":"https:\/\/www2.uepg.br\/posgradmat\/wp-json\/wp\/v2\/pages"}],"about":[{"href":"https:\/\/www2.uepg.br\/posgradmat\/wp-json\/wp\/v2\/types\/page"}],"author":[{"embeddable":true,"href":"https:\/\/www2.uepg.br\/posgradmat\/wp-json\/wp\/v2\/users\/378"}],"replies":[{"embeddable":true,"href":"https:\/\/www2.uepg.br\/posgradmat\/wp-json\/wp\/v2\/comments?post=137"}],"version-history":[{"count":3,"href":"https:\/\/www2.uepg.br\/posgradmat\/wp-json\/wp\/v2\/pages\/137\/revisions"}],"predecessor-version":[{"id":270,"href":"https:\/\/www2.uepg.br\/posgradmat\/wp-json\/wp\/v2\/pages\/137\/revisions\/270"}],"wp:attachment":[{"href":"https:\/\/www2.uepg.br\/posgradmat\/wp-json\/wp\/v2\/media?parent=137"}],"curies":[{"name":"wp","href":"https:\/\/api.w.org\/{rel}","templated":true}]}}