{"id":138,"date":"2022-03-24T08:42:28","date_gmt":"2022-03-24T11:42:28","guid":{"rendered":"https:\/\/www2.uepg.br\/posgradmat\/?page_id=138"},"modified":"2025-10-21T22:47:56","modified_gmt":"2025-10-22T01:47:56","slug":"contato","status":"publish","type":"page","link":"https:\/\/www2.uepg.br\/posgradmat\/contato\/","title":{"rendered":"Contato"},"content":{"rendered":"<p style=\"text-align: center\">Centro Interdisciplinar de Pesquisa e P\u00f3s-Gradua\u00e7\u00e3o &#8211; CIPP &#8211; Sala LP-116<\/p>\n<p style=\"text-align: center\">Av. Carlos Cavalcanti, 4748 &#8211; Campus Universit\u00e1rio de Uvaranas<\/p>\n<p style=\"text-align: center\">\u00a0Ponta Grossa &#8211; Paran\u00e1 &#8211; BRASIL<\/p>\n<p style=\"text-align: center\">CEP 84030-900<\/p>\n<p style=\"text-align: center\">Fone\/fax: (42) 3220-3160<\/p>\n<p style=\"text-align: center\">E-mail: ppgecm@uepg.br<\/p>\n","protected":false},"excerpt":{"rendered":"<p>Centro Interdisciplinar de Pesquisa e P\u00f3s-Gradua\u00e7\u00e3o &#8211; CIPP &#8211; Sala LP-116 Av. Carlos Cavalcanti, 4748 &#8211; Campus Universit\u00e1rio de Uvaranas \u00a0Ponta Grossa &#8211; Paran\u00e1 &#8211; BRASIL CEP 84030-900 Fone\/fax: (42) 3220-3160 E-mail: ppgecm@uepg.br<\/p>\n","protected":false},"author":378,"featured_media":0,"parent":0,"menu_order":0,"comment_status":"closed","ping_status":"closed","template":"","meta":[],"_links":{"self":[{"href":"https:\/\/www2.uepg.br\/posgradmat\/wp-json\/wp\/v2\/pages\/138"}],"collection":[{"href":"https:\/\/www2.uepg.br\/posgradmat\/wp-json\/wp\/v2\/pages"}],"about":[{"href":"https:\/\/www2.uepg.br\/posgradmat\/wp-json\/wp\/v2\/types\/page"}],"author":[{"embeddable":true,"href":"https:\/\/www2.uepg.br\/posgradmat\/wp-json\/wp\/v2\/users\/378"}],"replies":[{"embeddable":true,"href":"https:\/\/www2.uepg.br\/posgradmat\/wp-json\/wp\/v2\/comments?post=138"}],"version-history":[{"count":6,"href":"https:\/\/www2.uepg.br\/posgradmat\/wp-json\/wp\/v2\/pages\/138\/revisions"}],"predecessor-version":[{"id":1198,"href":"https:\/\/www2.uepg.br\/posgradmat\/wp-json\/wp\/v2\/pages\/138\/revisions\/1198"}],"wp:attachment":[{"href":"https:\/\/www2.uepg.br\/posgradmat\/wp-json\/wp\/v2\/media?parent=138"}],"curies":[{"name":"wp","href":"https:\/\/api.w.org\/{rel}","templated":true}]}}