{"id":220,"date":"2022-03-25T09:36:05","date_gmt":"2022-03-25T12:36:05","guid":{"rendered":"https:\/\/www2.uepg.br\/posgradmat\/?page_id=220"},"modified":"2026-02-12T23:10:24","modified_gmt":"2026-02-13T02:10:24","slug":"documentos","status":"publish","type":"page","link":"https:\/\/www2.uepg.br\/posgradmat\/documentos\/","title":{"rendered":"Documentos"},"content":{"rendered":"<p><a href=\"https:\/\/www2.uepg.br\/posgradmat\/wp-content\/uploads\/sites\/227\/2026\/02\/Oferta-das-Disciplinas-do-1o-semestre-2026.pdf\">Oferta das Disciplinas do 1\u00ba semestre 2026<\/a><\/p>\n<p><a href=\"https:\/\/www2.uepg.br\/posgradmat\/wp-content\/uploads\/sites\/227\/2025\/08\/Disciplinas-2sem-2025-Mestrado-e-Doutorado.pdf\">Oferta das Disciplinas do 2\u00ba semestre\/2025<\/a><\/p>\n<p><a href=\"https:\/\/www2.uepg.br\/posgradmat\/wp-content\/uploads\/sites\/227\/2025\/02\/Disciplinas-1sem-2025-Mestrado-e-Doutorado.pdf\">Oferta das Disciplinas do 1\u00ba semestre\/2025<\/a><\/p>\n<p><a href=\"https:\/\/www2.uepg.br\/posgradmat\/wp-content\/uploads\/sites\/227\/2024\/06\/Disciplinas-2sem-2024-Mestrado-e-Doutorado.pdf\">Oferta das Disciplinas do 2\u00ba semestre\/2024<\/a><\/p>\n<p><a href=\"https:\/\/www2.uepg.br\/posgradmat\/wp-content\/uploads\/sites\/227\/2024\/02\/Disciplinas-1sem-2024-Mestrado-e-Doutorado.pdf\">Oferta das Disciplinas do 1\u00ba semestre\/2024<\/a><\/p>\n<p><a href=\"https:\/\/www2.uepg.br\/posgradmat\/wp-content\/uploads\/sites\/227\/2024\/02\/Anexo-I-Edital-06-2024-Inscricao-Alunos-Especiais-1o-semestre-2024.doc\">Anexo I &#8211; Edital 06-2024 &#8211; Inscri\u00e7\u00e3o Alunos Especiais &#8211; 1\u00ba semestre-2024<\/a><\/p>\n<p><a href=\"https:\/\/www2.uepg.br\/posgradmat\/wp-content\/uploads\/sites\/227\/2023\/07\/Disciplinas-2sem-2023-Mestrado-e-Doutorado.pdf\">Oferta das Disciplinas do 2\u00ba semestre\/2023<\/a><\/p>\n<p><a href=\"https:\/\/www2.uepg.br\/posgradmat\/wp-content\/uploads\/sites\/227\/2023\/03\/Disciplinas-1sem-2023-Mestrado-e-Doutorado.pdf\">Oferta das Disciplinas do 1\u00ba semestre\/2023<\/a><\/p>\n<p><a href=\"https:\/\/www2.uepg.br\/posgradmat\/wp-content\/uploads\/sites\/227\/2022\/07\/Disciplinas-2sem-2022-Mestrado-e-Doutorado.pdf\">Oferta das Disciplinas do 2\u00ba semestre\/2022<\/a><\/p>\n<p><a href=\"https:\/\/www2.uepg.br\/posgradmat\/wp-content\/uploads\/sites\/227\/2022\/07\/Anexo-I-Edital-18-2022-Inscricao-Alunos-Especiais-2o-semestre-2022.doc\">Anexo I &#8211; Edital 18-2022 &#8211; Inscri\u00e7\u00e3o Alunos Especiais &#8211; 2\u00ba semestre-2022<\/a><\/p>\n<p><a href=\"https:\/\/www2.uepg.br\/posgradmat\/wp-content\/uploads\/sites\/227\/2022\/03\/d0b782340b7bf563e9e27c098a92eecf.pdf\">Oferta das Disciplinas do 1\u00ba semestre\/2022<\/a><\/p>\n<p><a href=\"https:\/\/www2.uepg.br\/posgradmat\/wp-content\/uploads\/sites\/227\/2022\/03\/4ac0ebdd841c3f53c30610245a4b88a0.doc\">Anexo &#8211; Edital: 11\/2022: 1\u00aa Sele\u00e7\u00e3o 2022 &#8211; Alunos Especiais<\/a><\/p>\n<p><a href=\"https:\/\/www2.uepg.br\/posgradmat\/wp-content\/uploads\/sites\/227\/2022\/03\/18046018db629672f99b7ccdacaee1ba.pdf\">Regulamento do Curso 2015<\/a><\/p>\n<p><a href=\"https:\/\/www2.uepg.br\/posgradmat\/wp-content\/uploads\/sites\/227\/2022\/03\/ced1d3f96c23f4fe912c73596b7fc881.pdf\">Regulamento do Curso 2018<\/a><\/p>\n<p><a href=\"https:\/\/www2.uepg.br\/posgradmat\/wp-content\/uploads\/sites\/227\/2022\/03\/72b475466f9306df77dcd949826fb59a.doc\">Formul\u00e1rio de inscri\u00e7\u00e3o Representante Docente<\/a><\/p>\n<p><a href=\"https:\/\/www2.uepg.br\/posgradmat\/wp-content\/uploads\/sites\/227\/2022\/03\/700c2ddd83e7a9a2e1cbecddf38bd275.pdf\">Regulamento Geral Stricto Sensu<\/a><\/p>\n","protected":false},"excerpt":{"rendered":"<p>Oferta das Disciplinas do 1\u00ba semestre 2026 Oferta das Disciplinas do 2\u00ba semestre\/2025 Oferta das Disciplinas do 1\u00ba semestre\/2025 Oferta das Disciplinas do 2\u00ba semestre\/2024 Oferta das Disciplinas do 1\u00ba semestre\/2024 Anexo I &#8211; Edital 06-2024 &#8211; Inscri\u00e7\u00e3o Alunos Especiais &#8211; 1\u00ba semestre-2024 Oferta das Disciplinas do 2\u00ba semestre\/2023 Oferta das Disciplinas do 1\u00ba semestre\/2023&nbsp;&hellip;<\/p>\n","protected":false},"author":378,"featured_media":0,"parent":0,"menu_order":0,"comment_status":"closed","ping_status":"closed","template":"","meta":[],"_links":{"self":[{"href":"https:\/\/www2.uepg.br\/posgradmat\/wp-json\/wp\/v2\/pages\/220"}],"collection":[{"href":"https:\/\/www2.uepg.br\/posgradmat\/wp-json\/wp\/v2\/pages"}],"about":[{"href":"https:\/\/www2.uepg.br\/posgradmat\/wp-json\/wp\/v2\/types\/page"}],"author":[{"embeddable":true,"href":"https:\/\/www2.uepg.br\/posgradmat\/wp-json\/wp\/v2\/users\/378"}],"replies":[{"embeddable":true,"href":"https:\/\/www2.uepg.br\/posgradmat\/wp-json\/wp\/v2\/comments?post=220"}],"version-history":[{"count":17,"href":"https:\/\/www2.uepg.br\/posgradmat\/wp-json\/wp\/v2\/pages\/220\/revisions"}],"predecessor-version":[{"id":1274,"href":"https:\/\/www2.uepg.br\/posgradmat\/wp-json\/wp\/v2\/pages\/220\/revisions\/1274"}],"wp:attachment":[{"href":"https:\/\/www2.uepg.br\/posgradmat\/wp-json\/wp\/v2\/media?parent=220"}],"curies":[{"name":"wp","href":"https:\/\/api.w.org\/{rel}","templated":true}]}}