{"id":888,"date":"2025-04-23T10:08:12","date_gmt":"2025-04-23T13:08:12","guid":{"rendered":"https:\/\/www2.uepg.br\/posgradmat\/?page_id=888"},"modified":"2025-04-23T10:12:34","modified_gmt":"2025-04-23T13:12:34","slug":"contact-information","status":"publish","type":"page","link":"https:\/\/www2.uepg.br\/posgradmat\/en\/contact-information\/","title":{"rendered":"Contact information"},"content":{"rendered":"<p style=\"text-align: center\">Centro Interdisciplinar de Pesquisa e P\u00f3s-Gradua\u00e7\u00e3o &#8211; CIPP &#8211; Sala LP-116<\/p>\n<p style=\"text-align: center\">Av. Carlos Cavalcanti, 4748 &#8211; Campus Universit\u00e1rio de Uvaranas<\/p>\n<p style=\"text-align: center\">Ponta Grossa &#8211; Paran\u00e1 &#8211; BRAZIL<\/p>\n<p style=\"text-align: center\">Postal Code 84030-900<\/p>\n<p style=\"text-align: center\">Phone: +55 (42) 3220-3160<\/p>\n<p style=\"text-align: center\">E-mail: mecm@uepg.br<\/p>\n","protected":false},"excerpt":{"rendered":"<p>Centro Interdisciplinar de Pesquisa e P\u00f3s-Gradua\u00e7\u00e3o &#8211; CIPP &#8211; Sala LP-116 Av. Carlos Cavalcanti, 4748 &#8211; Campus Universit\u00e1rio de Uvaranas Ponta Grossa &#8211; Paran\u00e1 &#8211; BRAZIL Postal Code 84030-900 Phone: +55 (42) 3220-3160 E-mail: mecm@uepg.br<\/p>\n","protected":false},"author":316,"featured_media":0,"parent":0,"menu_order":0,"comment_status":"closed","ping_status":"closed","template":"","meta":[],"_links":{"self":[{"href":"https:\/\/www2.uepg.br\/posgradmat\/wp-json\/wp\/v2\/pages\/888"}],"collection":[{"href":"https:\/\/www2.uepg.br\/posgradmat\/wp-json\/wp\/v2\/pages"}],"about":[{"href":"https:\/\/www2.uepg.br\/posgradmat\/wp-json\/wp\/v2\/types\/page"}],"author":[{"embeddable":true,"href":"https:\/\/www2.uepg.br\/posgradmat\/wp-json\/wp\/v2\/users\/316"}],"replies":[{"embeddable":true,"href":"https:\/\/www2.uepg.br\/posgradmat\/wp-json\/wp\/v2\/comments?post=888"}],"version-history":[{"count":2,"href":"https:\/\/www2.uepg.br\/posgradmat\/wp-json\/wp\/v2\/pages\/888\/revisions"}],"predecessor-version":[{"id":892,"href":"https:\/\/www2.uepg.br\/posgradmat\/wp-json\/wp\/v2\/pages\/888\/revisions\/892"}],"wp:attachment":[{"href":"https:\/\/www2.uepg.br\/posgradmat\/wp-json\/wp\/v2\/media?parent=888"}],"curies":[{"name":"wp","href":"https:\/\/api.w.org\/{rel}","templated":true}]}}