{"id":965,"date":"2025-04-24T08:49:39","date_gmt":"2025-04-24T11:49:39","guid":{"rendered":"https:\/\/www2.uepg.br\/posgradmat\/?page_id=965"},"modified":"2025-09-08T14:09:57","modified_gmt":"2025-09-08T17:09:57","slug":"el-curso","status":"publish","type":"page","link":"https:\/\/www2.uepg.br\/posgradmat\/es\/el-curso\/","title":{"rendered":"El Programa"},"content":{"rendered":"<h3 class=\"\" data-start=\"207\" data-end=\"219\">HISTORIA<\/h3>\n<p class=\"\" data-start=\"221\" data-end=\"483\">El Programa de Posgrado en Ingenier\u00eda y Ciencia de Materiales (PPGECM) de la Universidad Estatal de Ponta Grossa comenz\u00f3 en el a\u00f1o 2000 y fue reconocido por la CAPES en 2001, convirti\u00e9ndose en el primer programa de la universidad en recibir dicho reconocimiento.<\/p>\n<p class=\"\" data-start=\"485\" data-end=\"771\">En el mismo a\u00f1o, el programa recibi\u00f3 R$ 1.800.000,00 a trav\u00e9s del aviso UGF (Unidad Gestora de Fondos) del Paran\u00e1 Tecnolog\u00eda, un organismo vinculado a la Secretar\u00eda de Ciencia y Tecnolog\u00eda del Estado de Paran\u00e1, con el proyecto &#8220;Implementaci\u00f3n del Centro de Investigaci\u00f3n en Materiales&#8221;.<\/p>\n<p class=\"\" data-start=\"773\" data-end=\"1103\">La idea central en ese momento fue crear una infraestructura b\u00e1sica para el desarrollo de investigaciones avanzadas en materiales, incorporando las tres l\u00edneas de investigaci\u00f3n del programa dentro del \u00e1rea de concentraci\u00f3n en Desarrollo y Caracterizaci\u00f3n de Materiales, bajo la coordinaci\u00f3n del Prof. Dr. Egon Antonio Torres Berg.<\/p>\n<p class=\"\" data-start=\"1105\" data-end=\"1581\">El PPGECM fue un punto de inflexi\u00f3n para la instituci\u00f3n. En 1994 y 1998, se crearon dos programas de maestr\u00eda en UEPG, pero ambos proven\u00edan de cursos de especializaci\u00f3n y eran de pago. El programa de maestr\u00eda en Ingenier\u00eda de Materiales tuvo un gran impacto, mostrando el camino correcto para los programas de posgrado stricto sensu gratuitos, financiados por agencias p\u00fablicas a trav\u00e9s de proyectos, es decir, basados en la calidad del curr\u00edculo y el m\u00e9rito de los proyectos.<\/p>\n<p class=\"\" data-start=\"1583\" data-end=\"1732\">A partir de ah\u00ed, se llev\u00f3 a cabo una amplia discusi\u00f3n institucional, y se decidi\u00f3 que todos los programas de posgrado stricto sensu ser\u00edan gratuitos.<\/p>\n<p class=\"\" data-start=\"1734\" data-end=\"2018\">En abril de 2016, se aprob\u00f3 la propuesta de apertura del curso de doctorado por parte de la CAPES, y el curso comenz\u00f3 en agosto de 2016 con cinco estudiantes matriculados. Al final de 2020, el programa contaba con 29 estudiantes de doctorado y 32 estudiantes de maestr\u00eda matriculados.<\/p>\n<p class=\"\" data-start=\"2020\" data-end=\"2244\">El 18 de noviembre de 2020, se realiz\u00f3 la primera defensa del doctorado, de Ricardo Sanson Namur, marcando un hito en la historia del PPGECM. A finales de 2024, el programa alcanz\u00f3 204 defensas de maestr\u00eda y 19 de doctorado.<\/p>\n<hr class=\"\" data-start=\"2246\" data-end=\"2249\" \/>\n<h3 class=\"\" data-start=\"2251\" data-end=\"2263\">CONTEXTO<\/h3>\n<p class=\"\" data-start=\"2265\" data-end=\"2703\">La Universidad Estatal de Ponta Grossa (UEPG), ubicada en la regi\u00f3n centro-sur del estado de Paran\u00e1 y con influencia sobre 22 municipios, fue creada por el Gobierno del Estado de Paran\u00e1 a trav\u00e9s de la Ley No. 6.034 de 6 de noviembre de 1969 y el Decreto No. 18.111 de 28 de enero de 1970. Es una de las instituciones de educaci\u00f3n superior m\u00e1s importantes de Paran\u00e1, resultado de la incorporaci\u00f3n de varias facultades estatales existentes.<\/p>\n<p class=\"\" data-start=\"2705\" data-end=\"3065\">UEPG utiliza como referencia principal su Plan de Desarrollo Institucional (PDI) y su Proyecto Pedag\u00f3gico Institucional (PPI). El PDI\/PPI actual (2023\u20132027) se centra en alcanzar la excelencia en la educaci\u00f3n de pregrado y posgrado, la investigaci\u00f3n y la extensi\u00f3n, con el objetivo de lograr un reconocimiento nacional e internacional por la calidad acad\u00e9mica.<\/p>\n<hr class=\"\" data-start=\"3067\" data-end=\"3070\" \/>\n<h3 class=\"\" data-start=\"3072\" data-end=\"3085\">OBJETIVOS<\/h3>\n<ul data-start=\"3087\" data-end=\"4105\">\n<li class=\"\" data-start=\"3087\" data-end=\"3276\">\n<p class=\"\" data-start=\"3089\" data-end=\"3276\">Formar maestros en Ingenier\u00eda y Ciencia de Materiales capacitados para desarrollar actividades de docencia e investigaci\u00f3n relacionadas con la investigaci\u00f3n y el desarrollo de materiales;<\/p>\n<\/li>\n<li class=\"\" data-start=\"3277\" data-end=\"3463\">\n<p class=\"\" data-start=\"3279\" data-end=\"3463\">Producir conocimientos t\u00e9cnicos y cient\u00edficos que contribuyan al desarrollo de materiales tradicionales y avanzados (cer\u00e1micos, met\u00e1licos, polim\u00e9ricos y compuestos) y sus aplicaciones;<\/p>\n<\/li>\n<li class=\"\" data-start=\"3464\" data-end=\"3615\">\n<p class=\"\" data-start=\"3466\" data-end=\"3615\">Elevar la cultura y el conocimiento de las nuevas tecnolog\u00edas en materiales para satisfacer las necesidades de la sociedad y elevar el nivel de vida;<\/p>\n<\/li>\n<li class=\"\" data-start=\"3616\" data-end=\"3803\">\n<p class=\"\" data-start=\"3618\" data-end=\"3803\">Formar profesionales altamente calificados que respondan al nuevo perfil de desarrollo tecnol\u00f3gico del Paran\u00e1, especialmente con la llegada de industrias de alta tecnolog\u00eda a la regi\u00f3n;<\/p>\n<\/li>\n<li class=\"\" data-start=\"3804\" data-end=\"3981\">\n<p class=\"\" data-start=\"3806\" data-end=\"3981\">Contribuir al desarrollo tecnol\u00f3gico de las industrias de la regi\u00f3n de Campos Gerais y otras \u00e1reas del estado a trav\u00e9s de proyectos de investigaci\u00f3n conjunta con la industria;<\/p>\n<\/li>\n<li class=\"\" data-start=\"3982\" data-end=\"4105\">\n<p class=\"\" data-start=\"3984\" data-end=\"4105\">Apoyar la calificaci\u00f3n de docentes en instituciones de educaci\u00f3n superior (IES) de la regi\u00f3n de Campos Gerais y m\u00e1s all\u00e1.<\/p>\n<\/li>\n<\/ul>\n<hr class=\"\" data-start=\"4107\" data-end=\"4110\" \/>\n<h3 class=\"\" data-start=\"4112\" data-end=\"4137\">\u00c1REA DE CONCENTRACI\u00d3N<\/h3>\n<p class=\"\" data-start=\"4139\" data-end=\"4295\">El \u00e1rea de concentraci\u00f3n del programa de maestr\u00eda es <strong data-start=\"4192\" data-end=\"4240\">&#8220;Caracterizaci\u00f3n y Desarrollo de Materiales&#8221;<\/strong>, que actualmente incluye tres l\u00edneas de investigaci\u00f3n:<\/p>\n<p class=\"\" data-start=\"4297\" data-end=\"4678\"><strong data-start=\"4297\" data-end=\"4330\">Caracterizaci\u00f3n de materiales<\/strong><br data-start=\"4330\" data-end=\"4333\" \/>Esta l\u00ednea de investigaci\u00f3n se enfoca en la determinaci\u00f3n de las propiedades y caracter\u00edsticas de los materiales mediante diversas t\u00e9cnicas (espectrosc\u00f3picas, t\u00e9rmicas, morfol\u00f3gicas, etc.) en funci\u00f3n de par\u00e1metros de proceso o composicionales. Tambi\u00e9n abarca el desarrollo de t\u00e9cnicas para caracterizar propiedades espec\u00edficas de los materiales.<\/p>\n<p class=\"\" data-start=\"4680\" data-end=\"4973\"><strong data-start=\"4680\" data-end=\"4711\">Procesamiento de materiales<\/strong><br data-start=\"4711\" data-end=\"4714\" \/>Esta l\u00ednea se enfoca en estudiar la influencia del procesamiento sobre las propiedades y caracter\u00edsticas de los materiales; desarrollar nuevas t\u00e9cnicas de procesamiento; y optimizar par\u00e1metros operativos para lograr caracter\u00edsticas deseadas en los materiales.<\/p>\n<p class=\"\" data-start=\"4975\" data-end=\"5340\"><strong data-start=\"4975\" data-end=\"5007\">Degradaci\u00f3n y medio ambiente<\/strong><br data-start=\"5007\" data-end=\"5010\" \/>Esta l\u00ednea de investigaci\u00f3n se centra en el estudio de los procesos de degradaci\u00f3n, como la corrosi\u00f3n, biodegradaci\u00f3n y foto-oxidaci\u00f3n, y las variables que los determinan. Tambi\u00e9n abarca investigaciones sobre el impacto ambiental de los materiales y las estrategias para preservarlo, como el uso de residuos s\u00f3lidos no peligrosos.<\/p>\n<hr class=\"\" data-start=\"5342\" data-end=\"5345\" \/>\n<h3 class=\"\" data-start=\"5347\" data-end=\"5370\">PERFIL DEL EGRESADO<\/h3>\n<p class=\"\" data-start=\"5372\" data-end=\"5415\">Los principales objetivos del programa son:<\/p>\n<ul data-start=\"5417\" data-end=\"6242\">\n<li class=\"\" data-start=\"5417\" data-end=\"5523\">\n<p class=\"\" data-start=\"5419\" data-end=\"5523\">Formar profesionales calificados para trabajar en la industria y en instituciones de educaci\u00f3n superior;<\/p>\n<\/li>\n<li class=\"\" data-start=\"5524\" data-end=\"5597\">\n<p class=\"\" data-start=\"5526\" data-end=\"5597\">Fortalecer la competencia cient\u00edfica y profesional de los posgraduados;<\/p>\n<\/li>\n<li class=\"\" data-start=\"5598\" data-end=\"5713\">\n<p class=\"\" data-start=\"5600\" data-end=\"5713\">Desarrollar proyectos de investigaci\u00f3n en colaboraci\u00f3n con empresas e instituciones nacionales e internacionales;<\/p>\n<\/li>\n<li class=\"\" data-start=\"5714\" data-end=\"5832\">\n<p class=\"\" data-start=\"5716\" data-end=\"5832\">Estudiar y desarrollar nuevos materiales y procesos adecuados a las condiciones tecnol\u00f3gicas de la regi\u00f3n y el pa\u00eds;<\/p>\n<\/li>\n<li class=\"\" data-start=\"5833\" data-end=\"6005\">\n<p class=\"\" data-start=\"5835\" data-end=\"6005\">Realizar investigaciones cient\u00edficas y tecnol\u00f3gicas de excelencia, alineadas con las normas nacionales e internacionales para el desarrollo de la ciencia y la tecnolog\u00eda;<\/p>\n<\/li>\n<li class=\"\" data-start=\"6006\" data-end=\"6242\">\n<p class=\"\" data-start=\"6008\" data-end=\"6242\">Promover el papel de la universidad como l\u00edder en innovaci\u00f3n tecnol\u00f3gica, con un fuerte impacto regional y nacional, desarrollando ense\u00f1anza de alta calidad y transfiriendo los resultados de investigaciones cient\u00edficas y tecnol\u00f3gicas.<\/p>\n<\/li>\n<\/ul>\n<hr class=\"\" data-start=\"6244\" data-end=\"6247\" \/>\n<h3 class=\"\" data-start=\"6249\" data-end=\"6273\">RECURSOS FINANCIEROS<\/h3>\n<p class=\"\" data-start=\"6275\" data-end=\"6314\">El programa recibe apoyo financiero de:<\/p>\n<ul data-start=\"6316\" data-end=\"6632\">\n<li class=\"\" data-start=\"6316\" data-end=\"6380\">\n<p class=\"\" data-start=\"6318\" data-end=\"6380\">CNPq (Consejo Nacional de Desarrollo Cient\u00edfico y Tecnol\u00f3gico)<\/p>\n<\/li>\n<li class=\"\" data-start=\"6381\" data-end=\"6455\">\n<p class=\"\" data-start=\"6383\" data-end=\"6455\">CAPES (Coordinaci\u00f3n de Perfeccionamiento del Personal de Nivel Superior)<\/p>\n<\/li>\n<li class=\"\" data-start=\"6456\" data-end=\"6502\">\n<p class=\"\" data-start=\"6458\" data-end=\"6502\">FINEP (Financiadora de Estudios y Proyectos)<\/p>\n<\/li>\n<li class=\"\" data-start=\"6503\" data-end=\"6524\">\n<p class=\"\" data-start=\"6505\" data-end=\"6524\">Fundaci\u00f3n Arauc\u00e1ria<\/p>\n<\/li>\n<li class=\"\" data-start=\"6525\" data-end=\"6578\">\n<p class=\"\" data-start=\"6527\" data-end=\"6578\">Acuerdos de investigaci\u00f3n y desarrollo con empresas<\/p>\n<\/li>\n<li class=\"\" data-start=\"6579\" data-end=\"6632\">\n<p class=\"\" data-start=\"6581\" data-end=\"6632\">PROAP (Programa de Apoyo a la Posgraduaci\u00f3n) \u2013 UEPG<\/p>\n<\/li>\n<\/ul>\n<hr class=\"\" data-start=\"6244\" data-end=\"6247\" \/>\n<p data-start=\"53\" data-end=\"73\"><a href=\"https:\/\/www2.uepg.br\/posgradmat\/es\/autoevaluacion-2\/\"><strong data-start=\"53\" data-end=\"71\">AUTOEVALUACI\u00d3N<\/strong><\/a><\/p>\n<p data-start=\"75\" data-end=\"651\">La autoevaluaci\u00f3n del Programa de Posgrado es un proceso fundamental para reflexionar sobre sus pr\u00e1cticas, identificar fortalezas y reconocer aspectos que pueden ser mejorados. Este ejercicio contribuye a la mejora continua de la calidad acad\u00e9mica y de la producci\u00f3n cient\u00edfica, fortalece la transparencia de las acciones y favorece la alineaci\u00f3n con las directrices institucionales y las demandas de la sociedad. Adem\u00e1s, genera aportes valiosos para la planificaci\u00f3n estrat\u00e9gica, garantizando la evoluci\u00f3n del programa y la formaci\u00f3n cada vez m\u00e1s s\u00f3lida de sus estudiantes.<\/p>\n","protected":false},"excerpt":{"rendered":"<p>HISTORIA El Programa de Posgrado en Ingenier\u00eda y Ciencia de Materiales (PPGECM) de la Universidad Estatal de Ponta Grossa comenz\u00f3 en el a\u00f1o 2000 y fue reconocido por la CAPES en 2001, convirti\u00e9ndose en el primer programa de la universidad en recibir dicho reconocimiento. En el mismo a\u00f1o, el programa recibi\u00f3 R$ 1.800.000,00 a trav\u00e9s&nbsp;&hellip;<\/p>\n","protected":false},"author":316,"featured_media":0,"parent":0,"menu_order":0,"comment_status":"closed","ping_status":"closed","template":"","meta":[],"_links":{"self":[{"href":"https:\/\/www2.uepg.br\/posgradmat\/wp-json\/wp\/v2\/pages\/965"}],"collection":[{"href":"https:\/\/www2.uepg.br\/posgradmat\/wp-json\/wp\/v2\/pages"}],"about":[{"href":"https:\/\/www2.uepg.br\/posgradmat\/wp-json\/wp\/v2\/types\/page"}],"author":[{"embeddable":true,"href":"https:\/\/www2.uepg.br\/posgradmat\/wp-json\/wp\/v2\/users\/316"}],"replies":[{"embeddable":true,"href":"https:\/\/www2.uepg.br\/posgradmat\/wp-json\/wp\/v2\/comments?post=965"}],"version-history":[{"count":5,"href":"https:\/\/www2.uepg.br\/posgradmat\/wp-json\/wp\/v2\/pages\/965\/revisions"}],"predecessor-version":[{"id":1183,"href":"https:\/\/www2.uepg.br\/posgradmat\/wp-json\/wp\/v2\/pages\/965\/revisions\/1183"}],"wp:attachment":[{"href":"https:\/\/www2.uepg.br\/posgradmat\/wp-json\/wp\/v2\/media?parent=965"}],"curies":[{"name":"wp","href":"https:\/\/api.w.org\/{rel}","templated":true}]}}