{"id":985,"date":"2025-04-24T10:35:02","date_gmt":"2025-04-24T13:35:02","guid":{"rendered":"https:\/\/www2.uepg.br\/posgradmat\/?page_id=985"},"modified":"2025-04-24T10:35:02","modified_gmt":"2025-04-24T13:35:02","slug":"lineas-de-investigacion","status":"publish","type":"page","link":"https:\/\/www2.uepg.br\/posgradmat\/es\/lineas-de-investigacion\/","title":{"rendered":"L\u00edneas de Investigaci\u00f3n"},"content":{"rendered":"<p class=\"\" data-start=\"762\" data-end=\"970\"><strong data-start=\"762\" data-end=\"795\">CARACTERIZACI\u00d3N DE MATERIALES<\/strong><br data-start=\"795\" data-end=\"798\" \/>Esta l\u00ednea de investigaci\u00f3n abarca estudios enfocados en la caracterizaci\u00f3n f\u00edsica, qu\u00edmica y microestructural de materiales cer\u00e1micos, met\u00e1licos, polim\u00e9ricos y compuestos.<\/p>\n<p class=\"\" data-start=\"972\" data-end=\"1155\"><strong data-start=\"972\" data-end=\"1004\">DEGRADACI\u00d3N Y MEDIO AMBIENTE<\/strong><br data-start=\"1004\" data-end=\"1007\" \/>En esta l\u00ednea se desarrollan investigaciones en las \u00e1reas de reutilizaci\u00f3n de residuos s\u00f3lidos, reciclaje de materiales y degradaci\u00f3n de materiales.<\/p>\n<p class=\"\" data-start=\"1157\" data-end=\"1415\"><strong data-start=\"1157\" data-end=\"1188\">PROCESAMIENTO DE MATERIALES<\/strong><br data-start=\"1188\" data-end=\"1191\" \/>Esta l\u00ednea incluye investigaciones en el \u00e1rea de procesamiento de materiales (cer\u00e1micos, met\u00e1licos, polim\u00e9ricos y compuestos), con el objetivo de desarrollar nuevos procesos de s\u00edntesis y mejorar los procesos de fabricaci\u00f3n.<\/p>\n","protected":false},"excerpt":{"rendered":"<p>CARACTERIZACI\u00d3N DE MATERIALESEsta l\u00ednea de investigaci\u00f3n abarca estudios enfocados en la caracterizaci\u00f3n f\u00edsica, qu\u00edmica y microestructural de materiales cer\u00e1micos, met\u00e1licos, polim\u00e9ricos y compuestos. DEGRADACI\u00d3N Y MEDIO AMBIENTEEn esta l\u00ednea se desarrollan investigaciones en las \u00e1reas de reutilizaci\u00f3n de residuos s\u00f3lidos, reciclaje de materiales y degradaci\u00f3n de materiales. PROCESAMIENTO DE MATERIALESEsta l\u00ednea incluye investigaciones en el&nbsp;&hellip;<\/p>\n","protected":false},"author":316,"featured_media":0,"parent":0,"menu_order":0,"comment_status":"closed","ping_status":"closed","template":"","meta":[],"_links":{"self":[{"href":"https:\/\/www2.uepg.br\/posgradmat\/wp-json\/wp\/v2\/pages\/985"}],"collection":[{"href":"https:\/\/www2.uepg.br\/posgradmat\/wp-json\/wp\/v2\/pages"}],"about":[{"href":"https:\/\/www2.uepg.br\/posgradmat\/wp-json\/wp\/v2\/types\/page"}],"author":[{"embeddable":true,"href":"https:\/\/www2.uepg.br\/posgradmat\/wp-json\/wp\/v2\/users\/316"}],"replies":[{"embeddable":true,"href":"https:\/\/www2.uepg.br\/posgradmat\/wp-json\/wp\/v2\/comments?post=985"}],"version-history":[{"count":1,"href":"https:\/\/www2.uepg.br\/posgradmat\/wp-json\/wp\/v2\/pages\/985\/revisions"}],"predecessor-version":[{"id":986,"href":"https:\/\/www2.uepg.br\/posgradmat\/wp-json\/wp\/v2\/pages\/985\/revisions\/986"}],"wp:attachment":[{"href":"https:\/\/www2.uepg.br\/posgradmat\/wp-json\/wp\/v2\/media?parent=985"}],"curies":[{"name":"wp","href":"https:\/\/api.w.org\/{rel}","templated":true}]}}