{"id":997,"date":"2025-04-24T11:08:41","date_gmt":"2025-04-24T14:08:41","guid":{"rendered":"https:\/\/www2.uepg.br\/posgradmat\/?page_id=997"},"modified":"2025-04-24T11:10:03","modified_gmt":"2025-04-24T14:10:03","slug":"infraestructura","status":"publish","type":"page","link":"https:\/\/www2.uepg.br\/posgradmat\/es\/infraestructura\/","title":{"rendered":"Infraestructura"},"content":{"rendered":"<p class=\"\" data-start=\"4200\" data-end=\"4485\">Los alumnos utilizan la infraestructura del Programa de Posgrado en Ingenier\u00eda y Ciencia de los Materiales y del Departamento de Ingenier\u00eda de Materiales de la UEPG, que totalizan un \u00e1rea construida de aproximadamente 1.450 m\u00b2 y cuentan con la siguiente infraestructura de laboratorio:<\/p>\n<p class=\"\" data-start=\"4487\" data-end=\"4525\"><strong data-start=\"4487\" data-end=\"4523\">Caracterizaci\u00f3n Microestructural<\/strong><\/p>\n<ul data-start=\"4526\" data-end=\"4827\">\n<li class=\"\" data-start=\"4526\" data-end=\"4564\">\n<p class=\"\" data-start=\"4528\" data-end=\"4564\">Evaporadora para deposici\u00f3n de oro<\/p>\n<\/li>\n<li class=\"\" data-start=\"4565\" data-end=\"4662\">\n<p class=\"\" data-start=\"4567\" data-end=\"4662\">Microscopio \u00f3ptico de luz polarizada con accesorios para fotomicrograf\u00eda (aumento hasta 400X)<\/p>\n<\/li>\n<li class=\"\" data-start=\"4663\" data-end=\"4758\">\n<p class=\"\" data-start=\"4665\" data-end=\"4758\">Microscopios \u00f3pticos de reflexi\u00f3n con accesorios para fotomicrograf\u00eda (aumento hasta 1250X)<\/p>\n<\/li>\n<li class=\"\" data-start=\"4759\" data-end=\"4827\">\n<p class=\"\" data-start=\"4761\" data-end=\"4827\">Microscopio estereosc\u00f3pico (aumento hasta 150X) \u2013 LEICA VM HTMOT<\/p>\n<\/li>\n<\/ul>\n<p class=\"\" data-start=\"4829\" data-end=\"4864\"><strong data-start=\"4829\" data-end=\"4862\">Caracterizaci\u00f3n Fisicoqu\u00edmica<\/strong><\/p>\n<ul data-start=\"4865\" data-end=\"5438\">\n<li class=\"\" data-start=\"4865\" data-end=\"4920\">\n<p class=\"\" data-start=\"4867\" data-end=\"4920\">Equipo de difracci\u00f3n de rayos X \u2013 SHIMADZU XRD 6000<\/p>\n<\/li>\n<li class=\"\" data-start=\"4921\" data-end=\"4968\">\n<p class=\"\" data-start=\"4923\" data-end=\"4968\">Fluorescencia de rayos X \u2013 SHIMADZU EDX-700<\/p>\n<\/li>\n<li class=\"\" data-start=\"4969\" data-end=\"5008\">\n<p class=\"\" data-start=\"4971\" data-end=\"5008\">Analizador termo-mec\u00e1nico \u2013 TA 2940<\/p>\n<\/li>\n<li class=\"\" data-start=\"5009\" data-end=\"5057\">\n<p class=\"\" data-start=\"5011\" data-end=\"5057\">Espectr\u00f3metro infrarrojo \u2013 NICOLET NEXUS 470<\/p>\n<\/li>\n<li class=\"\" data-start=\"5058\" data-end=\"5120\">\n<p class=\"\" data-start=\"5060\" data-end=\"5120\">Calorimetr\u00eda diferencial de barrido (DSC) \u2013 SHIMADZU TA 60<\/p>\n<\/li>\n<li class=\"\" data-start=\"5121\" data-end=\"5181\">\n<p class=\"\" data-start=\"5123\" data-end=\"5181\">Analizador de \u00e1rea superficial espec\u00edfica \u2013 QUANTACHROME<\/p>\n<\/li>\n<li class=\"\" data-start=\"5182\" data-end=\"5216\">\n<p class=\"\" data-start=\"5184\" data-end=\"5216\">Granul\u00f3metro l\u00e1ser \u2013 CILAS 920<\/p>\n<\/li>\n<li class=\"\" data-start=\"5217\" data-end=\"5282\">\n<p class=\"\" data-start=\"5219\" data-end=\"5282\">An\u00e1lisis t\u00e9rmico diferencial y gravim\u00e9trico \u2013 NETZSCH STA 409<\/p>\n<\/li>\n<li class=\"\" data-start=\"5283\" data-end=\"5312\">\n<p class=\"\" data-start=\"5285\" data-end=\"5312\">Dilat\u00f3metro \u2013 NETZSCH 402<\/p>\n<\/li>\n<li class=\"\" data-start=\"5313\" data-end=\"5381\">\n<p class=\"\" data-start=\"5315\" data-end=\"5381\">Picn\u00f3metro de helio para medici\u00f3n de densidad real \u2013 ULTRACHROME<\/p>\n<\/li>\n<li class=\"\" data-start=\"5382\" data-end=\"5438\">\n<p class=\"\" data-start=\"5384\" data-end=\"5438\">Equipo de determinaci\u00f3n de humedad tipo Karl Fischer<\/p>\n<\/li>\n<\/ul>\n<p class=\"\" data-start=\"5440\" data-end=\"5463\"><strong data-start=\"5440\" data-end=\"5461\">Ensayos Mec\u00e1nicos<\/strong><\/p>\n<ul data-start=\"5464\" data-end=\"5866\">\n<li class=\"\" data-start=\"5464\" data-end=\"5531\">\n<p class=\"\" data-start=\"5466\" data-end=\"5531\">M\u00e1quina de ensayo mec\u00e1nico para resistencia a flexi\u00f3n \u2013 NANNETI<\/p>\n<\/li>\n<li class=\"\" data-start=\"5532\" data-end=\"5597\">\n<p class=\"\" data-start=\"5534\" data-end=\"5597\">M\u00e1quina universal de ensayos \u2013 SHIMADZU AUTOGRAPH AGS &#8211; 10 kN<\/p>\n<\/li>\n<li class=\"\" data-start=\"5598\" data-end=\"5664\">\n<p class=\"\" data-start=\"5600\" data-end=\"5664\">M\u00e1quina universal de ensayos \u2013 SHIMADZU AUTOGRAPH AGS &#8211; 250 kN<\/p>\n<\/li>\n<li class=\"\" data-start=\"5665\" data-end=\"5689\">\n<p class=\"\" data-start=\"5667\" data-end=\"5689\">Microdur\u00f3metro LEICA<\/p>\n<\/li>\n<li class=\"\" data-start=\"5690\" data-end=\"5722\">\n<p class=\"\" data-start=\"5692\" data-end=\"5722\">Microdur\u00f3metro SHIMADZU HMV2<\/p>\n<\/li>\n<li class=\"\" data-start=\"5723\" data-end=\"5755\">\n<p class=\"\" data-start=\"5725\" data-end=\"5755\">Dur\u00f3metros Vickers y Brinell<\/p>\n<\/li>\n<li class=\"\" data-start=\"5756\" data-end=\"5775\">\n<p class=\"\" data-start=\"5758\" data-end=\"5775\">Dur\u00f3metro Shore<\/p>\n<\/li>\n<li class=\"\" data-start=\"5776\" data-end=\"5798\">\n<p class=\"\" data-start=\"5778\" data-end=\"5798\">Dur\u00f3metro Rockwell<\/p>\n<\/li>\n<li class=\"\" data-start=\"5799\" data-end=\"5838\">\n<p class=\"\" data-start=\"5801\" data-end=\"5838\">M\u00e1quina de ensayo de impacto Charpy<\/p>\n<\/li>\n<li class=\"\" data-start=\"5839\" data-end=\"5866\">\n<p class=\"\" data-start=\"5841\" data-end=\"5866\">Abras\u00edmetro \u2013 SERVITECH<\/p>\n<\/li>\n<\/ul>\n<p class=\"\" data-start=\"5868\" data-end=\"5906\"><strong data-start=\"5868\" data-end=\"5904\">Mediciones El\u00e9ctricas y T\u00e9rmicas<\/strong><\/p>\n<ul data-start=\"5907\" data-end=\"6124\">\n<li class=\"\" data-start=\"5907\" data-end=\"5937\">\n<p class=\"\" data-start=\"5909\" data-end=\"5937\">Impedanc\u00edmetro \u2013 SOLARTRON<\/p>\n<\/li>\n<li class=\"\" data-start=\"5938\" data-end=\"5975\">\n<p class=\"\" data-start=\"5940\" data-end=\"5975\">Fuente de alta tensi\u00f3n \u2013 KEITHLEY<\/p>\n<\/li>\n<li class=\"\" data-start=\"5976\" data-end=\"6031\">\n<p class=\"\" data-start=\"5978\" data-end=\"6031\">Equipo para conductividad t\u00e9rmica por &#8220;Laser Flash&#8221;<\/p>\n<\/li>\n<li class=\"\" data-start=\"6032\" data-end=\"6089\">\n<p class=\"\" data-start=\"6034\" data-end=\"6089\">Potenciostato\/galvanostato para estudios de corrosi\u00f3n<\/p>\n<\/li>\n<li class=\"\" data-start=\"6090\" data-end=\"6124\">\n<p class=\"\" data-start=\"6092\" data-end=\"6124\">Fuente de voltaje estabilizado<\/p>\n<\/li>\n<\/ul>\n<p class=\"\" data-start=\"6126\" data-end=\"6185\"><strong data-start=\"6126\" data-end=\"6183\">Laboratorio de Procesamiento Cer\u00e1mico y Sinterizaci\u00f3n<\/strong><\/p>\n<ul data-start=\"6186\" data-end=\"6878\">\n<li class=\"\" data-start=\"6186\" data-end=\"6232\">\n<p class=\"\" data-start=\"6188\" data-end=\"6232\">3 hornos tubulares Lindberg (hasta 1100\u00baC)<\/p>\n<\/li>\n<li class=\"\" data-start=\"6233\" data-end=\"6276\">\n<p class=\"\" data-start=\"6235\" data-end=\"6276\">1 horno tubular Lindberg (hasta 1700\u00baC)<\/p>\n<\/li>\n<li class=\"\" data-start=\"6277\" data-end=\"6323\">\n<p class=\"\" data-start=\"6279\" data-end=\"6323\">2 hornos tipo caja Lindberg (hasta 1700\u00baC)<\/p>\n<\/li>\n<li class=\"\" data-start=\"6324\" data-end=\"6375\">\n<p class=\"\" data-start=\"6326\" data-end=\"6375\">4 hornos de sinterizaci\u00f3n (hasta 1200\u00baC) \u2013 JUNG<\/p>\n<\/li>\n<li class=\"\" data-start=\"6376\" data-end=\"6427\">\n<p class=\"\" data-start=\"6378\" data-end=\"6427\">2 hornos de sinterizaci\u00f3n (hasta 1400\u00baC) \u2013 JUNG<\/p>\n<\/li>\n<li class=\"\" data-start=\"6428\" data-end=\"6478\">\n<p class=\"\" data-start=\"6430\" data-end=\"6478\">Prensa hidr\u00e1ulica hasta 30 toneladas \u2013 NANNETI<\/p>\n<\/li>\n<li class=\"\" data-start=\"6479\" data-end=\"6499\">\n<p class=\"\" data-start=\"6481\" data-end=\"6499\">Mini Spray Dryer<\/p>\n<\/li>\n<li class=\"\" data-start=\"6500\" data-end=\"6521\">\n<p class=\"\" data-start=\"6502\" data-end=\"6521\">Molino exc\u00e9ntrico<\/p>\n<\/li>\n<li class=\"\" data-start=\"6522\" data-end=\"6546\">\n<p class=\"\" data-start=\"6524\" data-end=\"6546\">Molino tipo martillo<\/p>\n<\/li>\n<li class=\"\" data-start=\"6547\" data-end=\"6575\">\n<p class=\"\" data-start=\"6549\" data-end=\"6575\">Amasadora de laboratorio<\/p>\n<\/li>\n<li class=\"\" data-start=\"6576\" data-end=\"6596\">\n<p class=\"\" data-start=\"6578\" data-end=\"6596\">Molinos de bolas<\/p>\n<\/li>\n<li class=\"\" data-start=\"6597\" data-end=\"6624\">\n<p class=\"\" data-start=\"6599\" data-end=\"6624\">Horno de cocci\u00f3n r\u00e1pida<\/p>\n<\/li>\n<li class=\"\" data-start=\"6625\" data-end=\"6690\">\n<p class=\"\" data-start=\"6627\" data-end=\"6690\">Equipo para procesamiento de comp\u00f3sitos por &#8220;squeeze casting&#8221;<\/p>\n<\/li>\n<li class=\"\" data-start=\"6691\" data-end=\"6718\">\n<p class=\"\" data-start=\"6693\" data-end=\"6718\">Viscos\u00edmetro BROOKFIELD<\/p>\n<\/li>\n<li class=\"\" data-start=\"6719\" data-end=\"6762\">\n<p class=\"\" data-start=\"6721\" data-end=\"6762\">Juego de viscos\u00edmetros con ba\u00f1o t\u00e9rmico<\/p>\n<\/li>\n<li class=\"\" data-start=\"6763\" data-end=\"6833\">\n<p class=\"\" data-start=\"6765\" data-end=\"6833\">Equipo para fabricaci\u00f3n de pel\u00edculas polim\u00e9ricas por \u201cdip coating\u201d<\/p>\n<\/li>\n<li class=\"\" data-start=\"6834\" data-end=\"6878\">\n<p class=\"\" data-start=\"6836\" data-end=\"6878\">Prensas hidr\u00e1ulicas de 15 y 30 toneladas<\/p>\n<\/li>\n<\/ul>\n<p class=\"\" data-start=\"6880\" data-end=\"6927\"><strong data-start=\"6880\" data-end=\"6925\">Laboratorio de Procesamiento de Pol\u00edmeros<\/strong><\/p>\n<ul data-start=\"6928\" data-end=\"7009\">\n<li class=\"\" data-start=\"6928\" data-end=\"6961\">\n<p class=\"\" data-start=\"6930\" data-end=\"6961\">Extrusora de un solo tornillo<\/p>\n<\/li>\n<li class=\"\" data-start=\"6962\" data-end=\"7009\">\n<p class=\"\" data-start=\"6964\" data-end=\"7009\">M\u00e1quina inyectora de termopl\u00e1sticos Boy-55T<\/p>\n<\/li>\n<\/ul>\n<p class=\"\" data-start=\"7011\" data-end=\"7056\"><strong data-start=\"7011\" data-end=\"7054\">Laboratorio de Procesamiento de Metales<\/strong><\/p>\n<ul data-start=\"7057\" data-end=\"7133\">\n<li class=\"\" data-start=\"7057\" data-end=\"7119\">\n<p class=\"\" data-start=\"7059\" data-end=\"7119\">Horno para sinterizaci\u00f3n de metales (metalurgia de polvos)<\/p>\n<\/li>\n<li class=\"\" data-start=\"7120\" data-end=\"7133\">\n<p class=\"\" data-start=\"7122\" data-end=\"7133\">Laminador<\/p>\n<\/li>\n<\/ul>\n<p class=\"\" data-start=\"7135\" data-end=\"7180\"><strong data-start=\"7135\" data-end=\"7178\">Laboratorio de Molienda de Alta Energ\u00eda<\/strong><\/p>\n<ul data-start=\"7181\" data-end=\"7259\">\n<li class=\"\" data-start=\"7181\" data-end=\"7219\">\n<p class=\"\" data-start=\"7183\" data-end=\"7219\">Molino de alta energ\u00eda \u2013 SPEX 8000<\/p>\n<\/li>\n<li class=\"\" data-start=\"7220\" data-end=\"7259\">\n<p class=\"\" data-start=\"7222\" data-end=\"7259\">Molino tipo Attritor con accesorios<\/p>\n<\/li>\n<\/ul>\n<p class=\"\" data-start=\"7261\" data-end=\"7282\"><strong data-start=\"7261\" data-end=\"7280\">Taller Mec\u00e1nico<\/strong><\/p>\n<ul data-start=\"7283\" data-end=\"7418\">\n<li class=\"\" data-start=\"7283\" data-end=\"7332\">\n<p class=\"\" data-start=\"7285\" data-end=\"7332\">Torno para elaboraci\u00f3n de probetas y matrices<\/p>\n<\/li>\n<li class=\"\" data-start=\"7333\" data-end=\"7375\">\n<p class=\"\" data-start=\"7335\" data-end=\"7375\">Fresadora para elaboraci\u00f3n de matrices<\/p>\n<\/li>\n<li class=\"\" data-start=\"7376\" data-end=\"7387\">\n<p class=\"\" data-start=\"7378\" data-end=\"7387\">Taladro<\/p>\n<\/li>\n<li class=\"\" data-start=\"7388\" data-end=\"7418\">\n<p class=\"\" data-start=\"7390\" data-end=\"7418\">M\u00e1quina de cortes seriados<\/p>\n<\/li>\n<\/ul>\n<p class=\"\" data-start=\"7420\" data-end=\"7453\"><strong data-start=\"7420\" data-end=\"7451\">Laboratorio de Metalograf\u00eda<\/strong><\/p>\n<ul data-start=\"7454\" data-end=\"7524\">\n<li class=\"\" data-start=\"7454\" data-end=\"7481\">\n<p class=\"\" data-start=\"7456\" data-end=\"7481\">Cortadora metalogr\u00e1fica<\/p>\n<\/li>\n<li class=\"\" data-start=\"7482\" data-end=\"7495\">\n<p class=\"\" data-start=\"7484\" data-end=\"7495\">Lijadoras<\/p>\n<\/li>\n<li class=\"\" data-start=\"7496\" data-end=\"7524\">\n<p class=\"\" data-start=\"7498\" data-end=\"7524\">Pulidoras metalogr\u00e1ficas<\/p>\n<\/li>\n<\/ul>\n<p class=\"\" data-start=\"7526\" data-end=\"7548\"><strong data-start=\"7526\" data-end=\"7546\">Equipos de Apoyo<\/strong><\/p>\n<ul data-start=\"7549\" data-end=\"7630\">\n<li class=\"\" data-start=\"7549\" data-end=\"7561\">\n<p class=\"\" data-start=\"7551\" data-end=\"7561\">Balanzas<\/p>\n<\/li>\n<li class=\"\" data-start=\"7562\" data-end=\"7609\">\n<p class=\"\" data-start=\"7564\" data-end=\"7609\">Estufas con circulaci\u00f3n de aire hasta 300\u00b0C<\/p>\n<\/li>\n<li class=\"\" data-start=\"7610\" data-end=\"7630\">\n<p class=\"\" data-start=\"7612\" data-end=\"7630\">Estufas est\u00e1ndar<\/p>\n<\/li>\n<\/ul>\n<p class=\"\" data-start=\"7632\" data-end=\"8484\"><strong data-start=\"7632\" data-end=\"7802\">Adem\u00e1s, los estudiantes del programa pueden usar el <a href=\"https:\/\/www2.uepg.br\/propesp-clabmu\/estrutura\/\">Laboratorio Multiusuario<\/a> (recursos de proyectos FINEP CT-INFRA) de la UEPG, que cuenta con los siguientes equipos:<\/strong><\/p>\n<ul>\n<li data-start=\"7632\" data-end=\"8484\">FEG<\/li>\n<li data-start=\"7632\" data-end=\"8484\">SEM<\/li>\n<li data-start=\"7632\" data-end=\"8484\">DRX<\/li>\n<li data-start=\"7632\" data-end=\"8484\">FLUORESCENCIA RX (WDS)<\/li>\n<li data-start=\"7632\" data-end=\"8484\">MICROTOM\u00d3GRAFO<\/li>\n<li data-start=\"7632\" data-end=\"8484\">FTIR<\/li>\n<li data-start=\"7632\" data-end=\"8484\">UV-VIS<\/li>\n<li data-start=\"7632\" data-end=\"8484\">RAMAN<\/li>\n<li data-start=\"7632\" data-end=\"8484\">TG\/DTA\/DSC<\/li>\n<li data-start=\"7632\" data-end=\"8484\">TMA<\/li>\n<li data-start=\"7632\" data-end=\"8484\">NANOINDENTADOR<\/li>\n<li data-start=\"7632\" data-end=\"8484\">ZETA\/DLS<\/li>\n<li data-start=\"7632\" data-end=\"8484\">ESTACI\u00d3N ELECTROQU\u00cdMICA<\/li>\n<li data-start=\"7632\" data-end=\"8484\">TRIB\u00d3METRO<\/li>\n<li data-start=\"7632\" data-end=\"8484\">BET<\/li>\n<li data-start=\"7632\" data-end=\"8484\">DICRO\u00cdSMO<\/li>\n<li data-start=\"7632\" data-end=\"8484\">GRANUL\u00d3METRO<\/li>\n<li data-start=\"7632\" data-end=\"8484\">MICROSCOPIO \u00d3PTICO<\/li>\n<li data-start=\"7632\" data-end=\"8484\">VISCOS\u00cdMETRO DE ESFERA RODANTE<\/li>\n<li data-start=\"7632\" data-end=\"8484\">NANO SPRAY DRYER, RE\u00d3METRO<\/li>\n<li data-start=\"7632\" data-end=\"8484\">Espectrofot\u00f3metro de Absorci\u00f3n At\u00f3mica (llama y horno de grafito)<\/li>\n<li data-start=\"7632\" data-end=\"8484\">Microscopio de Fuerza At\u00f3mica (AFM)<\/li>\n<li data-start=\"7632\" data-end=\"8484\">Sistema de licuefacci\u00f3n de nitr\u00f3geno<\/li>\n<li data-start=\"7632\" data-end=\"8484\">Ultrafreezer -86\u00baC<\/li>\n<li data-start=\"7632\" data-end=\"8484\">Ultracentr\u00edfuga refrigerada<\/li>\n<li data-start=\"7632\" data-end=\"8484\">Liofilizador<\/li>\n<li data-start=\"7632\" data-end=\"8484\">Horno 1000\u00b0C<\/li>\n<li data-start=\"7632\" data-end=\"8484\">Analizador elemental CHN<\/li>\n<li data-start=\"7632\" data-end=\"8484\">Espectr\u00f3metro de Resonancia Magn\u00e9tica Nuclear 400 MHz para muestras s\u00f3lidas y l\u00edquidas (RMN)<\/li>\n<li data-start=\"7632\" data-end=\"8484\">Analizador TOC<\/li>\n<li data-start=\"7632\" data-end=\"8484\">Horno de microondas<\/li>\n<li data-start=\"7632\" data-end=\"8484\">ICP-OES<\/li>\n<li data-start=\"7632\" data-end=\"8484\">XPS<\/li>\n<li data-start=\"7632\" data-end=\"8484\">HPLC<\/li>\n<li data-start=\"7632\" data-end=\"8484\">M\u00e1quina de corte.<\/li>\n<\/ul>\n","protected":false},"excerpt":{"rendered":"<p>Los alumnos utilizan la infraestructura del Programa de Posgrado en Ingenier\u00eda y Ciencia de los Materiales y del Departamento de Ingenier\u00eda de Materiales de la UEPG, que totalizan un \u00e1rea construida de aproximadamente 1.450 m\u00b2 y cuentan con la siguiente infraestructura de laboratorio: Caracterizaci\u00f3n Microestructural Evaporadora para deposici\u00f3n de oro Microscopio \u00f3ptico de luz polarizada&nbsp;&hellip;<\/p>\n","protected":false},"author":316,"featured_media":0,"parent":0,"menu_order":0,"comment_status":"closed","ping_status":"closed","template":"","meta":[],"_links":{"self":[{"href":"https:\/\/www2.uepg.br\/posgradmat\/wp-json\/wp\/v2\/pages\/997"}],"collection":[{"href":"https:\/\/www2.uepg.br\/posgradmat\/wp-json\/wp\/v2\/pages"}],"about":[{"href":"https:\/\/www2.uepg.br\/posgradmat\/wp-json\/wp\/v2\/types\/page"}],"author":[{"embeddable":true,"href":"https:\/\/www2.uepg.br\/posgradmat\/wp-json\/wp\/v2\/users\/316"}],"replies":[{"embeddable":true,"href":"https:\/\/www2.uepg.br\/posgradmat\/wp-json\/wp\/v2\/comments?post=997"}],"version-history":[{"count":3,"href":"https:\/\/www2.uepg.br\/posgradmat\/wp-json\/wp\/v2\/pages\/997\/revisions"}],"predecessor-version":[{"id":1000,"href":"https:\/\/www2.uepg.br\/posgradmat\/wp-json\/wp\/v2\/pages\/997\/revisions\/1000"}],"wp:attachment":[{"href":"https:\/\/www2.uepg.br\/posgradmat\/wp-json\/wp\/v2\/media?parent=997"}],"curies":[{"name":"wp","href":"https:\/\/api.w.org\/{rel}","templated":true}]}}