{"id":144,"date":"2023-03-02T11:06:08","date_gmt":"2023-03-02T14:06:08","guid":{"rendered":"https:\/\/www2.uepg.br\/testeppgagro\/?page_id=144"},"modified":"2024-06-25T09:40:30","modified_gmt":"2024-06-25T12:40:30","slug":"apresentacao","status":"publish","type":"page","link":"https:\/\/www2.uepg.br\/ppgagro\/apresentacao\/","title":{"rendered":"Apresenta\u00e7\u00e3o"},"content":{"rendered":"<div style=\"text-align: justify; text-justify: inter-word;\">\n<p>O Programa de P\u00f3s-Gradua\u00e7\u00e3o em Agronomia da Universidade Estadual de Ponta Grossa oferece mestrado e doutorado desde 2003 e 2012, respectivamente, e est\u00e1 inclu\u00eddo no grupo dos melhores programas de p\u00f3s-gradua\u00e7\u00e3o do Brasil. Na \u00faltima Avalia\u00e7\u00e3o Nacional realizada pela Coordena\u00e7\u00e3o de Aperfei\u00e7oamento de Pessoal de N\u00edvel Superior (CAPES), do quadri\u00eanio (2013 \/ 2014 \/ 2015 \/ 2016) o programa obteve o conceito 5 (Muito Bom).<\/p>\n<p>O programa apresenta duas \u00e1reas de concentra\u00e7\u00e3o: (i) Ci\u00eancia do Solo e Recursos Ambientais; e (ii) Fitotecnia e Fitossanidade. O programa possui 22 professores doutores que atuam como orientadores e co-orientadores. Dos 16 professores permanentes, 12 (75%) s\u00e3o Bolsistas de Produtividade em Pesquisa, sendo 11 do CNPq e 1 da Funda\u00e7\u00e3o Arauc\u00e1ria. Destes, 12 s\u00e3o da UEPG e 4 s\u00e3o de outras institui\u00e7\u00f5es de ensino e pesquisa: ESALQ\/USP, EMBRAPA, UNIOESTE e UNICENTRO. Esse corpo docente possui forte inser\u00e7\u00e3o internacional e elevada representatividade no meio cient\u00edfico, atuando como Editores de Peri\u00f3dicos Cient\u00edficos de alta qualidade, palestrantes em relevantes eventos e compondo comiss\u00f5es junto a \u00f3rg\u00e3os governamentais na formula\u00e7\u00e3o de pol\u00edticas p\u00fablicas, contribuindo para integra\u00e7\u00e3o da pesquisa cient\u00edfica com a\u00e7\u00f5es de interven\u00e7\u00e3o social.<\/p>\n<p>No Curso de Mestrado, o aluno ter\u00e1 que cursar 28 cr\u00e9ditos e o prazo de conclus\u00e3o \u00e9 de 24 meses. No Curso de Doutorado, o aluno ter\u00e1 que cursar 48 cr\u00e9ditos e o prazo de conclus\u00e3o \u00e9 de 48 meses (uma unidade de cr\u00e9dito corresponde a 15 horas-aula). Os alunos dever\u00e3o apresentar e defender uma disserta\u00e7\u00e3o (Mestrado) ou uma tese (Doutorado).<\/p>\n<p>O programa recebe bolsas de estudos e financiamentos de pesquisas pelas ag\u00eancias governamentais brasileiras como CAPES, Conselho Nacional de Pesquisa e Desenvolvimento (CNPq), Financiadora de Estudos e Projetos (FINEP) e Funda\u00e7\u00e3o Arauc\u00e1ria de Apoio ao Desenvolvimento Cient\u00edfico e Tecnol\u00f3gico do Estado do Paran\u00e1 (FA). Fontes de financiamento adicionais s\u00e3o advindas da Empresa Brasileira de Pesquisa Agropecu\u00e1ria (Embrapa), Petrobr\u00e1s e empresas privadas.<\/p>\n<p>Estudantes estrangeiros tamb\u00e9m participam do PPG-Agronomia. Nos \u00faltimos anos, o programa recebeu apoio financeiro da CAPES para o doutoramento, programas sandu\u00edches em institui\u00e7\u00f5es internacionais nos EUA, Canad\u00e1 e Reino Unido.<\/p>\n<\/div>\n","protected":false},"excerpt":{"rendered":"<p>O Programa de P\u00f3s-Gradua\u00e7\u00e3o em Agronomia da Universidade Estadual de Ponta Grossa oferece mestrado e doutorado desde 2003 e 2012, respectivamente, e est\u00e1 inclu\u00eddo no grupo dos melhores programas de p\u00f3s-gradua\u00e7\u00e3o do Brasil. Na \u00faltima Avalia\u00e7\u00e3o Nacional realizada pela Coordena\u00e7\u00e3o de Aperfei\u00e7oamento de Pessoal de N\u00edvel Superior (CAPES), do quadri\u00eanio (2013 \/ 2014 \/ 2015&nbsp;&hellip;<\/p>\n","protected":false},"author":582,"featured_media":0,"parent":0,"menu_order":0,"comment_status":"closed","ping_status":"closed","template":"","meta":[],"_links":{"self":[{"href":"https:\/\/www2.uepg.br\/ppgagro\/wp-json\/wp\/v2\/pages\/144"}],"collection":[{"href":"https:\/\/www2.uepg.br\/ppgagro\/wp-json\/wp\/v2\/pages"}],"about":[{"href":"https:\/\/www2.uepg.br\/ppgagro\/wp-json\/wp\/v2\/types\/page"}],"author":[{"embeddable":true,"href":"https:\/\/www2.uepg.br\/ppgagro\/wp-json\/wp\/v2\/users\/582"}],"replies":[{"embeddable":true,"href":"https:\/\/www2.uepg.br\/ppgagro\/wp-json\/wp\/v2\/comments?post=144"}],"version-history":[{"count":9,"href":"https:\/\/www2.uepg.br\/ppgagro\/wp-json\/wp\/v2\/pages\/144\/revisions"}],"predecessor-version":[{"id":398,"href":"https:\/\/www2.uepg.br\/ppgagro\/wp-json\/wp\/v2\/pages\/144\/revisions\/398"}],"wp:attachment":[{"href":"https:\/\/www2.uepg.br\/ppgagro\/wp-json\/wp\/v2\/media?parent=144"}],"curies":[{"name":"wp","href":"https:\/\/api.w.org\/{rel}","templated":true}]}}