{"id":145,"date":"2023-03-02T11:06:08","date_gmt":"2023-03-02T14:06:08","guid":{"rendered":"https:\/\/www2.uepg.br\/testeppgagro\/?page_id=145"},"modified":"2023-03-02T15:44:11","modified_gmt":"2023-03-02T18:44:11","slug":"missao-visao-e-valores","status":"publish","type":"page","link":"https:\/\/www2.uepg.br\/ppgagro\/missao-visao-e-valores\/","title":{"rendered":"Miss\u00e3o, Vis\u00e3o e Valores"},"content":{"rendered":"<div style=\"text-align: justify; text-justify: inter-word;\">\n<h4><strong>MISS\u00c3O<\/strong><\/h4>\n<p>O Programa de P\u00f3s-Gradua\u00e7\u00e3o em Agronomia da UEPG propicia:<\/p>\n<ul>\n<li>Formar profissionais de vanguarda, respons\u00e1veis e comprometidos com a miss\u00e3o de desenvolver Ci\u00eancia e Tecnologia condizentes com a realidade da agricultura moderna e com as demandas da sociedade; e,<\/li>\n<li>Desenvolver pesquisa b\u00e1sica e aplicada de excel\u00eancia transformando o conhecimento cient\u00edfico na \u00e1rea de Agronomia em riqueza para o bem comum, em conson\u00e2ncia os valores \u00e9ticos, sociais, ambientais e econ\u00f4micos da sociedade que visem a pr\u00e1tica de uma Agricultura Sustent\u00e1vel.<\/li>\n<\/ul>\n<h4><strong>VIS\u00c3O<\/strong><\/h4>\n<p>Ser um programa de P\u00f3s-Gradua\u00e7\u00e3o de excel\u00eancia na forma\u00e7\u00e3o profissional, na produ\u00e7\u00e3o e difus\u00e3o do conhecimento cient\u00edfico e tecnol\u00f3gico, que possua alta taxa de inser\u00e7\u00e3o de seus egressos no mercado de trabalho.<\/p>\n<h4><strong>VALORES<\/strong><\/h4>\n<p>Os valores adotados pelo Programa de P\u00f3s-Gradua\u00e7\u00e3o em Agronomia da UEPG s\u00e3o:<\/p>\n<ul>\n<li>Excel\u00eancia na forma\u00e7\u00e3o de profissionais \u00e9ticos e na qualidade do ensino;<\/li>\n<li>Rigor cient\u00edfico e metodol\u00f3gico na execu\u00e7\u00e3o de pesquisas;<\/li>\n<li>Respeito \u00e0 diversidade e pluralidade de pensamento;<\/li>\n<li>Incentivo \u00e0 interdisciplinaridade para alcan\u00e7ar a sinergia entre as \u00e1reas de conhecimento;<\/li>\n<li>Produ\u00e7\u00e3o, divulga\u00e7\u00e3o e socializa\u00e7\u00e3o do conhecimento cient\u00edfico, respeitando-se os direitos de propriedade intelectual;<\/li>\n<li>Promo\u00e7\u00e3o de di\u00e1logo intersetorial e interinstitucional viabilizado por meio da forma\u00e7\u00e3o de parcerias, redes e cons\u00f3rcios entre Programas de P\u00f3s-Gradua\u00e7\u00e3o e pesquisa, em \u00e2mbito institucional, regional, nacional e internacional; e,<\/li>\n<li>Responsabilidade Socioambiental.<\/li>\n<\/ul>\n<\/div>\n","protected":false},"excerpt":{"rendered":"<p>MISS\u00c3O O Programa de P\u00f3s-Gradua\u00e7\u00e3o em Agronomia da UEPG propicia: Formar profissionais de vanguarda, respons\u00e1veis e comprometidos com a miss\u00e3o de desenvolver Ci\u00eancia e Tecnologia condizentes com a realidade da agricultura moderna e com as demandas da sociedade; e, Desenvolver pesquisa b\u00e1sica e aplicada de excel\u00eancia transformando o conhecimento cient\u00edfico na \u00e1rea de Agronomia em&nbsp;&hellip;<\/p>\n","protected":false},"author":582,"featured_media":0,"parent":0,"menu_order":0,"comment_status":"closed","ping_status":"closed","template":"","meta":[],"_links":{"self":[{"href":"https:\/\/www2.uepg.br\/ppgagro\/wp-json\/wp\/v2\/pages\/145"}],"collection":[{"href":"https:\/\/www2.uepg.br\/ppgagro\/wp-json\/wp\/v2\/pages"}],"about":[{"href":"https:\/\/www2.uepg.br\/ppgagro\/wp-json\/wp\/v2\/types\/page"}],"author":[{"embeddable":true,"href":"https:\/\/www2.uepg.br\/ppgagro\/wp-json\/wp\/v2\/users\/582"}],"replies":[{"embeddable":true,"href":"https:\/\/www2.uepg.br\/ppgagro\/wp-json\/wp\/v2\/comments?post=145"}],"version-history":[{"count":3,"href":"https:\/\/www2.uepg.br\/ppgagro\/wp-json\/wp\/v2\/pages\/145\/revisions"}],"predecessor-version":[{"id":216,"href":"https:\/\/www2.uepg.br\/ppgagro\/wp-json\/wp\/v2\/pages\/145\/revisions\/216"}],"wp:attachment":[{"href":"https:\/\/www2.uepg.br\/ppgagro\/wp-json\/wp\/v2\/media?parent=145"}],"curies":[{"name":"wp","href":"https:\/\/api.w.org\/{rel}","templated":true}]}}