{"id":149,"date":"2023-03-02T11:06:08","date_gmt":"2023-03-02T14:06:08","guid":{"rendered":"https:\/\/www2.uepg.br\/testeppgagro\/?page_id=149"},"modified":"2024-11-27T09:58:14","modified_gmt":"2024-11-27T12:58:14","slug":"orientadores","status":"publish","type":"page","link":"https:\/\/www2.uepg.br\/ppgagro\/orientadores\/","title":{"rendered":"Orientadores"},"content":{"rendered":"<div id=\"pl-149\"  class=\"panel-layout\" ><div id=\"pg-149-0\"  class=\"panel-grid panel-no-style\" ><div id=\"pgc-149-0-0\"  class=\"panel-grid-cell\" ><div id=\"panel-149-0-0-0\" class=\"so-panel widget widget_sow-editor panel-first-child panel-last-child\" data-index=\"0\" ><div\n\t\t\t\n\t\t\tclass=\"so-widget-sow-editor so-widget-sow-editor-base\"\n\t\t\t\n\t\t>\n<div class=\"siteorigin-widget-tinymce textwidget\">\n\t<h4><strong>\u00c1REA DE CONCENTRA\u00c7\u00c3O: CI\u00caNCIA DO SOLO E RECURSOS AMBIENTAIS<\/strong><\/h4>\n<table width=\"100%\" cellspacing=\"0\" cellpadding=\"4\">\n<tbody>\n<tr>\n<td style=\"text-align: center\"><img loading=\"lazy\" class=\"alignnone wp-image-1286\" src=\"https:\/\/www2.uepg.br\/ppgagro\/wp-content\/uploads\/sites\/276\/2024\/10\/2018-08-09_Foto-Adriel-ajustado-2.jpg\" alt=\"\" width=\"125\" height=\"126\" \/><\/td>\n<td style=\"text-align: left\"><a href=\"http:\/\/lattes.cnpq.br\/6676197027377549\" target=\"_blank\" rel=\"noopener\"><strong>Dr. Adriel Ferreira da Fonseca<\/strong><\/a><br \/>\nDepto de Ci\u00eancia do Solo e Engenharia Agr\u00edcola \u2013 UEPG<br \/>\nEmail: adriel@uepg.br<\/td>\n<\/tr>\n<tr>\n<td style=\"text-align: center\">\u00a0\u00a0<img loading=\"lazy\" class=\"alignnone  wp-image-1301\" src=\"https:\/\/www2.uepg.br\/ppgagro\/wp-content\/uploads\/sites\/276\/2024\/11\/Andre.gif\" alt=\"\" width=\"125\" height=\"125\" \/><\/td>\n<td style=\"text-align: left\"><a href=\"http:\/\/lattes.cnpq.br\/7548805986719809\" target=\"_blank\" rel=\"noopener\"><strong>Dr. Andr\u00e9 Belmont Pereira<\/strong><\/a><br \/>\nDepto de Ci\u00eancia do Solo e Engenharia Agr\u00edcola \u2013 UEPG<br \/>\nEmail: abelmont@uepg.br<\/td>\n<\/tr>\n<tr>\n<td style=\"text-align: center\"><img loading=\"lazy\" class=\"alignnone  wp-image-1302\" src=\"https:\/\/www2.uepg.br\/ppgagro\/wp-content\/uploads\/sites\/276\/2024\/11\/Hugo.jpg\" alt=\"\" width=\"125\" height=\"125\" \/><\/td>\n<td style=\"text-align: left\"><a href=\"http:\/\/lattes.cnpq.br\/1385281470667152\" target=\"_blank\" rel=\"noopener\"><strong>Dr. Carlos Hugo Rocha<\/strong><\/a><br \/>\nDepto de Ci\u00eancia do Solo e Engenharia Agr\u00edcola \u2013 UEPG<br \/>\nEmail: chrocha@uepg.br<\/td>\n<\/tr>\n<tr>\n<td style=\"text-align: center\"><img loading=\"lazy\" class=\"alignnone  wp-image-1300\" src=\"https:\/\/www2.uepg.br\/ppgagro\/wp-content\/uploads\/sites\/276\/2024\/11\/Carlos-Tadeu.jpg\" alt=\"\" width=\"125\" height=\"125\" \/><\/td>\n<td style=\"text-align: left\"><a href=\"http:\/\/lattes.cnpq.br\/5072133224529810\" target=\"_blank\" rel=\"noopener\"><strong>Dr. Carlos Tadeu dos Santos Dias <\/strong><\/a><br \/>\nDepto de Ci\u00eancias Exatas \u2013 ESALQ\/USP<br \/>\nEmail: ctsdias@usp.br<\/td>\n<\/tr>\n<tr>\n<td style=\"text-align: center\"><img loading=\"lazy\" class=\"alignnone  wp-image-1282\" src=\"https:\/\/www2.uepg.br\/ppgagro\/wp-content\/uploads\/sites\/276\/2024\/10\/Carol-1.png\" alt=\"\" width=\"126\" height=\"126\" \/><\/td>\n<td style=\"text-align: left\"><a href=\"http:\/\/lattes.cnpq.br\/9377247028344552\" target=\"_blank\" rel=\"noopener\"><strong>Dr\u00aa. Carolina Weigert Galv\u00e3o <\/strong><\/a><br \/>\nDepto. de Biologia Estrutural, Molecular e Gen\u00e9tica<br \/>\nEmail: cwgalvao@uepg.br<\/td>\n<\/tr>\n<tr>\n<td style=\"text-align: center\"><img loading=\"lazy\" class=\"alignnone wp-image-420\" src=\"https:\/\/www2.uepg.br\/testeppgagro\/wp-content\/uploads\/sites\/276\/2024\/07\/Foto-academica.jpg\" alt=\"\" width=\"121\" height=\"138\" \/><\/td>\n<td style=\"text-align: left\"><a href=\"http:\/\/lattes.cnpq.br\/8723265740985028\" target=\"_blank\" rel=\"noopener\"><strong>Dr. Eduardo Augusto Agnellos Barbosa <\/strong><\/a><br \/>\nDepto de Ci\u00eancia do Solo e Engenharia Agr\u00edcola \u2013 UEPG<br \/>\nEmail: eaabarbosa@uepg.br<\/td>\n<\/tr>\n<tr>\n<td style=\"text-align: center\"><img loading=\"lazy\" class=\"alignnone  wp-image-1308\" src=\"https:\/\/www2.uepg.br\/ppgagro\/wp-content\/uploads\/sites\/276\/2024\/11\/Caires.gif\" alt=\"\" width=\"125\" height=\"125\" \/><\/td>\n<td style=\"text-align: left\"><a href=\"http:\/\/lattes.cnpq.br\/3850817367861711\" target=\"_blank\" rel=\"noopener\"><strong>Dr. Eduardo F\u00e1vero Caires<\/strong><\/a><br \/>\nDepto de Ci\u00eancia do Solo e Engenharia Agr\u00edcola \u2013 UEPG<br \/>\nEmail: efcaires@uepg.br<\/td>\n<\/tr>\n<tr>\n<td style=\"text-align: center\"><img loading=\"lazy\" class=\"alignnone  wp-image-1299\" src=\"https:\/\/www2.uepg.br\/ppgagro\/wp-content\/uploads\/sites\/276\/2024\/11\/fabricio.jpg\" alt=\"\" width=\"125\" height=\"125\" \/><\/td>\n<td style=\"text-align: left\"><a href=\"http:\/\/lattes.cnpq.br\/4294123608502570\" target=\"_blank\" rel=\"noopener\"><strong>Dr. Fabr\u00edcio Tondello Barbosa<\/strong><\/a><br \/>\nDepto de Ci\u00eancia do Solo e Engenharia Agr\u00edcola \u2013 UEPG<br \/>\nEmail: fabriciotondello@gmail.com<\/td>\n<\/tr>\n<tr>\n<td style=\"text-align: center\"><img loading=\"lazy\" class=\"alignnone  wp-image-1307\" src=\"https:\/\/www2.uepg.br\/ppgagro\/wp-content\/uploads\/sites\/276\/2024\/11\/Neyde.jpg\" alt=\"\" width=\"125\" height=\"125\" \/><\/td>\n<td style=\"text-align: left\"><a href=\"http:\/\/lattes.cnpq.br\/8599887140799088\" target=\"_blank\" rel=\"noopener\"><strong>Dr\u00aa. Neyde Fab\u00edola Balarezo Giarola <\/strong><\/a><br \/>\nDepto de Ci\u00eancia do Solo e Engenharia Agr\u00edcola \u2013 UEPG<br \/>\nEmail: neydef@uepg.br<\/td>\n<\/tr>\n<tr>\n<td style=\"text-align: center\"><img loading=\"lazy\" class=\"alignnone  wp-image-1306\" src=\"https:\/\/www2.uepg.br\/ppgagro\/wp-content\/uploads\/sites\/276\/2024\/11\/Pedro.gif\" alt=\"\" width=\"125\" height=\"125\" \/><\/td>\n<td style=\"text-align: left\"><a href=\"http:\/\/lattes.cnpq.br\/5685434166341583\" target=\"_blank\" rel=\"noopener\"><strong>Dr. Pedro Henrique Weirich Neto<\/strong><\/a><br \/>\nDepto de Ci\u00eancia do Solo e Engenharia Agr\u00edcola \u2013 UEPG<br \/>\nEmail: lama1@uepg.br<\/td>\n<\/tr>\n<tr>\n<td style=\"text-align: center\"><img loading=\"lazy\" class=\"alignnone  wp-image-1298\" src=\"https:\/\/www2.uepg.br\/ppgagro\/wp-content\/uploads\/sites\/276\/2024\/11\/IMG-20231204-WA00311.jpg\" alt=\"\" width=\"125\" height=\"158\" \/><\/td>\n<td style=\"text-align: left\"><a href=\"http:\/\/lattes.cnpq.br\/3964371281672065\" target=\"_blank\" rel=\"noopener\"><strong>Dr. Rafael Mazer Etto <\/strong><\/a><br \/>\nDepto de Qu\u00edmica \u2013 UEPG<br \/>\nEmail: mazeretto@uepg.br<\/td>\n<\/tr>\n<\/tbody>\n<\/table>\n<\/div>\n<\/div><\/div><\/div><div id=\"pgc-149-0-1\"  class=\"panel-grid-cell\" ><div id=\"panel-149-0-1-0\" class=\"so-panel widget widget_sow-editor panel-first-child panel-last-child\" data-index=\"1\" ><div\n\t\t\t\n\t\t\tclass=\"so-widget-sow-editor so-widget-sow-editor-base\"\n\t\t\t\n\t\t>\n<div class=\"siteorigin-widget-tinymce textwidget\">\n\t<h4><strong>\u00c1REA DE CONCENTRA\u00c7\u00c3O: FITOTECNIA E FITOSSANIDADE<\/strong><\/h4>\n<table style=\"height: 1351px;\" width=\"1088\" cellspacing=\"0\" cellpadding=\"4\">\n<tbody>\n<tr>\n<td style=\"text-align: center;\"><img loading=\"lazy\" class=\"alignnone wp-image-1303\" src=\"https:\/\/www2.uepg.br\/ppgagro\/wp-content\/uploads\/sites\/276\/2024\/11\/Ana.jpg\" alt=\"\" width=\"125\" height=\"125\" \/><\/td>\n<td style=\"text-align: left;\"><a href=\"http:\/\/lattes.cnpq.br\/8040974530979812\" target=\"_blank\" rel=\"noopener\"><strong>Dr\u00aa. Ana Dion\u00edsia da Luz Coelho Novembre <\/strong><\/a><br \/>\nDepto de Fitotecnia \u2013 ESALQ\/USP<br \/>\nEmail: adlcnove@usp.br<\/td>\n<\/tr>\n<tr>\n<td style=\"text-align: center;\"><img loading=\"lazy\" class=\"alignnone wp-image-1312\" src=\"https:\/\/www2.uepg.br\/ppgagro\/wp-content\/uploads\/sites\/276\/2024\/11\/DRSG-3.4cm-2-1.jpg\" alt=\"\" width=\"125\" height=\"159\" \/><\/td>\n<td style=\"text-align: left;\"><a href=\"http:\/\/lattes.cnpq.br\/2491909943697884\" target=\"_blank\" rel=\"noopener\"><strong>Dr. Daniel Ricardo Sosa-Gomez <\/strong><\/a><br \/>\nEmbrapa\/CNPSo<br \/>\nEmail: drsg@cnpso.embrapa.br<\/td>\n<\/tr>\n<tr>\n<td style=\"text-align: center;\"><img loading=\"lazy\" class=\"alignnone wp-image-1309\" src=\"https:\/\/www2.uepg.br\/ppgagro\/wp-content\/uploads\/sites\/276\/2024\/11\/Giliardi-Dalazen-1.jpeg\" alt=\"\" width=\"125\" height=\"146\" \/><\/td>\n<td style=\"text-align: left;\"><a href=\"http:\/\/lattes.cnpq.br\/6739201176070287\" target=\"_blank\" rel=\"noopener\"><strong>Dr. Giliardi Dalazen<\/strong><\/a><br \/>\nDepto de Fitotecnia e Fitossanidade \u2013 UEPG<br \/>\nEmail: giliardidalazen@uepg.br<\/td>\n<\/tr>\n<tr>\n<td style=\"text-align: center;\"><img loading=\"lazy\" class=\"alignnone wp-image-1283\" src=\"https:\/\/www2.uepg.br\/ppgagro\/wp-content\/uploads\/sites\/276\/2024\/10\/2020-EXPERIMENTO-MUTUCA-1.jpg\" alt=\"\" width=\"125\" height=\"154\" \/><\/td>\n<td style=\"text-align: left;\"><a href=\"http:\/\/lattes.cnpq.br\/6781668980019865\" target=\"_blank\" rel=\"noopener\"><strong>Dr. Luiz Cl\u00e1udio Garcia <\/strong><\/a><br \/>\nDepto de Ci\u00eancia do Solo e Engenharia Agr\u00edcola \u2013 UEPG<br \/>\nEmail: lcgarcia@uepg.br<\/td>\n<\/tr>\n<tr>\n<td style=\"text-align: center;\"><img loading=\"lazy\" class=\"alignnone wp-image-1313\" src=\"https:\/\/www2.uepg.br\/ppgagro\/wp-content\/uploads\/sites\/276\/2024\/11\/Maristella.jpg\" alt=\"\" width=\"124\" height=\"124\" \/><\/td>\n<td style=\"text-align: left;\"><a href=\"http:\/\/lattes.cnpq.br\/7578795880165011\" target=\"_blank\" rel=\"noopener\"><strong>Dr\u00aa. Maristella Dalla Pria <\/strong><\/a><br \/>\nDepto de Fitotecnia e Fitossanidade \u2013 UEPG<br \/>\nEmail: mdallapria@uepg.br<\/td>\n<\/tr>\n<tr>\n<td style=\"text-align: center;\"><img loading=\"lazy\" class=\"alignnone wp-image-1315\" src=\"https:\/\/www2.uepg.br\/ppgagro\/wp-content\/uploads\/sites\/276\/2024\/11\/Neumarcio.gif\" alt=\"\" width=\"125\" height=\"125\" \/><\/td>\n<td style=\"text-align: left;\"><a href=\"http:\/\/lattes.cnpq.br\/8328839002732737\" target=\"_blank\" rel=\"noopener\"><strong>Dr. Neum\u00e1rcio Vilanova da Costa <\/strong><\/a><br \/>\nUNIOESTE \u2013 Centro de Ci\u00eancias Agr\u00e1rias<br \/>\nEmail: neumarciovc@hotmail.com<\/td>\n<\/tr>\n<tr>\n<td style=\"text-align: center;\"><img loading=\"lazy\" class=\"alignnone wp-image-1310\" src=\"https:\/\/www2.uepg.br\/ppgagro\/wp-content\/uploads\/sites\/276\/2024\/11\/20230214_082439.jpg\" alt=\"\" width=\"125\" height=\"122\" \/><\/td>\n<td style=\"text-align: left;\"><a href=\"http:\/\/lattes.cnpq.br\/2162391828949583\" target=\"_blank\" rel=\"noopener\"><strong>Dr. Orcial Ceolin Bortolotto <\/strong><\/a><br \/>\nDepto de Fitotecnia e Fitossanidade \u2013 UEPG<br \/>\nEmail: ocbortolotto@uepg.br<\/td>\n<\/tr>\n<tr>\n<td style=\"text-align: center;\"><img loading=\"lazy\" class=\"alignnone wp-image-1314\" src=\"https:\/\/www2.uepg.br\/ppgagro\/wp-content\/uploads\/sites\/276\/2024\/11\/Ayub.gif\" alt=\"\" width=\"125\" height=\"125\" \/><\/td>\n<td style=\"text-align: left;\"><a href=\"http:\/\/lattes.cnpq.br\/1389825754483128\" target=\"_blank\" rel=\"noopener\"><strong>Dr. Ricardo Antonio Ayub <\/strong><\/a><br \/>\nDepto de Fitotecnia e Fitossanidade \u2013 UEPG<br \/>\nEmail: rayub@uepg.br<\/td>\n<\/tr>\n<tr>\n<td style=\"text-align: center;\"><img loading=\"lazy\" class=\"alignnone wp-image-1305\" src=\"https:\/\/www2.uepg.br\/ppgagro\/wp-content\/uploads\/sites\/276\/2024\/11\/Rodrigo.jpg\" alt=\"\" width=\"125\" height=\"125\" \/><\/td>\n<td style=\"text-align: left;\"><a href=\"http:\/\/lattes.cnpq.br\/6480379996775174\" target=\"_blank\" rel=\"noopener\"><strong>Dr. Rodrigo Rodrigues Matiello <\/strong><\/a><br \/>\nDepto de Fitotecnia e Fitossanidade \u2013 UEPG<br \/>\nEmail: rrmatiel@uepg.br<\/td>\n<\/tr>\n<tr>\n<td style=\"text-align: center;\"><img loading=\"lazy\" class=\"alignnone wp-image-1304\" src=\"https:\/\/www2.uepg.br\/ppgagro\/wp-content\/uploads\/sites\/276\/2024\/11\/Silvana.jpg\" alt=\"\" width=\"141\" height=\"141\" \/><\/td>\n<td style=\"text-align: left;\"><strong>Dra. Silvana Ohse<\/strong><br \/>\nDepto de Fitotecnia e Fitossanidade \u2013 UEPG<br \/>\nEmail: sohse@uepg.br<\/td>\n<\/tr>\n<\/tbody>\n<\/table>\n<blockquote>\n<p style=\"text-align: left;\">\n<\/blockquote>\n<\/div>\n<\/div><\/div><\/div><\/div><\/div>","protected":false},"excerpt":{"rendered":"<p>\u00c1REA DE CONCENTRA\u00c7\u00c3O: CI\u00caNCIA DO SOLO E RECURSOS AMBIENTAIS Dr. Adriel Ferreira da Fonseca Depto de Ci\u00eancia do Solo e Engenharia Agr\u00edcola \u2013 UEPG Email: adriel@uepg.br \u00a0\u00a0 Dr. Andr\u00e9 Belmont Pereira Depto de Ci\u00eancia do Solo e Engenharia Agr\u00edcola \u2013 UEPG Email: abelmont@uepg.br Dr. Carlos Hugo Rocha Depto de Ci\u00eancia do Solo e Engenharia Agr\u00edcola&nbsp;&hellip;<\/p>\n","protected":false},"author":582,"featured_media":0,"parent":0,"menu_order":0,"comment_status":"closed","ping_status":"closed","template":"","meta":[],"_links":{"self":[{"href":"https:\/\/www2.uepg.br\/ppgagro\/wp-json\/wp\/v2\/pages\/149"}],"collection":[{"href":"https:\/\/www2.uepg.br\/ppgagro\/wp-json\/wp\/v2\/pages"}],"about":[{"href":"https:\/\/www2.uepg.br\/ppgagro\/wp-json\/wp\/v2\/types\/page"}],"author":[{"embeddable":true,"href":"https:\/\/www2.uepg.br\/ppgagro\/wp-json\/wp\/v2\/users\/582"}],"replies":[{"embeddable":true,"href":"https:\/\/www2.uepg.br\/ppgagro\/wp-json\/wp\/v2\/comments?post=149"}],"version-history":[{"count":16,"href":"https:\/\/www2.uepg.br\/ppgagro\/wp-json\/wp\/v2\/pages\/149\/revisions"}],"predecessor-version":[{"id":1339,"href":"https:\/\/www2.uepg.br\/ppgagro\/wp-json\/wp\/v2\/pages\/149\/revisions\/1339"}],"wp:attachment":[{"href":"https:\/\/www2.uepg.br\/ppgagro\/wp-json\/wp\/v2\/media?parent=149"}],"curies":[{"name":"wp","href":"https:\/\/api.w.org\/{rel}","templated":true}]}}