{"id":150,"date":"2023-03-02T11:06:08","date_gmt":"2023-03-02T14:06:08","guid":{"rendered":"https:\/\/www2.uepg.br\/testeppgagro\/?page_id=150"},"modified":"2023-03-30T14:59:19","modified_gmt":"2023-03-30T17:59:19","slug":"egressos","status":"publish","type":"page","link":"https:\/\/www2.uepg.br\/ppgagro\/egressos\/","title":{"rendered":"Egressos"},"content":{"rendered":"<div id=\"pl-150\"  class=\"panel-layout\" ><div id=\"pg-150-0\"  class=\"panel-grid panel-no-style\" ><div id=\"pgc-150-0-0\"  class=\"panel-grid-cell\" ><div id=\"panel-150-0-0-0\" class=\"so-panel widget widget_sow-accordion panel-first-child panel-last-child\" data-index=\"0\" ><div\n\t\t\t\n\t\t\tclass=\"so-widget-sow-accordion so-widget-sow-accordion-default-26efe18a3132-150\"\n\t\t\t\n\t\t><div>\n\t<div class=\"sow-accordion\">\n\t\t\t<div class=\"sow-accordion-panel\"\n\t\t\t data-anchor=\"question%c3%a1rio-de-auto-avalia%c3%a7%c3%a3o\">\n\t\t\t\t<div class=\"sow-accordion-panel-header-container\" role=\"heading\" aria-level=\"2\">\n\t\t\t\t\t<div class=\"sow-accordion-panel-header\" tabindex=\"0\" role=\"button\" id=\"accordion-label-question%c3%a1rio-de-auto-avalia%c3%a7%c3%a3o\" aria-controls=\"accordion-content-question%c3%a1rio-de-auto-avalia%c3%a7%c3%a3o\" aria-expanded=\"false\">\n\t\t\t\t\t\t<div class=\"sow-accordion-title sow-accordion-title-icon-left\">\n\t\t\t\t\t\t\t\t\t\t\t\t\t\tQuestion\u00e1rio de Auto-avalia\u00e7\u00e3o\t\t\t\t\t\t\t\t\t\t\t\t\t<\/div>\n\t\t\t\t\t\t<div class=\"sow-accordion-open-close-button\">\n\t\t\t\t\t\t\t<div class=\"sow-accordion-open-button\">\n\t\t\t\t\t\t\t\t<span class=\"sow-icon-ionicons\" data-sow-icon=\"&#xf218;\"\n\t\t \n\t\taria-hidden=\"true\"><\/span>\t\t\t\t\t\t\t<\/div>\n\t\t\t\t\t\t\t<div class=\"sow-accordion-close-button\">\n\t\t\t\t\t\t\t\t<span class=\"sow-icon-ionicons\" data-sow-icon=\"&#xf209;\"\n\t\t \n\t\taria-hidden=\"true\"><\/span>\t\t\t\t\t\t\t<\/div>\n\t\t\t\t\t\t<\/div>\n\t\t\t\t\t<\/div>\n\t\t\t\t<\/div>\n\n\t\t\t<div\n\t\t\t\tclass=\"sow-accordion-panel-content\"\n\t\t\t\trole=\"region\"\n\t\t\t\taria-labelledby=\"accordion-label-question%c3%a1rio-de-auto-avalia%c3%a7%c3%a3o\"\n\t\t\t\tid=\"accordion-content-question%c3%a1rio-de-auto-avalia%c3%a7%c3%a3o\"\n\t\t\t\tstyle=\"display: none;\"\t\t\t>\n\t\t\t\t<div class=\"sow-accordion-panel-border\" tabindex=\"0\">\n\t\t\t\t\t<iframe src=\"https:\/\/docs.google.com\/forms\/d\/e\/1FAIpQLSes73LUTJWRiiiW46ZzT9MjtKkexbezkcZqNGTnNUXbBYlOZg\/viewform?usp=sf_link\" width=\"100%\" height=\"1235\" frameborder=\"0\" marginwidth=\"0\" marginheight=\"0\"><\/iframe>\t\t\t\t<\/div>\n\t\t\t<\/div>\n\t\t<\/div>\n\t\t\t<div class=\"sow-accordion-panel\"\n\t\t\t data-anchor=\"question%c3%a1rio-de-atualiza%c3%a7%c3%a3o-de-dados\">\n\t\t\t\t<div class=\"sow-accordion-panel-header-container\" role=\"heading\" aria-level=\"2\">\n\t\t\t\t\t<div class=\"sow-accordion-panel-header\" tabindex=\"0\" role=\"button\" id=\"accordion-label-question%c3%a1rio-de-atualiza%c3%a7%c3%a3o-de-dados\" aria-controls=\"accordion-content-question%c3%a1rio-de-atualiza%c3%a7%c3%a3o-de-dados\" aria-expanded=\"false\">\n\t\t\t\t\t\t<div class=\"sow-accordion-title sow-accordion-title-icon-left\">\n\t\t\t\t\t\t\t\t\t\t\t\t\t\tQuestion\u00e1rio de Atualiza\u00e7\u00e3o de Dados\t\t\t\t\t\t\t\t\t\t\t\t\t<\/div>\n\t\t\t\t\t\t<div class=\"sow-accordion-open-close-button\">\n\t\t\t\t\t\t\t<div class=\"sow-accordion-open-button\">\n\t\t\t\t\t\t\t\t<span class=\"sow-icon-ionicons\" data-sow-icon=\"&#xf218;\"\n\t\t \n\t\taria-hidden=\"true\"><\/span>\t\t\t\t\t\t\t<\/div>\n\t\t\t\t\t\t\t<div class=\"sow-accordion-close-button\">\n\t\t\t\t\t\t\t\t<span class=\"sow-icon-ionicons\" data-sow-icon=\"&#xf209;\"\n\t\t \n\t\taria-hidden=\"true\"><\/span>\t\t\t\t\t\t\t<\/div>\n\t\t\t\t\t\t<\/div>\n\t\t\t\t\t<\/div>\n\t\t\t\t<\/div>\n\n\t\t\t<div\n\t\t\t\tclass=\"sow-accordion-panel-content\"\n\t\t\t\trole=\"region\"\n\t\t\t\taria-labelledby=\"accordion-label-question%c3%a1rio-de-atualiza%c3%a7%c3%a3o-de-dados\"\n\t\t\t\tid=\"accordion-content-question%c3%a1rio-de-atualiza%c3%a7%c3%a3o-de-dados\"\n\t\t\t\tstyle=\"display: none;\"\t\t\t>\n\t\t\t\t<div class=\"sow-accordion-panel-border\" tabindex=\"0\">\n\t\t\t\t\t<iframe src=\"https:\/\/docs.google.com\/forms\/d\/e\/1FAIpQLSdjyOMhR2RO74AYcqxMkuI3rySOofsZDFQZHoV1h1577DScNg\/viewform?usp=sf_link\" width=\"100%\" height=\"1235\" frameborder=\"0\" marginwidth=\"0\" marginheight=\"0\"><\/iframe>\t\t\t\t<\/div>\n\t\t\t<\/div>\n\t\t<\/div>\n\t\t<\/div>\n<\/div>\n<\/div><\/div><\/div><\/div><div id=\"pg-150-1\"  class=\"panel-grid panel-has-style\" ><div class=\"panel-row-style panel-row-style-for-150-1\" ><div id=\"pgc-150-1-0\"  class=\"panel-grid-cell\" ><div id=\"panel-150-1-0-0\" class=\"so-panel widget widget_sow-features panel-first-child panel-last-child\" data-index=\"1\" ><div\n\t\t\t\n\t\t\tclass=\"so-widget-sow-features so-widget-sow-features-default-d9a5d51166a9-150\"\n\t\t\t\n\t\t>\n<div class=\"sow-features-list sow-features-responsive\">\n\n\t\t\t\t\t\t<div\n\t\t\t\tclass=\"sow-features-feature sow-icon-container-position-top sow-features-feature-last-row\"\n\t\t\t\tstyle=\"display: flex; flex-direction: column; float: left; width: 100%;\"\n\t\t\t>\n\n\t\t\t\t\t\t\t\t<div\n\t\t\t\t\tclass=\"sow-icon-container sow-container-square\"\n                    style=\"color: #ffffff; \"\n\t\t\t\t\t>\n\t\t\t\t\t<span class=\"sow-icon-icomoon\" data-sow-icon=\"&#xeac9;\"\n\t\tstyle=\"font-size: 90px; color: #0077b7\" \n\t\taria-hidden=\"true\"><\/span>\t\t\t\t<\/div>\n\t\t\t\t\n\t\t\t\t<div class=\"textwidget\">\n\t\t\t\t\t\t\t\t\t\t\t<h5>\n\t\t\t\t\t\t\t\n\t\t\t\t\t\t\tLinkedin PPGAgro (em breve)\t\t\t\t\t\t\t\t\t\t\t\t\t<\/h5>\n\t\t\t\t\t\n\t\t\t\t\t\n\t\t\t\t\t\t\t\t\t<\/div>\n\t\t\t\t\t\t\t<\/div>\n\n\t\t\t\n<\/div>\n<\/div><\/div><\/div><\/div><\/div><\/div>","protected":false},"excerpt":{"rendered":"<p>Question\u00e1rio de Auto-avalia\u00e7\u00e3o Question\u00e1rio de Atualiza\u00e7\u00e3o de Dados Linkedin PPGAgro (em breve)<\/p>\n","protected":false},"author":582,"featured_media":0,"parent":0,"menu_order":0,"comment_status":"closed","ping_status":"closed","template":"","meta":[],"_links":{"self":[{"href":"https:\/\/www2.uepg.br\/ppgagro\/wp-json\/wp\/v2\/pages\/150"}],"collection":[{"href":"https:\/\/www2.uepg.br\/ppgagro\/wp-json\/wp\/v2\/pages"}],"about":[{"href":"https:\/\/www2.uepg.br\/ppgagro\/wp-json\/wp\/v2\/types\/page"}],"author":[{"embeddable":true,"href":"https:\/\/www2.uepg.br\/ppgagro\/wp-json\/wp\/v2\/users\/582"}],"replies":[{"embeddable":true,"href":"https:\/\/www2.uepg.br\/ppgagro\/wp-json\/wp\/v2\/comments?post=150"}],"version-history":[{"count":10,"href":"https:\/\/www2.uepg.br\/ppgagro\/wp-json\/wp\/v2\/pages\/150\/revisions"}],"predecessor-version":[{"id":267,"href":"https:\/\/www2.uepg.br\/ppgagro\/wp-json\/wp\/v2\/pages\/150\/revisions\/267"}],"wp:attachment":[{"href":"https:\/\/www2.uepg.br\/ppgagro\/wp-json\/wp\/v2\/media?parent=150"}],"curies":[{"name":"wp","href":"https:\/\/api.w.org\/{rel}","templated":true}]}}